{"id":3032,"date":"2024-03-07T10:48:58","date_gmt":"2024-03-07T13:48:58","guid":{"rendered":"https:\/\/sociaisaplicadas.ufpr.br\/coordeco\/?page_id=3032"},"modified":"2024-03-08T09:43:53","modified_gmt":"2024-03-08T12:43:53","slug":"adiantamento-de-conhecimento","status":"publish","type":"page","link":"https:\/\/sociaisaplicadas.ufpr.br\/coordeco\/adiantamento-de-conhecimento\/","title":{"rendered":"Adiantamento de Conhecimento"},"content":{"rendered":"\n<p><a href=\"https:\/\/drive.google.com\/file\/d\/1WL79-NtvXXQASBGkUwpjd0FeD26qVsiz\/view?usp=sharing\">Resolu\u00e7\u00e3o n\u00b0 92\/13 \u2013 CEPE<\/a>\u00a0\u2013 Aprova normas de dispensa de Disciplinas, de Equival\u00eancia de Disciplinas, de Exames de Adiantamento e Aproveitamento de Conhecimento nos cursos de gradua\u00e7\u00e3o da Universidade Federal do Paran\u00e1.<\/p>\n\n\n\n<p>O(a) discente deve formalizar o pedido de Adiantamento de Conhecimento pelo SIGA, sempre atento(a) aos prazos definidos no Calend\u00e1rio Acad\u00eamico vigente.<\/p>\n\n\n\n<p>Tutorial para solicita\u00e7\u00e3o de Adiantamento de Conhecimento no SIGA: <a href=\"https:\/\/ufpraberta.ufpr.br\/course\/view.php?id=9\">clique aqui<\/a><\/p>\n","protected":false},"excerpt":{"rendered":"<p>Resolu\u00e7\u00e3o n\u00b0 92\/13 \u2013 CEPE\u00a0\u2013 Aprova normas de dispensa de Disciplinas, de Equival\u00eancia de Disciplinas, de Exames de Adiantamento e Aproveitamento de Conhecimento nos cursos de gradua\u00e7\u00e3o da Universidade Federal do Paran\u00e1. O(a) discente deve formalizar o pedido de Adiantamento de Conhecimento pelo SIGA, sempre atento(a) aos prazos definidos no Calend\u00e1rio Acad\u00eamico vigente. Tutorial para [&hellip;]<\/p>\n","protected":false},"author":2812,"featured_media":0,"parent":0,"menu_order":0,"comment_status":"closed","ping_status":"closed","template":"","meta":{"footnotes":""},"class_list":["post-3032","page","type-page","status-publish","hentry"],"_links":{"self":[{"href":"https:\/\/sociaisaplicadas.ufpr.br\/coordeco\/wp-json\/wp\/v2\/pages\/3032","targetHints":{"allow":["GET"]}}],"collection":[{"href":"https:\/\/sociaisaplicadas.ufpr.br\/coordeco\/wp-json\/wp\/v2\/pages"}],"about":[{"href":"https:\/\/sociaisaplicadas.ufpr.br\/coordeco\/wp-json\/wp\/v2\/types\/page"}],"author":[{"embeddable":true,"href":"https:\/\/sociaisaplicadas.ufpr.br\/coordeco\/wp-json\/wp\/v2\/users\/2812"}],"replies":[{"embeddable":true,"href":"https:\/\/sociaisaplicadas.ufpr.br\/coordeco\/wp-json\/wp\/v2\/comments?post=3032"}],"version-history":[{"count":5,"href":"https:\/\/sociaisaplicadas.ufpr.br\/coordeco\/wp-json\/wp\/v2\/pages\/3032\/revisions"}],"predecessor-version":[{"id":3144,"href":"https:\/\/sociaisaplicadas.ufpr.br\/coordeco\/wp-json\/wp\/v2\/pages\/3032\/revisions\/3144"}],"wp:attachment":[{"href":"https:\/\/sociaisaplicadas.ufpr.br\/coordeco\/wp-json\/wp\/v2\/media?parent=3032"}],"curies":[{"name":"wp","href":"https:\/\/api.w.org\/{rel}","templated":true}]}}