{"id":3034,"date":"2024-03-07T10:49:18","date_gmt":"2024-03-07T13:49:18","guid":{"rendered":"https:\/\/sociaisaplicadas.ufpr.br\/coordeco\/?page_id=3034"},"modified":"2024-03-08T09:44:57","modified_gmt":"2024-03-08T12:44:57","slug":"aproveitamento-de-conhecimento","status":"publish","type":"page","link":"https:\/\/sociaisaplicadas.ufpr.br\/coordeco\/aproveitamento-de-conhecimento\/","title":{"rendered":"Aproveitamento de Conhecimento"},"content":{"rendered":"\n<p><a href=\"https:\/\/drive.google.com\/file\/d\/1WL79-NtvXXQASBGkUwpjd0FeD26qVsiz\/view?usp=sharing\">Resolu\u00e7\u00e3o n\u00b0 92\/13 \u2013 CEPE<\/a>&nbsp;\u2013 Aprova normas de dispensa de Disciplinas, de Equival\u00eancia de Disciplinas, de Exames de Adiantamento e Aproveitamento de Conhecimento nos cursos de gradua\u00e7\u00e3o da Universidade Federal do Paran\u00e1.<\/p>\n\n\n\n<p>O(a) discente deve formalizar o pedido de Aproveitamento de Conhecimento pelo SIGA, sempre atento(a) aos prazos definidos no Calend\u00e1rio Acad\u00eamico vigente.<\/p>\n\n\n\n<p>Tutorial para solicita\u00e7\u00e3o de Aproveitamento de Conhecimento no SIGA: <a href=\"https:\/\/ufpraberta.ufpr.br\/course\/view.php?id=9\">clique aqui<\/a><\/p>\n","protected":false},"excerpt":{"rendered":"<p>Resolu\u00e7\u00e3o n\u00b0 92\/13 \u2013 CEPE&nbsp;\u2013 Aprova normas de dispensa de Disciplinas, de Equival\u00eancia de Disciplinas, de Exames de Adiantamento e Aproveitamento de Conhecimento nos cursos de gradua\u00e7\u00e3o da Universidade Federal do Paran\u00e1. O(a) discente deve formalizar o pedido de Aproveitamento de Conhecimento pelo SIGA, sempre atento(a) aos prazos definidos no Calend\u00e1rio Acad\u00eamico vigente. Tutorial para [&hellip;]<\/p>\n","protected":false},"author":2812,"featured_media":0,"parent":0,"menu_order":0,"comment_status":"closed","ping_status":"closed","template":"","meta":{"footnotes":""},"class_list":["post-3034","page","type-page","status-publish","hentry"],"_links":{"self":[{"href":"https:\/\/sociaisaplicadas.ufpr.br\/coordeco\/wp-json\/wp\/v2\/pages\/3034","targetHints":{"allow":["GET"]}}],"collection":[{"href":"https:\/\/sociaisaplicadas.ufpr.br\/coordeco\/wp-json\/wp\/v2\/pages"}],"about":[{"href":"https:\/\/sociaisaplicadas.ufpr.br\/coordeco\/wp-json\/wp\/v2\/types\/page"}],"author":[{"embeddable":true,"href":"https:\/\/sociaisaplicadas.ufpr.br\/coordeco\/wp-json\/wp\/v2\/users\/2812"}],"replies":[{"embeddable":true,"href":"https:\/\/sociaisaplicadas.ufpr.br\/coordeco\/wp-json\/wp\/v2\/comments?post=3034"}],"version-history":[{"count":2,"href":"https:\/\/sociaisaplicadas.ufpr.br\/coordeco\/wp-json\/wp\/v2\/pages\/3034\/revisions"}],"predecessor-version":[{"id":3145,"href":"https:\/\/sociaisaplicadas.ufpr.br\/coordeco\/wp-json\/wp\/v2\/pages\/3034\/revisions\/3145"}],"wp:attachment":[{"href":"https:\/\/sociaisaplicadas.ufpr.br\/coordeco\/wp-json\/wp\/v2\/media?parent=3034"}],"curies":[{"name":"wp","href":"https:\/\/api.w.org\/{rel}","templated":true}]}}