{"id":3038,"date":"2024-03-07T10:50:01","date_gmt":"2024-03-07T13:50:01","guid":{"rendered":"https:\/\/sociaisaplicadas.ufpr.br\/coordeco\/?page_id=3038"},"modified":"2024-03-08T08:43:34","modified_gmt":"2024-03-08T11:43:34","slug":"destrancamento-de-curso","status":"publish","type":"page","link":"https:\/\/sociaisaplicadas.ufpr.br\/coordeco\/destrancamento-de-curso\/","title":{"rendered":"Destrancamento de Curso"},"content":{"rendered":"\n<p>Solicita\u00e7\u00e3o de Destrancamento de Curso<\/p>\n\n\n\n<p>Caso deseje retornar ao curso antes do t\u00e9rmino do per\u00edodo de trancamento, voc\u00ea pode solicitar o destrancamento. Lembre-se de consultar as datas dispon\u00edveis no Calend\u00e1rio Acad\u00eamico vigente.<br>Aten\u00e7\u00e3o: A matr\u00edcula em disciplinas s\u00f3 ser\u00e1 poss\u00edvel ap\u00f3s a confirma\u00e7\u00e3o do destrancamento do curso.<\/p>\n\n\n\n<p>Tutorial para solicita\u00e7\u00e3o de destrancamento no SIGA: <a href=\"https:\/\/ufpraberta.ufpr.br\/mod\/page\/view.php?id=232\">clique aqui<\/a><\/p>\n","protected":false},"excerpt":{"rendered":"<p>Solicita\u00e7\u00e3o de Destrancamento de Curso Caso deseje retornar ao curso antes do t\u00e9rmino do per\u00edodo de trancamento, voc\u00ea pode solicitar o destrancamento. Lembre-se de consultar as datas dispon\u00edveis no Calend\u00e1rio Acad\u00eamico vigente.Aten\u00e7\u00e3o: A matr\u00edcula em disciplinas s\u00f3 ser\u00e1 poss\u00edvel ap\u00f3s a confirma\u00e7\u00e3o do destrancamento do curso. Tutorial para solicita\u00e7\u00e3o de destrancamento no SIGA: clique aqui<\/p>\n","protected":false},"author":2812,"featured_media":0,"parent":0,"menu_order":0,"comment_status":"closed","ping_status":"closed","template":"","meta":{"footnotes":""},"class_list":["post-3038","page","type-page","status-publish","hentry"],"_links":{"self":[{"href":"https:\/\/sociaisaplicadas.ufpr.br\/coordeco\/wp-json\/wp\/v2\/pages\/3038","targetHints":{"allow":["GET"]}}],"collection":[{"href":"https:\/\/sociaisaplicadas.ufpr.br\/coordeco\/wp-json\/wp\/v2\/pages"}],"about":[{"href":"https:\/\/sociaisaplicadas.ufpr.br\/coordeco\/wp-json\/wp\/v2\/types\/page"}],"author":[{"embeddable":true,"href":"https:\/\/sociaisaplicadas.ufpr.br\/coordeco\/wp-json\/wp\/v2\/users\/2812"}],"replies":[{"embeddable":true,"href":"https:\/\/sociaisaplicadas.ufpr.br\/coordeco\/wp-json\/wp\/v2\/comments?post=3038"}],"version-history":[{"count":3,"href":"https:\/\/sociaisaplicadas.ufpr.br\/coordeco\/wp-json\/wp\/v2\/pages\/3038\/revisions"}],"predecessor-version":[{"id":3132,"href":"https:\/\/sociaisaplicadas.ufpr.br\/coordeco\/wp-json\/wp\/v2\/pages\/3038\/revisions\/3132"}],"wp:attachment":[{"href":"https:\/\/sociaisaplicadas.ufpr.br\/coordeco\/wp-json\/wp\/v2\/media?parent=3038"}],"curies":[{"name":"wp","href":"https:\/\/api.w.org\/{rel}","templated":true}]}}