{"id":3040,"date":"2024-03-07T10:50:20","date_gmt":"2024-03-07T13:50:20","guid":{"rendered":"https:\/\/sociaisaplicadas.ufpr.br\/coordeco\/?page_id=3040"},"modified":"2024-03-08T09:55:53","modified_gmt":"2024-03-08T12:55:53","slug":"trancamento-de-curso","status":"publish","type":"page","link":"https:\/\/sociaisaplicadas.ufpr.br\/coordeco\/trancamento-de-curso\/","title":{"rendered":"Trancamento de Curso"},"content":{"rendered":"\n<p>A I<a href=\"https:\/\/drive.google.com\/file\/d\/1oBtWDodyTcvIIGxS1J2NNpT3qcPMqo1H\/view?usp=sharing\">nstru\u00e7\u00e3o Normativa n\u00b0 01\/16 \u2013 PROGRAD<\/a>\u00a0\u2013 Regulamenta os procedimentos administrativos de trancamento de curso de que trata a Resolu\u00e7\u00e3o 97-A\/15- CEPE no \u00e2mbito dos cursos de gradua\u00e7\u00e3o e educa\u00e7\u00e3o profissional da Universidade Federal do Paran\u00e1.<\/p>\n\n\n\n<p>Durante o trancamento, seu v\u00ednculo acad\u00eamico com a UFPR permanece. Se sua inten\u00e7\u00e3o \u00e9 encerrar definitivamente seus estudos, consulte informa\u00e7\u00f5es sobre cancelamento de registro acad\u00eamico.<\/p>\n\n\n\n<p>O(a) discente pode solicitar at\u00e9 tr\u00eas (03) trancamentos, seja de maneira consecutiva ou alternada.<br>O primeiro trancamento \u00e9 volunt\u00e1rio e n\u00e3o demanda motiva\u00e7\u00e3o espec\u00edfica. \u00c9 aconselh\u00e1vel solicitar por dois (2) semestres, proporcionando flexibilidade caso decida retornar antes.<br>O segundo e terceiro trancamentos requerem justificativa e ser\u00e3o avaliados pelo Colegiado de Curso.<\/p>\n\n\n\n<h5 class=\"wp-block-heading\">Requisitos para o Trancamento:<\/h5>\n\n\n\n<p>1.Ter tempo restante suficiente para finalizar o curr\u00edculo ap\u00f3s seu retorno.<br>2. Possuir no hist\u00f3rico pelo menos uma disciplina ou unidade curricular (obrigat\u00f3ria ou optativa) cursada e aprovada na UFPR com o registro atual.<\/p>\n\n\n\n<p><br>Importante! Para situa\u00e7\u00f5es em que o aluno n\u00e3o tenha completado e sido aprovado em qualquer disciplina na UFPR, o Colegiado do Curso avaliar\u00e1 a solicita\u00e7\u00e3o com base na documenta\u00e7\u00e3o e justificativa fornecida.<\/p>\n\n\n\n<h5 class=\"wp-block-heading\">Solicita\u00e7\u00e3o de Trancamento de Curso<\/h5>\n\n\n\n<p>Para solicitar o trancamento do seu curso, voc\u00ea dever\u00e1 realizar o pedido diretamente na Coordena\u00e7\u00e3o de Curso utilizando o Sistema de Gerenciamento Acad\u00eamico (SIGA).<\/p>\n\n\n\n<p>Os prazos determinados para solicitar o trancamento e o eventual retorno ao curso, relacionados a cada per\u00edodo letivo, est\u00e3o especificados no Calend\u00e1rio Acad\u00eamico.<\/p>\n\n\n\n<p>Tutorial para solicita\u00e7\u00e3o de trancamento no SIGA: <a href=\"https:\/\/ufpraberta.ufpr.br\/mod\/page\/view.php?id=167\">clique aqui<\/a><\/p>\n","protected":false},"excerpt":{"rendered":"<p>A Instru\u00e7\u00e3o Normativa n\u00b0 01\/16 \u2013 PROGRAD\u00a0\u2013 Regulamenta os procedimentos administrativos de trancamento de curso de que trata a Resolu\u00e7\u00e3o 97-A\/15- CEPE no \u00e2mbito dos cursos de gradua\u00e7\u00e3o e educa\u00e7\u00e3o profissional da Universidade Federal do Paran\u00e1. Durante o trancamento, seu v\u00ednculo acad\u00eamico com a UFPR permanece. Se sua inten\u00e7\u00e3o \u00e9 encerrar definitivamente seus estudos, consulte [&hellip;]<\/p>\n","protected":false},"author":2812,"featured_media":0,"parent":0,"menu_order":0,"comment_status":"closed","ping_status":"closed","template":"","meta":{"footnotes":""},"class_list":["post-3040","page","type-page","status-publish","hentry"],"_links":{"self":[{"href":"https:\/\/sociaisaplicadas.ufpr.br\/coordeco\/wp-json\/wp\/v2\/pages\/3040","targetHints":{"allow":["GET"]}}],"collection":[{"href":"https:\/\/sociaisaplicadas.ufpr.br\/coordeco\/wp-json\/wp\/v2\/pages"}],"about":[{"href":"https:\/\/sociaisaplicadas.ufpr.br\/coordeco\/wp-json\/wp\/v2\/types\/page"}],"author":[{"embeddable":true,"href":"https:\/\/sociaisaplicadas.ufpr.br\/coordeco\/wp-json\/wp\/v2\/users\/2812"}],"replies":[{"embeddable":true,"href":"https:\/\/sociaisaplicadas.ufpr.br\/coordeco\/wp-json\/wp\/v2\/comments?post=3040"}],"version-history":[{"count":6,"href":"https:\/\/sociaisaplicadas.ufpr.br\/coordeco\/wp-json\/wp\/v2\/pages\/3040\/revisions"}],"predecessor-version":[{"id":3146,"href":"https:\/\/sociaisaplicadas.ufpr.br\/coordeco\/wp-json\/wp\/v2\/pages\/3040\/revisions\/3146"}],"wp:attachment":[{"href":"https:\/\/sociaisaplicadas.ufpr.br\/coordeco\/wp-json\/wp\/v2\/media?parent=3040"}],"curies":[{"name":"wp","href":"https:\/\/api.w.org\/{rel}","templated":true}]}}