{"id":334,"date":"2017-07-14T11:23:01","date_gmt":"2017-07-14T14:23:01","guid":{"rendered":"https:\/\/sociaisaplicadas.ufpr.br\/coordeco\/?page_id=334"},"modified":"2017-07-28T12:16:12","modified_gmt":"2017-07-28T15:16:12","slug":"atribuicoes","status":"publish","type":"page","link":"https:\/\/sociaisaplicadas.ufpr.br\/coordeco\/a-coordenacao\/atribuicoes\/","title":{"rendered":"Atribui\u00e7\u00f5es"},"content":{"rendered":"<p>S\u00e3o atribui\u00e7\u00f5es e atividades administrativas das Coordena\u00e7\u00f5es dos Cursos de Gradua\u00e7\u00e3o da Universidade Federal do Paran\u00e1<\/p>\n<table width=\"100%\">\n<tbody>\n<tr>\n<td width=\"100%\">Realizar atividades administrativas<\/td>\n<\/tr>\n<tr>\n<td width=\"100%\">Organizar reuni\u00f5es<\/td>\n<\/tr>\n<tr>\n<td width=\"100%\">Aplicar quest\u00f5es curriculares<\/td>\n<\/tr>\n<tr>\n<td width=\"100%\">Efetuar a matr\u00edcula<\/td>\n<\/tr>\n<tr>\n<td width=\"100%\">Efetuar processos de equival\u00eancia<\/td>\n<\/tr>\n<tr>\n<td width=\"100%\">Assessorar processos de est\u00e1gio<\/td>\n<\/tr>\n<tr>\n<td width=\"100%\">Acompanhar processo de formatura<\/td>\n<\/tr>\n<tr>\n<td width=\"100%\">Coordenar a elabora\u00e7\u00e3o do processo de diploma<\/td>\n<\/tr>\n<tr>\n<td width=\"100%\">Promover processos eleitorais<\/td>\n<\/tr>\n<\/tbody>\n<\/table>\n<p>Fonte: UFPR (2007). Manual de Atribui\u00e7\u00f5es das Unidades Administrativas e dos Setores Acad\u00eamicos da UFPR. Curitiba.<\/p>\n","protected":false},"excerpt":{"rendered":"<p>S\u00e3o atribui\u00e7\u00f5es e atividades administrativas das Coordena\u00e7\u00f5es dos Cursos de Gradua\u00e7\u00e3o da Universidade Federal do Paran\u00e1 Realizar atividades administrativas Organizar reuni\u00f5es Aplicar quest\u00f5es curriculares Efetuar a matr\u00edcula Efetuar processos de equival\u00eancia Assessorar processos de est\u00e1gio Acompanhar processo de formatura Coordenar a elabora\u00e7\u00e3o do processo de diploma Promover processos eleitorais Fonte: UFPR (2007). Manual de Atribui\u00e7\u00f5es [&hellip;]<\/p>\n","protected":false},"author":2793,"featured_media":0,"parent":225,"menu_order":0,"comment_status":"closed","ping_status":"closed","template":"","meta":{"footnotes":""},"class_list":["post-334","page","type-page","status-publish","hentry"],"_links":{"self":[{"href":"https:\/\/sociaisaplicadas.ufpr.br\/coordeco\/wp-json\/wp\/v2\/pages\/334","targetHints":{"allow":["GET"]}}],"collection":[{"href":"https:\/\/sociaisaplicadas.ufpr.br\/coordeco\/wp-json\/wp\/v2\/pages"}],"about":[{"href":"https:\/\/sociaisaplicadas.ufpr.br\/coordeco\/wp-json\/wp\/v2\/types\/page"}],"author":[{"embeddable":true,"href":"https:\/\/sociaisaplicadas.ufpr.br\/coordeco\/wp-json\/wp\/v2\/users\/2793"}],"replies":[{"embeddable":true,"href":"https:\/\/sociaisaplicadas.ufpr.br\/coordeco\/wp-json\/wp\/v2\/comments?post=334"}],"version-history":[{"count":4,"href":"https:\/\/sociaisaplicadas.ufpr.br\/coordeco\/wp-json\/wp\/v2\/pages\/334\/revisions"}],"predecessor-version":[{"id":355,"href":"https:\/\/sociaisaplicadas.ufpr.br\/coordeco\/wp-json\/wp\/v2\/pages\/334\/revisions\/355"}],"up":[{"embeddable":true,"href":"https:\/\/sociaisaplicadas.ufpr.br\/coordeco\/wp-json\/wp\/v2\/pages\/225"}],"wp:attachment":[{"href":"https:\/\/sociaisaplicadas.ufpr.br\/coordeco\/wp-json\/wp\/v2\/media?parent=334"}],"curies":[{"name":"wp","href":"https:\/\/api.w.org\/{rel}","templated":true}]}}