{"id":416,"date":"2017-07-14T12:45:34","date_gmt":"2017-07-14T15:45:34","guid":{"rendered":"https:\/\/sociaisaplicadas.ufpr.br\/coordeco\/?page_id=416"},"modified":"2025-09-26T12:17:57","modified_gmt":"2025-09-26T15:17:57","slug":"regulamentos-resolucoes","status":"publish","type":"page","link":"https:\/\/sociaisaplicadas.ufpr.br\/coordeco\/regulamentos-resolucoes\/","title":{"rendered":"Regulamentos e Resolu\u00e7\u00f5es"},"content":{"rendered":"<p><strong>Regulamentos do Curso<\/strong><\/p>\n<p><a href=\"https:\/\/sociaisaplicadas.ufpr.br\/coordeco\/programa-de-orientacao-academica\/\" target=\"_blank\" rel=\"noopener\">Programa de Orienta\u00e7\u00e3o Acad\u00eamica<\/a><\/p>\n<p><a href=\"https:\/\/sociaisaplicadas.ufpr.br\/coordeco\/wp-content\/uploads\/sites\/9\/2025\/09\/Regulamento-Monografias-TCC-versao-final-2025.docx\" target=\"_blank\" rel=\"noopener\">Trabalho de Conclus\u00e3o de Curso\u00a0<\/a><\/p>\n<p><a href=\"https:\/\/sociaisaplicadas.ufpr.br\/coordeco\/atividades-formativas-complementares\/\">Atividades Formativas Complementares<\/a><\/p>\n<p><a href=\"https:\/\/sociaisaplicadas.ufpr.br\/coordeco\/wp-content\/uploads\/sites\/9\/2022\/09\/ANEXO-IV-REGULAMENTO-DE-EST\u00c1GIO-NAO-OBRIGAT\u00d3RIO-31.08.2022-1.doc\">Est\u00e1gio N\u00e3o Obrigat\u00f3rio<\/a><\/p>\n<p><a href=\"https:\/\/sociaisaplicadas.ufpr.br\/coordeco\/wp-content\/uploads\/sites\/9\/2024\/03\/Regulamento-Extensao.pdf\">Regulamento das Atividades Curriculares de Extens\u00e3o<\/a><\/p>\n<p><strong><br \/>\nResolu\u00e7\u00f5es<\/strong><\/p>\n<table style=\"width: 744px\">\n<tbody>\n<tr>\n<td style=\"width: 649px\">RESOLU\u00c7\u00c3O 004\/19\u2013 COUN &#8211; SOC &#8211; UFPR &#8211;\u00a0Disp\u00f5e sobre o livre exerc\u00edcio das atividades de ensino, pesquisa e extens\u00e3o na Universidade Federal do Paran\u00e1.<\/td>\n<td style=\"width: 82px\"><a href=\"https:\/\/sociaisaplicadas.ufpr.br\/coordeco\/wp-content\/uploads\/sites\/9\/2019\/05\/Resolucao_1654944_coun_0419assinada.pdf\" target=\"_blank\" rel=\"noopener\">Download<\/a><\/td>\n<\/tr>\n<tr>\n<td style=\"width: 649px\">Resolu\u00e7\u00e3o n\u00ba 37\/97 (CEPE) \u2013 Normas B\u00e1sicas de Atividades Acad\u00eamicas<\/td>\n<td style=\"width: 82px\"><a href=\"https:\/\/sociaisaplicadas.ufpr.br\/coordeco\/wp-content\/uploads\/sites\/9\/2016\/09\/cepe37-97-normar-basicas-atividades-academicas.pdf\" target=\"_blank\" rel=\"noopener\">Download<\/a><\/td>\n<\/tr>\n<tr>\n<td style=\"width: 649px\">Resolu\u00e7\u00e3o n\u00b0 92\/13 \u2013 CEPE &#8211; Normas de dispensa de Disciplinas, de Equival\u00eancia de Disciplinas, de Exames de Adiantamento e Aproveitamento de Conhecimento<\/td>\n<td style=\"width: 82px\"><a href=\"https:\/\/sociaisaplicadas.ufpr.br\/coordeco\/wp-content\/uploads\/sites\/9\/2019\/12\/Res-92-13-CEPE-altera\u00e7\u00e3o-Resolu\u00e7\u00e3o-0610-alterado-pela-Res-39.18.pdf\" target=\"_blank\" rel=\"noopener\">Download<\/a><\/td>\n<\/tr>\n<tr>\n<td style=\"width: 649px\">Resolu\u00e7\u00e3o n\u00ba 39\/2018 &#8211;\u00a0Altera a Res. 92\/13-CEPE que aprova normas de dispensa de disciplinas, de equival\u00eancia de disciplinas, de exames de adiantamento e aproveitamento de conhecimento nos cursos de gradua\u00e7\u00e3o da Universidade Federal do Paran\u00e1.<\/td>\n<td style=\"width: 82px\"><a href=\"https:\/\/sociaisaplicadas.ufpr.br\/coordeco\/wp-content\/uploads\/sites\/9\/2020\/10\/cepe39-18.pdf\" target=\"_blank\" rel=\"noopener\">Download<\/a><\/td>\n<\/tr>\n<\/tbody>\n<\/table>\n<p><strong>Resolu\u00e7\u00f5es do ERE<\/strong><\/p>\n<table style=\"width: 744px\">\n<tbody>\n<tr>\n<td style=\"width: 627px\">RESOLU\u00c7\u00c3O 044\/20(CEPE)\u00a0Regulamenta, em car\u00e1ter excepcional, as atividades did\u00e1ticas das disciplinas que s\u00e3o ofertadas nas modalidades EaD ou parcialmente EaD, de est\u00e1gio obrigat\u00f3rio, est\u00e1gio n\u00e3o obrigat\u00f3rio e est\u00e1gio de forma\u00e7\u00e3o pedag\u00f3gica, atividades formavas e atividades did\u00e1ticas orientadas dos cursos de educa\u00e7\u00e3o superior, profissional e tecnol\u00f3gica da UFPR durante a suspens\u00e3o do calend\u00e1rio acad\u00eamico do primeiro semestre levo de 2020.<\/td>\n<td style=\"width: 104px\"><a href=\"https:\/\/www.eletrica.ufpr.br\/p\/_media\/graduacao:tcc:resolucao-n_-44-2020-cepe.pdf\" target=\"_blank\" rel=\"noopener\">Download<\/a><\/td>\n<\/tr>\n<tr>\n<td style=\"width: 627px\">Resolu\u00e7\u00e3o n\u00ba 59\/20 (CEPE) \u2013 Regulamenta, em car\u00e1ter excepcional, per\u00edodo especial para o desenvolvimento de atividades de ensino nos cursos de educa\u00e7\u00e3o superior, profissional e tecnol\u00f3gica da UFPR, no contexto das medidas de enfrentamento da pandemia de COVID-19 no Pa\u00eds<\/td>\n<td style=\"width: 104px\"><a href=\"http:\/\/www.soc.ufpr.br\/wp-content\/uploads\/2020\/06\/Resolu%C3%A7%C3%A3o-N%C2%BA-59-2020-CEPE.pdf\" target=\"_blank\" rel=\"noopener\">Download<\/a><\/td>\n<\/tr>\n<tr>\n<td style=\"width: 627px\">Resolu\u00e7\u00e3o n\u00ba 65\/20 (CEPE) \u2013 Regulamenta, em car\u00e1ter excepcional,novo per\u00edodo especial para o desenvolvimento de atividades de ensino nos cursos de educa\u00e7\u00e3o superior, profissional e tecnol\u00f3gica da UFPR, no contexto das medidas de enfrentamento da pandemia de COVID-19 no Pa\u00eds<\/td>\n<td style=\"width: 104px\"><a href=\"https:\/\/sociaisaplicadas.ufpr.br\/coordeco\/wp-content\/uploads\/sites\/9\/2020\/10\/RESOLU\u00c7\u00c3O-N\u00ba-65-2020-CEPE.pdf\" target=\"_blank\" rel=\"noopener\">Download<\/a><\/td>\n<\/tr>\n<\/tbody>\n<\/table>\n","protected":false},"excerpt":{"rendered":"<p>Regulamentos do Curso Programa de Orienta\u00e7\u00e3o Acad\u00eamica Trabalho de Conclus\u00e3o de Curso\u00a0 Atividades Formativas Complementares Est\u00e1gio N\u00e3o Obrigat\u00f3rio Regulamento das Atividades Curriculares de Extens\u00e3o Resolu\u00e7\u00f5es RESOLU\u00c7\u00c3O 004\/19\u2013 COUN &#8211; SOC &#8211; UFPR &#8211;\u00a0Disp\u00f5e sobre o livre exerc\u00edcio das atividades de ensino, pesquisa e extens\u00e3o na Universidade Federal do Paran\u00e1. Download Resolu\u00e7\u00e3o n\u00ba 37\/97 (CEPE) \u2013 [&hellip;]<\/p>\n","protected":false},"author":2793,"featured_media":0,"parent":0,"menu_order":0,"comment_status":"closed","ping_status":"closed","template":"","meta":{"footnotes":""},"class_list":["post-416","page","type-page","status-publish","hentry"],"_links":{"self":[{"href":"https:\/\/sociaisaplicadas.ufpr.br\/coordeco\/wp-json\/wp\/v2\/pages\/416","targetHints":{"allow":["GET"]}}],"collection":[{"href":"https:\/\/sociaisaplicadas.ufpr.br\/coordeco\/wp-json\/wp\/v2\/pages"}],"about":[{"href":"https:\/\/sociaisaplicadas.ufpr.br\/coordeco\/wp-json\/wp\/v2\/types\/page"}],"author":[{"embeddable":true,"href":"https:\/\/sociaisaplicadas.ufpr.br\/coordeco\/wp-json\/wp\/v2\/users\/2793"}],"replies":[{"embeddable":true,"href":"https:\/\/sociaisaplicadas.ufpr.br\/coordeco\/wp-json\/wp\/v2\/comments?post=416"}],"version-history":[{"count":48,"href":"https:\/\/sociaisaplicadas.ufpr.br\/coordeco\/wp-json\/wp\/v2\/pages\/416\/revisions"}],"predecessor-version":[{"id":3369,"href":"https:\/\/sociaisaplicadas.ufpr.br\/coordeco\/wp-json\/wp\/v2\/pages\/416\/revisions\/3369"}],"wp:attachment":[{"href":"https:\/\/sociaisaplicadas.ufpr.br\/coordeco\/wp-json\/wp\/v2\/media?parent=416"}],"curies":[{"name":"wp","href":"https:\/\/api.w.org\/{rel}","templated":true}]}}