{"id":460,"date":"2017-07-28T09:37:49","date_gmt":"2017-07-28T12:37:49","guid":{"rendered":"https:\/\/sociaisaplicadas.ufpr.br\/coordeco\/?page_id=460"},"modified":"2025-12-12T15:39:58","modified_gmt":"2025-12-12T18:39:58","slug":"horario-de-atendimento","status":"publish","type":"page","link":"https:\/\/sociaisaplicadas.ufpr.br\/coordeco\/a-coordenacao\/horario-de-atendimento\/","title":{"rendered":"Atendimento"},"content":{"rendered":"<h5>Forma de Atendimento:<\/h5>\n<p><strong>Todas as demandas<\/strong> para atendimento da Coordena\u00e7\u00e3o do curso de Ci\u00eancias Econ\u00f4micas <strong>devem ser registradas via emai<\/strong>l visando manter o hist\u00f3rico de atendimentos e otimiza\u00e7\u00e3o do tempo de resposta.<\/p>\n<p><strong>Email:<\/strong>\u00a0coordeco@ufpr.br<\/p>\n<h5>Hor\u00e1rio de Atendimento:<\/h5>\n<table>\n<tbody>\n<tr>\n<td width=\"215\"><strong>Hor\u00e1rio<\/strong><\/td>\n<td width=\"361\"><strong>Servidor(a)<\/strong><\/td>\n<\/tr>\n<tr>\n<td width=\"215\"><b>07h30-13h30<\/b><\/td>\n<td width=\"361\">Camila Pasquini de Souza<\/td>\n<\/tr>\n<tr>\n<td width=\"215\"><b>13h00 &#8211; 19h00<\/b><\/td>\n<td width=\"361\">Lucas Lopes Soares<\/td>\n<\/tr>\n<tr>\n<td width=\"215\"><\/td>\n<td width=\"361\"><\/td>\n<\/tr>\n<\/tbody>\n<\/table>\n","protected":false},"excerpt":{"rendered":"<p>Forma de Atendimento: Todas as demandas para atendimento da Coordena\u00e7\u00e3o do curso de Ci\u00eancias Econ\u00f4micas devem ser registradas via email visando manter o hist\u00f3rico de atendimentos e otimiza\u00e7\u00e3o do tempo de resposta. Email:\u00a0coordeco@ufpr.br Hor\u00e1rio de Atendimento: Hor\u00e1rio Servidor(a) 07h30-13h30 Camila Pasquini de Souza 13h00 &#8211; 19h00 Lucas Lopes Soares<\/p>\n","protected":false},"author":2793,"featured_media":0,"parent":225,"menu_order":0,"comment_status":"closed","ping_status":"closed","template":"","meta":{"footnotes":""},"class_list":["post-460","page","type-page","status-publish","hentry"],"_links":{"self":[{"href":"https:\/\/sociaisaplicadas.ufpr.br\/coordeco\/wp-json\/wp\/v2\/pages\/460","targetHints":{"allow":["GET"]}}],"collection":[{"href":"https:\/\/sociaisaplicadas.ufpr.br\/coordeco\/wp-json\/wp\/v2\/pages"}],"about":[{"href":"https:\/\/sociaisaplicadas.ufpr.br\/coordeco\/wp-json\/wp\/v2\/types\/page"}],"author":[{"embeddable":true,"href":"https:\/\/sociaisaplicadas.ufpr.br\/coordeco\/wp-json\/wp\/v2\/users\/2793"}],"replies":[{"embeddable":true,"href":"https:\/\/sociaisaplicadas.ufpr.br\/coordeco\/wp-json\/wp\/v2\/comments?post=460"}],"version-history":[{"count":21,"href":"https:\/\/sociaisaplicadas.ufpr.br\/coordeco\/wp-json\/wp\/v2\/pages\/460\/revisions"}],"predecessor-version":[{"id":3392,"href":"https:\/\/sociaisaplicadas.ufpr.br\/coordeco\/wp-json\/wp\/v2\/pages\/460\/revisions\/3392"}],"up":[{"embeddable":true,"href":"https:\/\/sociaisaplicadas.ufpr.br\/coordeco\/wp-json\/wp\/v2\/pages\/225"}],"wp:attachment":[{"href":"https:\/\/sociaisaplicadas.ufpr.br\/coordeco\/wp-json\/wp\/v2\/media?parent=460"}],"curies":[{"name":"wp","href":"https:\/\/api.w.org\/{rel}","templated":true}]}}