{"id":549,"date":"2017-08-15T09:26:57","date_gmt":"2017-08-15T12:26:57","guid":{"rendered":"https:\/\/sociaisaplicadas.ufpr.br\/coordeco\/?page_id=549"},"modified":"2024-03-08T10:01:23","modified_gmt":"2024-03-08T13:01:23","slug":"colegiado","status":"publish","type":"page","link":"https:\/\/sociaisaplicadas.ufpr.br\/coordeco\/colegiado\/","title":{"rendered":"Colegiado do Curso de Ci\u00eancias Econ\u00f4micas"},"content":{"rendered":"<p>Conforme o Art. 50. do Estatuto da UFPR:<\/p>\n<p>A coordena\u00e7\u00e3o did\u00e1tica de cada curso ficar\u00e1 a cargo de um colegiado, constitu\u00eddo por um coordenador, seu presidente, por um vice-coordenador, por um docente em exerc\u00edcio de cada departamento que participe do respectivo ensino e por representantes do corpo discente, na propor\u00e7\u00e3o de um quinto do total de membros.<\/p>\n<h5>Os membros do Colegiado na gest\u00e3o 2023\/2025 s\u00e3o:<\/h5>\n<table style=\"font-weight: 400;width: 100%;height: 878px\">\n<tbody>\n<tr style=\"height: 23px\">\n<td style=\"height: 23px\"><b>\u00a0Coordena\u00e7\u00e3o do Curso de Economia<\/b><\/td>\n<td style=\"height: 23px\"><\/td>\n<\/tr>\n<tr style=\"height: 23px\">\n<td style=\"height: 23px\"><b>Coordenador: <\/b> <b>VICTOR NUNES LEAL CRUZ E SILVA<\/b><\/td>\n<td style=\"height: 23px\"><\/td>\n<\/tr>\n<tr style=\"height: 23px\">\n<td style=\"height: 23px\"><b>Vice-Coordenador: Victor Rodrigues de Oliveira<\/b><\/td>\n<td style=\"height: 23px\"><\/td>\n<\/tr>\n<tr style=\"height: 23px\">\n<td style=\"height: 23px\"><b>Secret\u00e1rio: LUCAS LOPES SOARES<\/b><\/td>\n<td style=\"height: 23px\"><\/td>\n<\/tr>\n<tr style=\"height: 23px\">\n<td style=\"height: 23px\"><\/td>\n<td style=\"height: 23px\"><\/td>\n<\/tr>\n<tr style=\"height: 23px\">\n<td style=\"height: 23px\"><b>\u00a0Professores do Departamento de Economia:<\/b><\/td>\n<td style=\"height: 23px\"><\/td>\n<\/tr>\n<tr style=\"height: 23px\">\n<td style=\"height: 23px\"><b>WELLINGTON SILVA PEREIRA (Tit.)<\/b><\/td>\n<td style=\"height: 23px\"><\/td>\n<\/tr>\n<tr style=\"height: 23px\">\n<td style=\"height: 23px\"><b>Dayani Cris de Aquino<\/b><\/td>\n<td style=\"height: 23px\"><\/td>\n<\/tr>\n<tr style=\"height: 23px\">\n<td style=\"height: 23px\"><b>ADRIANA SBICCA FERNADES (Tit.)<\/b><\/td>\n<td style=\"height: 23px\"><\/td>\n<\/tr>\n<tr style=\"height: 23px\">\n<td style=\"height: 23px\"><b>Armando Vaz Sampaio (Supl.)<\/b><\/td>\n<td style=\"height: 23px\"><\/td>\n<\/tr>\n<tr style=\"height: 23px\">\n<td style=\"height: 23px\"><b>LARISSA NAVES de DEUS DORNELAS (Tit.)<\/b><\/td>\n<td style=\"height: 23px\"><\/td>\n<\/tr>\n<tr style=\"height: 23px\">\n<td style=\"height: 23px\"><b>Marcos Paulo Fuck (Supl.)<\/b><\/td>\n<td style=\"height: 23px\"><\/td>\n<\/tr>\n<tr style=\"height: 23px\">\n<td style=\"height: 23px\"><b>MARCOS HASEGAWA (Tit.)<\/b><\/td>\n<td style=\"height: 23px\"><\/td>\n<\/tr>\n<tr style=\"height: 23px\">\n<td style=\"height: 23px\"><b>&#8212;&#8212;&#8212;&#8211; (Supl.)<\/b><\/td>\n<td style=\"height: 23px\"><\/td>\n<\/tr>\n<tr style=\"height: 23px\">\n<td style=\"height: 23px\"><b>JOS\u00c9 GUILHERME SILVA VIEIRA (Tit.)<\/b><\/td>\n<td style=\"height: 23px\"><\/td>\n<\/tr>\n<tr style=\"height: 23px\">\n<td style=\"height: 23px\"><b>Fabiano Abranches da Silva Dalto (Supl.)\u00a0<\/b><\/td>\n<td style=\"height: 23px\"><\/td>\n<\/tr>\n<tr style=\"height: 23px\">\n<td style=\"height: 23px\"><b><span class=\"TextRun SCXW259871155 BCX8\" lang=\"PT-BR\" xml:lang=\"PT-BR\" data-contrast=\"auto\"><span class=\"NormalTextRun SCXW259871155 BCX8\">HUGO CARCANHOLO IASCO PEREIRA<\/span><\/span> (Tit.) \u2013 Representante COE<\/b><\/td>\n<td style=\"height: 23px\"><\/td>\n<\/tr>\n<tr style=\"height: 23px\">\n<td style=\"height: 23px\"><b>Francisco Adilson Gabardo\u00a0(Supl.) \u2013 Representante COE<\/b><\/td>\n<td style=\"height: 23px\"><\/td>\n<\/tr>\n<tr style=\"height: 142px\">\n<td style=\"height: 142px\"><\/td>\n<td style=\"height: 142px\"><\/td>\n<\/tr>\n<tr style=\"height: 23px\">\n<td style=\"height: 23px\"><\/td>\n<td style=\"height: 23px\"><\/td>\n<\/tr>\n<tr style=\"height: 23px\">\n<td style=\"height: 23px\"><b>Professores de outros Departamentos:<\/b><\/td>\n<td style=\"height: 23px\"><\/td>\n<\/tr>\n<tr style=\"height: 23px\">\n<td style=\"height: 23px\"><b>Contabilidade: LUIZ ROG\u00c9RIO FARIAS (Tit.)<\/b><\/td>\n<td style=\"height: 23px\"><\/td>\n<\/tr>\n<tr style=\"height: 23px\">\n<td style=\"height: 23px\"><b>\u00a0 \u00a0 \u00a0 \u00a0 \u00a0 \u00a0 \u00a0 \u00a0 \u00a0 \u00a0 \u00a0 \u00a0 \u00a0 ANELISE KRAUSPENHAR PINTO FIGARI (Supl.)<\/b><\/td>\n<td style=\"height: 23px\"><\/td>\n<\/tr>\n<tr style=\"height: 23px\">\n<td style=\"height: 23px\"><b>DECISO: VICTOR NEIVA E OLIVEIRA (Tit.)<\/b><\/td>\n<td style=\"height: 23px\"><\/td>\n<\/tr>\n<tr style=\"height: 23px\">\n<td style=\"height: 23px\"><b>\u00a0\u00a0\u00a0\u00a0\u00a0\u00a0\u00a0\u00a0\u00a0\u00a0\u00a0\u00a0\u00a0\u00a0\u00a0\u00a0 ALEXANDRO DANTAS TRINDADE (Supl.)<\/b><\/td>\n<td style=\"height: 23px\"><\/td>\n<\/tr>\n<tr style=\"height: 23px\">\n<td style=\"height: 23px\"><b>Estat\u00edstica:<\/b> <b>MARIO LUIZ FERREIRA DA SILVA (Tit.)\u00a0<\/b><\/td>\n<td style=\"height: 23px\"><\/td>\n<\/tr>\n<tr style=\"height: 23px\">\n<td style=\"height: 23px\"><b>\u00a0\u00a0\u00a0\u00a0\u00a0\u00a0\u00a0\u00a0\u00a0\u00a0\u00a0\u00a0\u00a0\u00a0\u00a0\u00a0\u00a0\u00a0\u00a0 FERNANDA BUHRER RIZZATO (Supl.)<\/b><\/td>\n<td style=\"height: 23px\"><\/td>\n<\/tr>\n<tr style=\"height: 23px\">\n<td style=\"height: 23px\"><\/td>\n<td style=\"height: 23px\"><\/td>\n<\/tr>\n<tr style=\"height: 23px\">\n<td style=\"height: 23px\"><b>\u00a0Representantes\u00a0 discentes:<\/b><\/td>\n<td style=\"height: 23px\"><\/td>\n<\/tr>\n<tr style=\"height: 23px\">\n<td style=\"height: 23px\"><b>Guilherme Vieira Martins (TIT.)<\/b><\/td>\n<td style=\"height: 23px\"><\/td>\n<\/tr>\n<tr style=\"height: 23px\">\n<td style=\"height: 23px\"><b>Isadora Camargo Dos Santos (SUPL.)<\/b><\/td>\n<td style=\"height: 23px\"><\/td>\n<\/tr>\n<tr style=\"height: 23px\">\n<td style=\"height: 23px\"><b>LUIZ FELIPE REBELLATO FERNANDES(SUPL.)<\/b><\/td>\n<td style=\"height: 23px\"><\/td>\n<\/tr>\n<tr style=\"height: 23px\">\n<td style=\"height: 23px\"><\/td>\n<td style=\"height: 23px\"><\/td>\n<\/tr>\n<\/tbody>\n<\/table>\n","protected":false},"excerpt":{"rendered":"<p>Conforme o Art. 50. do Estatuto da UFPR: A coordena\u00e7\u00e3o did\u00e1tica de cada curso ficar\u00e1 a cargo de um colegiado, constitu\u00eddo por um coordenador, seu presidente, por um vice-coordenador, por um docente em exerc\u00edcio de cada departamento que participe do respectivo ensino e por representantes do corpo discente, na propor\u00e7\u00e3o de um quinto do total [&hellip;]<\/p>\n","protected":false},"author":2793,"featured_media":0,"parent":0,"menu_order":0,"comment_status":"closed","ping_status":"closed","template":"","meta":{"footnotes":""},"class_list":["post-549","page","type-page","status-publish","hentry"],"_links":{"self":[{"href":"https:\/\/sociaisaplicadas.ufpr.br\/coordeco\/wp-json\/wp\/v2\/pages\/549","targetHints":{"allow":["GET"]}}],"collection":[{"href":"https:\/\/sociaisaplicadas.ufpr.br\/coordeco\/wp-json\/wp\/v2\/pages"}],"about":[{"href":"https:\/\/sociaisaplicadas.ufpr.br\/coordeco\/wp-json\/wp\/v2\/types\/page"}],"author":[{"embeddable":true,"href":"https:\/\/sociaisaplicadas.ufpr.br\/coordeco\/wp-json\/wp\/v2\/users\/2793"}],"replies":[{"embeddable":true,"href":"https:\/\/sociaisaplicadas.ufpr.br\/coordeco\/wp-json\/wp\/v2\/comments?post=549"}],"version-history":[{"count":19,"href":"https:\/\/sociaisaplicadas.ufpr.br\/coordeco\/wp-json\/wp\/v2\/pages\/549\/revisions"}],"predecessor-version":[{"id":3153,"href":"https:\/\/sociaisaplicadas.ufpr.br\/coordeco\/wp-json\/wp\/v2\/pages\/549\/revisions\/3153"}],"wp:attachment":[{"href":"https:\/\/sociaisaplicadas.ufpr.br\/coordeco\/wp-json\/wp\/v2\/media?parent=549"}],"curies":[{"name":"wp","href":"https:\/\/api.w.org\/{rel}","templated":true}]}}