{"id":1720,"date":"2021-04-24T23:32:41","date_gmt":"2021-04-24T23:32:41","guid":{"rendered":"https:\/\/sociaisaplicadas.ufpr.br\/decigi\/?page_id=1720"},"modified":"2021-12-23T12:23:58","modified_gmt":"2021-12-23T12:23:58","slug":"oferta-de-disciplinas","status":"publish","type":"page","link":"https:\/\/sociaisaplicadas.ufpr.br\/decigi\/oferta-de-disciplinas\/","title":{"rendered":"Oferta de Disciplinas"},"content":{"rendered":"<p><span style=\"color: #000080;font-size: 14pt\"><strong><span style=\"font-family: arial, helvetica, sans-serif\">Disciplinas em oferta na Retomada do Calend\u00e1rio Acad\u00eamico<\/span><\/strong><\/span><\/p>\n<p><img loading=\"lazy\" decoding=\"async\" class=\"aligncenter\" src=\"https:\/\/www.ufpr.brufpr\/wp-content\/uploads\/2021\/04\/vers%C3%A3o2post-3.png\" width=\"363\" height=\"362\" \/><\/p>\n<hr \/>\n<p><span style=\"font-size: 14pt\"><strong><span style=\"font-family: arial, helvetica, sans-serif;color: #000080\">1\u00ba Per\u00edodo<\/span><\/strong><\/span><\/p>\n<p><span style=\"font-family: arial, helvetica, sans-serif;color: #000000\">SA104 Fundamentos da gest\u00e3o organizacional <a href=\"https:\/\/sociaisaplicadas.ufpr.br\/decigi\/wp-content\/uploads\/sites\/5\/2021\/04\/SA.pdf\">[plano]<\/a><\/span><br \/>\n<span style=\"font-family: arial, helvetica, sans-serif;color: #000000\"> SE069 Introdu\u00e7\u00e3o a economia\u00a0<a href=\"https:\/\/sociaisaplicadas.ufpr.br\/decigi\/wp-content\/uploads\/sites\/5\/2021\/04\/SE069.pdf\">[plano]<\/a><\/span><br \/>\n<span style=\"font-family: arial, helvetica, sans-serif;color: #000000\"> SIN162 Informa\u00e7\u00e3o e sociedade\u00a0<a href=\"https:\/\/sociaisaplicadas.ufpr.br\/decigi\/wp-content\/uploads\/sites\/5\/2021\/04\/SIN162.pdf\">[plano]<\/a><\/span><br \/>\n<span style=\"font-family: arial, helvetica, sans-serif;color: #000000\"> SIN165 Fundamentos de matem\u00e1tica\u00a0<a href=\"https:\/\/sociaisaplicadas.ufpr.br\/decigi\/wp-content\/uploads\/sites\/5\/2021\/04\/SIN165.pdf\">[plano]<\/a><\/span><br \/>\n<span style=\"font-family: arial, helvetica, sans-serif;color: #000000\"> SIN188 Seguran\u00e7a da informa\u00e7\u00e3o\u00a0<a href=\"https:\/\/sociaisaplicadas.ufpr.br\/decigi\/wp-content\/uploads\/sites\/5\/2021\/04\/SIN188.pdf\">[plano]<\/a><\/span><\/p>\n<hr \/>\n<p><span style=\"font-size: 14pt\"><strong><span style=\"font-family: arial, helvetica, sans-serif;color: #000080\">2\u00ba Per\u00edodo<\/span><\/strong><\/span><\/p>\n<p><span style=\"font-family: arial, helvetica, sans-serif;color: #000000\">CE009 Introdu\u00e7\u00e3o \u00e0 estat\u00edstica\u00a0<a href=\"https:\/\/sociaisaplicadas.ufpr.br\/decigi\/wp-content\/uploads\/sites\/5\/2021\/04\/CE009.pdf\">[plano]<\/a>\u00a0<a href=\"https:\/\/sociaisaplicadas.ufpr.br\/decigi\/wp-content\/uploads\/sites\/5\/2021\/04\/CE009-Stela.pdf\">[plano 2]<\/a><\/span><br \/>\n<span style=\"font-family: arial, helvetica, sans-serif;color: #000000\"> SIN161 Condensa\u00e7\u00e3o da informa\u00e7\u00e3o\u00a0<a href=\"https:\/\/sociaisaplicadas.ufpr.br\/decigi\/wp-content\/uploads\/sites\/5\/2021\/04\/SIN161.pdf\">[plano]<\/a><\/span><br \/>\n<span style=\"font-family: arial, helvetica, sans-serif;color: #000000\"> SIN167 Compet\u00eancia informacional\u00a0<a href=\"https:\/\/sociaisaplicadas.ufpr.br\/decigi\/wp-content\/uploads\/sites\/5\/2021\/04\/SIN167.pdf\">[plano]<\/a><\/span><br \/>\n<span style=\"font-family: arial, helvetica, sans-serif;color: #000000\"> SIN168 Tecnologias da informa\u00e7\u00e3o e da comunica\u00e7\u00e3o\u00a0<a href=\"https:\/\/sociaisaplicadas.ufpr.br\/decigi\/wp-content\/uploads\/sites\/5\/2021\/04\/SIN168.pdf\">[plano]<\/a><\/span><br \/>\n<span style=\"font-family: arial, helvetica, sans-serif;color: #000000\"> SIN169 M\u00e9todos matem\u00e1ticos para gest\u00e3o da informa\u00e7\u00e3o\u00a0<a href=\"https:\/\/sociaisaplicadas.ufpr.br\/decigi\/wp-content\/uploads\/sites\/5\/2021\/04\/SIN169.pdf\">[plano]<\/a><\/span><br \/>\n<span style=\"font-family: arial, helvetica, sans-serif;color: #000000\"> SIN170 Gest\u00e3o de documentos\u00a0<a href=\"https:\/\/sociaisaplicadas.ufpr.br\/decigi\/wp-content\/uploads\/sites\/5\/2021\/04\/SIN170.pdf\">[plano]<\/a><\/span><br \/>\n<span style=\"font-family: arial, helvetica, sans-serif;color: #000000\"> SIN180 Metodologia da pesquisa\u00a0<a href=\"https:\/\/sociaisaplicadas.ufpr.br\/decigi\/wp-content\/uploads\/sites\/5\/2021\/04\/SIN180.pdf\">[plano]<\/a><\/span><\/p>\n<hr \/>\n<p><span style=\"font-size: 14pt\"><strong><span style=\"font-family: arial, helvetica, sans-serif;color: #000080\">3\u00ba Per\u00edodo<\/span><\/strong><\/span><\/p>\n<p><span style=\"font-family: arial, helvetica, sans-serif;color: #000000\">SIN171 Sistemas de informa\u00e7\u00e3o\u00a0<a href=\"https:\/\/sociaisaplicadas.ufpr.br\/decigi\/wp-content\/uploads\/sites\/5\/2021\/04\/SIN171-1.pdf\">[plano]<\/a><\/span><br \/>\n<span style=\"font-family: arial, helvetica, sans-serif;color: #000000\"> SIN172 Gest\u00e3o de processos\u00a0<a href=\"https:\/\/sociaisaplicadas.ufpr.br\/decigi\/wp-content\/uploads\/sites\/5\/2021\/04\/SIN172.pdf\">[plano]<\/a><\/span><br \/>\n<span style=\"font-family: arial, helvetica, sans-serif;color: #000000\"> SIN174 Modelagem de sistemas\u00a0<a href=\"https:\/\/sociaisaplicadas.ufpr.br\/decigi\/wp-content\/uploads\/sites\/5\/2021\/04\/SIN174.pdf\">[plano]<\/a><\/span><br \/>\n<span style=\"font-family: arial, helvetica, sans-serif;color: #000000\"> SIN175 Informa\u00e7\u00e3o e marketing\u00a0<a href=\"https:\/\/sociaisaplicadas.ufpr.br\/decigi\/wp-content\/uploads\/sites\/5\/2021\/04\/SIN175.pdf\">[plano]<\/a><\/span><br \/>\n<span style=\"font-family: arial, helvetica, sans-serif;color: #000000\"> SIN176 Programa\u00e7\u00e3o de computadores para gest\u00e3o da informa\u00e7\u00e3o\u00a0<a href=\"https:\/\/sociaisaplicadas.ufpr.br\/decigi\/wp-content\/uploads\/sites\/5\/2021\/04\/SIN176.pdf\">[plano]<\/a><\/span><br \/>\n<span style=\"font-family: arial, helvetica, sans-serif;color: #000000\"> SIN177 Necessidades e usos de informa\u00e7\u00e3o\u00a0<a href=\"https:\/\/sociaisaplicadas.ufpr.br\/decigi\/wp-content\/uploads\/sites\/5\/2021\/04\/SIN177.pdf\">[plano]<\/a><\/span><\/p>\n<hr \/>\n<p><span style=\"font-size: 14pt\"><strong><span style=\"font-family: arial, helvetica, sans-serif;color: #000080\">4\u00ba Per\u00edodo<\/span><\/strong><\/span><\/p>\n<p><span style=\"font-family: arial, helvetica, sans-serif;color: #000000\">SC053 Custos em projetos de informa\u00e7\u00e3o\u00a0<a href=\"https:\/\/sociaisaplicadas.ufpr.br\/decigi\/wp-content\/uploads\/sites\/5\/2021\/04\/SC053.pdf\">[plano]<\/a><\/span><br \/>\n<span style=\"font-family: arial, helvetica, sans-serif;color: #000000\"> SIN178 Gest\u00e3o de conte\u00fados I\u00a0<a href=\"https:\/\/sociaisaplicadas.ufpr.br\/decigi\/wp-content\/uploads\/sites\/5\/2021\/04\/SIN178.pdf\">[plano]<\/a><\/span><br \/>\n<span style=\"font-family: arial, helvetica, sans-serif;color: #000000\"> SIN179 Ergonomia da informa\u00e7\u00e3o\u00a0<a href=\"https:\/\/sociaisaplicadas.ufpr.br\/decigi\/wp-content\/uploads\/sites\/5\/2021\/04\/SIN179.pdf\">[plano]<\/a><\/span><br \/>\n<span style=\"font-family: arial, helvetica, sans-serif;color: #000000\"> SIN183 Banco de dados\u00a0<a href=\"https:\/\/sociaisaplicadas.ufpr.br\/decigi\/wp-content\/uploads\/sites\/5\/2021\/04\/SIN183.pdf\">[plano]<\/a><\/span><br \/>\n<span style=\"font-family: arial, helvetica, sans-serif;color: #000000\"> SIN184 An\u00e1lise da informa\u00e7\u00e3o e do conhecimento I\u00a0<a href=\"https:\/\/sociaisaplicadas.ufpr.br\/decigi\/wp-content\/uploads\/sites\/5\/2021\/04\/SIN184.pdf\">[plano]<\/a><\/span><\/p>\n<hr \/>\n<p><span style=\"font-size: 14pt\"><strong><span style=\"font-family: arial, helvetica, sans-serif;color: #000080\">5\u00ba Per\u00edodo<\/span><\/strong><\/span><\/p>\n<p><span style=\"font-family: arial, helvetica, sans-serif;color: #000000\">SIN163 T\u00e9cnicas de pesquisa\u00a0<a href=\"https:\/\/sociaisaplicadas.ufpr.br\/decigi\/wp-content\/uploads\/sites\/5\/2021\/04\/SIN163.pdf\">[plano]<\/a><\/span><\/p>\n<hr \/>\n<p><span style=\"font-size: 14pt\"><strong><span style=\"font-family: arial, helvetica, sans-serif;color: #000080\">6\u00ba Per\u00edodo<\/span><\/strong><\/span><\/p>\n<p><span style=\"font-family: arial, helvetica, sans-serif;color: #000000\">SIN192 Ontologias e taxonomia do conhecimento\u00a0<a href=\"https:\/\/sociaisaplicadas.ufpr.br\/decigi\/wp-content\/uploads\/sites\/5\/2021\/04\/SIN192.pdf\">[plano]<\/a><\/span><br \/>\n<span style=\"font-family: arial, helvetica, sans-serif;color: #000000\"> SIN193 Gest\u00e3o do conhecimento\u00a0<a href=\"https:\/\/sociaisaplicadas.ufpr.br\/decigi\/wp-content\/uploads\/sites\/5\/2021\/04\/SIN193.pdf\">[plano]<\/a><\/span><br \/>\n<span style=\"font-family: arial, helvetica, sans-serif;color: #000000\"> SIN195 Minera\u00e7\u00e3o de dados\u00a0<a href=\"https:\/\/sociaisaplicadas.ufpr.br\/decigi\/wp-content\/uploads\/sites\/5\/2021\/04\/SIN195.pdf\">[plano]<\/a><\/span><br \/>\n<span style=\"font-family: arial, helvetica, sans-serif;color: #000000\"> SIN196 Est\u00e1gio supervisionado\u00a0<a href=\"https:\/\/sociaisaplicadas.ufpr.br\/decigi\/wp-content\/uploads\/sites\/5\/2021\/04\/SIN196.pdf\">[plano]<\/a><\/span><\/p>\n<hr \/>\n<p><span style=\"font-size: 14pt\"><strong><span style=\"font-family: arial, helvetica, sans-serif;color: #000080\">7\u00ba Per\u00edodo<\/span><\/strong><\/span><\/p>\n<p><span style=\"font-family: arial, helvetica, sans-serif;color: #000000\">SIN197 Produtos e servi\u00e7os de informa\u00e7\u00e3o\u00a0<a href=\"https:\/\/sociaisaplicadas.ufpr.br\/decigi\/wp-content\/uploads\/sites\/5\/2021\/04\/SIN197.pdf\">[plano]<\/a><\/span><br \/>\n<span style=\"font-family: arial, helvetica, sans-serif;color: #000000\"> SIN198 M\u00e9tricas de informa\u00e7\u00e3o\u00a0<a href=\"https:\/\/sociaisaplicadas.ufpr.br\/decigi\/wp-content\/uploads\/sites\/5\/2021\/04\/SIN198.pdf\">[plano]<\/a><\/span><br \/>\n<span style=\"font-family: arial, helvetica, sans-serif;color: #000000\"> SIN200 Laborat\u00f3rio de organiza\u00e7\u00e3o do conhecimento\u00a0<a href=\"https:\/\/sociaisaplicadas.ufpr.br\/decigi\/wp-content\/uploads\/sites\/5\/2021\/04\/SIN200.pdf\">[plano]<\/a><\/span><br \/>\n<span style=\"font-family: arial, helvetica, sans-serif;color: #000000\"> SIN201 Trabalho de conclus\u00e3o de curso I\u00a0<a href=\"https:\/\/sociaisaplicadas.ufpr.br\/decigi\/wp-content\/uploads\/sites\/5\/2021\/04\/SIN201.pdf\">[plano]<\/a><\/span><br \/>\n<span style=\"font-family: arial, helvetica, sans-serif;color: #000000\"> SIN202 Est\u00e1gio supervisionado II\u00a0<a href=\"https:\/\/sociaisaplicadas.ufpr.br\/decigi\/wp-content\/uploads\/sites\/5\/2021\/04\/SIN202.pdf\">[plano]<\/a><\/span><br \/>\n<span style=\"font-family: arial, helvetica, sans-serif;color: #000000\"> SIN203 Gest\u00e3o de tecnologia da informa\u00e7\u00e3o\u00a0<a href=\"https:\/\/sociaisaplicadas.ufpr.br\/decigi\/wp-content\/uploads\/sites\/5\/2021\/04\/SIN203.pdf\">[plano]<\/a><\/span><\/p>\n<hr \/>\n<p><span style=\"font-size: 14pt\"><strong><span style=\"font-family: arial, helvetica, sans-serif;color: #000080\">8\u00ba Per\u00edodo<\/span><\/strong><\/span><\/p>\n<p><span style=\"font-family: arial, helvetica, sans-serif;color: #000000\">SIN204 Trabalho de conclus\u00e3o de curso II\u00a0<a href=\"https:\/\/sociaisaplicadas.ufpr.br\/decigi\/wp-content\/uploads\/sites\/5\/2021\/04\/SIN204.pdf\">[plano]<\/a><\/span><br \/>\n<span style=\"font-family: arial, helvetica, sans-serif;color: #000000\"> SIN205 Intelig\u00eancia organizacional\u00a0<a href=\"https:\/\/sociaisaplicadas.ufpr.br\/decigi\/wp-content\/uploads\/sites\/5\/2021\/04\/SIN205.pdf\">[plano]<\/a><\/span><br \/>\n<span style=\"font-family: arial, helvetica, sans-serif;color: #000000\"> SIN206 Gest\u00e3o de projetos\u00a0<a href=\"https:\/\/sociaisaplicadas.ufpr.br\/decigi\/wp-content\/uploads\/sites\/5\/2021\/04\/SIN206.pdf\">[plano]<\/a><\/span><\/p>\n<hr \/>\n<p><span style=\"font-size: 14pt\"><strong><span style=\"font-family: arial, helvetica, sans-serif;color: #000080\">Optativas<\/span><\/strong><\/span><\/p>\n<p><span style=\"font-family: arial, helvetica, sans-serif;color: #000000\">SIN213 T\u00f3picos especiais em ci\u00eancia da informa\u00e7\u00e3o\u00a0<a href=\"https:\/\/sociaisaplicadas.ufpr.br\/decigi\/wp-content\/uploads\/sites\/5\/2021\/04\/SIN213.pdf\">[plano]<\/a><\/span><br \/>\n<span style=\"font-family: arial, helvetica, sans-serif;color: #000000\"> SIN228 T\u00f3picos em gest\u00e3o de carreiras\u00a0<a href=\"https:\/\/sociaisaplicadas.ufpr.br\/decigi\/wp-content\/uploads\/sites\/5\/2021\/04\/SIN228.pdf\">[plano]<\/a><\/span><br \/>\n<span style=\"font-family: arial, helvetica, sans-serif;color: #000000\"> SIN240 Emerging trends in information management\u00a0<a href=\"https:\/\/sociaisaplicadas.ufpr.br\/decigi\/wp-content\/uploads\/sites\/5\/2021\/04\/SIN240.pdf\">[plano]<\/a><\/span><\/p>\n","protected":false},"excerpt":{"rendered":"<p>Disciplinas em oferta na Retomada do Calend\u00e1rio Acad\u00eamico 1\u00ba Per\u00edodo SA104 Fundamentos da gest\u00e3o organizacional [plano] SE069 Introdu\u00e7\u00e3o a economia\u00a0[plano] SIN162 Informa\u00e7\u00e3o e sociedade\u00a0[plano] SIN165 Fundamentos de matem\u00e1tica\u00a0[plano] SIN188 Seguran\u00e7a da informa\u00e7\u00e3o\u00a0[plano] 2\u00ba Per\u00edodo CE009 Introdu\u00e7\u00e3o \u00e0 estat\u00edstica\u00a0[plano]\u00a0[plano 2] SIN161 Condensa\u00e7\u00e3o da informa\u00e7\u00e3o\u00a0[plano] SIN167 Compet\u00eancia informacional\u00a0[plano] SIN168 Tecnologias da informa\u00e7\u00e3o e da comunica\u00e7\u00e3o\u00a0[plano] SIN169 M\u00e9todos [&hellip;]<\/p>\n","protected":false},"author":2806,"featured_media":0,"parent":0,"menu_order":0,"comment_status":"closed","ping_status":"closed","template":"","meta":{"_acf_changed":false,"footnotes":""},"class_list":["post-1720","page","type-page","status-publish","hentry"],"acf":[],"_links":{"self":[{"href":"https:\/\/sociaisaplicadas.ufpr.br\/decigi\/wp-json\/wp\/v2\/pages\/1720","targetHints":{"allow":["GET"]}}],"collection":[{"href":"https:\/\/sociaisaplicadas.ufpr.br\/decigi\/wp-json\/wp\/v2\/pages"}],"about":[{"href":"https:\/\/sociaisaplicadas.ufpr.br\/decigi\/wp-json\/wp\/v2\/types\/page"}],"author":[{"embeddable":true,"href":"https:\/\/sociaisaplicadas.ufpr.br\/decigi\/wp-json\/wp\/v2\/users\/2806"}],"replies":[{"embeddable":true,"href":"https:\/\/sociaisaplicadas.ufpr.br\/decigi\/wp-json\/wp\/v2\/comments?post=1720"}],"version-history":[{"count":22,"href":"https:\/\/sociaisaplicadas.ufpr.br\/decigi\/wp-json\/wp\/v2\/pages\/1720\/revisions"}],"predecessor-version":[{"id":1806,"href":"https:\/\/sociaisaplicadas.ufpr.br\/decigi\/wp-json\/wp\/v2\/pages\/1720\/revisions\/1806"}],"wp:attachment":[{"href":"https:\/\/sociaisaplicadas.ufpr.br\/decigi\/wp-json\/wp\/v2\/media?parent=1720"}],"curies":[{"name":"wp","href":"https:\/\/api.w.org\/{rel}","templated":true}]}}