{"id":3082,"date":"2021-11-25T13:19:35","date_gmt":"2021-11-25T13:19:35","guid":{"rendered":"https:\/\/sociaisaplicadas.ufpr.br\/decigi\/?page_id=3082"},"modified":"2026-03-13T21:23:48","modified_gmt":"2026-03-14T00:23:48","slug":"funcoes-e-atribuicoes","status":"publish","type":"page","link":"https:\/\/sociaisaplicadas.ufpr.br\/decigi\/departamento\/funcoes-e-atribuicoes\/","title":{"rendered":"Fun\u00e7\u00f5es e Atribui\u00e7\u00f5es"},"content":{"rendered":"<h5><span style=\"font-size: 12pt;font-family: arial, helvetica, sans-serif\">Chefes do Departamento de Ci\u00eancia e Gest\u00e3o da Informa\u00e7\u00e3o &#8211; DECIGI<\/span><\/h5>\n<ul>\n<li><span style=\"font-family: arial, helvetica, sans-serif;color: #000000\">Prof. Dr. Elder Lopes Barboza (Titular)<\/span><\/li>\n<li><span style=\"font-family: arial, helvetica, sans-serif;color: #000000\">Prof. Dr. <span style=\"font-size: 12pt;color: #000000;font-family: arial, helvetica, sans-serif\">Celso Yoshikazu Ishida <\/span>(Suplente)<\/span><\/li>\n<\/ul>\n<h5><span style=\"font-size: 12pt;font-family: arial, helvetica, sans-serif\">Coordenadores do Curso de Gest\u00e3o da Informa\u00e7\u00e3o &#8211; CCGI<\/span><\/h5>\n<ul>\n<li><span style=\"font-size: 12pt;color: #000000;font-family: arial, helvetica, sans-serif\">Prof. Dr. Andre\u00a0Vieira de Freitas\u00a0Araujo (Coordenador)<\/span><\/li>\n<li><span style=\"font-size: 12pt;color: #000000;font-family: arial, helvetica, sans-serif\"><span style=\"font-family: arial, helvetica, sans-serif;color: #000000\"><span style=\"font-size: 12pt\">Prof.\u00aa Dra. Joana Gusm\u00e3o Lemos<\/span><\/span>\u00a0(Vice-coordenador)<\/span><\/li>\n<\/ul>\n<h5><span style=\"font-size: 12pt;font-family: arial, helvetica, sans-serif\">Colegiado do Curso de Gest\u00e3o da Informa\u00e7\u00e3o<\/span><\/h5>\n<p><span style=\"font-family: arial, helvetica, sans-serif;font-size: 10pt\"><a href=\"https:\/\/sociaisaplicadas.ufpr.br\/decigi\/wp-content\/uploads\/sites\/5\/2023\/05\/Regimento-Geral-1.pdf\">Extrato do Regimento Geral: Do Colegiado de Curso e Atribui\u00e7\u00f5es de Coordenador(a)<\/a><\/span><\/p>\n<p><a href=\"https:\/\/sociaisaplicadas.ufpr.br\/decigi\/wp-content\/uploads\/sites\/5\/2025\/09\/SEI_8127442_Portaria_07.pdf\"><span style=\"font-size: 10pt;font-family: arial, helvetica, sans-serif\">PORTARIA N\u00ba 07, DE 04 DE SETEMBRO DE 2025 &#8211; Membros do Colegiado do Curso de Gest\u00e3o da Informa\u00e7\u00e3o<\/span><\/a><\/p>\n<ul>\n<li><span style=\"font-size: 12pt;color: #000000;font-family: arial, helvetica, sans-serif\">Prof. Dr. Andre Vieira de Freitas Araujo (Coordenador) &#8211; andre.freitas@ufpr.br<\/span><\/li>\n<li><span style=\"font-size: 12pt;color: #000000;font-family: arial, helvetica, sans-serif\"><span style=\"font-family: arial, helvetica, sans-serif;color: #000000\"><span style=\"font-size: 12pt\">Prof.\u00aa Dra. Joana Gusm\u00e3o Lemos<\/span><\/span> (Vice-coordenador) &#8211; joanalemos@ufpr.br<\/span><\/li>\n<li><span style=\"font-size: 12pt;color: #000000;font-family: arial, helvetica, sans-serif\">Prof. Dr. Celso Yoshikazu Ishida (DECIGI) &#8211; celsoishida@ufpr.br<\/span><\/li>\n<li><span style=\"font-size: 12pt;color: #000000;font-family: arial, helvetica, sans-serif\">Prof. Dr. Luciano Heitor Gallegos Marin (DECIGI) &#8211; luciano.gallegos@ufpr.br<\/span><\/li>\n<li><span style=\"font-size: 12pt;color: #000000;font-family: arial, helvetica, sans-serif\">Prof. Dr. Elder Lopes Barboza (DECIGI) &#8211; elder.barboza@ufpr.br<\/span><\/li>\n<li><span style=\"font-size: 12pt;color: #000000;font-family: arial, helvetica, sans-serif\">Prof. Dr. Edson Ronaldo Guarido Filho (DECIGI) &#8211; edson.guarido@ufpr.br<\/span><\/li>\n<li><span style=\"font-size: 12pt;color: #000000;font-family: arial, helvetica, sans-serif\">Prof. Dr. Luiz Carlos de Souza (DECONT) &#8211; luizcsouza@ufpr.br<\/span><\/li>\n<li><span style=\"font-size: 12pt;color: #000000;font-family: arial, helvetica, sans-serif\">Prof. Dr. Francisco Adilson Gabardo (DEPECON) &#8211; franciscogabardo@ufpr.br<\/span><\/li>\n<li><span style=\"font-size: 12pt;color: #000000;font-family: arial, helvetica, sans-serif\">Prof. Dra. Simone Cristina Ramos (DAGA) &#8211; simone.cristina@ufpr.br<\/span><\/li>\n<li><span style=\"font-size: 12pt;color: #000000;font-family: arial, helvetica, sans-serif\"><span style=\"font-family: arial, helvetica, sans-serif;color: #000000\"><span style=\"font-size: 12pt\">Suplente: Prof.\u00aa Dra. Denise Fukumi Tsunoda<\/span><\/span> (DECIGI) &#8211; dtsunoda@ufpr.br<\/span><\/li>\n<li><span style=\"font-size: 12pt;color: #000000;font-family: arial, helvetica, sans-serif\"><span style=\"font-family: arial, helvetica, sans-serif;color: #000000\"><span style=\"font-size: 12pt\">Suplente: Prof.\u00aa Dra. Taiane Ritta Coelho<\/span><\/span> (DECIGI) &#8211; taianecoelho@ufpr.br<\/span><\/li>\n<\/ul>\n<h5><span style=\"font-size: 12pt;font-family: arial, helvetica, sans-serif\">Comiss\u00e3o de Acompanhamento das Disciplinas de Pesquisa &#8211; CADIP\u00a0<\/span><\/h5>\n<p><a href=\"https:\/\/sociaisaplicadas.ufpr.br\/decigi\/wp-content\/uploads\/sites\/5\/2025\/07\/SEI_7922254_Portaria_04.pdf\">PORTARIA N\u00ba 04, DE 04 DE JULHO DE 2025<\/a><\/p>\n<ul>\n<li><span style=\"font-size: 12pt;color: #000000;font-family: arial, helvetica, sans-serif\">Prof. Dr. Egon Walter Wildauer <\/span><\/li>\n<li><span style=\"font-size: 12pt;color: #000000;font-family: arial, helvetica, sans-serif\">Prof.\u00aa Dra. Ma\u00edra Fernandes Alencar <\/span><\/li>\n<li>Prof.<span style=\"font-size: 12pt;color: #000000;font-family: arial, helvetica, sans-serif\">\u00aa<\/span> Dra. Mariana Rodrigues Gomes de Mello<\/li>\n<\/ul>\n<h5><span style=\"font-size: 12pt;font-family: arial, helvetica, sans-serif\">Comiss\u00e3o de Orienta\u00e7\u00e3o de Est\u00e1gios &#8211; COE<\/span><\/h5>\n<p><a href=\"https:\/\/sociaisaplicadas.ufpr.br\/decigi\/wp-content\/uploads\/sites\/5\/2024\/12\/SEI_7350828_Portaria_1.pdf\">Portaria N\u00ba 1, DE 09 DE dezembro DE 2024<\/a><\/p>\n<ul>\n<li><span style=\"font-size: 12pt;color: #000000;font-family: arial, helvetica, sans-serif\">Prof.\u00aa Dra. Vera L\u00facia Belo Chagas\u00a0<span style=\"font-family: arial, helvetica, sans-serif;color: #000000\">(Titular)<\/span><\/span><\/li>\n<li><span style=\"font-size: 12pt;color: #000000;font-family: arial, helvetica, sans-serif\">Prof.\u00aa Dr. Celso Yoshikazu Ishida (Titular)<\/span><\/li>\n<li><span style=\"font-family: arial, helvetica, sans-serif;color: #000000\"><span style=\"font-size: 12pt;color: #000000;font-family: arial, helvetica, sans-serif\">Prof.\u00aa Dra. Joana Gusm\u00e3o Lemos (Titular<\/span>)<\/span><span style=\"font-size: 12pt;color: #000000;font-family: arial, helvetica, sans-serif\"><br \/>\n<\/span><\/li>\n<li><span style=\"font-size: 12pt;color: #000000;font-family: arial, helvetica, sans-serif\">Prof. <span style=\"font-family: arial, helvetica, sans-serif;color: #000000\">Dra.<\/span> Denise Fukumi Tsunoda <span style=\"font-family: arial, helvetica, sans-serif;color: #000000\">(Suplente)<\/span><\/span><\/li>\n<li><span style=\"font-family: arial, helvetica, sans-serif;color: #000000\">Prof. Dr. Jos\u00e9 Sim\u00e3o de Paula Pinto\u00a0<span style=\"font-size: 12pt;color: #000000;font-family: arial, helvetica, sans-serif\">(Suplente)<\/span><\/span><\/li>\n<\/ul>\n<h5><span style=\"font-size: 12pt;font-family: arial, helvetica, sans-serif\">Comiss\u00e3o de Valida\u00e7\u00e3o de Atividades Formativas e de Extens\u00e3o &#8211; CAFE<\/span><\/h5>\n<p><span style=\"font-family: arial, helvetica, sans-serif;font-size: 10pt\"><a href=\"https:\/\/sociaisaplicadas.ufpr.br\/decigi\/wp-content\/uploads\/sites\/5\/2023\/05\/portariaCAFE.pdf\">Portaria n\u00ba 01 CCGI\/22 &#8211; Comiss\u00e3o de Atividades Formativas e de Extens\u00e3o<\/a><\/span><\/p>\n<ul>\n<li><span style=\"font-family: arial, helvetica, sans-serif;color: #000000\">Prof.\u00aa\u00a0Dra.\u00a0Taiane Ritta Coelho (Presidente)<\/span><\/li>\n<li><span style=\"font-family: arial, helvetica, sans-serif;color: #000000\">Prof. Dr. Jos\u00e9 Marcelo Almeida Prado Cestari<\/span><\/li>\n<li><span style=\"font-family: arial, helvetica, sans-serif;color: #000000\"><span style=\"font-size: 12pt\">Prof.\u00aa Dra. Joana Gusm\u00e3o Lemos\u00a0(Suplente)<\/span><\/span><\/li>\n<li><span style=\"font-size: 12pt;color: #000000;font-family: arial, helvetica, sans-serif\">Prof. Dr. Edson Ronaldo Guarido Filho\u00a0<span style=\"font-family: arial, helvetica, sans-serif;color: #000000\">(Suplente)<\/span><\/span><\/li>\n<\/ul>\n<h5><span style=\"font-size: 12pt;font-family: arial, helvetica, sans-serif\">Representa\u00e7\u00e3o no CRAPUFPR<\/span><\/h5>\n<ul>\n<li><span style=\"font-family: arial, helvetica, sans-serif;color: #000000\">Prof. Dra. Maria do Carmo Duarte Freitas (Titular)<\/span><\/li>\n<\/ul>\n<h5><span style=\"font-size: 12pt;font-family: arial, helvetica, sans-serif\">Representa\u00e7\u00e3o no Comit\u00ea Setorial de Pesquisa<\/span><\/h5>\n<ul>\n<li><span style=\"font-family: arial, helvetica, sans-serif;color: #000000\">Prof. Dr. Jos\u00e9 Marcelo Almeida Prado Cestari (Titular)<\/span><\/li>\n<li><span style=\"font-family: arial, helvetica, sans-serif;color: #000000\">Prof.\u00aa\u00a0Dra.\u00a0Taiane Ritta Coelho\u00a0(Suplente)<\/span><\/li>\n<\/ul>\n<h5><span style=\"font-size: 12pt;font-family: arial, helvetica, sans-serif\">Representa\u00e7\u00e3o no Comit\u00ea Setorial de Extens\u00e3o<\/span><\/h5>\n<ul>\n<li><span style=\"font-family: arial, helvetica, sans-serif;color: #000000\"><span style=\"font-size: 12pt\">Prof.\u00aa Dra. Vera L\u00facia Belo Chagas<\/span> (Titular)<\/span><\/li>\n<li><span style=\"font-family: arial, helvetica, sans-serif;color: #000000\">Prof. Dr. Jos\u00e9 Sim\u00e3o de Paula Pinto\u00a0<span style=\"font-size: 12pt;color: #000000;font-family: arial, helvetica, sans-serif\">(Suplente)<\/span><\/span><\/li>\n<\/ul>\n<h5><span style=\"font-size: 12pt;font-family: arial, helvetica, sans-serif\">Representa\u00e7\u00e3o no Comit\u00ea Setorial de Monitoria<\/span><\/h5>\n<p><a href=\"https:\/\/sociaisaplicadas.ufpr.br\/decigi\/wp-content\/uploads\/sites\/5\/2026\/02\/SEI_8584734_Portaria_003_2026_SA.pdf\">Portaria de Nomea\u00e7\u00e3o<\/a><\/p>\n<ul>\n<li><span style=\"font-size: 12pt;color: #000000;font-family: arial, helvetica, sans-serif\">Prof.\u00aa Dra. Maira Fernandes Alencar <span style=\"font-family: arial, helvetica, sans-serif;color: #000000\">(Titular)<\/span><\/span><\/li>\n<li><span style=\"font-size: 12pt;color: #000000;font-family: arial, helvetica, sans-serif\">Prof.\u00aa Dra. Joana Gusm\u00e3o Lemos\u00a0(Suplente)<\/span><\/li>\n<\/ul>\n<h5><span style=\"font-size: 12pt;font-family: arial, helvetica, sans-serif\">Representa\u00e7\u00e3o no Comit\u00ea Setorial de Afastamento<\/span><\/h5>\n<ul>\n<li><span style=\"font-family: arial, helvetica, sans-serif;color: #000000\">Prof. Dr.\u00a0Andre\u00a0Vieira de Freitas\u00a0Araujo\u00a0(Titular)<\/span><\/li>\n<li><span style=\"font-family: arial, helvetica, sans-serif;color: #000000\">Prof. Dr. Jos\u00e9 Sim\u00e3o de Paula Pinto\u00a0<span style=\"font-size: 12pt;color: #000000;font-family: arial, helvetica, sans-serif\">(Suplente)<\/span><\/span><\/li>\n<\/ul>\n<h5><span style=\"font-size: 12pt;font-family: arial, helvetica, sans-serif\">Representa\u00e7\u00e3o no Comit\u00ea Setorial de Rela\u00e7\u00f5es Internacionais<\/span><\/h5>\n<ul>\n<li><span style=\"font-family: arial, helvetica, sans-serif;color: #000000\">Prof. Dr. Luciano Heitor Gallegos Marin (Titular)<\/span><\/li>\n<\/ul>\n<h5><span style=\"font-size: 12pt;font-family: arial, helvetica, sans-serif\">Representa\u00e7\u00e3o no Comit\u00ea Permanente de Cultura da UFPR<\/span><\/h5>\n<p><span style=\"font-family: arial, helvetica, sans-serif;font-size: 10pt\"><a href=\"https:\/\/sociaisaplicadas.ufpr.br\/decigi\/wp-content\/uploads\/sites\/5\/2022\/10\/SEI_UFPR-Portaria-Membros-Comite-Permanente-PORTARIA-N\u00ba-10-DE-27-DE-MAIO-DE-2022.pdf\">Portaria n\u00ba10 &#8211; Pr\u00f3-reitoria de Extens\u00e3o e Cultura<\/a><\/span><\/p>\n<h5><span style=\"font-size: 12pt;font-family: arial, helvetica, sans-serif\">Representa\u00e7\u00e3o na Comiss\u00e3o Permanente de Pessoal Docente &#8211; CPPD<\/span><\/h5>\n<ul>\n<li><span style=\"font-size: 12pt;color: #000000;font-family: arial, helvetica, sans-serif\">Prof. Dr. Marcos Antonio Tedeschi<\/span><\/li>\n<\/ul>\n<h5><span style=\"font-size: 12pt;font-family: arial, helvetica, sans-serif\">Orienta\u00e7\u00e3o da JR Consultoria<\/span><\/h5>\n<ul>\n<li><span style=\"font-size: 12pt;color: #000000;font-family: arial, helvetica, sans-serif\">Prof. Dr. Genilson Geraldo<\/span><\/li>\n<\/ul>\n<h5><span style=\"font-size: 12pt;font-family: arial, helvetica, sans-serif\">N\u00facleo Docente Estruturante do Curso de Gest\u00e3o da Informa\u00e7\u00e3o<\/span><\/h5>\n<ul>\n<li><a href=\"https:\/\/sociaisaplicadas.ufpr.br\/decigi\/wp-content\/uploads\/sites\/5\/2025\/11\/SEI_8247919_Portaria_1.pdf\">Portaria de Composi\u00e7\u00e3o do N\u00facleo Docente Estruturante 2025-2028<\/a><\/li>\n<\/ul>\n<h5><span style=\"font-size: 12pt;font-family: arial, helvetica, sans-serif\">Programa de Orienta\u00e7\u00e3o Acad\u00eamica (tutores)<\/span><\/h5>\n<p><a href=\"https:\/\/sociaisaplicadas.ufpr.br\/decigi\/wp-content\/uploads\/sites\/5\/2026\/03\/SEI_8675116_Portaria_1.pdf\"><span style=\"font-family: arial, helvetica, sans-serif\">Portaria N\u00ba 1\/2026 &#8211; CCGI, de 13 de mar\u00e7o DE 2026<\/span><\/a><\/p>\n<ul>\n<li class=\"Texto_Justificado_12\">Turma 2015 &#8211; Prof. Dr. Marcos Antonio Tedeschi<\/li>\n<li class=\"Texto_Justificado_12\">Turma 2016 &#8211; Prof.\u00aa Joana Gusm\u00e3o Lemos<\/li>\n<li class=\"Texto_Justificado_12\">Turma 2017 &#8211; Prof.\u00aa Egon Walter Wildauer<\/li>\n<li class=\"Texto_Justificado_12\">Turma 2018 &#8211; Prof.\u00aa Vera L\u00facia Belo Chagas<\/li>\n<li class=\"Texto_Justificado_12\">Turma 2019 &#8211; Prof.\u00aa Taiane Ritta Coelho<\/li>\n<li class=\"Texto_Justificado_12\">Turma 2020 &#8211; Prof. Jos\u00e9 Marcelo Almeida Prado Cestari<\/li>\n<li class=\"Texto_Justificado_12\">Turma 2021 &#8211; Prof.\u00aa Paula Carina de Ara\u00fajo<\/li>\n<li class=\"Texto_Justificado_12\">Turma 2022 &#8211; Prof. Elder Lopes Barboza<\/li>\n<li class=\"Texto_Justificado_12\">Turma 2023 &#8211; Prof. Andre Vieira de Freitas Araujo<\/li>\n<li class=\"Texto_Justificado_12\">Turma 2024 &#8211; Prof. Luciano Heitor Gallegos Marin<\/li>\n<li class=\"Texto_Justificado_12\">Turma 2025 &#8211; Prof.\u00a0Celso Yoshikazu Ishida<\/li>\n<li>Turma 2026 &#8211; Prof. Genilson Geraldo<\/li>\n<\/ul>\n<h5><span style=\"font-family: arial, helvetica, sans-serif;font-size: 12pt\"><strong>Atribui\u00e7\u00f5es do Departamento<\/strong><\/span><\/h5>\n<p><span style=\"font-family: arial, helvetica, sans-serif;color: #000000\">De acordo com o\u00a0<\/span><span style=\"font-family: arial, helvetica, sans-serif\"><a href=\"http:\/\/www.progepe.ufpr.br\/dimensionamento\/dimen2002-06\/manual_atrib.pdf\" target=\"_blank\" rel=\"noopener\">Manual de Atribui\u00e7\u00f5es das Unidades Administrativas dos Setores Acad\u00eamicos da UFPR<\/a><\/span><span style=\"font-family: arial, helvetica, sans-serif\">\u00a0<\/span><span style=\"font-family: arial, helvetica, sans-serif;color: #000000\">o\u00a0Departamento \u00e9 respons\u00e1vel pela gest\u00e3o administrativa do curso, relacionado as necessidades dos docentes e t\u00e9cnicos administrativos. Por\u00e9m, tamb\u00e9m atende algumas quest\u00f5es relativas ao alunos, como:<\/span><\/p>\n<p><span style=\"font-family: arial, helvetica, sans-serif;color: #000000\">1) Analisar pedidos de equival\u00eancias<\/span><br \/>\n<span style=\"font-family: arial, helvetica, sans-serif;color: #000000\">2) Fornecer programas de disciplinas<\/span><br \/>\n<span style=\"font-family: arial, helvetica, sans-serif;color: #000000\">3) Indicar, quando necess\u00e1rio, banca para revis\u00e3o de prova<\/span><br \/>\n<span style=\"font-family: arial, helvetica, sans-serif;color: #000000\">4) Orientar sobre normas e legisla\u00e7\u00e3o da institui\u00e7\u00e3o.<\/span><br \/>\n<span style=\"font-family: arial, helvetica, sans-serif;color: #000000\">5) Prestar informa\u00e7\u00f5es acad\u00eamicas<\/span><br \/>\n<span style=\"font-family: arial, helvetica, sans-serif;color: #000000\">6) Receber e encaminhar requerimento de segunda chamada<\/span><br \/>\n<span style=\"font-family: arial, helvetica, sans-serif;color: #000000\">7) Receber e encaminhar solicita\u00e7\u00e3o de revis\u00f5es de prova e segunda avalia\u00e7\u00e3o final<\/span><br \/>\n<span style=\"font-family: arial, helvetica, sans-serif;color: #000000\">8) Fornecer documentos referentes \u00e0 vida acad\u00eamica de ex-alunos<\/span><br \/>\n<span style=\"font-family: arial, helvetica, sans-serif;color: #000000\">9) Prestar informa\u00e7\u00f5es sobre an\u00e1lises t\u00e9cnicas e assessorias \u00e0 comunidade<\/span><\/p>\n<h5><span style=\"font-family: arial, helvetica, sans-serif;font-size: 12pt\"><strong>Atribui\u00e7\u00f5es da Coordena\u00e7\u00e3o<\/strong><\/span><\/h5>\n<p><span style=\"font-family: arial, helvetica, sans-serif;color: #000000\">De acordo com o\u00a0<\/span><span style=\"font-family: arial, helvetica, sans-serif\"><a href=\"http:\/\/www.progepe.ufpr.br\/dimensionamento\/dimen2002-06\/manual_atrib.pdf\" target=\"_blank\" rel=\"noopener\">Manual de Atribui\u00e7\u00f5es das Unidades Administrativas dos Setores Acad\u00eamicos da UFPR<\/a><\/span><span style=\"font-family: arial, helvetica, sans-serif\">\u00a0<\/span><span style=\"font-family: arial, helvetica, sans-serif;color: #000000\">a Coordena\u00e7\u00e3o \u00e9 respons\u00e1vel pela gest\u00e3o acad\u00eamica do curso, ou seja, assuntos relativos a interesses dos alunos, como:<\/span><\/p>\n<p><span style=\"font-family: arial, helvetica, sans-serif;color: #000000\">1) Realizar atividades administrativas:<\/span><br \/>\n<span style=\"font-family: arial, helvetica, sans-serif;color: #000000\">a) Apoiar a semana de calouro, semana dos cursos, feira de profiss\u00f5es, entre\u00a0outros eventos<\/span><br \/>\n<span style=\"font-family: arial, helvetica, sans-serif;color: #000000\">b) Arquivar documentos administrativos e acad\u00eamicos<\/span><br \/>\n<span style=\"font-family: arial, helvetica, sans-serif;color: #000000\">c) Assessorar as atividades de ensino e extens\u00e3o<\/span><br \/>\n<span style=\"font-family: arial, helvetica, sans-serif;color: #000000\">d) Atender ao p\u00fablico<\/span><br \/>\n<span style=\"font-family: arial, helvetica, sans-serif;color: #000000\">f) Divulgar cursos de extens\u00e3o, est\u00e1gios obrigat\u00f3rios e volunt\u00e1rios<\/span><\/p>\n<p><span style=\"font-family: arial, helvetica, sans-serif;color: #000000\">3) Aplicar quest\u00f5es curriculares:<\/span><br \/>\n<span style=\"font-family: arial, helvetica, sans-serif;color: #000000\">a) Fornecer conte\u00fados program\u00e1ticos aos acad\u00eamicos<\/span><br \/>\n<span style=\"font-family: arial, helvetica, sans-serif;color: #000000\">b) Verificar situa\u00e7\u00e3o acad\u00eamica no sistema<\/span><\/p>\n<p><span style=\"font-family: arial, helvetica, sans-serif;color: #000000\">4) Efetuar matr\u00edcula:<\/span><br \/>\n<span style=\"font-family: arial, helvetica, sans-serif;color: #000000\">a) Elaborar e divulgar a grade hor\u00e1ria do curso<\/span><br \/>\n<span style=\"font-family: arial, helvetica, sans-serif;color: #000000\">b) Divulgar data de matr\u00edcula e per\u00edodo de corre\u00e7\u00e3o de matr\u00edcula<\/span><br \/>\n<span style=\"font-family: arial, helvetica, sans-serif;color: #000000\">c) Ajustar matr\u00edculas<\/span><br \/>\n<span style=\"font-family: arial, helvetica, sans-serif;color: #000000\">d) Realizar confirma\u00e7\u00e3o de matr\u00edculas de calouros<\/span><br \/>\n<span style=\"font-family: arial, helvetica, sans-serif;color: #000000\">f) Orientar sobre disciplinas isoladas e eletivas<\/span><br \/>\n<span style=\"font-family: arial, helvetica, sans-serif;color: #000000\">g) Divulgar o calend\u00e1rio escolar<\/span><br \/>\n<span style=\"font-family: arial, helvetica, sans-serif;color: #000000\">h) Orientar sobre trancamento de curso<\/span><br \/>\n<span style=\"font-family: arial, helvetica, sans-serif;color: #000000\">i) Orientar sobre solicita\u00e7\u00e3o de perman\u00eancia em curso<\/span><br \/>\n<span style=\"font-family: arial, helvetica, sans-serif;color: #000000\">j) Matricular alunos oriundos do Processo de Ocupa\u00e7\u00e3o de Vagas\u00a0Remanescentes \u2013 PROVAR<\/span><\/p>\n<p><span style=\"font-family: arial, helvetica, sans-serif;color: #000000\">5) Efetuar processos de equival\u00eancia:<\/span><br \/>\n<span style=\"font-family: arial, helvetica, sans-serif;color: #000000\">a) Analisar as equival\u00eancias de disciplinas dos alunos regulares e oriundos\u00a0do PROVAR<\/span><br \/>\n<span style=\"font-family: arial, helvetica, sans-serif;color: #000000\">b) Informar aos alunos sobre as equival\u00eancias concedidas<\/span><\/p>\n<p><span style=\"font-family: arial, helvetica, sans-serif;color: #000000\">6) Assessorar processos de est\u00e1gio<\/span><\/p>\n<p><span style=\"font-family: arial, helvetica, sans-serif;color: #000000\">7) Acompanhar processo de formatura<\/span><\/p>\n<p><span style=\"font-family: arial, helvetica, sans-serif;color: #000000\">8) Coordenar e elabora\u00e7\u00e3o do processo de diploma<\/span><\/p>\n","protected":false},"excerpt":{"rendered":"<p>Chefes do Departamento de Ci\u00eancia e Gest\u00e3o da Informa\u00e7\u00e3o &#8211; DECIGI Prof. Dr. Elder Lopes Barboza (Titular) Prof. Dr. Celso Yoshikazu Ishida (Suplente) Coordenadores do Curso de Gest\u00e3o da Informa\u00e7\u00e3o &#8211; CCGI Prof. Dr. Andre\u00a0Vieira de Freitas\u00a0Araujo (Coordenador) Prof.\u00aa Dra. Joana Gusm\u00e3o Lemos\u00a0(Vice-coordenador) Colegiado do Curso de Gest\u00e3o da Informa\u00e7\u00e3o Extrato do Regimento Geral: Do [&hellip;]<\/p>\n","protected":false},"author":2806,"featured_media":0,"parent":4090,"menu_order":0,"comment_status":"closed","ping_status":"closed","template":"","meta":{"_acf_changed":false,"footnotes":""},"class_list":["post-3082","page","type-page","status-publish","hentry"],"acf":[],"_links":{"self":[{"href":"https:\/\/sociaisaplicadas.ufpr.br\/decigi\/wp-json\/wp\/v2\/pages\/3082","targetHints":{"allow":["GET"]}}],"collection":[{"href":"https:\/\/sociaisaplicadas.ufpr.br\/decigi\/wp-json\/wp\/v2\/pages"}],"about":[{"href":"https:\/\/sociaisaplicadas.ufpr.br\/decigi\/wp-json\/wp\/v2\/types\/page"}],"author":[{"embeddable":true,"href":"https:\/\/sociaisaplicadas.ufpr.br\/decigi\/wp-json\/wp\/v2\/users\/2806"}],"replies":[{"embeddable":true,"href":"https:\/\/sociaisaplicadas.ufpr.br\/decigi\/wp-json\/wp\/v2\/comments?post=3082"}],"version-history":[{"count":100,"href":"https:\/\/sociaisaplicadas.ufpr.br\/decigi\/wp-json\/wp\/v2\/pages\/3082\/revisions"}],"predecessor-version":[{"id":12248,"href":"https:\/\/sociaisaplicadas.ufpr.br\/decigi\/wp-json\/wp\/v2\/pages\/3082\/revisions\/12248"}],"up":[{"embeddable":true,"href":"https:\/\/sociaisaplicadas.ufpr.br\/decigi\/wp-json\/wp\/v2\/pages\/4090"}],"wp:attachment":[{"href":"https:\/\/sociaisaplicadas.ufpr.br\/decigi\/wp-json\/wp\/v2\/media?parent=3082"}],"curies":[{"name":"wp","href":"https:\/\/api.w.org\/{rel}","templated":true}]}}