{"id":332,"date":"2016-11-03T10:05:11","date_gmt":"2016-11-03T10:05:11","guid":{"rendered":"https:\/\/sociaisaplicadas.ufpr.br\/decigi\/?page_id=332"},"modified":"2023-04-24T11:06:48","modified_gmt":"2023-04-24T11:06:48","slug":"missao-e-visao","status":"publish","type":"page","link":"https:\/\/sociaisaplicadas.ufpr.br\/decigi\/departamento\/institucional\/missao-e-visao\/","title":{"rendered":"Miss\u00e3o e Vis\u00e3o"},"content":{"rendered":"<h5><span style=\"font-family: arial, helvetica, sans-serif;color: #000080;font-size: 14pt\"><strong>Hist\u00f3ria<\/strong><\/span><\/h5>\n<p><span style=\"color: #000000\"><span style=\"font-family: arial, helvetica, sans-serif\">O Departamento de Ci\u00eancia e Gest\u00e3o da Informa\u00e7\u00e3o (DECIGI) da Universidade Federal do Paran\u00e1 (UFPR) foi criado em 1999, junto ao\u00a0<\/span><\/span><span style=\"font-family: arial, helvetica, sans-serif\"><a href=\"http:\/\/www.humanas.ufpr.br\/\" target=\"_blank\" rel=\"noopener\">Setor de Ci\u00eancias <\/a><a href=\"http:\/\/www.humanas.ufpr.br\/\" target=\"_blank\" rel=\"noopener\">Humanas, Letras e Artes (SCHLA)<\/a><\/span><span style=\"color: #000000\"><span style=\"font-family: arial, helvetica, sans-serif\">, em substitui\u00e7\u00e3o ao, ent\u00e3o, Departamento de Biblioteconomia &#8211; DEBI.\u00a0<\/span><span style=\"font-family: arial, helvetica, sans-serif\">Em 2001 foi transferido ao\u00a0<\/span><\/span><span style=\"font-family: arial, helvetica, sans-serif\"><a href=\"https:\/\/sociaisaplicadas.ufpr.br\/\" target=\"_blank\" rel=\"noopener\">Setor de Ci\u00eancias Sociais Aplicadas (SCSA)<\/a>\u00a0<\/span><span style=\"color: #000000\"><span style=\"font-family: arial, helvetica, sans-serif\">concomitantemente \u00e0 implanta\u00e7\u00e3o do\u00a0Curso de Gest\u00e3o da Informa\u00e7\u00e3o\u00a0junto a este Setor.<\/span><\/span><\/p>\n<div class=\"post-entry\">\n<h5><span style=\"font-family: arial, helvetica, sans-serif;color: #000080;font-size: 14pt\"><strong>Miss\u00e3o<\/strong><\/span><\/h5>\n<p><span style=\"font-family: arial, helvetica, sans-serif\"><span style=\"color: #000000\">Desempenhar com efic\u00e1cia seu papel na organiza\u00e7\u00e3o administrativa, did\u00e1tico-cient\u00edfica e de pessoal junto ao ensino, \u00e0 extens\u00e3o e \u00e0 pesquisa em Ci\u00eancia e Gest\u00e3o da Informa\u00e7\u00e3o, para a forma\u00e7\u00e3o e capacita\u00e7\u00e3o de profissionais que se destaquem no mercado de trabalho e contribuam para o desenvolvimento cient\u00edfico, social e econ\u00f4mico do Pa\u00eds.<\/span>\u00a0<\/span><\/p>\n<h5><span style=\"font-family: arial, helvetica, sans-serif\"><span style=\"font-family: arial, helvetica, sans-serif;color: #000080;font-size: 14pt\"><strong>Vis\u00e3o<\/strong><\/span><\/span><\/h5>\n<p><span style=\"font-family: arial, helvetica, sans-serif;color: #000000\">Ser reconhecido nacionalmente e internacionalmente pela excel\u00eancia acad\u00eamica na atua\u00e7\u00e3o em Ci\u00eancia e Gest\u00e3o da Informa\u00e7\u00e3o.<\/span><\/p>\n<h5><span style=\"font-family: arial, helvetica, sans-serif;color: #000080;font-size: 14pt\"><strong>Atribui\u00e7\u00f5es<\/strong><\/span><\/h5>\n<p><span style=\"font-family: arial, helvetica, sans-serif;color: #000000\">As atribui\u00e7\u00f5es dos departamentos, est\u00e3o elencados no Art. 39 do\u00a0<\/span><span style=\"font-family: arial, helvetica, sans-serif\"><a href=\"http:\/\/www.ufpr.br\/soc\/pdf\/Regimento_Geral_UFPR.pdf\" target=\"_blank\" rel=\"noopener\">Regimento Geral da UFPR<\/a><\/span><\/p>\n<\/div>\n<h5><span style=\"font-family: arial, helvetica, sans-serif;color: #000080;font-size: 14pt\"><strong>Logo<\/strong><\/span><\/h5>\n<p><a href=\"https:\/\/sociaisaplicadas.ufpr.br\/decigi\/wp-content\/uploads\/sites\/5\/2021\/04\/logo-decigi.jpg\"><img loading=\"lazy\" decoding=\"async\" class=\"alignnone wp-image-1689\" src=\"https:\/\/sociaisaplicadas.ufpr.br\/decigi\/wp-content\/uploads\/sites\/5\/2021\/04\/logo-decigi-300x294.jpg\" alt=\"\" width=\"103\" height=\"101\" srcset=\"https:\/\/sociaisaplicadas.ufpr.br\/decigi\/wp-content\/uploads\/sites\/5\/2021\/04\/logo-decigi-300x294.jpg 300w, https:\/\/sociaisaplicadas.ufpr.br\/decigi\/wp-content\/uploads\/sites\/5\/2021\/04\/logo-decigi.jpg 695w\" sizes=\"auto, (max-width: 103px) 100vw, 103px\" \/><\/a><\/p>\n","protected":false},"excerpt":{"rendered":"<p>Hist\u00f3ria O Departamento de Ci\u00eancia e Gest\u00e3o da Informa\u00e7\u00e3o (DECIGI) da Universidade Federal do Paran\u00e1 (UFPR) foi criado em 1999, junto ao\u00a0Setor de Ci\u00eancias Humanas, Letras e Artes (SCHLA), em substitui\u00e7\u00e3o ao, ent\u00e3o, Departamento de Biblioteconomia &#8211; DEBI.\u00a0Em 2001 foi transferido ao\u00a0Setor de Ci\u00eancias Sociais Aplicadas (SCSA)\u00a0concomitantemente \u00e0 implanta\u00e7\u00e3o do\u00a0Curso de Gest\u00e3o da Informa\u00e7\u00e3o\u00a0junto a [&hellip;]<\/p>\n","protected":false},"author":6,"featured_media":0,"parent":492,"menu_order":0,"comment_status":"closed","ping_status":"closed","template":"","meta":{"_acf_changed":false,"footnotes":""},"class_list":["post-332","page","type-page","status-publish","hentry"],"acf":[],"_links":{"self":[{"href":"https:\/\/sociaisaplicadas.ufpr.br\/decigi\/wp-json\/wp\/v2\/pages\/332","targetHints":{"allow":["GET"]}}],"collection":[{"href":"https:\/\/sociaisaplicadas.ufpr.br\/decigi\/wp-json\/wp\/v2\/pages"}],"about":[{"href":"https:\/\/sociaisaplicadas.ufpr.br\/decigi\/wp-json\/wp\/v2\/types\/page"}],"author":[{"embeddable":true,"href":"https:\/\/sociaisaplicadas.ufpr.br\/decigi\/wp-json\/wp\/v2\/users\/6"}],"replies":[{"embeddable":true,"href":"https:\/\/sociaisaplicadas.ufpr.br\/decigi\/wp-json\/wp\/v2\/comments?post=332"}],"version-history":[{"count":38,"href":"https:\/\/sociaisaplicadas.ufpr.br\/decigi\/wp-json\/wp\/v2\/pages\/332\/revisions"}],"predecessor-version":[{"id":5594,"href":"https:\/\/sociaisaplicadas.ufpr.br\/decigi\/wp-json\/wp\/v2\/pages\/332\/revisions\/5594"}],"up":[{"embeddable":true,"href":"https:\/\/sociaisaplicadas.ufpr.br\/decigi\/wp-json\/wp\/v2\/pages\/492"}],"wp:attachment":[{"href":"https:\/\/sociaisaplicadas.ufpr.br\/decigi\/wp-json\/wp\/v2\/media?parent=332"}],"curies":[{"name":"wp","href":"https:\/\/api.w.org\/{rel}","templated":true}]}}