{"id":4238,"date":"2022-07-21T11:08:23","date_gmt":"2022-07-21T11:08:23","guid":{"rendered":"https:\/\/sociaisaplicadas.ufpr.br\/decigi\/?page_id=4238"},"modified":"2026-01-07T15:10:31","modified_gmt":"2026-01-07T18:10:31","slug":"solicitacoes","status":"publish","type":"page","link":"https:\/\/sociaisaplicadas.ufpr.br\/decigi\/para-alunos\/solicitacoes\/","title":{"rendered":"Solicita\u00e7\u00f5es"},"content":{"rendered":"<h5><span style=\"color: #000080;font-size: 14pt\"><strong><span style=\"font-family: arial, helvetica, sans-serif\">Atividades Formativas Complementares<\/span><\/strong><\/span><\/h5>\n<p><span style=\"font-family: arial, helvetica, sans-serif;color: #000000\">Para fazer o download do formul\u00e1rio e visualizar demais informa\u00e7\u00f5es acesse a aba <a href=\"https:\/\/sociaisaplicadas.ufpr.br\/decigi\/para-alunos\/atividades-formativas\/\" target=\"_blank\" rel=\"noopener\">Atividades Formativas<\/a> no menu principal.<\/span><\/p>\n<h5><span style=\"color: #000080;font-size: 14pt\"><strong><span style=\"font-family: arial, helvetica, sans-serif\">Regime Especial de Exerc\u00edcio Domiciliar<\/span><\/strong><\/span><\/h5>\n<p><span style=\"font-family: arial, helvetica, sans-serif;color: #000000\">Procedimento:<\/span><\/p>\n<ol>\n<li><span style=\"font-family: arial, helvetica, sans-serif;color: #000000\">Preencher corretamente todos os campos do seguinte formul\u00e1rio: <a href=\"https:\/\/sociaisaplicadas.ufpr.br\/decigi\/wp-content\/uploads\/sites\/5\/2022\/08\/Formulario-Exercicios-Domiciliares.doc\">docx<\/a><\/span><span style=\"font-family: arial, helvetica, sans-serif;color: #000000\">\u00a0ou <a href=\"https:\/\/sociaisaplicadas.ufpr.br\/decigi\/wp-content\/uploads\/sites\/5\/2025\/04\/Requerimento-Especial-de-Regime-Domiciliar.pdf\" target=\"_blank\" rel=\"noopener\">PDF<\/a><\/span><\/li>\n<li><span style=\"font-family: arial, helvetica, sans-serif;color: #000000\">Enviar o formul\u00e1rio e o atestado m\u00e9dico (em PDF ou digitalizado) para o e-mail: <a href=\"mailto:gestinf@ufpr.br\">gestinf@ufpr.br<\/a><\/span><\/li>\n<\/ol>\n<p><span style=\"font-family: arial, helvetica, sans-serif;color: #000000\">Prazo para solicita\u00e7\u00e3o: 5 dias \u00fateis contados do in\u00edcio do impedimento<\/span><\/p>\n<h5><span style=\"color: #000080;font-size: 14pt\"><strong><span style=\"font-family: arial, helvetica, sans-serif\">Requerimento de Matr\u00edcula em Disciplina Isolada<\/span><\/strong><\/span><\/h5>\n<p><span style=\"font-family: arial, helvetica, sans-serif;color: #000000\">Procedimento:<\/span><\/p>\n<ol>\n<li><span style=\"font-family: arial, helvetica, sans-serif;color: #000000\">Preencher corretamente os campos do seguinte formul\u00e1rio (ISO n\u00e3o precisa): <a href=\"https:\/\/sociaisaplicadas.ufpr.br\/decigi\/wp-content\/uploads\/sites\/5\/2025\/08\/Formulario-Isolada-1.pdf\" target=\"_blank\" rel=\"noopener\">PDF<\/a><\/span><\/li>\n<li><span style=\"font-family: arial, helvetica, sans-serif;color: #000000\">Enviar o formul\u00e1rio (em PDF ou digitalizado) para o e-mail: <a href=\"mailto:decigi@ufpr.br\">decigi@ufpr.br<\/a><\/span><\/li>\n<li><strong><span style=\"color: #000000\" data-olk-copy-source=\"MessageBody\">Documentos necess\u00e1rios: RG, CPF e comprovante de conclus\u00e3o do Ensino M\u00e9dio, anexados separadamente em formato PDF.<\/span><\/strong><\/li>\n<li><span style=\"color: #000000\">Para mais informa\u00e7\u00f5es, consulte a aba &#8220;FAQ&#8221;<\/span><\/li>\n<\/ol>\n<h5><span style=\"color: #000080;font-size: 14pt\"><strong><span style=\"font-family: arial, helvetica, sans-serif\">Requerimento de Quebra de Pr\u00e9-Requisito<\/span><\/strong><\/span><\/h5>\n<p><span style=\"font-family: arial, helvetica, sans-serif;color: #000000\">Procedimento:<\/span><\/p>\n<ol>\n<li><span style=\"font-family: arial, helvetica, sans-serif;color: #000000\">Preencher corretamente todos os campos do formul\u00e1rio: <a href=\"https:\/\/sociaisaplicadas.ufpr.br\/decigi\/wp-content\/uploads\/sites\/5\/2022\/08\/Formul\u00e1rio-Quebra-de-Pr\u00e9-Requisito.docx\">docx<\/a><\/span><span style=\"font-family: arial, helvetica, sans-serif;color: #000000\">\u00a0ou <a href=\"https:\/\/sociaisaplicadas.ufpr.br\/decigi\/wp-content\/uploads\/sites\/5\/2025\/04\/Rquerimento-de-Quebra-de-Pre-Requisito.pdf\" target=\"_blank\" rel=\"noopener\">PDF<\/a><\/span><\/li>\n<li><span style=\"font-family: arial, helvetica, sans-serif;color: #000000\">Enviar o formul\u00e1rio (em PDF ou digitalizado) para o e-mail: <a href=\"mailto:gestinf@ufpr.br\">gestinf@ufpr.br<\/a><\/span><\/li>\n<\/ol>\n<h5><span style=\"font-family: arial, helvetica, sans-serif;color: #000080;font-size: 14pt\"><strong>Requerimento de Segunda Chamada ou Revis\u00e3o de Avalia\u00e7\u00e3o<\/strong><\/span><\/h5>\n<p><span style=\"color: #ff0000\"><strong><span style=\"font-family: arial, helvetica, sans-serif\">Aten\u00e7\u00e3o: <\/span><\/strong><\/span><span style=\"font-family: arial, helvetica, sans-serif;color: #000000\">Verificar a SE\u00c7\u00c3O V &#8211; Da <strong>Segunda Chamada<\/strong> e SE\u00c7\u00c3O IV &#8211; Da <strong>Revis\u00e3o de Avalia\u00e7\u00f5es<\/strong> na <a href=\"https:\/\/soc.ufpr.br\/wp-content\/uploads\/2016\/07\/Res.-37-97-CEPE.pdf\">Resolu\u00e7\u00e3o 37\/97 CEPE<\/a> :<\/span><\/p>\n<p><strong><span style=\"font-family: arial, helvetica, sans-serif;color: #000000\">Procedimento:<\/span><\/strong><\/p>\n<ol>\n<li><span style=\"font-family: arial, helvetica, sans-serif;color: #000000\">Preencher corretamente todos os campos do formul\u00e1rio e assinar. Formul\u00e1rios: <a href=\"https:\/\/sociaisaplicadas.ufpr.br\/decigi\/wp-content\/uploads\/sites\/5\/2022\/07\/Formul\u00e1rio-de-Segunda-Chamada-Revis\u00e3o.docx\">docx<\/a><\/span><span style=\"font-family: arial, helvetica, sans-serif;color: #000000\">\u00a0ou <a href=\"https:\/\/sociaisaplicadas.ufpr.br\/decigi\/wp-content\/uploads\/sites\/5\/2025\/04\/Formulario-de-Segunda-Chamada-Revisao.pdf\" target=\"_blank\" rel=\"noopener\">PDF<\/a><\/span><\/li>\n<li><span style=\"font-family: arial, helvetica, sans-serif;color: #000000\">Em caso de solicita\u00e7\u00e3o de segunda chamada, enviar a justificativa para o n\u00e3o comparecimento, conforme\u00a0<\/span><span style=\"font-family: arial, helvetica, sans-serif\"><a href=\"http:\/\/www.soc.ufpr.br\/wp-content\/uploads\/2016\/07\/cepe-37-97-alterada-pela-Res-70-18.pdf\" target=\"_blank\" rel=\"noopener\">Resolu\u00e7\u00e3o 37\/97-CEPE<\/a><\/span><\/li>\n<li><span style=\"font-family: arial, helvetica, sans-serif;color: #000000\">Assinar no local indicado<\/span><\/li>\n<li><span style=\"font-family: arial, helvetica, sans-serif;color: #000000\">Enviar o formul\u00e1rio (em PDF ou digitalizado, assinado) para o e-mail: <\/span><strong><a href=\"mailto:decigi@ufpr.br\"><span style=\"font-family: arial, helvetica, sans-serif\">decigi@ufpr.br<\/span><\/a><\/strong><\/li>\n<\/ol>\n<hr \/>\n<p><strong><span style=\"font-family: arial, helvetica, sans-serif\"><span style=\"color: #000000\">Para mais formul\u00e1rios &gt;&gt;<\/span> <a href=\"http:\/\/www.prograd.ufpr.br\/copap\/formularios\/\" target=\"_blank\" rel=\"noopener\">PROGRAD<\/a><\/span><\/strong><\/p>\n","protected":false},"excerpt":{"rendered":"<p>Atividades Formativas Complementares Para fazer o download do formul\u00e1rio e visualizar demais informa\u00e7\u00f5es acesse a aba Atividades Formativas no menu principal. Regime Especial de Exerc\u00edcio Domiciliar Procedimento: Preencher corretamente todos os campos do seguinte formul\u00e1rio: docx\u00a0ou PDF Enviar o formul\u00e1rio e o atestado m\u00e9dico (em PDF ou digitalizado) para o e-mail: gestinf@ufpr.br Prazo para solicita\u00e7\u00e3o: [&hellip;]<\/p>\n","protected":false},"author":2806,"featured_media":0,"parent":4096,"menu_order":0,"comment_status":"closed","ping_status":"closed","template":"","meta":{"_acf_changed":false,"footnotes":""},"class_list":["post-4238","page","type-page","status-publish","hentry"],"acf":[],"_links":{"self":[{"href":"https:\/\/sociaisaplicadas.ufpr.br\/decigi\/wp-json\/wp\/v2\/pages\/4238","targetHints":{"allow":["GET"]}}],"collection":[{"href":"https:\/\/sociaisaplicadas.ufpr.br\/decigi\/wp-json\/wp\/v2\/pages"}],"about":[{"href":"https:\/\/sociaisaplicadas.ufpr.br\/decigi\/wp-json\/wp\/v2\/types\/page"}],"author":[{"embeddable":true,"href":"https:\/\/sociaisaplicadas.ufpr.br\/decigi\/wp-json\/wp\/v2\/users\/2806"}],"replies":[{"embeddable":true,"href":"https:\/\/sociaisaplicadas.ufpr.br\/decigi\/wp-json\/wp\/v2\/comments?post=4238"}],"version-history":[{"count":60,"href":"https:\/\/sociaisaplicadas.ufpr.br\/decigi\/wp-json\/wp\/v2\/pages\/4238\/revisions"}],"predecessor-version":[{"id":12097,"href":"https:\/\/sociaisaplicadas.ufpr.br\/decigi\/wp-json\/wp\/v2\/pages\/4238\/revisions\/12097"}],"up":[{"embeddable":true,"href":"https:\/\/sociaisaplicadas.ufpr.br\/decigi\/wp-json\/wp\/v2\/pages\/4096"}],"wp:attachment":[{"href":"https:\/\/sociaisaplicadas.ufpr.br\/decigi\/wp-json\/wp\/v2\/media?parent=4238"}],"curies":[{"name":"wp","href":"https:\/\/api.w.org\/{rel}","templated":true}]}}