{"id":486,"date":"2018-01-17T13:49:31","date_gmt":"2018-01-17T13:49:31","guid":{"rendered":"https:\/\/sociaisaplicadas.ufpr.br\/decigi\/?page_id=486"},"modified":"2026-02-09T14:45:27","modified_gmt":"2026-02-09T17:45:27","slug":"documentos-e-portarias","status":"publish","type":"page","link":"https:\/\/sociaisaplicadas.ufpr.br\/decigi\/departamento\/documentos-e-portarias\/","title":{"rendered":"Documentos e Portarias"},"content":{"rendered":"<div class=\"post-entry\">\n<div align=\"center; width: 900px; height: 800px;\">\n<h5><span style=\"font-family: arial, helvetica, sans-serif;font-size: 14pt;color: #000080\">Documentos Departamentais<\/span><\/h5>\n<ul>\n<li style=\"list-style-type: none\">\n<ul>\n<li><span style=\"font-family: arial, helvetica, sans-serif\"><a href=\"https:\/\/sociaisaplicadas.ufpr.br\/decigi\/wp-content\/uploads\/sites\/5\/2021\/10\/Res-30-19-COPLAD-Regimento-SA-1-alterada-pelas-Res.-25-2020-19-21-COPLAD-e-30-21-COPLAD.pdf\">Regimento do Setor de Sociais Aplicadas &#8211; SCSA<\/a><\/span><\/li>\n<li><span style=\"font-family: arial, helvetica, sans-serif\"><a href=\"https:\/\/sociaisaplicadas.ufpr.br\/decigi\/wp-content\/uploads\/sites\/5\/2021\/10\/Reg-Geral-da-UFPR-atualizado.pdf\">Regimento Geral da UFPR &#8211; Art 39: Atribui\u00e7\u00f5es dos Departamentos<\/a><\/span><\/li>\n<li><a href=\"https:\/\/sociaisaplicadas.ufpr.br\/decigi\/wp-content\/uploads\/sites\/5\/2024\/10\/Regulamento-Uso-dos-Laboratorios-Decigi.pdf\"><span style=\"font-family: arial, helvetica, sans-serif\">Regulamento de uso do LabGED<\/span><\/a><\/li>\n<li><span style=\"font-family: arial, helvetica, sans-serif\"><a href=\"https:\/\/sociaisaplicadas.ufpr.br\/decigi\/wp-content\/uploads\/sites\/5\/2021\/03\/Normas-TCC-2018.pdf\">Normas Associadas ao Trabalho de Conclus\u00e3o de Curso<\/a><\/span><\/li>\n<li><a href=\"https:\/\/sociaisaplicadas.ufpr.br\/decigi\/wp-content\/uploads\/sites\/5\/2026\/02\/Calendario_DECIGI_2026.pdf\">Calend\u00e1rio do DeCiGI para 2026 <span style=\"color: #ff0000\">*NOVO<\/span><\/a><\/li>\n<li><a href=\"https:\/\/sociaisaplicadas.ufpr.br\/decigi\/wp-content\/uploads\/sites\/5\/2025\/08\/REGIMENTO-INTERNO-DO-COMITE-SETORIAL-DE-EXTENSAO-DO-SETOR-DE-CIENCIAS-SOCIAIS-APLICADAS-_-2025AGO.22.pdf\">Regimento do Comit\u00ea Setorial de Extens\u00e3o<\/a><\/li>\n<\/ul>\n<\/li>\n<\/ul>\n<h5><span style=\"font-family: arial, helvetica, sans-serif;font-size: 14pt;color: #000080\">Portarias:\u00a0<\/span><\/h5>\n<ul>\n<li><span style=\"font-family: arial, helvetica, sans-serif\"><a href=\"https:\/\/sociaisaplicadas.ufpr.br\/decigi\/wp-content\/uploads\/sites\/5\/2022\/06\/SEI_UFPR-4571146-Portaria-8.pdf\">PORTARIA N\u00ba 8, DE 02 DE JUNHO DE 2022<\/a> <span style=\"color: #000000\">nud 4571146\u00a0<\/span><\/span><\/li>\n<li><span style=\"font-family: arial, helvetica, sans-serif\"><a href=\"https:\/\/sociaisaplicadas.ufpr.br\/decigi\/wp-content\/uploads\/sites\/5\/2022\/05\/SEI_UFPR-4562994-Portaria-7.pdf\">PORTARIA N\u00ba 7, DE 31 DE MAIO DE 2022<\/a> <span style=\"color: #000000\">nud\u00a04562994<\/span><\/span><\/li>\n<li><span style=\"font-family: arial, helvetica, sans-serif\"><a href=\"https:\/\/sociaisaplicadas.ufpr.br\/decigi\/wp-content\/uploads\/sites\/5\/2022\/05\/SEI_UFPR-4542667-Portaria-06.pdf\">PORTARIA N\u00ba 6, DE 24 DE MAIO DE 2022<\/a> <span style=\"color: #000000\">nud\u00a04542667<\/span><\/span><\/li>\n<li><span style=\"font-family: arial, helvetica, sans-serif;color: #000000\"><a href=\"https:\/\/sociaisaplicadas.ufpr.br\/decigi\/wp-content\/uploads\/sites\/5\/2022\/05\/SEI_UFPR-4484473-Portaria.pdf\" target=\"_blank\" rel=\"noopener\">PORTARIA N\u00ba 05, DE 06 DE MAIO DE 2022<\/a>\u00a0nud 4484473\u00a0<\/span><\/li>\n<li><span style=\"font-family: arial, helvetica, sans-serif;color: #000000\">PORTARIA N\u00ba 04\/2021 &#8211; 30\/11\/221 PROGRAMA MONITORIA nud\u00a04077513<\/span><\/li>\n<li><span style=\"font-family: arial, helvetica, sans-serif;color: #000000\">PORTARIA N\u00ba 03, DE 19 DE NOVEMBRO DE 2021 nud\u00a04045610<\/span><\/li>\n<li><span style=\"font-family: arial, helvetica, sans-serif;color: #000000\">PORTARIA N\u00ba 02, DE 19 DE NOVEMBRO DE 2021 nud\u00a04043663<\/span><\/li>\n<li><span style=\"font-family: arial, helvetica, sans-serif;color: #000000\">PORTARIA N\u00ba 01, DE 09 DE JULHO DE 2021 &#8211; nud 3644104<\/span><\/li>\n<\/ul>\n<\/div>\n<\/div>\n<h5><span style=\"font-size: 14pt\"><span style=\"color: #000080;font-family: arial, helvetica, sans-serif\">Processos<\/span><\/span><\/h5>\n<ul>\n<li><a href=\"https:\/\/sei.ufpr.br\/sei\/web\/controlador.php?acao=procedimento_trabalhar&amp;acao_origem=protocolo_pesquisa_rapida&amp;id_protocolo=3707752&amp;infra_sistema=100000100&amp;infra_unidade_atual=178&amp;infra_hash=cbc9f773c2a538383a3631e06dcdf3887ff34eb38878808c1f0fea1629b7f845\"><span style=\"font-family: arial, helvetica, sans-serif\">Ficha 2(dois) ERE 3(tr\u00eas): Processo SEI n\u00ba\u00a023075.017788\/2021-58<\/span><\/a><span style=\"font-family: arial, helvetica, sans-serif\">\u00a0\u00a0<\/span><\/li>\n<li><a href=\"https:\/\/sei.ufpr.br\/sei\/web\/controlador.php?acao=procedimento_trabalhar&amp;acao_origem=protocolo_pesquisa_rapida&amp;id_protocolo=3686412&amp;infra_sistema=100000100&amp;infra_unidade_atual=178&amp;infra_hash=487af9dc5282b76ad0b0e4cc490d13fd81821588f257661c6b61c9dc95c353e5\"><span style=\"font-family: arial, helvetica, sans-serif\">Calend\u00e1rio 2020: Processo SEI n\u00ba\u00a023075.016128\/2021-50<\/span><\/a><\/li>\n<li><a href=\"https:\/\/sei.ufpr.br\/sei\/web\/controlador.php?acao=procedimento_trabalhar&amp;acao_origem=protocolo_pesquisa_rapida&amp;id_protocolo=4293348&amp;infra_sistema=100000100&amp;infra_unidade_atual=178&amp;infra_hash=c696617f2865364a723c6f76328ab94f8db33ff6c949b86a5a9e521767c31ba8\"><span style=\"font-family: arial, helvetica, sans-serif\">Registro das Plen\u00e1rias Departamentais: Processo SEI n\u00ba\u00a023075.061609\/2021-1<\/span><\/a><\/li>\n<\/ul>\n<div class=\"post-entry\">\n<div align=\"center; width: 900px; height: 800px;\">\n<h5><span style=\"font-size: 14pt\"><span style=\"color: #000080;font-family: arial, helvetica, sans-serif\">Resolu\u00e7\u00f5es\/Instru\u00e7\u00f5es Normativas<\/span><\/span><\/h5>\n<ul>\n<li><a href=\"http:\/\/www.soc.ufpr.br\/instrucoes-normativas-do-cepe\/\"><span style=\"font-family: arial, helvetica, sans-serif\">Instru\u00e7\u00f5es Normativas do CEPE<\/span><\/a><\/li>\n<li><a href=\"http:\/\/www.soc.ufpr.br\/resolucoes-do-cepe\/\"><span style=\"font-family: arial, helvetica, sans-serif\">Resolu\u00e7\u00f5es Vigentes do CEPE<\/span><\/a><\/li>\n<li><span style=\"font-family: arial, helvetica, sans-serif\"><a href=\"https:\/\/sociaisaplicadas.ufpr.br\/decigi\/wp-content\/uploads\/sites\/5\/2021\/10\/in_03_pesquisa-20210223.pdf\">Instru\u00e7\u00e3o Normativa 03 de 23\/02\/2021 &#8211; Cadastro e Aprova\u00e7\u00e3o de Projetos de Pesquisa da UFPR<\/a><\/span><\/li>\n<li><span style=\"font-family: arial, helvetica, sans-serif\"><a href=\"https:\/\/sociaisaplicadas.ufpr.br\/decigi\/wp-content\/uploads\/sites\/5\/2021\/10\/CPAA-Instrucao-Normativa-n.1_2013.pdf\">Instru\u00e7\u00e3o Normativa 01\/2013 CPAA &#8211; Arquivamento da documenta\u00e7\u00e3o de disciplinas ministradas<\/a><\/span><\/li>\n<\/ul>\n<\/div>\n<\/div>\n<h5><span style=\"font-family: arial, helvetica, sans-serif;font-size: 14pt;color: #000080\">Links para Docentes<\/span><\/h5>\n<ul>\n<li><span style=\"font-family: arial, helvetica, sans-serif\"><a href=\"https:\/\/sei.ufpr.br\/sip\/web\/login.php?sigla_orgao_sistema=UFPR&amp;sigla_sistema=SEI&amp;infra_url=L3NlaS93ZWIv\">SEI-UFPR<\/a><\/span><\/li>\n<li><span style=\"font-family: arial, helvetica, sans-serif\"><a href=\"http:\/\/www.progepe.ufpr.br\/manual-do-servidor\/\">PROGEPE &#8211; Manual do Servidor Docente ou T\u00e9cnico<\/a><\/span><\/li>\n<li><span style=\"font-family: arial, helvetica, sans-serif\"><a href=\"http:\/\/www.progepe.ufpr.br\/manual-do-servidor\/\">PROGEPE &#8211; <\/a><a href=\"http:\/\/www.progepe.ufpr.br\/ferias\/\">Instru\u00e7\u00e3o sobre F\u00e9rias<\/a><\/span><\/li>\n<li><span style=\"font-family: arial, helvetica, sans-serif\"><a href=\"https:\/\/www.prppg.ufpr.br\/site\/portalcapacitacao\/pb\/setor-de-ciencias-sociais-aplicadas\/\">PROGEPE &#8211; <\/a><a href=\"http:\/\/www.prppg.ufpr.br\/sitecapacitacao\/cronograma\/\">PDP<\/a><\/span><\/li>\n<li><a href=\"http:\/\/www.planalto.gov.br\/ccivil_03\/_ato2011-2014\/2012\/lei\/L12772compilado.htm\"><span style=\"font-family: arial, helvetica, sans-serif\">Plano de Carreira do Magist\u00e9rio Federal<\/span><\/a><\/li>\n<li><a href=\"http:\/\/www.cppd.ufpr.br\/processos\/\"><span style=\"font-family: arial, helvetica, sans-serif\">CPPD &#8211; Progress\u00e3o Docente<\/span><\/a><\/li>\n<\/ul>\n","protected":false},"excerpt":{"rendered":"<p>Documentos Departamentais Regimento do Setor de Sociais Aplicadas &#8211; SCSA Regimento Geral da UFPR &#8211; Art 39: Atribui\u00e7\u00f5es dos Departamentos Regulamento de uso do LabGED Normas Associadas ao Trabalho de Conclus\u00e3o de Curso Calend\u00e1rio do DeCiGI para 2026 *NOVO Regimento do Comit\u00ea Setorial de Extens\u00e3o Portarias:\u00a0 PORTARIA N\u00ba 8, DE 02 DE JUNHO DE 2022 [&hellip;]<\/p>\n","protected":false},"author":2783,"featured_media":0,"parent":4090,"menu_order":0,"comment_status":"closed","ping_status":"closed","template":"","meta":{"_acf_changed":false,"footnotes":""},"class_list":["post-486","page","type-page","status-publish","hentry"],"acf":[],"_links":{"self":[{"href":"https:\/\/sociaisaplicadas.ufpr.br\/decigi\/wp-json\/wp\/v2\/pages\/486","targetHints":{"allow":["GET"]}}],"collection":[{"href":"https:\/\/sociaisaplicadas.ufpr.br\/decigi\/wp-json\/wp\/v2\/pages"}],"about":[{"href":"https:\/\/sociaisaplicadas.ufpr.br\/decigi\/wp-json\/wp\/v2\/types\/page"}],"author":[{"embeddable":true,"href":"https:\/\/sociaisaplicadas.ufpr.br\/decigi\/wp-json\/wp\/v2\/users\/2783"}],"replies":[{"embeddable":true,"href":"https:\/\/sociaisaplicadas.ufpr.br\/decigi\/wp-json\/wp\/v2\/comments?post=486"}],"version-history":[{"count":68,"href":"https:\/\/sociaisaplicadas.ufpr.br\/decigi\/wp-json\/wp\/v2\/pages\/486\/revisions"}],"predecessor-version":[{"id":12148,"href":"https:\/\/sociaisaplicadas.ufpr.br\/decigi\/wp-json\/wp\/v2\/pages\/486\/revisions\/12148"}],"up":[{"embeddable":true,"href":"https:\/\/sociaisaplicadas.ufpr.br\/decigi\/wp-json\/wp\/v2\/pages\/4090"}],"wp:attachment":[{"href":"https:\/\/sociaisaplicadas.ufpr.br\/decigi\/wp-json\/wp\/v2\/media?parent=486"}],"curies":[{"name":"wp","href":"https:\/\/api.w.org\/{rel}","templated":true}]}}