{"id":488,"date":"2018-01-17T13:49:59","date_gmt":"2018-01-17T13:49:59","guid":{"rendered":"https:\/\/sociaisaplicadas.ufpr.br\/decigi\/?page_id=488"},"modified":"2025-08-13T22:12:04","modified_gmt":"2025-08-14T01:12:04","slug":"infraestrutura","status":"publish","type":"page","link":"https:\/\/sociaisaplicadas.ufpr.br\/decigi\/departamento\/institucional\/infraestrutura\/","title":{"rendered":"Infraestrutura"},"content":{"rendered":"\n<p><strong>Agendas de Reservas dos Laborat\u00f3rios do DeCiGI<\/strong><\/p>\n<ul>\n<li><a href=\"https:\/\/outlook.office365.com\/owa\/calendar\/460d69689393441ea52c03dcf9aad669@ufpr.br\/d1e95e312f2b421ead025ff0d22b656911571971813887852189\/calendar.html\">LabGED<\/a><\/li>\n<li><a href=\"https:\/\/outlook.office365.com\/owa\/calendar\/460d69689393441ea52c03dcf9aad669@ufpr.br\/d5026c788d7f412f9e2c6250b229346c8177138351706091397\/calendar.html\">Sala 121<\/a><\/li>\n<li><a href=\"https:\/\/sociaisaplicadas.ufpr.br\/laboratorios-de-informatica\/\">Demais laborat\u00f3rios do setor<\/a><\/li>\n<\/ul>\n<p><strong>Para solicitar a reserva do LabGED ou da Sala 121, o(a) docente dever\u00e1 verificar previamente a disponibilidade na data e hor\u00e1rio desejados e, caso estejam livres, encaminhar e-mail para <a class=\"cursor-pointer\" rel=\"noopener\" data-start=\"217\" data-end=\"231\">decigi@ufpr.br<\/a> com, no m\u00ednimo, um dia de anteced\u00eancia, se poss\u00edvel.<\/strong><\/p>\n\n\n<h5><span style=\"color: #000080;font-size: 14pt\">Setor de Ci\u00eancias Sociais Aplicadas &#8211; Campus IV Jardim Bot\u00e2nico<\/span><\/h5>\n<table style=\"height: 400px;width: 492px\">\n<tbody>\n<tr>\n<td style=\"width: 482px\"><span style=\"color: #000000\"><a style=\"color: #000000\" href=\"https:\/\/sociaisaplicadas.ufpr.br\/decigi\/wp-content\/uploads\/sites\/5\/2021\/10\/ddd.jpg\"><img loading=\"lazy\" decoding=\"async\" class=\"wp-image-2464 alignleft\" src=\"https:\/\/sociaisaplicadas.ufpr.br\/decigi\/wp-content\/uploads\/sites\/5\/2021\/10\/ddd-300x199.jpg\" alt=\"\" width=\"554\" height=\"367\" srcset=\"https:\/\/sociaisaplicadas.ufpr.br\/decigi\/wp-content\/uploads\/sites\/5\/2021\/10\/ddd-300x199.jpg 300w, https:\/\/sociaisaplicadas.ufpr.br\/decigi\/wp-content\/uploads\/sites\/5\/2021\/10\/ddd.jpg 640w\" sizes=\"auto, (max-width: 554px) 100vw, 554px\" \/><\/a><\/span><\/td>\n<\/tr>\n<tr>\n<td style=\"width: 482px\"><span style=\"color: #000000\"><span style=\"font-family: arial, helvetica, sans-serif\">Desde 2002, Departamento de Ci\u00eancia e Gest\u00e3o da Informa\u00e7\u00e3o est\u00e1 localizado no Setor de Ci\u00eancias Sociais Aplicadas &#8211;\u00a0<\/span><span style=\"font-family: arial, helvetica, sans-serif\">Campus IV Jardim Bot\u00e2nico da UFPR que comporta mais de tr\u00eas mil alunos.<\/span><\/span><\/td>\n<\/tr>\n<\/tbody>\n<\/table>\n<h5><span style=\"color: #000080;font-size: 14pt\">Salas de Aula<\/span><\/h5>\n<div class=\"post-entry\">\n<table style=\"height: 400px;width: 492px\">\n<tbody>\n<tr>\n<td style=\"width: 477px\"><a href=\"https:\/\/sociaisaplicadas.ufpr.br\/decigi\/wp-content\/uploads\/sites\/5\/2021\/10\/sala-1.jpeg\"><img loading=\"lazy\" decoding=\"async\" class=\"alignnone wp-image-2594\" src=\"https:\/\/sociaisaplicadas.ufpr.br\/decigi\/wp-content\/uploads\/sites\/5\/2021\/10\/sala-1-300x225.jpeg\" alt=\"\" width=\"478\" height=\"359\" srcset=\"https:\/\/sociaisaplicadas.ufpr.br\/decigi\/wp-content\/uploads\/sites\/5\/2021\/10\/sala-1-300x225.jpeg 300w, https:\/\/sociaisaplicadas.ufpr.br\/decigi\/wp-content\/uploads\/sites\/5\/2021\/10\/sala-1-768x576.jpeg 768w, https:\/\/sociaisaplicadas.ufpr.br\/decigi\/wp-content\/uploads\/sites\/5\/2021\/10\/sala-1-1024x768.jpeg 1024w, https:\/\/sociaisaplicadas.ufpr.br\/decigi\/wp-content\/uploads\/sites\/5\/2021\/10\/sala-1.jpeg 1599w\" sizes=\"auto, (max-width: 478px) 100vw, 478px\" \/><\/a><\/td>\n<\/tr>\n<tr>\n<td style=\"width: 477px\"><span style=\"color: #000000;font-family: arial, helvetica, sans-serif\">O Setor de Ci\u00eancias Sociais Aplicadas conta com diversas salas amplas e adequadas para atender os cursos deste Setor.<\/span><\/td>\n<\/tr>\n<\/tbody>\n<\/table>\n<h5><span style=\"color: #000080;font-size: 14pt\">Laborat\u00f3rios\u00a0<\/span><\/h5>\n<table style=\"height: 400px;width: 492px\">\n<tbody>\n<tr>\n<td style=\"width: 477px\"><a href=\"https:\/\/sociaisaplicadas.ufpr.br\/decigi\/wp-content\/uploads\/sites\/5\/2021\/10\/lab1.jpeg\"><img loading=\"lazy\" decoding=\"async\" class=\"alignnone wp-image-2595\" src=\"https:\/\/sociaisaplicadas.ufpr.br\/decigi\/wp-content\/uploads\/sites\/5\/2021\/10\/lab1-300x225.jpeg\" alt=\"\" width=\"469\" height=\"352\" srcset=\"https:\/\/sociaisaplicadas.ufpr.br\/decigi\/wp-content\/uploads\/sites\/5\/2021\/10\/lab1-300x225.jpeg 300w, https:\/\/sociaisaplicadas.ufpr.br\/decigi\/wp-content\/uploads\/sites\/5\/2021\/10\/lab1-768x576.jpeg 768w, https:\/\/sociaisaplicadas.ufpr.br\/decigi\/wp-content\/uploads\/sites\/5\/2021\/10\/lab1-1024x768.jpeg 1024w, https:\/\/sociaisaplicadas.ufpr.br\/decigi\/wp-content\/uploads\/sites\/5\/2021\/10\/lab1.jpeg 1599w\" sizes=\"auto, (max-width: 469px) 100vw, 469px\" \/><\/a><\/td>\n<\/tr>\n<tr>\n<td style=\"width: 477px\"><span style=\"color: #000000;font-family: arial, helvetica, sans-serif\">O Setor de Ci\u00eancias Sociais Aplicadas conta com diversos laborat\u00f3rios amplos e adequadas para atender os cursos deste Setor.<\/span><\/td>\n<\/tr>\n<\/tbody>\n<\/table>\n<h5><span style=\"color: #000080;font-size: 14pt\"><span class=\"idioma\"><b>Biblioteca de Ci\u00eancias\u00a0<\/b><\/span><b><\/b><span class=\"idioma\"><b>Sociais Aplicadas (SA)<\/b><\/span><\/span><\/h5>\n<table style=\"height: 400px;width: 492px\">\n<tbody>\n<tr>\n<td style=\"width: 477px\"><a href=\"https:\/\/sociaisaplicadas.ufpr.br\/decigi\/wp-content\/uploads\/sites\/5\/2021\/10\/unnamed.jpg\"><img loading=\"lazy\" decoding=\"async\" class=\"alignnone wp-image-2466\" src=\"https:\/\/sociaisaplicadas.ufpr.br\/decigi\/wp-content\/uploads\/sites\/5\/2021\/10\/unnamed.jpg\" alt=\"\" width=\"554\" height=\"415\" \/><\/a><\/td>\n<\/tr>\n<tr>\n<td style=\"width: 477px\"><span style=\"font-family: arial, helvetica, sans-serif\"><span style=\"color: #000000\">As especialidades do acervo da Biblioteca de Ci\u00eancias Sociais Aplicadas s\u00e3o: Administra\u00e7\u00e3o P\u00fablica e Geral, Contabilidade, Economia e Ci\u00eancia da Informa\u00e7\u00e3o.<\/span> (<a href=\"https:\/\/www.portal.ufpr.br\/bib_sa.html\">veja mais<\/a>)<\/span><\/td>\n<\/tr>\n<\/tbody>\n<\/table>\n<h5><span style=\"color: #000080;font-size: 14pt\">Restaurante Universit\u00e1rio R.U<\/span><\/h5>\n<table style=\"height: 400px;width: 492px\">\n<tbody>\n<tr>\n<td style=\"width: 282px\"><a href=\"https:\/\/sociaisaplicadas.ufpr.br\/decigi\/wp-content\/uploads\/sites\/5\/2021\/10\/ru.jpg\"><img loading=\"lazy\" decoding=\"async\" class=\"alignnone wp-image-2469\" src=\"https:\/\/sociaisaplicadas.ufpr.br\/decigi\/wp-content\/uploads\/sites\/5\/2021\/10\/ru-300x199.jpg\" alt=\"\" width=\"510\" height=\"338\" srcset=\"https:\/\/sociaisaplicadas.ufpr.br\/decigi\/wp-content\/uploads\/sites\/5\/2021\/10\/ru-300x199.jpg 300w, https:\/\/sociaisaplicadas.ufpr.br\/decigi\/wp-content\/uploads\/sites\/5\/2021\/10\/ru-768x510.jpg 768w, https:\/\/sociaisaplicadas.ufpr.br\/decigi\/wp-content\/uploads\/sites\/5\/2021\/10\/ru.jpg 1024w\" sizes=\"auto, (max-width: 510px) 100vw, 510px\" \/><\/a><\/td>\n<\/tr>\n<tr>\n<td style=\"width: 282px\"><span style=\"font-family: arial, helvetica, sans-serif\"><span style=\"color: #000000\">Com as reformas, o RU aprimorou a qualidade dos servi\u00e7os que oferece aos seus usu\u00e1rios. Imagem: Acervo da UFPR.<\/span> (<a href=\"http:\/\/www.pra.ufpr.br\/ru\/unidades\/\">veja mais<\/a>)<\/span><\/td>\n<\/tr>\n<\/tbody>\n<\/table>\n<h5><span style=\"color: #000080;font-size: 14pt\">Mapa do Setor de Ci\u00eancias Sociais Aplicadas<\/span><\/h5>\n<table style=\"height: 448px;width: 382px\">\n<tbody>\n<tr>\n<td style=\"width: 74px\"><a href=\"https:\/\/sociaisaplicadas.ufpr.br\/decigi\/wp-content\/uploads\/sites\/5\/2021\/10\/2-ANDAR.png\"><img loading=\"lazy\" decoding=\"async\" class=\"alignnone wp-image-2477\" src=\"https:\/\/sociaisaplicadas.ufpr.br\/decigi\/wp-content\/uploads\/sites\/5\/2021\/10\/2-ANDAR-300x181.png\" alt=\"\" width=\"370\" height=\"223\" srcset=\"https:\/\/sociaisaplicadas.ufpr.br\/decigi\/wp-content\/uploads\/sites\/5\/2021\/10\/2-ANDAR-300x181.png 300w, https:\/\/sociaisaplicadas.ufpr.br\/decigi\/wp-content\/uploads\/sites\/5\/2021\/10\/2-ANDAR-768x463.png 768w, https:\/\/sociaisaplicadas.ufpr.br\/decigi\/wp-content\/uploads\/sites\/5\/2021\/10\/2-ANDAR-1024x618.png 1024w, https:\/\/sociaisaplicadas.ufpr.br\/decigi\/wp-content\/uploads\/sites\/5\/2021\/10\/2-ANDAR.png 1094w\" sizes=\"auto, (max-width: 370px) 100vw, 370px\" \/><\/a><\/td>\n<\/tr>\n<tr>\n<td style=\"width: 74px\"><a href=\"https:\/\/sociaisaplicadas.ufpr.br\/decigi\/wp-content\/uploads\/sites\/5\/2021\/10\/1-ANDAR.png\"><img loading=\"lazy\" decoding=\"async\" class=\"alignnone wp-image-2476\" src=\"https:\/\/sociaisaplicadas.ufpr.br\/decigi\/wp-content\/uploads\/sites\/5\/2021\/10\/1-ANDAR-300x158.png\" alt=\"\" width=\"370\" height=\"195\" srcset=\"https:\/\/sociaisaplicadas.ufpr.br\/decigi\/wp-content\/uploads\/sites\/5\/2021\/10\/1-ANDAR-300x158.png 300w, https:\/\/sociaisaplicadas.ufpr.br\/decigi\/wp-content\/uploads\/sites\/5\/2021\/10\/1-ANDAR-768x404.png 768w, https:\/\/sociaisaplicadas.ufpr.br\/decigi\/wp-content\/uploads\/sites\/5\/2021\/10\/1-ANDAR-1024x539.png 1024w, https:\/\/sociaisaplicadas.ufpr.br\/decigi\/wp-content\/uploads\/sites\/5\/2021\/10\/1-ANDAR.png 1270w\" sizes=\"auto, (max-width: 370px) 100vw, 370px\" \/><\/a><\/td>\n<\/tr>\n<tr>\n<td style=\"width: 74px\"><a href=\"https:\/\/sociaisaplicadas.ufpr.br\/decigi\/wp-content\/uploads\/sites\/5\/2021\/10\/T\u00c9RREO.png\"><img loading=\"lazy\" decoding=\"async\" class=\"alignnone wp-image-2479\" src=\"https:\/\/sociaisaplicadas.ufpr.br\/decigi\/wp-content\/uploads\/sites\/5\/2021\/10\/T\u00c9RREO-300x180.png\" alt=\"\" width=\"365\" height=\"219\" srcset=\"https:\/\/sociaisaplicadas.ufpr.br\/decigi\/wp-content\/uploads\/sites\/5\/2021\/10\/T\u00c9RREO-300x180.png 300w, https:\/\/sociaisaplicadas.ufpr.br\/decigi\/wp-content\/uploads\/sites\/5\/2021\/10\/T\u00c9RREO-768x462.png 768w, https:\/\/sociaisaplicadas.ufpr.br\/decigi\/wp-content\/uploads\/sites\/5\/2021\/10\/T\u00c9RREO-1024x616.png 1024w, https:\/\/sociaisaplicadas.ufpr.br\/decigi\/wp-content\/uploads\/sites\/5\/2021\/10\/T\u00c9RREO.png 1113w\" sizes=\"auto, (max-width: 365px) 100vw, 365px\" \/><\/a><\/td>\n<\/tr>\n<tr>\n<td style=\"width: 74px\"><a href=\"https:\/\/sociaisaplicadas.ufpr.br\/decigi\/wp-content\/uploads\/sites\/5\/2021\/10\/SUBSOLO.png\"><img loading=\"lazy\" decoding=\"async\" class=\"alignnone wp-image-2478\" src=\"https:\/\/sociaisaplicadas.ufpr.br\/decigi\/wp-content\/uploads\/sites\/5\/2021\/10\/SUBSOLO-300x178.png\" alt=\"\" width=\"361\" height=\"214\" srcset=\"https:\/\/sociaisaplicadas.ufpr.br\/decigi\/wp-content\/uploads\/sites\/5\/2021\/10\/SUBSOLO-300x178.png 300w, https:\/\/sociaisaplicadas.ufpr.br\/decigi\/wp-content\/uploads\/sites\/5\/2021\/10\/SUBSOLO-768x455.png 768w, https:\/\/sociaisaplicadas.ufpr.br\/decigi\/wp-content\/uploads\/sites\/5\/2021\/10\/SUBSOLO-1024x607.png 1024w, https:\/\/sociaisaplicadas.ufpr.br\/decigi\/wp-content\/uploads\/sites\/5\/2021\/10\/SUBSOLO.png 1189w\" sizes=\"auto, (max-width: 361px) 100vw, 361px\" \/><\/a><\/td>\n<\/tr>\n<\/tbody>\n<\/table>\n<\/div>","protected":false},"excerpt":{"rendered":"<p>Agendas de Reservas dos Laborat\u00f3rios do DeCiGI LabGED Sala 121 Demais laborat\u00f3rios do setor Para solicitar a reserva do LabGED ou da Sala 121, o(a) docente dever\u00e1 verificar previamente a disponibilidade na data e hor\u00e1rio desejados e, caso estejam livres, encaminhar e-mail para decigi@ufpr.br com, no m\u00ednimo, um dia de anteced\u00eancia, se poss\u00edvel. Setor de [&hellip;]<\/p>\n","protected":false},"author":2783,"featured_media":0,"parent":492,"menu_order":0,"comment_status":"closed","ping_status":"closed","template":"","meta":{"_acf_changed":false,"footnotes":""},"class_list":["post-488","page","type-page","status-publish","hentry"],"acf":[],"_links":{"self":[{"href":"https:\/\/sociaisaplicadas.ufpr.br\/decigi\/wp-json\/wp\/v2\/pages\/488","targetHints":{"allow":["GET"]}}],"collection":[{"href":"https:\/\/sociaisaplicadas.ufpr.br\/decigi\/wp-json\/wp\/v2\/pages"}],"about":[{"href":"https:\/\/sociaisaplicadas.ufpr.br\/decigi\/wp-json\/wp\/v2\/types\/page"}],"author":[{"embeddable":true,"href":"https:\/\/sociaisaplicadas.ufpr.br\/decigi\/wp-json\/wp\/v2\/users\/2783"}],"replies":[{"embeddable":true,"href":"https:\/\/sociaisaplicadas.ufpr.br\/decigi\/wp-json\/wp\/v2\/comments?post=488"}],"version-history":[{"count":37,"href":"https:\/\/sociaisaplicadas.ufpr.br\/decigi\/wp-json\/wp\/v2\/pages\/488\/revisions"}],"predecessor-version":[{"id":11729,"href":"https:\/\/sociaisaplicadas.ufpr.br\/decigi\/wp-json\/wp\/v2\/pages\/488\/revisions\/11729"}],"up":[{"embeddable":true,"href":"https:\/\/sociaisaplicadas.ufpr.br\/decigi\/wp-json\/wp\/v2\/pages\/492"}],"wp:attachment":[{"href":"https:\/\/sociaisaplicadas.ufpr.br\/decigi\/wp-json\/wp\/v2\/media?parent=488"}],"curies":[{"name":"wp","href":"https:\/\/api.w.org\/{rel}","templated":true}]}}