{"id":492,"date":"2018-01-17T13:51:49","date_gmt":"2018-01-17T13:51:49","guid":{"rendered":"https:\/\/sociaisaplicadas.ufpr.br\/decigi\/?page_id=492"},"modified":"2023-04-24T11:04:29","modified_gmt":"2023-04-24T11:04:29","slug":"institucional","status":"publish","type":"page","link":"https:\/\/sociaisaplicadas.ufpr.br\/decigi\/departamento\/institucional\/","title":{"rendered":"Institucional"},"content":{"rendered":"<p><span style=\"font-family: arial, helvetica, sans-serif;font-size: 16px;color: #000000\">As atividades acad\u00eamicas dos\u00a0docentes do DECIGI\u00a0envolvem n\u00e3o somente o ensino, mas o desenvolvimento de pesquisas e a\u00e7\u00f5es de extens\u00e3o, al\u00e9m de representarem o Departamento, ou mesmo a Universidade em outras inst\u00e2ncias.<\/span><\/p>\n<div class=\"post-entry\">\n<hr \/>\n<p><span style=\"font-family: arial, helvetica, sans-serif;color: #000080;font-size: 14pt\"><strong>Ensino<\/strong><\/span><\/p>\n<p><span style=\"color: #000000\"><span style=\"font-family: arial, helvetica, sans-serif\">Para cumprir sua finalidade de ensino junto \u00e0 gradua\u00e7\u00e3o, o DECIGI possui um elenco de disciplinas que reflete a compet\u00eancia de seu corpo docente.\u00a0<\/span><span style=\"font-family: arial, helvetica, sans-serif\">Na atividade did\u00e1tica, o corpo docente do DECIGI tem praticado a indissocialibilidade entre o ensino, a pesquisa e a extens\u00e3o, levando os alunos a conhecer, refletir e praticar os conhecimentos relativos \u00e0 \u00e1rea da Gest\u00e3o da Informa\u00e7\u00e3o, enriquecendo sua forma\u00e7\u00e3o acad\u00eamica. Os professores tamb\u00e9m atuam em programas de p\u00f3s-gradua\u00e7\u00e3o\u00a0<i>stricto sensu<\/i>\u00a0e\u00a0<i>lato sensu<\/i>\u201d, incluindo, dentre outros, o <\/span><\/span><span style=\"font-family: arial, helvetica, sans-serif\"><a href=\"http:\/\/www.prppg.ufpr.br\/site\/ppggi\/pb\/\">Programa de P\u00f3s-Gradua\u00e7\u00e3o em Gest\u00e3o da Informa\u00e7\u00e3o (PPGGI)<\/a><\/span><span style=\"color: #000000\"><span style=\"font-family: arial, helvetica, sans-serif\">.<\/span><\/span><\/p>\n<hr \/>\n<p><span style=\"font-family: arial, helvetica, sans-serif;color: #000080;font-size: 14pt\"><strong>Pesquisa<\/strong><\/span><\/p>\n<p><span style=\"font-family: arial, helvetica, sans-serif;color: #000000\">O corpo docente do DECIGI vem desenvolvendo projetos de pesquisa que t\u00eam contribu\u00eddo com o avan\u00e7o da Ci\u00eancia e da Gest\u00e3o da Informa\u00e7\u00e3o, ao mesmo tempo em que tem oportunizado alunos (bolsistas e volunt\u00e1rios) a incrementarem, praticarem e solidificarem seus conhecimentos na \u00e1rea. Para visualizar as pesquisas desenvolvidas pelos docentes do DECIGI clique <\/span><span style=\"font-family: arial, helvetica, sans-serif\"><a href=\"https:\/\/sociaisaplicadas.ufpr.br\/decigi\/pesquisa\/projetos-de-pesquisa\/\">aqui<\/a><\/span><span style=\"font-family: arial, helvetica, sans-serif;color: #000000\">.<\/span><\/p>\n<hr \/>\n<p><span style=\"font-family: arial, helvetica, sans-serif;font-size: 14pt;color: #000080\"><strong>Extens\u00e3o<\/strong><\/span><\/p>\n<p><span style=\"font-family: arial, helvetica, sans-serif;color: #000000\">O corpo docente do DECIGI vem desenvolvendo projetos de extens\u00e3o que t\u00eam levado e beneficiado diferentes comunidades, ao mesmo tempo em que tem oportunizado alunos (bolsistas e volunt\u00e1rios) a incrementarem, praticarem e solidificarem seus conhecimentos na \u00e1rea.<\/span><\/p>\n<hr \/>\n<p><span style=\"font-family: arial, helvetica, sans-serif\"><strong><span style=\"color: #000080;font-size: 14pt\">Atividades de Representa\u00e7\u00e3o<\/span><br \/>\n<\/strong><\/span><\/p>\n<p><span style=\"font-family: arial, helvetica, sans-serif;color: #000000\">O corpo docente do DECIGI o representa em diversas inst\u00e2ncias da pr\u00f3pria UFPR e tamb\u00e9m em organiza\u00e7\u00f5es externas.<\/span><\/p>\n<\/div>\n","protected":false},"excerpt":{"rendered":"<p>As atividades acad\u00eamicas dos\u00a0docentes do DECIGI\u00a0envolvem n\u00e3o somente o ensino, mas o desenvolvimento de pesquisas e a\u00e7\u00f5es de extens\u00e3o, al\u00e9m de representarem o Departamento, ou mesmo a Universidade em outras inst\u00e2ncias. Ensino Para cumprir sua finalidade de ensino junto \u00e0 gradua\u00e7\u00e3o, o DECIGI possui um elenco de disciplinas que reflete a compet\u00eancia de seu corpo [&hellip;]<\/p>\n","protected":false},"author":2783,"featured_media":0,"parent":4090,"menu_order":0,"comment_status":"closed","ping_status":"closed","template":"","meta":{"_acf_changed":false,"footnotes":""},"class_list":["post-492","page","type-page","status-publish","hentry"],"acf":[],"_links":{"self":[{"href":"https:\/\/sociaisaplicadas.ufpr.br\/decigi\/wp-json\/wp\/v2\/pages\/492","targetHints":{"allow":["GET"]}}],"collection":[{"href":"https:\/\/sociaisaplicadas.ufpr.br\/decigi\/wp-json\/wp\/v2\/pages"}],"about":[{"href":"https:\/\/sociaisaplicadas.ufpr.br\/decigi\/wp-json\/wp\/v2\/types\/page"}],"author":[{"embeddable":true,"href":"https:\/\/sociaisaplicadas.ufpr.br\/decigi\/wp-json\/wp\/v2\/users\/2783"}],"replies":[{"embeddable":true,"href":"https:\/\/sociaisaplicadas.ufpr.br\/decigi\/wp-json\/wp\/v2\/comments?post=492"}],"version-history":[{"count":18,"href":"https:\/\/sociaisaplicadas.ufpr.br\/decigi\/wp-json\/wp\/v2\/pages\/492\/revisions"}],"predecessor-version":[{"id":5587,"href":"https:\/\/sociaisaplicadas.ufpr.br\/decigi\/wp-json\/wp\/v2\/pages\/492\/revisions\/5587"}],"up":[{"embeddable":true,"href":"https:\/\/sociaisaplicadas.ufpr.br\/decigi\/wp-json\/wp\/v2\/pages\/4090"}],"wp:attachment":[{"href":"https:\/\/sociaisaplicadas.ufpr.br\/decigi\/wp-json\/wp\/v2\/media?parent=492"}],"curies":[{"name":"wp","href":"https:\/\/api.w.org\/{rel}","templated":true}]}}