{"id":494,"date":"2018-01-17T13:52:13","date_gmt":"2018-01-17T13:52:13","guid":{"rendered":"https:\/\/sociaisaplicadas.ufpr.br\/decigi\/?page_id=494"},"modified":"2026-02-23T09:24:29","modified_gmt":"2026-02-23T12:24:29","slug":"parcerias-e-convenios","status":"publish","type":"page","link":"https:\/\/sociaisaplicadas.ufpr.br\/decigi\/departamento\/institucional\/parcerias-e-convenios\/","title":{"rendered":"Parcerias e conv\u00eanios"},"content":{"rendered":"<h5><span style=\"font-family: arial, helvetica, sans-serif;color: #000080;font-size: 14pt\"><strong>Coordena\u00e7\u00e3o do Curso de Gest\u00e3o da Informa\u00e7\u00e3o<\/strong><\/span><\/h5>\n<p><span style=\"font-family: arial, helvetica, sans-serif;color: #000000\">Atualiza\u00e7\u00e3o da Mobilidade Acad\u00eamica dispon\u00edvel \u00e0s alunas e aos alunos do Curso de Gest\u00e3o da Informa\u00e7\u00e3o em julho de 2019:<\/span><\/p>\n<p><span style=\"color: #000000\"><strong><span style=\"font-family: arial, helvetica, sans-serif\">Atualmente o curso tem conv\u00eanios com:<\/span><\/strong><\/span><\/p>\n<ul>\n<li><span style=\"font-family: arial, helvetica, sans-serif;color: #000000\">Espanha \u2013 Universidades de M\u00e1laga \u2013 Prof. Respons\u00e1veis: Maria do Carmo e Sandra<\/span><\/li>\n<li><span style=\"font-family: arial, helvetica, sans-serif;color: #000000\">Espanha \u2013 Universidade de Salamanca \u2013 Prof. Respons\u00e1veis: Sandra e Maria do Carmo<\/span><\/li>\n<li><span style=\"font-family: arial, helvetica, sans-serif;color: #000000\">Kavas \u2013 Prof. Respons\u00e1vel: Maria do Carmo<\/span><\/li>\n<\/ul>\n<p><span style=\"font-family: arial, helvetica, sans-serif;color: #000000\"><strong>Conv\u00eanios em fase de inclus\u00e3o:<\/strong><\/span><\/p>\n<ul>\n<li><span style=\"font-family: arial, helvetica, sans-serif;color: #000000\">Fran\u00e7a \u2013 Paris 7 Sorbonne \u2013 Prof. Respons\u00e1veis: Vera e Egon<\/span><\/li>\n<li><span style=\"font-family: arial, helvetica, sans-serif;color: #000000\">Alemanha \u2013 Technische Hochschule Ingolstadt \u2013 Prof. Respons\u00e1vel: Egon<\/span><\/li>\n<li><span style=\"color: #000000\"><span style=\"font-family: arial, helvetica, sans-serif\">Argentina \u2013 Universidad de R\u00edo Cuarto \u2013 Prof. Respons\u00e1vel: Maria do Carmo (renova\u00e7\u00e3o)<\/span><span style=\"font-family: arial, helvetica, sans-serif\">\u00a0<\/span><\/span><\/li>\n<\/ul>\n<p><span style=\"font-family: arial, helvetica, sans-serif;color: #000000\"><strong>Projetos internacionais onde os docentes do curso participam:<\/strong><\/span><\/p>\n<ul>\n<li><span style=\"font-family: arial, helvetica, sans-serif;color: #000000\">Peru \u2013 Universidad Mayor de San Marcos \u2013 Prof. Respons\u00e1vel: Egon<\/span><\/li>\n<li><span style=\"font-family: arial, helvetica, sans-serif;color: #000000\">Portugal &#8211; Universidade do Minho &#8211; Prof. Luis Bragan\u00e7a (em fase de Projeto) \u2013 Prof. Respons\u00e1vel: Maria do Carmo<\/span><\/li>\n<li><span style=\"font-family: arial, helvetica, sans-serif;color: #000000\">Espanha &#8211; Universidad de m\u00e1laga &#8211; Prof. Daniel Robles e Manuel Cebrian (em fase de projeto) \u2013 Prof. Respons\u00e1vel Maria do Carmo<\/span><\/li>\n<\/ul>\n<hr \/>\n<p><span style=\"font-family: arial, helvetica, sans-serif;color: #000000\">Al\u00e9m desses conv\u00eanios diretos do curso, a Universidade tamb\u00e9m disp\u00f5e da Mobilidade Acad\u00eamica Nacional e Internacional da UFPR atrav\u00e9s dos links abaixo:<\/span><\/p>\n<ul>\n<li><span style=\"font-family: arial, helvetica, sans-serif\"><a href=\"https:\/\/internacional.ufpr.br\/mobilidade-internacional-ufpr\/\" target=\"_blank\" rel=\"noopener\">https:\/\/internacional.ufpr.br\/mobilidade-internacional-ufpr\/<\/a><\/span><\/li>\n<li><span style=\"font-family: arial, helvetica, sans-serif\"><a href=\"https:\/\/internacional.ufpr.br\/cooperacao-internacional\/\" target=\"_blank\" rel=\"noopener\">https:\/\/internacional.ufpr.br\/cooperacao-internacional\/<\/a><\/span><\/li>\n<li><span style=\"font-family: arial, helvetica, sans-serif\"><a href=\"https:\/\/internacional.ufpr.br\/mobilidade-academica-nacional\/\" target=\"_blank\" rel=\"noopener\">https:\/\/internacional.ufpr.br\/mobilidade-academica-nacional\/<\/a><\/span><\/li>\n<\/ul>\n","protected":false},"excerpt":{"rendered":"<p>Coordena\u00e7\u00e3o do Curso de Gest\u00e3o da Informa\u00e7\u00e3o Atualiza\u00e7\u00e3o da Mobilidade Acad\u00eamica dispon\u00edvel \u00e0s alunas e aos alunos do Curso de Gest\u00e3o da Informa\u00e7\u00e3o em julho de 2019: Atualmente o curso tem conv\u00eanios com: Espanha \u2013 Universidades de M\u00e1laga \u2013 Prof. Respons\u00e1veis: Maria do Carmo e Sandra Espanha \u2013 Universidade de Salamanca \u2013 Prof. Respons\u00e1veis: Sandra [&hellip;]<\/p>\n","protected":false},"author":2783,"featured_media":0,"parent":492,"menu_order":0,"comment_status":"closed","ping_status":"closed","template":"","meta":{"_acf_changed":false,"footnotes":""},"class_list":["post-494","page","type-page","status-publish","hentry"],"acf":[],"_links":{"self":[{"href":"https:\/\/sociaisaplicadas.ufpr.br\/decigi\/wp-json\/wp\/v2\/pages\/494","targetHints":{"allow":["GET"]}}],"collection":[{"href":"https:\/\/sociaisaplicadas.ufpr.br\/decigi\/wp-json\/wp\/v2\/pages"}],"about":[{"href":"https:\/\/sociaisaplicadas.ufpr.br\/decigi\/wp-json\/wp\/v2\/types\/page"}],"author":[{"embeddable":true,"href":"https:\/\/sociaisaplicadas.ufpr.br\/decigi\/wp-json\/wp\/v2\/users\/2783"}],"replies":[{"embeddable":true,"href":"https:\/\/sociaisaplicadas.ufpr.br\/decigi\/wp-json\/wp\/v2\/comments?post=494"}],"version-history":[{"count":17,"href":"https:\/\/sociaisaplicadas.ufpr.br\/decigi\/wp-json\/wp\/v2\/pages\/494\/revisions"}],"predecessor-version":[{"id":12198,"href":"https:\/\/sociaisaplicadas.ufpr.br\/decigi\/wp-json\/wp\/v2\/pages\/494\/revisions\/12198"}],"up":[{"embeddable":true,"href":"https:\/\/sociaisaplicadas.ufpr.br\/decigi\/wp-json\/wp\/v2\/pages\/492"}],"wp:attachment":[{"href":"https:\/\/sociaisaplicadas.ufpr.br\/decigi\/wp-json\/wp\/v2\/media?parent=494"}],"curies":[{"name":"wp","href":"https:\/\/api.w.org\/{rel}","templated":true}]}}