{"id":528,"date":"2018-01-17T15:30:13","date_gmt":"2018-01-17T15:30:13","guid":{"rendered":"https:\/\/sociaisaplicadas.ufpr.br\/decigi\/?page_id=528"},"modified":"2026-03-23T11:23:17","modified_gmt":"2026-03-23T14:23:17","slug":"estagios-e-tcc","status":"publish","type":"page","link":"https:\/\/sociaisaplicadas.ufpr.br\/decigi\/para-alunos\/estagios-e-tcc\/","title":{"rendered":"Est\u00e1gios e TCC"},"content":{"rendered":"<h4><span style=\"font-size: 18pt;color: #008000\"><strong><span style=\"font-family: arial, helvetica, sans-serif\">EST\u00c1GIOS N\u00c3O OBRIGAT\u00d3RIOS<\/span><\/strong><\/span><\/h4>\n<h4 style=\"text-align: left\"><strong><span style=\"color: #000000\">Clique na imagem abaixo e assista a aula sobre <span style=\"background-color: #ccffff\">est\u00e1gios n\u00e3o obrigat\u00f3rios do Curso de Gest\u00e3o da Informa\u00e7\u00e3o:<\/span><\/span><\/strong><\/h4>\n<p>\u00a0<\/p>\n<p><a href=\"https:\/\/www.youtube.com\/watch?v=dsqtECP8M4k&amp;t=9s\"><img loading=\"lazy\" decoding=\"async\" class=\"wp-image-12267 aligncenter\" src=\"https:\/\/sociaisaplicadas.ufpr.br\/decigi\/wp-content\/uploads\/sites\/5\/2026\/03\/image-1024x575.png\" alt=\"\" width=\"502\" height=\"282\" srcset=\"https:\/\/sociaisaplicadas.ufpr.br\/decigi\/wp-content\/uploads\/sites\/5\/2026\/03\/image-1024x575.png 1024w, https:\/\/sociaisaplicadas.ufpr.br\/decigi\/wp-content\/uploads\/sites\/5\/2026\/03\/image-300x168.png 300w, https:\/\/sociaisaplicadas.ufpr.br\/decigi\/wp-content\/uploads\/sites\/5\/2026\/03\/image-768x431.png 768w, https:\/\/sociaisaplicadas.ufpr.br\/decigi\/wp-content\/uploads\/sites\/5\/2026\/03\/image.png 1318w\" sizes=\"auto, (max-width: 502px) 100vw, 502px\" \/><\/a><\/p>\n\n\n<p>\u00a0<\/p>\n<p>\u00a0<\/p>\n<p><span style=\"font-family: arial, helvetica, sans-serif;color: #000000\"><span style=\"font-size: 14pt\"><strong><span style=\"background-color: #ffff00\">ATEN\u00c7\u00c3O:<\/span><br \/><span style=\"color: #003366\">Requisitos para solicitar matr\u00edcula em Est\u00e1gio n\u00e3o Obrigat\u00f3rio:<\/span><\/strong><\/span><\/span><\/p>\n<p style=\"padding-left: 30px\"><span style=\"color: #000000\"><span style=\"font-family: arial, helvetica, sans-serif\">Art. 22\u00ba &#8211; Para autoriza\u00e7\u00e3o do Est\u00e1gio N\u00e3o Obrigat\u00f3rio o(a) aluno(a) dever\u00e1 atender os\u00a0<\/span><span style=\"font-family: arial, helvetica, sans-serif\">seguintes requisitos:<\/span><\/span><\/p>\n<p style=\"padding-left: 30px\"><span style=\"color: #000000\"><span style=\"font-family: arial, helvetica, sans-serif\">I. Estar efetivamente cumprindo o programa curricular, tendo vencido <strong>todas as disciplinas <\/strong><\/span><strong><span style=\"font-family: arial, helvetica, sans-serif\">obrigat\u00f3rias previstas no primeiro semestre do Curso<\/span><\/strong><span style=\"font-family: arial, helvetica, sans-serif\">;<\/span><\/span><\/p>\n<p style=\"padding-left: 30px\"><span style=\"color: #000000\"><span style=\"font-family: arial, helvetica, sans-serif\">II. Estar cursando, no <strong>semestre<\/strong>, a <strong>carga m\u00ednima de 15 horas <\/strong><\/span><span style=\"font-family: arial, helvetica, sans-serif\"><strong>exigida pelo Projeto Pedag\u00f3gico<\/strong>;<\/span><\/span><\/p>\n<p style=\"padding-left: 30px\"><span style=\"color: #000000\"><span style=\"font-family: arial, helvetica, sans-serif\">III. N\u00e3o ter <strong>reprova\u00e7\u00e3o por frequ\u00eancia<\/strong> <strong>em disciplina obrigat\u00f3ria<\/strong> no semestre imediatamente anterior \u00e0 <\/span><span style=\"font-family: arial, helvetica, sans-serif\">solicita\u00e7\u00e3o;<\/span><\/span><\/p>\n<p style=\"padding-left: 30px\"><span style=\"font-family: arial, helvetica, sans-serif;color: #000000\">IV. Evidenciar aproveitamento acad\u00eamico mediante IRA m\u00ednimo de 50.<\/span><\/p>\n<p>\u00a0<\/p>\n<p><span style=\"color: #000000;background-color: #ffff00\"><strong><span style=\"font-family: arial, helvetica, sans-serif;font-size: 14pt;background-color: #ffff00\">ATEN\u00c7\u00c3O:<\/span><\/strong><\/span><\/p>\n<ol>\n<li style=\"list-style-type: none\">\n<ol style=\"list-style-type: lower-alpha\">\n<li><span style=\"color: #000000;font-family: arial, helvetica, sans-serif\">In\u00edcio do Est\u00e1gio deve considerar 1 (uma) hora de deslocamento ap\u00f3s o per\u00edodo de aula, ou seja, o est\u00e1gio <span style=\"background-color: #ccffcc\"><strong>deve iniciar a partir das 13h30<\/strong><\/span>;<\/span><\/li>\n<li><span style=\"font-family: arial, helvetica, sans-serif;color: #000000\">Nome do Professor(a) orientador(a) na UFPR \u00e9 o presidente da Comiss\u00e3o Orientadora de Est\u00e1gios &#8211; COE, dispon\u00edvel em <\/span><span style=\"font-family: arial, helvetica, sans-serif\"><a href=\"https:\/\/sociaisaplicadas.ufpr.br\/decigi\/departamento\/funcoes-e-atribuicoes\/\">Fun\u00e7\u00f5es e Atribui\u00e7\u00f5es &#8211; DECIGI<\/a><\/span><span style=\"font-family: arial, helvetica, sans-serif;color: #000000\">;<\/span><\/li>\n<li><span style=\"font-family: arial, helvetica, sans-serif;color: #000000\">Conferir nome do atual Coordenador do Curso de Gest\u00e3o da Informa\u00e7\u00e3o, dispon\u00edvel em <\/span><span style=\"font-family: arial, helvetica, sans-serif\"><a href=\"https:\/\/sociaisaplicadas.ufpr.br\/decigi\/departamento\/funcoes-e-atribuicoes\/\">Fun\u00e7\u00f5es e Atribui\u00e7\u00f5es &#8211; DECIGI<\/a><\/span><span style=\"font-family: arial, helvetica, sans-serif;color: #000000\">;<\/span><\/li>\n<li><span style=\"color: #000000;font-family: arial, helvetica, sans-serif\">Conferir data de in\u00edcio do est\u00e1gio ser\u00e1 <strong>no m\u00ednimo 10 (dez) dias<\/strong>\u00a0<strong>corridos (em per\u00edodo de recesso pode se estender para 10 (dez) dias \u00fateis)<\/strong>\u00a0depois do envio para secretaria da Coordena\u00e7\u00e3o. Este prazo \u00e9 para an\u00e1lise e autoriza\u00e7\u00e3o da COE.<\/span><\/li>\n<\/ol>\n<\/li>\n<li><span style=\"color: #000000;font-family: arial, helvetica, sans-serif\"><span style=\"background-color: #ccffcc\">Assinar<\/span> o Termpo de Comprimisso e coletar as assinaturas do(s) Supervisor(s) do local de est\u00e1gio e demais agentes da Institui\u00e7\u00e3o\/Empresa contratante.<\/span><\/li>\n<li><span style=\"color: #000000;font-family: arial, helvetica, sans-serif\">Enviar Termo de Comprimisso <span style=\"background-color: #ccffcc\"><strong>em pdf para o e-mail gestinf@ufpr<\/strong><\/span> (inserir no Assunto do e-mail: Est\u00e1gio n\u00e3o obrigat\u00f3rio &#8211; &#8220;nome do aluno&#8221;).<\/span><\/li>\n<\/ol>\n<h4><span style=\"color: #000000;font-family: arial, helvetica, sans-serif;background-color: #ffff00\">A secretaria da Coordena\u00e7\u00e3o n\u00e3o receber\u00e1 documenta\u00e7\u00e3o entregue de forma indevida.<br \/><br \/><\/span><\/h4>\n<h4><span style=\"color: #000000;font-family: arial, helvetica, sans-serif;background-color: #ffff00\"><span style=\"background-color: #00ffff\"><strong>DOCUMENTOS PARA LEITURA:<\/strong><\/span><br \/><\/span><\/h4>\n<blockquote>\n<ul>\n<li>\n<pre><strong><span style=\"font-family: arial, helvetica, sans-serif\"><a href=\"http:\/\/www.prograd.ufpr.br\/portal\/coafe\/wp-content\/uploads\/sites\/15\/2019\/08\/Manual-de-Est%C3%A1gios-Vers%C3%A3o-Final.pdf\">Manual de Est\u00e1gios da UFPR<\/a>\u00a0<span style=\"color: #ff0000\">!!!<\/span><\/span><\/strong><\/pre>\n<\/li>\n<li>\n<pre><strong><span style=\"font-family: arial, helvetica, sans-serif\"><a href=\"http:\/\/www.prograd.ufpr.br\/coafe\/ue\/perguntas-frequentes\/\">PROGRAD - Perguntas Frequentes sobre Est\u00e1gio<\/a><\/span><\/strong><\/pre>\n<\/li>\n<li>\n<pre><strong><span style=\"font-family: arial, helvetica, sans-serif\"><a href=\"http:\/\/www.planalto.gov.br\/ccivil_03\/_ato2007-2010\/2008\/lei\/l11788.htm\" target=\"_blank\" rel=\"noopener\">Lei n.11788<\/a><\/span><span style=\"font-family: arial, helvetica, sans-serif;color: #000000\">, de 25 de Setembro de 2008, disp\u00f5e sobre o est\u00e1gio de estudantes<\/span><\/strong><\/pre>\n<\/li>\n<li>\n<pre><strong><span style=\"font-family: arial, helvetica, sans-serif\"><a href=\"https:\/\/sociaisaplicadas.ufpr.br\/decigi\/wp-content\/uploads\/sites\/5\/2024\/10\/novo-regulamento-GI.pdf\">Regulamento de est\u00e1gio obrigat\u00f3rio e n\u00e3o obrigat\u00f3rio <span style=\"color: #ff0000\">*NOVA REDA\u00c7\u00c3O<\/span><\/a><\/span><\/strong><\/pre>\n<\/li>\n<\/ul>\n<\/blockquote>\n\n\n\n\n\n\n<h4>\u00a0<\/h4>\n<h4>\u00a0<\/h4>\n<h4>\u00a0<\/h4>\n<h4><span style=\"font-size: 18pt;color: #008000\"><strong><span style=\"font-family: arial, helvetica, sans-serif\">EST\u00c1GIOS OBRIGAT\u00d3RIOS<\/span><\/strong><\/span><\/h4>\n<p><span style=\"color: #000000\"><span style=\"font-family: arial, helvetica, sans-serif\">O Est\u00e1gio Curricular Obrigat\u00f3rio \u00e9 composto por duas disciplinas distribu\u00eddas na grade curricular do Curso: Est\u00e1gio Supervisionado I, no <strong>6\u00ba per\u00edodo<\/strong> e Est\u00e1gio Supervisionado II, no <strong>7\u00ba per\u00edodo<\/strong>, com dura\u00e7\u00e3o m\u00ednima de 240 (duzentas e quarenta) horas.\u00a0<\/span><span style=\"font-family: arial, helvetica, sans-serif\">\u00c9 condi\u00e7\u00e3o indispens\u00e1vel para a conclus\u00e3o do Curso de Gest\u00e3o da Informa\u00e7\u00e3o.\u00a0<\/span><\/span><\/p>\n<p><span style=\"font-family: arial, helvetica, sans-serif;color: #000000\">Tem por objetivos principais:<\/span><\/p>\n<ul>\n<li><span style=\"color: #000000\"><span style=\"font-family: arial, helvetica, sans-serif\">Proporcionar a reflex\u00e3o e a aplica\u00e7\u00e3o dos conhecimentos constru\u00eddos durante a vida\u00a0<\/span><span style=\"font-family: arial, helvetica, sans-serif\">acad\u00eamica;\u00a0<\/span><\/span><\/li>\n<li><span style=\"color: #000000\"><span style=\"font-family: arial, helvetica, sans-serif\">Proporcionar um aprimoramento das pr\u00e1ticas e m\u00e9todos da Gest\u00e3o da Informa\u00e7\u00e3o,\u00a0<\/span><span style=\"font-family: arial, helvetica, sans-serif\">adaptando-os \u00e0s exig\u00eancias do mercado de trabalho e dos mecanismos de moderniza\u00e7\u00e3o\u00a0<\/span><span style=\"font-family: arial, helvetica, sans-serif\">tecnol\u00f3gica;\u00a0<\/span><\/span><\/li>\n<li><span style=\"color: #000000\"><span style=\"font-family: arial, helvetica, sans-serif\">Desenvolver e aperfei\u00e7oar habilidades e compet\u00eancias indispens\u00e1veis ao\u00a0<\/span><span style=\"font-family: arial, helvetica, sans-serif\">desempenho profissional.<\/span><\/span><\/li>\n<\/ul>\n<p><span style=\"font-family: arial, helvetica, sans-serif\"><span style=\"color: #800000;font-size: 14pt\"><strong>Requisitos para solicitar matr\u00edcula em Est\u00e1gio Obrigat\u00f3rio I e II:<\/strong><\/span>\u00a0<\/span><\/p>\n<p style=\"padding-left: 30px\"><span style=\"color: #000000\"><span style=\"font-family: arial, helvetica, sans-serif\">Art. 9\u00ba \u2013 Para efetiva\u00e7\u00e3o do Est\u00e1gio Obrigat\u00f3rio o aluno dever\u00e1 estar matriculado nas\u00a0<\/span><span style=\"font-family: arial, helvetica, sans-serif\">respectivas disciplinas (Est\u00e1gio Supervisionado I ou Est\u00e1gio Supervisionado II).<\/span><\/span><\/p>\n<p style=\"padding-left: 30px\"><span style=\"color: #000000\"><span style=\"font-family: arial, helvetica, sans-serif\">Art. 10\u00ba &#8211; O aluno dever\u00e1 desenvolver o Projeto de Est\u00e1gio previsto no Est\u00e1gio Supervisionado\u00a0<\/span><span style=\"font-family: arial, helvetica, sans-serif\">I, em \u00e1reas cobertas por disciplinas por ele j\u00e1 cursadas e devidamente aprovado, desde que\u00a0<\/span><span style=\"font-family: arial, helvetica, sans-serif\">tenha <strong>conclu\u00eddo todas as disciplinas at\u00e9 o 5\u00ba per\u00edodo<\/strong>, como prev\u00ea o Projeto Pedag\u00f3gico do\u00a0<\/span><span style=\"font-family: arial, helvetica, sans-serif\">Curso.<\/span><\/span><\/p>\n<p style=\"padding-left: 30px\"><span style=\"color: #000000\"><span style=\"font-family: arial, helvetica, sans-serif\">\u00a7 \u00fanico &#8211; Nos casos que n\u00e3o atenderem ao previsto no caput deste artigo, ser\u00e1\u00a0<\/span><span style=\"font-family: arial, helvetica, sans-serif\">aprovada a matr\u00edcula em Est\u00e1gio Supervisionado I de alunos que n\u00e3o cursaram qualquer uma\u00a0<\/span><span style=\"font-family: arial, helvetica, sans-serif\">das disciplinas previstas na matriz curricular previstas at\u00e9 e inclusive o 5\u00ba per\u00edodo desde que o\u00a0<\/span><span style=\"font-family: arial, helvetica, sans-serif\">mesmo esteja matriculado nestas disciplinas ao mesmo tempo que na disciplina de est\u00e1gio\u00a0<\/span><span style=\"font-family: arial, helvetica, sans-serif\">obrigat\u00f3rio.<\/span><\/span><\/p>\n<p><span style=\"color: #800000\"><strong><span style=\"font-family: arial, helvetica, sans-serif;font-size: 14pt\">Como solicitar matr\u00edcula em Est\u00e1gio Obrigat\u00f3rio I ou Est\u00e1gio Obrigat\u00f3rio II:<\/span><\/strong><\/span><\/p>\n<ol>\n<li><span style=\"color: #000000;font-family: arial, helvetica, sans-serif\">O aluno verifica a disponibilidade e interesse de orienta\u00e7\u00e3o de algum docente do curso de Gest\u00e3o da Informa\u00e7\u00e3o.<\/span><\/li>\n<li><span style=\"color: #000000\">Em caso de aceite, solicita ao professor que encaminhe e-mail para <strong>gestinf@ufpr.br<\/strong> com os seguinte modelo:<\/span><\/li>\n<\/ol>\n<blockquote>\n<p style=\"padding-left: 120px\"><span style=\"color: #000000;font-family: arial, helvetica, sans-serif\">Manifesto interesse em ser orientador(a) e autorizo a matr\u00edcula do(s) seguinte(s) aluno(s):<\/span><\/p>\n<p style=\"padding-left: 120px\"><span style=\"color: #000000;font-family: arial, helvetica, sans-serif\"><strong>NOME DO ALUNO:<\/strong> Nome do Aluno<\/span><\/p>\n<p style=\"padding-left: 120px\"><span style=\"color: #000000;font-family: arial, helvetica, sans-serif\"><strong>GRR<\/strong>: XXXXXX<\/span><\/p>\n<p style=\"padding-left: 120px\"><span style=\"color: #000000;font-family: arial, helvetica, sans-serif\"><b>DISCPLINA<\/b>: XXXXX<\/span><\/p>\n<\/blockquote>\n<p><span style=\"color: #000000;font-family: arial, helvetica, sans-serif\">*Nota: \u00e9 imprescind\u00edvel que o docente encaminhe a solicita\u00e7\u00e3o a fim de confirmar a disponibilidade e aceite em orientar o(s) discente(s)<\/span><\/p>\n<p>\u00a0<\/p>\n<h5><span style=\"font-family: arial, helvetica, sans-serif;font-size: 14pt;color: #000080\"><strong>Est\u00e1gios para Alunos Estrangeiros<\/strong><\/span><\/h5>\n<p><span style=\"color: #800000\"><strong><span style=\"font-family: arial, helvetica, sans-serif;font-size: 14pt\">Procedimento para est\u00e1gio obrigat\u00f3rio em mobilidade acad\u00eamica:<\/span><\/strong><\/span><\/p>\n<ol>\n<li><span style=\"font-family: arial, helvetica, sans-serif;color: #000000\">A Ag\u00eancia Internacional inicia o processo e gera a matr\u00edcula GRI do aluno estrangeiro;<\/span><\/li>\n<li><span style=\"font-family: arial, helvetica, sans-serif;color: #000000\">A Coordena\u00e7\u00e3o do Curso realiza a matricula o aluno em est\u00e1gio obrigat\u00f3rio no per\u00edodo vigente ou per\u00edodo especial;<\/span><\/li>\n<li><span style=\"font-family: arial, helvetica, sans-serif;color: #000000\">O aluno estrangeiro precisa solicitar inscri\u00e7\u00e3o no CPF no site da Receita Federal;<\/span><\/li>\n<li><span style=\"font-family: arial, helvetica, sans-serif;color: #000000\">\u00c9 de responsabilidade da contratante preencher o\u00a0<strong>Termo de Compromisso de Est\u00e1gio Obrigat\u00f3rio<\/strong> dispon\u00edvel em: <span style=\"font-family: arial, helvetica, sans-serif\"><a href=\"http:\/\/www.prograd.ufpr.br\/estagio\/formularios\/\">Formul\u00e1rios &#8211; COAFE<\/a><\/span>, com suas informa\u00e7\u00f5es, do aluno e do orientador. (Obs.: A UFPR tamb\u00e9m aceitar\u00e1 Termo de Compromisso pr\u00f3prio da contratante desde que possua as informa\u00e7\u00f5es pertinentes)<\/span><\/li>\n<li><span style=\"color: #000000;font-family: arial, helvetica, sans-serif\">O Termo de Comprimisso deve ser enviado <strong>em formato pdf para o e-mail gestinf@ufpr<\/strong> (inserir no Assunto do e-mail: Est\u00e1gio em mobilidade acad\u00eamica &#8211; &#8220;nome do aluno&#8221;);<\/span><\/li>\n<li><span style=\"font-family: arial, helvetica, sans-serif;color: #000000\">Ap\u00f3s a assinatura do Coordenador do Curso, o processo deve ser encaminhado para\u00a0UFPR\/R\/PROGRAD\/COAFE\/UEST para homologa\u00e7\u00e3o;<\/span><\/li>\n<li><span style=\"font-family: arial, helvetica, sans-serif;color: #000000\">Ap\u00f3s homologa\u00e7\u00e3o da Unidade de Est\u00e1gios, o aluno est\u00e1 autorizado a iniciar as atividades de est\u00e1gio;<\/span><\/li>\n<\/ol>\n<p><span style=\"color: #000000;font-family: arial, helvetica, sans-serif\"><strong>Aten\u00e7\u00e3o:<\/strong> como se trata de aluno estrangeiro, por quest\u00f5es de idioma e cultura, o(a) orientador(a) ou a contratante devem auxiliar o aluno no processo quando necess\u00e1rio.<\/span><\/p>\n<p><span style=\"color: #000000;font-family: arial, helvetica, sans-serif\"><strong>Nota:\u00a0<\/strong>A secretaria da Coordena\u00e7\u00e3o n\u00e3o receber\u00e1 documenta\u00e7\u00e3o entregue de forma indevida.<\/span><\/p>\n<p>\u00a0<\/p>\n<p>\u00a0<\/p>\n<p><span style=\"font-size: 18pt;color: #008000\"><strong><span style=\"font-family: arial, helvetica, sans-serif\">TRABALHOS DE CONCLUS\u00c3O DE CURSO<\/span><\/strong><\/span><\/p>\n<h5><span style=\"font-family: arial, helvetica, sans-serif;font-size: 14pt;color: #000080\">Trabalho de Conclus\u00e3o de Curso<\/span><\/h5>\n<p><span style=\"font-family: arial, helvetica, sans-serif;color: #000000\">A realiza\u00e7\u00e3o do Trabalho de Conclus\u00e3o de Curso (TCC) est\u00e1 vinculada as disciplinas TCC I (SIN201) e TCC II (SIN204), prevista para os 7\u00ba e 8\u00ba per\u00edodos.<\/span><\/p>\n<p><span style=\"color: #800000\"><strong><span style=\"font-family: arial, helvetica, sans-serif;font-size: 14pt\">Como solicitar matr\u00edcula em TCC I ou TCC II:<\/span><\/strong><\/span><\/p>\n<ol>\n<li><span style=\"color: #000000;font-family: arial, helvetica, sans-serif\">O aluno verifica a disponibilidade e interesse de orienta\u00e7\u00e3o de algum docente do curso de Gest\u00e3o da Informa\u00e7\u00e3o.<\/span><\/li>\n<li><span style=\"color: #000000;font-family: arial, helvetica, sans-serif\">Em caso de aceite, solicita ao professor que encaminhe e-mail para <strong>gestinf@ufpr.br<\/strong> com os seguinte modelo:<\/span><\/li>\n<\/ol>\n<blockquote>\n<p style=\"padding-left: 120px\"><span style=\"color: #000000;font-family: arial, helvetica, sans-serif\">Manifesto interesse em ser orientador(a) e autorizo a matr\u00edcula do(s) seguinte(s) aluno(s):<\/span><\/p>\n<p style=\"padding-left: 120px\"><span style=\"color: #000000;font-family: arial, helvetica, sans-serif\"><strong>NOME DO ALUNO:<\/strong> Nome do Aluno<\/span><\/p>\n<p style=\"padding-left: 120px\"><span style=\"color: #000000;font-family: arial, helvetica, sans-serif\"><strong>GRR<\/strong>: XXXXXX<\/span><\/p>\n<p style=\"padding-left: 120px\"><span style=\"color: #000000;font-family: arial, helvetica, sans-serif\"><b>DISCPLINA<\/b>: XXXXX<\/span><\/p>\n<\/blockquote>\n<p><span style=\"color: #000000;font-family: arial, helvetica, sans-serif\">*Nota: \u00e9 imprescind\u00edvel que o docente encaminhe a solicita\u00e7\u00e3o a fim de confirmar a disponibilidade e aceite em orientar o(s) discente(s)<\/span><\/p>\n<p><span style=\"font-family: arial, helvetica, sans-serif;color: #000000\">3. O docente dever\u00e1 preencher todos os dados em tabela que ser\u00e1 disponibilizada na data pertinente, na qual ir\u00e1 conter o nome do orientando, t\u00edtulo do trabalho, orientador, membros da banca, data da apresenta\u00e7\u00e3o entre outras informa\u00e7\u00f5es.<\/span><\/p>\n<p><span style=\"font-family: arial, helvetica, sans-serif;color: #000000\">4. Ap\u00f3s a cria\u00e7\u00e3o do processo, ser\u00e1 publicado um edital em nosso site do DECIGI informando todos os dados necess\u00e1rios para que os interessados possam assistir a apresenta\u00e7\u00e3o<\/span><\/p>\n<p><span style=\"font-family: arial, helvetica, sans-serif;color: #000000\">5. Finalizado todo o tr\u00e2mite no Departamento, a vers\u00e3o final do trabalho corrigido, \u00e9 enviado para a unidade da Biblioteca do SA para que seja adicionado ao reposit\u00f3rio, possibilitando a consulta para a comunidade externa.<\/span><\/p>\n<p><span style=\"color: #000080\"><strong><span style=\"font-family: arial, helvetica, sans-serif;font-size: 14pt\">Mais informa\u00e7\u00f5es:<\/span><\/strong><\/span><\/p>\n<ul>\n<li><span style=\"font-family: arial, helvetica, sans-serif\"><a href=\"https:\/\/sociaisaplicadas.ufpr.br\/decigi\/wp-content\/uploads\/sites\/5\/2021\/03\/Normas-TCC-2018.pdf\">Normas Associadas ao Trabalho de Conclus\u00e3o de Curso<\/a><\/span><\/li>\n<li><a href=\"https:\/\/acervodigital.ufpr.br\/handle\/1884\/41065\" target=\"_blank\" rel=\"noopener\"><span style=\"font-family: arial, helvetica, sans-serif\">Biblioteca Digital &#8211; Trabalhos de Gradua\u00e7\u00e3o<\/span><\/a><\/li>\n<li><a href=\"https:\/\/bibliotecas.ufpr.br\/wp-content\/uploads\/2022\/01\/normas_modelo_trabalho_academico.pdf\" target=\"_blank\" rel=\"noopener\"><span style=\"font-family: arial, helvetica, sans-serif\">Modelo Trabalho Acad\u00eamico<\/span><\/a><\/li>\n<\/ul>","protected":false},"excerpt":{"rendered":"<p>EST\u00c1GIOS N\u00c3O OBRIGAT\u00d3RIOS Clique na imagem abaixo e assista a aula sobre est\u00e1gios n\u00e3o obrigat\u00f3rios do Curso de Gest\u00e3o da Informa\u00e7\u00e3o: \u00a0 \u00a0 \u00a0 ATEN\u00c7\u00c3O:Requisitos para solicitar matr\u00edcula em Est\u00e1gio n\u00e3o Obrigat\u00f3rio: Art. 22\u00ba &#8211; Para autoriza\u00e7\u00e3o do Est\u00e1gio N\u00e3o Obrigat\u00f3rio o(a) aluno(a) dever\u00e1 atender os\u00a0seguintes requisitos: I. Estar efetivamente cumprindo o programa curricular, tendo [&hellip;]<\/p>\n","protected":false},"author":2783,"featured_media":0,"parent":4096,"menu_order":0,"comment_status":"closed","ping_status":"closed","template":"","meta":{"_acf_changed":false,"footnotes":""},"class_list":["post-528","page","type-page","status-publish","hentry"],"acf":[],"_links":{"self":[{"href":"https:\/\/sociaisaplicadas.ufpr.br\/decigi\/wp-json\/wp\/v2\/pages\/528","targetHints":{"allow":["GET"]}}],"collection":[{"href":"https:\/\/sociaisaplicadas.ufpr.br\/decigi\/wp-json\/wp\/v2\/pages"}],"about":[{"href":"https:\/\/sociaisaplicadas.ufpr.br\/decigi\/wp-json\/wp\/v2\/types\/page"}],"author":[{"embeddable":true,"href":"https:\/\/sociaisaplicadas.ufpr.br\/decigi\/wp-json\/wp\/v2\/users\/2783"}],"replies":[{"embeddable":true,"href":"https:\/\/sociaisaplicadas.ufpr.br\/decigi\/wp-json\/wp\/v2\/comments?post=528"}],"version-history":[{"count":166,"href":"https:\/\/sociaisaplicadas.ufpr.br\/decigi\/wp-json\/wp\/v2\/pages\/528\/revisions"}],"predecessor-version":[{"id":12310,"href":"https:\/\/sociaisaplicadas.ufpr.br\/decigi\/wp-json\/wp\/v2\/pages\/528\/revisions\/12310"}],"up":[{"embeddable":true,"href":"https:\/\/sociaisaplicadas.ufpr.br\/decigi\/wp-json\/wp\/v2\/pages\/4096"}],"wp:attachment":[{"href":"https:\/\/sociaisaplicadas.ufpr.br\/decigi\/wp-json\/wp\/v2\/media?parent=528"}],"curies":[{"name":"wp","href":"https:\/\/api.w.org\/{rel}","templated":true}]}}