{"id":544,"date":"2018-01-17T15:40:37","date_gmt":"2018-01-17T15:40:37","guid":{"rendered":"https:\/\/sociaisaplicadas.ufpr.br\/decigi\/?page_id=544"},"modified":"2024-10-11T10:28:59","modified_gmt":"2024-10-11T13:28:59","slug":"documentos-do-curso","status":"publish","type":"page","link":"https:\/\/sociaisaplicadas.ufpr.br\/decigi\/graduacao\/documentos-do-curso\/","title":{"rendered":"Documentos do Curso"},"content":{"rendered":"<h5><span style=\"font-size: 14pt;color: #000080;font-family: arial, helvetica, sans-serif\"><strong>Gradua\u00e7\u00e3o:<\/strong><\/span><\/h5>\n<ul>\n<li><span style=\"font-family: arial, helvetica, sans-serif\"><a href=\"https:\/\/sociaisaplicadas.ufpr.br\/decigi\/wp-content\/uploads\/sites\/5\/2021\/02\/PPC_GI_final-Prograd_Completo.pdf\">Projeto Pedag\u00f3gico do Curso (PPC)<\/a><\/span><\/li>\n<li><span style=\"font-family: arial, helvetica, sans-serif\"><a href=\"https:\/\/sociaisaplicadas.ufpr.br\/decigi\/wp-content\/uploads\/sites\/5\/2021\/06\/Res-87-06-CEPE-curr\u00edculo-Gest\u00e3o-da-Informa\u00e7\u00e3o.pdf\">Resolu\u00e7\u00e3o de cria\u00e7\u00e3o da Gradua\u00e7\u00e3o em Gest\u00e3o da Informa\u00e7\u00e3o<\/a><\/span><\/li>\n<li><span style=\"font-family: arial, helvetica, sans-serif\"><a href=\"http:\/\/www.soc.ufpr.br\/wp-content\/uploads\/2016\/07\/cepe-37-97-alterada-pela-Res-70-18.pdf\" target=\"_blank\" rel=\"noopener\">Resolu\u00e7\u00e3o n\u00ba37\/97 &#8211; CEPE<\/a>\u00a0<span style=\"color: #000000\">(Aprova normas b\u00e1sicas de controle e registro da atividade acad\u00eamica, al\u00e9m de estabelecer direitos e deveres para os cursos de gradua\u00e7\u00e3o da Universidade)<\/span><\/span><\/li>\n<\/ul>\n<h5><span style=\"font-family: arial, helvetica, sans-serif;font-size: 14pt;color: #000080\"><strong>Resolu\u00e7\u00f5es gerais:<\/strong><\/span><\/h5>\n<ul>\n<li><a style=\"font-family: arial, helvetica, sans-serif\" href=\"http:\/\/www.soc.ufpr.br\/wp-content\/uploads\/2020\/10\/RESOLU%C3%87%C3%83O-N%C2%BA-65-2020-CEPE.pdf\">2\u00ba Per\u00edodo Especial durante a pandemia da COVID-19<\/a><\/li>\n<li><a style=\"font-family: arial, helvetica, sans-serif\" href=\"http:\/\/www.soc.ufpr.br\/wp-content\/uploads\/2020\/06\/Resolu%C3%A7%C3%A3o-N%C2%BA-59-2020-CEPE.pdf\">1\u00ba Per\u00edodo Especial para o primeiro semestre de 2020 durante a pandemia da COVID-19<\/a><\/li>\n<li><span style=\"font-family: arial, helvetica, sans-serif\"><a href=\"http:\/\/www.soc.ufpr.br\/wp-content\/uploads\/2016\/07\/Res-37-97-CEPE-atividades-acad%C3%AAmicas-alterada-pela-Res.-10-19-CEPE.pdf\">Normas de Controle e Registro Acad\u00eamico da UFPR<\/a><\/span><\/li>\n<li><a style=\"font-family: arial, helvetica, sans-serif\" href=\"http:\/\/www.soc.ufpr.br\/wp-content\/uploads\/2016\/07\/Res-92-13-CEPE-altera%C3%A7%C3%A3o-Resolu%C3%A7%C3%A3o-0610-alterado-pela-Res-39.18-1.pdf\">Normas de Dispensa e Equival\u00eancia de Disciplinas, Exames de Adiantamento e Aproveitamento do Conhecimento<\/a><\/li>\n<li><span style=\"font-size: 12pt\"><a style=\"font-family: arial, helvetica, sans-serif\" href=\"https:\/\/sociaisaplicadas.ufpr.br\/decigi\/wp-content\/uploads\/sites\/5\/2021\/06\/resolucao-n_-44-2020-cepe.pdf\">Atividades did\u00e1ticas em EaD durante o Per\u00edodo Especial<\/a><\/span><\/li>\n<\/ul>\n<h5><span style=\"font-family: arial, helvetica, sans-serif;font-size: 14pt;color: #000080\"><strong>Ajustes Curriculares:<\/strong><\/span><\/h5>\n<ul>\n<li><a href=\"https:\/\/sociaisaplicadas.ufpr.br\/decigi\/wp-content\/uploads\/sites\/5\/2024\/10\/Ajuste-2024.pdf\">Portaria do Ajuste Curricular 2024 &#8211; Disciplinas extensionistas<\/a><\/li>\n<li><span style=\"font-family: arial, helvetica, sans-serif\"><a href=\"https:\/\/sociaisaplicadas.ufpr.br\/decigi\/wp-content\/uploads\/sites\/5\/2022\/09\/portaria280-2017.pdf\" target=\"_blank\" rel=\"noopener\">Ajuste Curricular do Curso de Gest\u00e3o da Informa\u00e7\u00e3o &#8211; 2018<\/a><\/span><\/li>\n<li><span style=\"font-family: arial, helvetica, sans-serif\"><a href=\"https:\/\/sociaisaplicadas.ufpr.br\/decigi\/wp-content\/uploads\/sites\/5\/2021\/02\/292-PROGRAD-2019.pdf\">Ajuste Curricular 2019<\/a><\/span><\/li>\n<li><span style=\"font-family: arial, helvetica, sans-serif\"><a href=\"https:\/\/sociaisaplicadas.ufpr.br\/decigi\/wp-content\/uploads\/sites\/5\/2022\/09\/portaria280-2017.pdf\" target=\"_blank\" rel=\"noopener\">Ajuste Curricular 2018<\/a><\/span><\/li>\n<li><\/li>\n<\/ul>\n<h5><span style=\"font-family: arial, helvetica, sans-serif;font-size: 14pt;color: #000080\"><strong>Adi\u00e7\u00f5es Curriculares:<\/strong><\/span><\/h5>\n<ul>\n<li><span style=\"font-family: arial, helvetica, sans-serif\"><a href=\"https:\/\/sociaisaplicadas.ufpr.br\/decigi\/wp-content\/uploads\/sites\/5\/2021\/02\/040-PROGRAD-2018.pdf\">Adi\u00e7\u00e3o Curricular 2018 &#8211; Disciplinas: SA051, SA073 e SA096\u00a0<\/a><\/span><\/li>\n<li><span style=\"font-family: arial, helvetica, sans-serif\"><a href=\"https:\/\/sociaisaplicadas.ufpr.br\/decigi\/wp-content\/uploads\/sites\/5\/2021\/02\/041-PROGRAD-2018.pdf\">Adi\u00e7\u00e3o Curricular 2018 &#8211; Disciplinas:\u00a0SA051, SA073, SA096, HF362<\/a><\/span><\/li>\n<li><span style=\"font-family: arial, helvetica, sans-serif\"><a href=\"https:\/\/sociaisaplicadas.ufpr.br\/decigi\/wp-content\/uploads\/sites\/5\/2021\/02\/046-PROGRAD-2018.pdf\">2\u00aa Adi\u00e7\u00e3o Curricular 2018 &#8211; Disciplina\u00a0GQ222<\/a><\/span><\/li>\n<li><span style=\"font-family: arial, helvetica, sans-serif\"><a href=\"https:\/\/sociaisaplicadas.ufpr.br\/decigi\/wp-content\/uploads\/sites\/5\/2021\/02\/046-PROGRAD-2018.pdf\">1\u00aa Adi\u00e7\u00e3o Curricular 2018 &#8211; Disciplina\u00a0GQ222<\/a><\/span><\/li>\n<li><span style=\"font-family: arial, helvetica, sans-serif\"><a href=\"https:\/\/sociaisaplicadas.ufpr.br\/decigi\/wp-content\/uploads\/sites\/5\/2021\/02\/078-PROGRAD-2017.pdf\">Adi\u00e7\u00e3o Curricular 2018 &#8211; Integraliza\u00e7\u00e3o curr\u00edculo 2014\u00a0<\/a><\/span><\/li>\n<li><span style=\"font-family: arial, helvetica, sans-serif\"><a href=\"https:\/\/sociaisaplicadas.ufpr.br\/decigi\/wp-content\/uploads\/sites\/5\/2021\/02\/062-PROGRAD-2017.pdf\">Adi\u00e7\u00e3o Curricular 2017 &#8211; Disciplina\u00a0SIN217<\/a><\/span><\/li>\n<li><span style=\"font-family: arial, helvetica, sans-serif\"><a href=\"https:\/\/sociaisaplicadas.ufpr.br\/decigi\/wp-content\/uploads\/sites\/5\/2021\/02\/299-PROGRAD-2017.pdf\">Adi\u00e7\u00e3o Curricular 2017<\/a><\/span><\/li>\n<\/ul>\n<h5><span style=\"font-family: arial, helvetica, sans-serif;color: #000080;font-size: 14pt\"><strong>Adequa\u00e7\u00f5es Curriculares:<\/strong><\/span><\/h5>\n<ul>\n<li><span style=\"font-family: arial, helvetica, sans-serif\"><a href=\"https:\/\/sociaisaplicadas.ufpr.br\/decigi\/wp-content\/uploads\/sites\/5\/2021\/02\/204-PROGRAD-2019.pdf\">Adequa\u00e7\u00e3o Curricular 2018 do Curso de Gest\u00e3o da Informa\u00e7\u00e3o\u00a0<\/a><\/span><\/li>\n<li><span style=\"font-family: arial, helvetica, sans-serif\"><a href=\"https:\/\/sociaisaplicadas.ufpr.br\/decigi\/wp-content\/uploads\/sites\/5\/2021\/02\/SEI_UFPR-0690737-Portaria-disciplinas-DECIGI.pdf\">Elenco de disciplinas de DECIGI &#8211; 2017<\/a>\u00a0\u00a0<\/span><\/li>\n<li><span style=\"font-family: arial, helvetica, sans-serif\"><a href=\"https:\/\/sociaisaplicadas.ufpr.br\/decigi\/wp-content\/uploads\/sites\/5\/2021\/02\/Res-64-2013-CEPE-Disciplinas-Gest\u00e3o-da-Informa\u00e7\u00e3o.pdf\">Reformula\u00e7\u00e3o Curricular 2014<\/a><\/span><\/li>\n<li><span style=\"font-family: arial, helvetica, sans-serif\"><a href=\"https:\/\/sociaisaplicadas.ufpr.br\/decigi\/wp-content\/uploads\/sites\/5\/2021\/02\/Res-87-06-CEPE-curr\u00edculo-Gest\u00e3o-da-Informa\u00e7\u00e3o.pdf\">Reformula\u00e7\u00e3o Curricular 2007<\/a><\/span><\/li>\n<\/ul>\n<h5><span style=\"font-family: arial, helvetica, sans-serif;font-size: 14pt;color: #000080\"><strong>Links<\/strong><\/span><\/h5>\n<ul>\n<li><span style=\"font-family: arial, helvetica, sans-serif\"><a href=\"https:\/\/sociaisaplicadas.ufpr.br\/decigi\/wp-content\/uploads\/sites\/5\/2021\/06\/RESOLU\u00c7\u00c3O-N\u00ba-65-2020-CEPE.pdf\">Perguntas e respostas (FAQ) sobre o Per\u00edodo Especial (Resolu\u00e7\u00e3o 65\/2020-CEPE)<\/a> <\/span><\/li>\n<li><span style=\"font-family: arial, helvetica, sans-serif;font-size: 12pt\"><a href=\"https:\/\/sociaisaplicadas.ufpr.br\/decigi\/wp-content\/uploads\/sites\/5\/2021\/03\/Resolucao-01.20.pdf\">Prazos para Exames de Aproveitamento do Conhecimento<\/a><\/span><\/li>\n<li><span style=\"font-family: arial, helvetica, sans-serif\"><a href=\"http:\/\/www.prograd.ufpr.br\/wp-content\/uploads\/PDF\/Manual_Estudante_2019.pdf\">Manual do Aluno<\/a><\/span><\/li>\n<\/ul>\n","protected":false},"excerpt":{"rendered":"<p>Gradua\u00e7\u00e3o: Projeto Pedag\u00f3gico do Curso (PPC) Resolu\u00e7\u00e3o de cria\u00e7\u00e3o da Gradua\u00e7\u00e3o em Gest\u00e3o da Informa\u00e7\u00e3o Resolu\u00e7\u00e3o n\u00ba37\/97 &#8211; CEPE\u00a0(Aprova normas b\u00e1sicas de controle e registro da atividade acad\u00eamica, al\u00e9m de estabelecer direitos e deveres para os cursos de gradua\u00e7\u00e3o da Universidade) Resolu\u00e7\u00f5es gerais: 2\u00ba Per\u00edodo Especial durante a pandemia da COVID-19 1\u00ba Per\u00edodo Especial para [&hellip;]<\/p>\n","protected":false},"author":2783,"featured_media":0,"parent":158,"menu_order":0,"comment_status":"closed","ping_status":"closed","template":"","meta":{"_acf_changed":false,"footnotes":""},"class_list":["post-544","page","type-page","status-publish","hentry"],"acf":[],"_links":{"self":[{"href":"https:\/\/sociaisaplicadas.ufpr.br\/decigi\/wp-json\/wp\/v2\/pages\/544","targetHints":{"allow":["GET"]}}],"collection":[{"href":"https:\/\/sociaisaplicadas.ufpr.br\/decigi\/wp-json\/wp\/v2\/pages"}],"about":[{"href":"https:\/\/sociaisaplicadas.ufpr.br\/decigi\/wp-json\/wp\/v2\/types\/page"}],"author":[{"embeddable":true,"href":"https:\/\/sociaisaplicadas.ufpr.br\/decigi\/wp-json\/wp\/v2\/users\/2783"}],"replies":[{"embeddable":true,"href":"https:\/\/sociaisaplicadas.ufpr.br\/decigi\/wp-json\/wp\/v2\/comments?post=544"}],"version-history":[{"count":35,"href":"https:\/\/sociaisaplicadas.ufpr.br\/decigi\/wp-json\/wp\/v2\/pages\/544\/revisions"}],"predecessor-version":[{"id":6436,"href":"https:\/\/sociaisaplicadas.ufpr.br\/decigi\/wp-json\/wp\/v2\/pages\/544\/revisions\/6436"}],"up":[{"embeddable":true,"href":"https:\/\/sociaisaplicadas.ufpr.br\/decigi\/wp-json\/wp\/v2\/pages\/158"}],"wp:attachment":[{"href":"https:\/\/sociaisaplicadas.ufpr.br\/decigi\/wp-json\/wp\/v2\/media?parent=544"}],"curies":[{"name":"wp","href":"https:\/\/api.w.org\/{rel}","templated":true}]}}