{"id":546,"date":"2018-01-17T15:41:47","date_gmt":"2018-01-17T15:41:47","guid":{"rendered":"https:\/\/sociaisaplicadas.ufpr.br\/decigi\/?page_id=546"},"modified":"2024-12-10T13:02:31","modified_gmt":"2024-12-10T16:02:31","slug":"alunos-egressos","status":"publish","type":"page","link":"https:\/\/sociaisaplicadas.ufpr.br\/decigi\/para-alunos\/alunos-egressos\/","title":{"rendered":"Alunos Egressos"},"content":{"rendered":"<h5><span style=\"font-family: arial, helvetica, sans-serif;font-size: 14pt\">Solicita\u00e7\u00e3o de Ementas do Curr\u00edculo Anterior a 2019<\/span><\/h5>\n<p><span style=\"font-family: arial, helvetica, sans-serif;color: #000000\">Para obter as ementas do curso, <strong>basta localizar e baixar o arquivo na aba Gradua\u00e7\u00e3o&gt;Ementas<\/strong>. Caso n\u00e3o encontre a ementa necess\u00e1ria no referido local, envie um e-mail para <\/span><span style=\"font-family: arial, helvetica, sans-serif\"><a class=\"linkified\" href=\"mailto:decigi@ufpr.br\">decigi@ufpr.br<\/a><\/span><span style=\"font-family: arial, helvetica, sans-serif;color: #000000\"> com as seguintes informa\u00e7\u00f5es:<\/span><\/p>\n<ul>\n<li><span style=\"font-family: arial, helvetica, sans-serif;color: #000000\">Nome completo<\/span><\/li>\n<li><span style=\"font-family: arial, helvetica, sans-serif;color: #000000\">Matr\u00edcula GRR ou CPF<\/span><\/li>\n<li><span style=\"font-family: arial, helvetica, sans-serif;color: #000000\">Nome das disciplinas que deseja solicitar<\/span><\/li>\n<\/ul>\n<p><span style=\"font-family: arial, helvetica, sans-serif;color: #000000\">Obs.: As disciplinas que <strong>n\u00e3o se iniciam com o c\u00f3digo &#8220;SIN&#8221; ou &#8220;HB&#8221; n\u00e3o s\u00e3o disciplinas deste Departamento<\/strong>, portanto, devem ser solicitadas em seus respectivos departamentos.<\/span><\/p>\n<p><span style=\"font-family: arial, helvetica, sans-serif;color: #000000\">Para atendimento desta solicita\u00e7\u00e3o \u00e9 OBRIGAT\u00d3RIO enviar o HIST\u00d3RICO ESCOLAR com as disciplinas cursadas para <\/span><span style=\"font-family: arial, helvetica, sans-serif\"><a class=\"linkified\" href=\"mailto:decigi@ufpr.br\">decigi@ufpr.br<\/a><\/span><\/p>\n<p><span style=\"font-family: arial, helvetica, sans-serif;color: #000000\"><strong>Caso n\u00e3o possua o Hist\u00f3rico Escolar<\/strong>, este dever\u00e1 ser solicitado para a PROGRAD. Confira o passo a passo no <a href=\"http:\/\/www.prograd.ufpr.br\/portal\/copap\/faq-perguntas-frequentes\/\">aqui\u00a0<\/a><\/span><\/p>\n<p><span style=\"font-family: arial, helvetica, sans-serif;color: #000000\">Prazo de atendimento: 10 dias \u00fateis<\/span><\/p>\n<h5><span style=\"font-family: arial, helvetica, sans-serif;font-size: 14pt\">Sobre o curso de Biblioteconomia (antigo DEBI)<\/span><\/h5>\n<p><span style=\"font-family: arial, helvetica, sans-serif;color: #000000\">Em 22 de outubro de 1999, o Departamento de Biblioteconomia passou a ser o Departamento de Ci\u00eancia e Gest\u00e3o da Informa\u00e7\u00e3o (<\/span><span style=\"font-family: arial, helvetica, sans-serif\"><a href=\"https:\/\/sociaisaplicadas.ufpr.br\/decigi\/missao-e-visao\/\">Hist\u00f3ria<\/a><\/span><span style=\"font-family: arial, helvetica, sans-serif;color: #000000\">). Por consequ\u00eancia, o DECIGI mant\u00e9m os documentos e arquivos do antigo departamento. Caso haja necessidade de informa\u00e7\u00f5es, entre em contato pelo nosso e-mail <span style=\"font-family: arial, helvetica, sans-serif\"><a class=\"linkified\" href=\"mailto:decigi@ufpr.br\">decigi@ufpr.br<\/a><\/span>.<\/span><\/p>\n","protected":false},"excerpt":{"rendered":"<p>Solicita\u00e7\u00e3o de Ementas do Curr\u00edculo Anterior a 2019 Para obter as ementas do curso, basta localizar e baixar o arquivo na aba Gradua\u00e7\u00e3o&gt;Ementas. Caso n\u00e3o encontre a ementa necess\u00e1ria no referido local, envie um e-mail para decigi@ufpr.br com as seguintes informa\u00e7\u00f5es: Nome completo Matr\u00edcula GRR ou CPF Nome das disciplinas que deseja solicitar Obs.: As [&hellip;]<\/p>\n","protected":false},"author":2783,"featured_media":0,"parent":4096,"menu_order":0,"comment_status":"closed","ping_status":"closed","template":"","meta":{"_acf_changed":false,"footnotes":""},"class_list":["post-546","page","type-page","status-publish","hentry"],"acf":[],"_links":{"self":[{"href":"https:\/\/sociaisaplicadas.ufpr.br\/decigi\/wp-json\/wp\/v2\/pages\/546","targetHints":{"allow":["GET"]}}],"collection":[{"href":"https:\/\/sociaisaplicadas.ufpr.br\/decigi\/wp-json\/wp\/v2\/pages"}],"about":[{"href":"https:\/\/sociaisaplicadas.ufpr.br\/decigi\/wp-json\/wp\/v2\/types\/page"}],"author":[{"embeddable":true,"href":"https:\/\/sociaisaplicadas.ufpr.br\/decigi\/wp-json\/wp\/v2\/users\/2783"}],"replies":[{"embeddable":true,"href":"https:\/\/sociaisaplicadas.ufpr.br\/decigi\/wp-json\/wp\/v2\/comments?post=546"}],"version-history":[{"count":34,"href":"https:\/\/sociaisaplicadas.ufpr.br\/decigi\/wp-json\/wp\/v2\/pages\/546\/revisions"}],"predecessor-version":[{"id":10020,"href":"https:\/\/sociaisaplicadas.ufpr.br\/decigi\/wp-json\/wp\/v2\/pages\/546\/revisions\/10020"}],"up":[{"embeddable":true,"href":"https:\/\/sociaisaplicadas.ufpr.br\/decigi\/wp-json\/wp\/v2\/pages\/4096"}],"wp:attachment":[{"href":"https:\/\/sociaisaplicadas.ufpr.br\/decigi\/wp-json\/wp\/v2\/media?parent=546"}],"curies":[{"name":"wp","href":"https:\/\/api.w.org\/{rel}","templated":true}]}}