{"id":11998,"date":"2025-09-25T11:37:12","date_gmt":"2025-09-25T11:37:12","guid":{"rendered":"https:\/\/sociaisaplicadas.ufpr.br\/depecon\/?page_id=11998"},"modified":"2026-03-05T16:40:55","modified_gmt":"2026-03-05T16:40:55","slug":"informacoes","status":"publish","type":"page","link":"https:\/\/sociaisaplicadas.ufpr.br\/depecon\/informacoes\/","title":{"rendered":"Informa\u00e7\u00f5es"},"content":{"rendered":"\n<div style=\"height:30px\" aria-hidden=\"true\" class=\"wp-block-spacer\"><\/div>\n\n\n\n<ul class=\"wp-block-list\">\n<li><a href=\"https:\/\/sociaisaplicadas.ufpr.br\/depecon\/calendarios\/\" target=\"_blank\" rel=\"noreferrer noopener\">Calend\u00e1rio Acad\u00eamico<\/a><\/li>\n\n\n\n<li><a href=\"https:\/\/sociaisaplicadas.ufpr.br\/depecon\/grade-horaria-e-ensalamento-2o-semestre-2024\/\" target=\"_blank\" rel=\"noreferrer noopener\">Grade e Ensalamento<\/a><\/li>\n\n\n\n<li><a href=\"https:\/\/sociaisaplicadas.ufpr.br\/depecon\/curriculo-pleno\/\" target=\"_blank\" rel=\"noreferrer noopener\">Curr\u00edculo Pleno<\/a><\/li>\n\n\n\n<li><a href=\"https:\/\/sociaisaplicadas.ufpr.br\/depecon\/programas-das-disciplinas\/\" target=\"_blank\" rel=\"noreferrer noopener\">Programas das Disciplinas<\/a><\/li>\n\n\n\n<li><a href=\"https:\/\/sociaisaplicadas.ufpr.br\/depecon\/monografia-2\/\" target=\"_blank\" rel=\"noreferrer noopener\">Monografia<\/a><\/li>\n\n\n\n<li><a href=\"https:\/\/sociaisaplicadas.ufpr.br\/depecon\/editais\/\" target=\"_blank\" rel=\"noreferrer noopener\">Editais<\/a><\/li>\n\n\n\n<li><a href=\"https:\/\/sociaisaplicadas.ufpr.br\/depecon\/formularios\/\" target=\"_blank\" rel=\"noreferrer noopener\">Formul\u00e1rios<\/a><\/li>\n\n\n\n<li><a href=\"https:\/\/sociaisaplicadas.ufpr.br\/depecon\/ata-das-plenarias\/\" target=\"_blank\" rel=\"noreferrer noopener\">Atas das Plen\u00e1rias<\/a><\/li>\n\n\n\n<li><a href=\"https:\/\/sociaisaplicadas.ufpr.br\/depecon\/acesso-a-informacao\/\" target=\"_blank\" rel=\"noreferrer noopener\">Acesso \u00e0 Informa\u00e7\u00e3o<\/a><\/li>\n<\/ul>\n\n\n\n<p>Aten\u00e7\u00e3o: Matr\u00edculas em Disciplinas Isoladas <\/p>\n\n\n\n<p><em>09 e 10 de Mar\u00e7o &#8211; Per\u00edodo para solicita\u00e7\u00e3o de matr\u00edcula em DISCIPLINA ISOLADA (Res. 37\/97-CEPE, art. 26 a 28).<\/em><\/p>\n\n\n\n<p>O Calend\u00e1rio Acad\u00eamico prev\u00ea a realiza\u00e7\u00e3o de matr\u00edcula em\u00a0<strong>disciplinas isoladas<\/strong>\u00a0para pessoas n\u00e3o integrantes do corpo discente regular da UFPR, com Ensino M\u00e9dio conclu\u00eddo. <\/p>\n\n\n\n<p>Durante o per\u00edodo para solicita\u00e7\u00e3o de matr\u00edcula em DISCIPLINA ISOLADA previsto no Calend\u00e1rio Acad\u00eamico 2026 &#8211; RESOLU\u00c7\u00c3O N\u00ba 22\/25-CEPE, o interessado dever\u00e1 encaminhar e-mail ao departamento (depecon@ufpr.br).<\/p>\n\n\n\n<p>Cabe \u00e0 Secretaria do departamento avaliar a oferta de vagas, os documentos (RG, CPF e comprovante de conclus\u00e3o do Ensino M\u00e9dio, autenticados em c\u00f3pia PDF), bem como os requisitos para autoriza\u00e7\u00e3o da matr\u00edcula do interessado.<\/p>\n\n\n\n<p> Certificado original de conclus\u00e3o de curso superior ou o hist\u00f3rico original de curso superior podem servir como comprova\u00e7\u00e3o de conclus\u00e3o do ensino m\u00e9dio.<\/p>\n\n\n\n<p>Se atendidos os requisitos e autorizada a matr\u00edcula, o departamento encaminhar\u00e1 a solicita\u00e7\u00e3o para a PROGRAP\/COPAP, em processo SEI p\u00fablico com os documentos que contenham dados pessoais anexados, com n\u00edvel de acesso restrito e devidamente autenticados, para efetiva\u00e7\u00e3o da matr\u00edcula.\u00a0\u00a0<\/p>\n\n\n\n<p>Aten\u00e7\u00e3o aos seguintes procedimentos necess\u00e1rios para efetiva\u00e7\u00e3o da matr\u00edcula:<\/p>\n\n\n\n<p>1 &#8211; Os formul\u00e1rios devem ser devidamente preenchidos pelo interessado e assinados, com aten\u00e7\u00e3o especial aos c\u00f3digos das disciplinas e a indica\u00e7\u00e3o das turmas, informa\u00e7\u00f5es fundamentais para a realiza\u00e7\u00e3o da matr\u00edcula;<\/p>\n\n\n\n<p>2 &#8211; O discente externo pode solicitar at\u00e9 3 disciplinas isoladas por per\u00edodo (semestre\/ano);<\/p>\n\n\n\n<p>3 &#8211; Os Departamentos n\u00e3o podem conceder vagas de disciplinas\u202fisoladas \u00e0s disciplinas de Est\u00e1gio, Monografia e Trabalho de Conclus\u00e3o de Curso, bem como outras disciplinas estabelecidas pelo Colegiado, em conformidade ao Projeto Pedag\u00f3gico do curso;<\/p>\n\n\n\n<p>4 &#8211; A verifica\u00e7\u00e3o de pr\u00e9-requisitos e condi\u00e7\u00f5es de acompanhamento da disciplina por parte do aluno \u00e9 de responsabilidade da chefia dos Departamentos;<\/p>\n\n\n\n<p>5 &#8211; Para as Disciplinas\u202fIsoladas, o chefe do Departamento deve assinar os formul\u00e1rios autorizando a vaga;<\/p>\n\n\n\n<p>6 &#8211; Para as Disciplinas\u202fIsoladas, o aluno deve apresentar, al\u00e9m do formul\u00e1rio devidamente preenchido e assinado, o documento de identifica\u00e7\u00e3o RG ou CIN, o Cadastro de Pessoa F\u00edsica &#8211; CPF e o comprovante de conclus\u00e3o do Ensino M\u00e9dio autenticados (envio de c\u00f3pia PDF ao departamento;<\/p>\n\n\n\n<p>7 &#8211;\u00a0Para informa\u00e7\u00f5es sobre disciplina\u202fisolada, consultar os artigos 26 a 28 da Resolu\u00e7\u00e3o n\u00ba 37\/97-CEPE;<\/p>\n\n\n\n<p>9 &#8211; Os Departamentos dever\u00e3o utilizar somente formul\u00e1rio atualizado dispon\u00edvel no portal da PROGRAP na aba de\u00a0<a href=\"http:\/\/www.prograd.ufpr.br\/portal\/copap\/formularios\/\">Formul\u00e1rios<\/a><\/p>\n\n\n\n<p>10 &#8211; Considerando que a solicita\u00e7\u00e3o de matr\u00edculas ocorrer\u00e1 na\u202fsegunda-feira e ter\u00e7a-feira, refor\u00e7amos que sob nenhuma hip\u00f3tese ser\u00e1 prorrogado o recebimento dos documentos fora do prazo.<\/p>\n\n\n\n<div style=\"height:100px\" aria-hidden=\"true\" class=\"wp-block-spacer\"><\/div>\n","protected":false},"excerpt":{"rendered":"<p>Aten\u00e7\u00e3o: Matr\u00edculas em Disciplinas Isoladas 09 e 10 de Mar\u00e7o &#8211; Per\u00edodo para solicita\u00e7\u00e3o de matr\u00edcula em DISCIPLINA ISOLADA (Res. 37\/97-CEPE, art. 26 a 28). O Calend\u00e1rio Acad\u00eamico prev\u00ea a realiza\u00e7\u00e3o de matr\u00edcula em\u00a0disciplinas isoladas\u00a0para pessoas n\u00e3o integrantes do corpo discente regular da UFPR, com Ensino M\u00e9dio conclu\u00eddo. Durante o per\u00edodo para solicita\u00e7\u00e3o de matr\u00edcula [&hellip;]<\/p>\n","protected":false},"author":2785,"featured_media":0,"parent":0,"menu_order":0,"comment_status":"closed","ping_status":"closed","template":"","meta":{"_acf_changed":false,"footnotes":""},"class_list":["post-11998","page","type-page","status-publish","hentry"],"acf":[],"_links":{"self":[{"href":"https:\/\/sociaisaplicadas.ufpr.br\/depecon\/wp-json\/wp\/v2\/pages\/11998","targetHints":{"allow":["GET"]}}],"collection":[{"href":"https:\/\/sociaisaplicadas.ufpr.br\/depecon\/wp-json\/wp\/v2\/pages"}],"about":[{"href":"https:\/\/sociaisaplicadas.ufpr.br\/depecon\/wp-json\/wp\/v2\/types\/page"}],"author":[{"embeddable":true,"href":"https:\/\/sociaisaplicadas.ufpr.br\/depecon\/wp-json\/wp\/v2\/users\/2785"}],"replies":[{"embeddable":true,"href":"https:\/\/sociaisaplicadas.ufpr.br\/depecon\/wp-json\/wp\/v2\/comments?post=11998"}],"version-history":[{"count":7,"href":"https:\/\/sociaisaplicadas.ufpr.br\/depecon\/wp-json\/wp\/v2\/pages\/11998\/revisions"}],"predecessor-version":[{"id":13371,"href":"https:\/\/sociaisaplicadas.ufpr.br\/depecon\/wp-json\/wp\/v2\/pages\/11998\/revisions\/13371"}],"wp:attachment":[{"href":"https:\/\/sociaisaplicadas.ufpr.br\/depecon\/wp-json\/wp\/v2\/media?parent=11998"}],"curies":[{"name":"wp","href":"https:\/\/api.w.org\/{rel}","templated":true}]}}