{"id":12507,"date":"2025-10-01T17:22:25","date_gmt":"2025-10-01T17:22:25","guid":{"rendered":"https:\/\/sociaisaplicadas.ufpr.br\/depecon\/?page_id=12507"},"modified":"2025-10-01T17:36:50","modified_gmt":"2025-10-01T17:36:50","slug":"ultimas-noticias","status":"publish","type":"page","link":"https:\/\/sociaisaplicadas.ufpr.br\/depecon\/","title":{"rendered":"\u00daltimas not\u00edcias"},"content":{"rendered":"\n<div style=\"height:30px\" aria-hidden=\"true\" class=\"wp-block-spacer\"><\/div>\n\n\n<ul class=\"wp-block-latest-posts__list is-grid columns-2 has-dates has-author wp-block-latest-posts\"><li><a class=\"wp-block-latest-posts__post-title\" href=\"https:\/\/sociaisaplicadas.ufpr.br\/depecon\/2025\/11\/26\/nota-de-falecimento-2\/\">Nota de falecimento<\/a><div class=\"wp-block-latest-posts__post-author\">por Secretaria do Departamento de Economia<\/div><time datetime=\"2025-11-26T18:14:44+00:00\" class=\"wp-block-latest-posts__post-date\">26 de novembro de 2025<\/time><div class=\"wp-block-latest-posts__post-excerpt\">\u00c9 com imenso pesar que recebemos a triste not\u00edcia do falecimento da nossa aluna de gradua\u00e7\u00e3o em Ci\u00eancias Econ\u00f4micas, Vit\u00f3ria Ribeiro Porto. O Departamento e a Coordena\u00e7\u00e3o do Curso de Economia deseja paz e for\u00e7a aos familiares e amigos de Vit\u00f3ria nesse momento da mais profunda dor.<\/div><\/li>\n<li><a class=\"wp-block-latest-posts__post-title\" href=\"https:\/\/sociaisaplicadas.ufpr.br\/depecon\/2025\/10\/02\/nota-de-falecimento\/\">Nota de falecimento<\/a><div class=\"wp-block-latest-posts__post-author\">por Secretaria do Departamento de Economia<\/div><time datetime=\"2025-10-02T18:36:03+00:00\" class=\"wp-block-latest-posts__post-date\">2 de outubro de 2025<\/time><div class=\"wp-block-latest-posts__post-excerpt\">\u00c9 com imenso pesar que comunicamos o falecimento nesta manh\u00e3 do dia 02 de outubro de 2025, aos 78 anos, o Professor Luiz Vamberto de Santana, em sua resid\u00eancia e ao lado de sua esposa, tamb\u00e9m professora do Depecon, Ana L\u00facia Jansen Santana.O Professor Vamberto atuou como docente no Departamento\u2026 <a class=\"wp-block-latest-posts__read-more\" href=\"https:\/\/sociaisaplicadas.ufpr.br\/depecon\/2025\/10\/02\/nota-de-falecimento\/\" rel=\"noopener noreferrer\">Leia mais<span class=\"screen-reader-text\">: Nota de falecimento<\/span><\/a><\/div><\/li>\n<li><a class=\"wp-block-latest-posts__post-title\" href=\"https:\/\/sociaisaplicadas.ufpr.br\/depecon\/2025\/10\/01\/livro-dinamica-economica-e-o-mundo-do-trabalho-no-brasil-rural\/\">Livro Din\u00e2mica econ\u00f4mica e o mundo do trabalho no Brasil Rural<\/a><div class=\"wp-block-latest-posts__post-author\">por Departamento de Ci\u00eancias Econ\u00f4micas<\/div><time datetime=\"2025-10-01T18:13:19+00:00\" class=\"wp-block-latest-posts__post-date\">1 de outubro de 2025<\/time><div class=\"wp-block-latest-posts__post-excerpt\">Foi lan\u00e7ado recentemente&nbsp; o livro \u201cDin\u00e2mica econ\u00f4mica e o mundo do trabalho no Brasil Rural\u201d, obra organizada por Nicole Renn\u00f3 Castro do Centro de Estudos Avan\u00e7ados em Economia Aplicada&nbsp; da Universidade de S\u00e3o Paulo (CEPEA\/USP), Junior Ruiz Garcia do Grupo de Estudos em MacroEconomia Ecol\u00f3gica da Universidade Federal do Paran\u00e1\u2026 <a class=\"wp-block-latest-posts__read-more\" href=\"https:\/\/sociaisaplicadas.ufpr.br\/depecon\/2025\/10\/01\/livro-dinamica-economica-e-o-mundo-do-trabalho-no-brasil-rural\/\" rel=\"noopener noreferrer\">Leia mais<span class=\"screen-reader-text\">: Livro Din\u00e2mica econ\u00f4mica e o mundo do trabalho no Brasil Rural<\/span><\/a><\/div><\/li>\n<li><a class=\"wp-block-latest-posts__post-title\" href=\"https:\/\/sociaisaplicadas.ufpr.br\/depecon\/2025\/10\/01\/teste\/\">Economia Ecol\u00f3gica na Am\u00e9rica Latina<\/a><div class=\"wp-block-latest-posts__post-author\">por Departamento de Ci\u00eancias Econ\u00f4micas<\/div><time datetime=\"2025-10-01T17:25:16+00:00\" class=\"wp-block-latest-posts__post-date\">1 de outubro de 2025<\/time><div class=\"wp-block-latest-posts__post-excerpt\">\u00c9 com alegria que apresentamos o livro \u201cEconomia Ecol\u00f3gica na Am\u00e9rica Latina\u201d, organizado por Junior Ruiz Garcia e publicado pelo GEMAECO\/UFPR em formato digital e gratuito, em portugu\u00eas e espanhol. A obra re\u00fane pesquisadores (Aleida Azamar Alonso, Daniel Caixeta Andrade, Daniela Guerra Basedas, Federico Zuberman, Ivannia Bola\u00f1os Herrera, Jos\u00e9 Carlos\u2026 <a class=\"wp-block-latest-posts__read-more\" href=\"https:\/\/sociaisaplicadas.ufpr.br\/depecon\/2025\/10\/01\/teste\/\" rel=\"noopener noreferrer\">Leia mais<span class=\"screen-reader-text\">: Economia Ecol\u00f3gica na Am\u00e9rica Latina<\/span><\/a><\/div><\/li>\n<\/ul>\n\n\n<div style=\"height:50px\" aria-hidden=\"true\" class=\"wp-block-spacer\"><\/div>\n","protected":false},"excerpt":{"rendered":"","protected":false},"author":2785,"featured_media":0,"parent":0,"menu_order":0,"comment_status":"closed","ping_status":"closed","template":"","meta":{"_acf_changed":false,"footnotes":""},"class_list":["post-12507","page","type-page","status-publish","hentry"],"acf":[],"_links":{"self":[{"href":"https:\/\/sociaisaplicadas.ufpr.br\/depecon\/wp-json\/wp\/v2\/pages\/12507","targetHints":{"allow":["GET"]}}],"collection":[{"href":"https:\/\/sociaisaplicadas.ufpr.br\/depecon\/wp-json\/wp\/v2\/pages"}],"about":[{"href":"https:\/\/sociaisaplicadas.ufpr.br\/depecon\/wp-json\/wp\/v2\/types\/page"}],"author":[{"embeddable":true,"href":"https:\/\/sociaisaplicadas.ufpr.br\/depecon\/wp-json\/wp\/v2\/users\/2785"}],"replies":[{"embeddable":true,"href":"https:\/\/sociaisaplicadas.ufpr.br\/depecon\/wp-json\/wp\/v2\/comments?post=12507"}],"version-history":[{"count":11,"href":"https:\/\/sociaisaplicadas.ufpr.br\/depecon\/wp-json\/wp\/v2\/pages\/12507\/revisions"}],"predecessor-version":[{"id":12555,"href":"https:\/\/sociaisaplicadas.ufpr.br\/depecon\/wp-json\/wp\/v2\/pages\/12507\/revisions\/12555"}],"wp:attachment":[{"href":"https:\/\/sociaisaplicadas.ufpr.br\/depecon\/wp-json\/wp\/v2\/media?parent=12507"}],"curies":[{"name":"wp","href":"https:\/\/api.w.org\/{rel}","templated":true}]}}