{"id":127,"date":"2017-02-08T22:20:10","date_gmt":"2017-02-08T22:20:10","guid":{"rendered":"https:\/\/sociaisaplicadas.ufpr.br\/depecon\/?page_id=127"},"modified":"2025-09-25T13:06:12","modified_gmt":"2025-09-25T13:06:12","slug":"apresentacao","status":"publish","type":"page","link":"https:\/\/sociaisaplicadas.ufpr.br\/depecon\/apresentacao\/","title":{"rendered":"Apresenta\u00e7\u00e3o"},"content":{"rendered":"\n<div style=\"height:30px\" aria-hidden=\"true\" class=\"wp-block-spacer\"><\/div>\n\n\n\n<h2 class=\"wp-block-heading\">Livro em comemora\u00e7\u00e3o aos 75 anos do Departamento de Economia da Universidade Federal do Paran\u00e1:&nbsp;<a href=\"https:\/\/sociaisaplicadas.ufpr.br\/depecon\/wp-content\/uploads\/sites\/6\/2022\/05\/DEPECON-UFPR-75-anos.pdf\" target=\"_blank\" rel=\"noopener\">O BRASIL NO S\u00c9CULO XXI<\/a><\/h2>\n\n\n\n<div style=\"height:30px\" aria-hidden=\"true\" class=\"wp-block-spacer\"><\/div>\n\n\n\n<p>O Departamento de Economia (DEPECON) \u00e9 a unidade administrativa respons\u00e1vel pela elabora\u00e7\u00e3o das normas e acompanhamento do plano de atividades a ser executado pelos professores, relacionadas ao ensino, pesquisa e extens\u00e3o. Cabe tamb\u00e9m ao Departamento o cumprimento das normas regimentais estabelecidas pelos \u00f3rg\u00e3os colegiados da UFPR.<\/p>\n\n\n\n<p>O <a href=\"http:\/\/www.contabeis.ufpr.br\/Regimento_Geral_UFPR.pdf\">Regimento Geral da Universidade Federal do Paran\u00e1<\/a> disp\u00f5e no Cap\u00edtulo III informa\u00e7\u00f5es sobre a atua\u00e7\u00e3o dos Departamentos.<\/p>\n\n\n\n<p>Art. 38. Na forma que dispuser o regimento setorial, os departamentos poder\u00e3o deliberar em plen\u00e1rio ou c\u00e2mara, constitu\u00edda esta, pelo menos, de um representante de cada classe docente e de cada curso vinculado ao departamento, al\u00e9m de respectivo representante discente, na propor\u00e7\u00e3o de um quinto do total de membros, desprezada a fra\u00e7\u00e3o, com mandato anual, permitida uma recondu\u00e7\u00e3o, observado o disposto no art. 63 (Renumerado pelo art. 4\u00ba da Resolu\u00e7\u00e3o n\u00ba 14\/03-COUN, de 21 de maio de 2003).<\/p>\n\n\n\n<p>Art. 39. Compete ao departamento:<br>I- elaborar normas de trabalho, distribuindo entre seus membros os encargos de ensino, pesquisa e extens\u00e3o;<br>II- elaborar proposta or\u00e7ament\u00e1ria;<br>III- elaborar os planos de ensino, atendidas as diretrizes fixadas pelos colegiados de curso, e propor a inclus\u00e3o, modifica\u00e7\u00e3o ou exclus\u00e3o de disciplinas;<br>IV- elaborar lista de nomes para comiss\u00f5es julgadoras de concurso, apreciar os respectivos pareceres e propor admiss\u00e3o de professores;<br>V- aprovar os programas das disciplinas e designar professores;<br>VI- promover o desenvolvimento da pesquisa e sua articula\u00e7\u00e3o com o ensino;<br>VII- propor a admiss\u00e3o, relota\u00e7\u00e3o ou afastamento dos professores e demais servidores, bem como o regime de trabalho a ser observado;<br>VIII- eleger representantes nos colegiados de curso e na c\u00e2mara do departamento;<br>IX- cumprir as determina\u00e7\u00f5es dos \u00f3rg\u00e3os da administra\u00e7\u00e3o e cooperar com os servi\u00e7os de ensino e pesquisa;<br>X- aprovar a escala anual de f\u00e9rias de docentes e servidores;<br>XI- instituir programa\u00e7\u00e3o supletiva para recupera\u00e7\u00e3o de alunos, bem como tratamento excepcional nos casos previstos em lei;<br>XII- instaurar procedimento e propor aplica\u00e7\u00e3o de pena disciplinar;<br>XIII- fiscalizar a execu\u00e7\u00e3o dos programas e a realiza\u00e7\u00e3o dos trabalhos escolares, inclu\u00eddos os est\u00e1gios, promovendo a recupera\u00e7\u00e3o de cr\u00e9ditos, quando necess\u00e1rio;<br>XIV- decidir pedido de revis\u00e3o de prova, na forma do regimento setorial; e<br>XV- exercer outras atribui\u00e7\u00f5es previstas em lei, regulamento ou regimento.<br>Par\u00e1grafo \u00fanico. S\u00e3o privativas do plen\u00e1rio as atribui\u00e7\u00f5es dos incisos IV, VIII e XII, deste artigo, e as seguintes:<br>I- propor a destitui\u00e7\u00e3o do chefe e suplente do departamento;<br>II- sugerir ao conselho setorial ou aos colegiados de curso medidas destinadas ao aperfei\u00e7oamento do ensino.<\/p>\n\n\n\n<p>Art. 40. A chefia e supl\u00eancia caber\u00e3o a ocupantes de cargos da carreira de magist\u00e9rio em exerc\u00edcio, eleitos, em elei\u00e7\u00f5es diretas e secretas, por professores, estudantes e funcion\u00e1rios, nos termos de resolu\u00e7\u00e3o pr\u00f3pria do Conselho Universit\u00e1rio, para um per\u00edodo de dois anos, podendo ser reconduzidos uma vez.<br>\u00a7 1\u00ba O chefe nas suas faltas e impedimentos ser\u00e1 substitu\u00eddo pelo suplente e, na aus\u00eancia deste, pelo professor do departamento mais antigo no magist\u00e9rio.<br>\u00a7 2\u00ba O chefe e suplente perder\u00e3o seus mandatos mediante voto secreto de dois ter\u00e7os dos membros que comp\u00f5em o departamento, nas infra\u00e7\u00f5es apuradas em processo administrativo.<br>\u00a7 3\u00ba O chefe de departamento exercer\u00e1 o cargo em regime de tempo integral, com ou sem dedica\u00e7\u00e3o exclusiva.<br>\u00a7 4\u00ba \u00c9 vedada a acumula\u00e7\u00e3o das fun\u00e7\u00f5es de chefe de departamento com quaisquer outras de dire\u00e7\u00e3o ou de representa\u00e7\u00e3o em \u00f3rg\u00e3os colegiados superiores da Universidade. (Inclu\u00eddo pelo art. 10 da Resolu\u00e7\u00e3o n\u00ba 07\/97-COUN, de 4 de julho de 1997).<\/p>\n\n\n\n<p>Art. 41. Compete ao chefe do departamento:<br>I- administrar e superintender as atividades do departamento;<br>II- cumprir as determina\u00e7\u00f5es dos \u00f3rg\u00e3os da administra\u00e7\u00e3o e cooperar com os servi\u00e7os de ensino e pesquisa;<br>III- supervisionar a elabora\u00e7\u00e3o da proposta or\u00e7ament\u00e1ria, bem como dos respectivos planos de trabalho;<br>IV- apresentar ao diretor relat\u00f3rio semestral das atividades do departamento;<br>V- participar do conselho setorial;<br>VI- convocar e presidir as reuni\u00f5es de plen\u00e1rio e c\u00e2mara, com direito a voto, inclusive o de qualidade;<br>VII- zelar pela efici\u00eancia do ensino e da pesquisa;<br>VIII- fiscalizar a freq\u00fc\u00eancia dos docentes e dos servidores t\u00e9cnico-administrativos, encaminhando boletins mensais ao diretor;<br>IX- requisitar material permanente e de consumo;<br>X- instaurar procedimento e propor a aplica\u00e7\u00e3o de pena disciplinar; e<br>XI- exercer outras atribui\u00e7\u00f5es previstas em lei, regulamento ou regimento.<\/p>\n\n\n\n<p>Art. 42. Em cada departamento haver\u00e1 uma se\u00e7\u00e3o de expediente respons\u00e1vel pela execu\u00e7\u00e3o dos servi\u00e7os administrativos, subordinada \u00e0 chefia e entrosada com a secretaria geral do setor e coordena\u00e7\u00f5es de curso.<\/p>\n\n\n\n<p>Responsabilidades dos T\u00e9cnicos Administrativos em Educa\u00e7\u00e3o:<\/p>\n\n\n\n<p><strong>Descri\u00e7\u00e3o:<\/strong> planejar, orientar e executar atividades pertinentes \u00e0 administra\u00e7\u00e3o em seus v\u00e1rios segmentos, dando suporte administrativo e t\u00e9cnico \u00e0 chefia da unidade e promovendo contatos com os diversos setores da entidade e terceiros.<\/p>\n\n\n\n<p><strong>Atividades:<\/strong> orientar a execu\u00e7\u00e3o dos trabalhos ou atividades do setor. Manter-se esclarecido e atualizado sobre a aplica\u00e7\u00e3o de leis, normas e regulamentos, referentes \u00e0 administra\u00e7\u00e3o geral e espec\u00edfica, bem como prestar informa\u00e7\u00f5es e orienta\u00e7\u00f5es no \u00e2mbito da institui\u00e7\u00e3o. Assistir a chefia no levantamento e distribui\u00e7\u00e3o dos servi\u00e7os administrativos da unidade. Executar atividades de complexidade mediana, tais como o estudo e an\u00e1lise de processo de interesse geral ou espec\u00edfico do setor, bem como acompanhar sua tramita\u00e7\u00e3o. Participar na elabora\u00e7\u00e3o de projetos referentes \u00e0 melhoria dos servi\u00e7os do setor ou da Institui\u00e7\u00e3o. Redigir atos administrativos e documentos da unidade. Expedir documentos e verificar suas tramita\u00e7\u00f5es. Manter contatos internos e\/ou externos para discutir ou estudar assuntos relacionados com outros setores e problemas de natureza t\u00e9cnica, legal ou financeira, que sejam de interesse da institui\u00e7\u00e3o. Controlar o material de consumo e permanente da unidade e providenciar sua reposi\u00e7\u00e3o, manuten\u00e7\u00e3o ou compra. Organizar material de consulta da unidade, tais como: leis, regulamentos, normas, manuais, livros e outros documentos. Organizar e manter arquivos e fich\u00e1rios da unidade. Organizar e acompanhar o sistema de recebimento e divulga\u00e7\u00e3o das comunica\u00e7\u00f5es verbais e n\u00e3o-verbais do setor. Planejar, propor e executar atividades de complexidade mediana, relativas \u00e0 administra\u00e7\u00e3o de recursos humanos, financeiros e or\u00e7ament\u00e1rios. Participar, mediante supervis\u00e3o e orienta\u00e7\u00e3o, dos trabalhos de ocorr\u00eancias ou tomada de pre\u00e7os para a aquisi\u00e7\u00e3o de material, redigindo atas, termos de ajuste e contratos correspondentes. Minutar contratos para fornecimento de material. Auxiliar a chefia em assuntos de sua compet\u00eancia. Auxiliar a chefia no controle de frequ\u00eancia e escala de f\u00e9rias do pessoal da unidade. Auxiliar na elabora\u00e7\u00e3o de relat\u00f3rios e projetos da unidade. Auxiliar na prepara\u00e7\u00e3o e controle do or\u00e7amento geral da unidade. Manter registro e controle do patrim\u00f4nio da unidade. Datilografar documentos da unidade, quando necess\u00e1rio. Providenciar levantamento de dados administrativos e estat\u00edsticos. Participar, direta ou indiretamente, de servi\u00e7os relacionados \u00e0s verbas, processos e conv\u00eanios. Efetuar c\u00e1lculos necess\u00e1rios. Secretariar reuni\u00f5es e outros eventos (convoca\u00e7\u00e3o, reda\u00e7\u00e3o de atas, providenciar salas etc.). Executar outras tarefas de mesma natureza e n\u00edvel de dificuldade.<\/p>\n\n\n\n<p>Conhecimentos necess\u00e1rios para execu\u00e7\u00e3o das atribui\u00e7\u00f5es dos Departamentos&nbsp;Acad\u00eamicos:<\/p>\n\n\n\n<ul class=\"wp-block-list\">\n<li>Conhecimentos de Legisla\u00e7\u00e3o; <\/li>\n\n\n\n<li>Estatuto da Universidade Federal do Paran\u00e1;\u00a0<\/li>\n\n\n\n<li>Regimento Geral da Universidade Federal do Paran\u00e1;\u00a0<\/li>\n\n\n\n<li>Regimento do respectivo Setor;\u00a0<\/li>\n\n\n\n<li>Resolu\u00e7\u00e3o que estabelece o Calend\u00e1rio Escolar;\u00a0<\/li>\n\n\n\n<li>Normas B\u00e1sicas de Controle e Registro da Atividade Acad\u00eamica dos Cursos\u00a0de Gradua\u00e7\u00e3o da UFPR;\u00a0<\/li>\n\n\n\n<li>Normas dos Regimes de Trabalho e Atividades dos Docentes da Carreira do Magist\u00e9rio Superior da UFPR;\u00a0<\/li>\n\n\n\n<li>Normas para o afastamento de docentes da UFPR;\u00a0<\/li>\n\n\n\n<li>Normas de concurso p\u00fablico para a carreira do magist\u00e9rio superior da\u00a0UFPR e Teste Seletivo para Professor Substituto;\u00a0<\/li>\n\n\n\n<li>Normas para a presta\u00e7\u00e3o de servi\u00e7os na UFPR;\u00a0<\/li>\n\n\n\n<li>Normas para execu\u00e7\u00e3o do Programa de Bolsa-Extens\u00e3o da UFPR;\u00a0<\/li>\n\n\n\n<li>Programa de distribui\u00e7\u00e3o de bolsas acad\u00eamicas;\u00a0<\/li>\n\n\n\n<li>Normas para o Programa Monitoria da UFPR;\u00a0<\/li>\n\n\n\n<li>Normas para institui\u00e7\u00e3o do Programa de Professor S\u00eanior da UFPR;\u00a0<\/li>\n\n\n\n<li>Regime Jur\u00eddico \u00danico;\u00a0<\/li>\n\n\n\n<li>Conhecimentos de Inform\u00e1tica\u00a0(Sistema Operacional;\u00a0Editor de Texto;\u00a0Planilha Eletr\u00f4nica;\u00a0Internet e Intranet).<\/li>\n<\/ul>\n\n\n\n<p>Conhecimentos de Sistemas Administrativos:<\/p>\n\n\n\n<ul class=\"wp-block-list\">\n<li>Sistema Informa\u00e7\u00e3o para o Ensino \u2013 SIE;<\/li>\n\n\n\n<li>Sistema Administrativo \u2013 SIAD;<\/li>\n\n\n\n<li>Sistema Eletr\u00f4nico de Informa\u00e7\u00f5es &#8211; SEI.<\/li>\n<\/ul>\n\n\n\n<p>Conhecimentos Espec\u00edficos:\u00a0<\/p>\n\n\n\n<ul class=\"wp-block-list\">\n<li>Atendimento ao p\u00fablico; <\/li>\n\n\n\n<li>Atendimento telef\u00f4nico; <\/li>\n\n\n\n<li>Conhecer as atividades do departamento e sua capacidade; <\/li>\n\n\n\n<li>Reda\u00e7\u00e3o oficial; <\/li>\n\n\n\n<li>Rela\u00e7\u00e3o interpessoal; <\/li>\n\n\n\n<li>T\u00e9cnicas de arquivo.<\/li>\n<\/ul>\n\n\n\n<div style=\"height:20px\" aria-hidden=\"true\" class=\"wp-block-spacer\"><\/div>\n\n\n\n<p>\u00daltima atualiza\u00e7\u00e3o: 25 de setembro de\u00a02025, por Junior Ruiz Garcia.<\/p>\n\n\n\n<div style=\"height:100px\" aria-hidden=\"true\" class=\"wp-block-spacer\"><\/div>\n","protected":false},"excerpt":{"rendered":"<p>Livro em comemora\u00e7\u00e3o aos 75 anos do Departamento de Economia da Universidade Federal do Paran\u00e1:&nbsp;O BRASIL NO S\u00c9CULO XXI O Departamento de Economia (DEPECON) \u00e9 a unidade administrativa respons\u00e1vel pela elabora\u00e7\u00e3o das normas e acompanhamento do plano de atividades a ser executado pelos professores, relacionadas ao ensino, pesquisa e extens\u00e3o. Cabe tamb\u00e9m ao Departamento o [&hellip;]<\/p>\n","protected":false},"author":2785,"featured_media":0,"parent":0,"menu_order":0,"comment_status":"closed","ping_status":"closed","template":"","meta":{"_acf_changed":false,"footnotes":""},"class_list":["post-127","page","type-page","status-publish","hentry"],"acf":[],"_links":{"self":[{"href":"https:\/\/sociaisaplicadas.ufpr.br\/depecon\/wp-json\/wp\/v2\/pages\/127","targetHints":{"allow":["GET"]}}],"collection":[{"href":"https:\/\/sociaisaplicadas.ufpr.br\/depecon\/wp-json\/wp\/v2\/pages"}],"about":[{"href":"https:\/\/sociaisaplicadas.ufpr.br\/depecon\/wp-json\/wp\/v2\/types\/page"}],"author":[{"embeddable":true,"href":"https:\/\/sociaisaplicadas.ufpr.br\/depecon\/wp-json\/wp\/v2\/users\/2785"}],"replies":[{"embeddable":true,"href":"https:\/\/sociaisaplicadas.ufpr.br\/depecon\/wp-json\/wp\/v2\/comments?post=127"}],"version-history":[{"count":48,"href":"https:\/\/sociaisaplicadas.ufpr.br\/depecon\/wp-json\/wp\/v2\/pages\/127\/revisions"}],"predecessor-version":[{"id":12101,"href":"https:\/\/sociaisaplicadas.ufpr.br\/depecon\/wp-json\/wp\/v2\/pages\/127\/revisions\/12101"}],"wp:attachment":[{"href":"https:\/\/sociaisaplicadas.ufpr.br\/depecon\/wp-json\/wp\/v2\/media?parent=127"}],"curies":[{"name":"wp","href":"https:\/\/api.w.org\/{rel}","templated":true}]}}