{"id":152,"date":"2017-02-08T22:42:27","date_gmt":"2017-02-08T22:42:27","guid":{"rendered":"https:\/\/sociaisaplicadas.ufpr.br\/depecon\/?page_id=152"},"modified":"2025-09-25T17:32:47","modified_gmt":"2025-09-25T17:32:47","slug":"curriculo-pleno","status":"publish","type":"page","link":"https:\/\/sociaisaplicadas.ufpr.br\/depecon\/curriculo-pleno\/","title":{"rendered":"Curr\u00edculo Pleno &#8211; Curso de Gradua\u00e7\u00e3o em Ci\u00eancias Econ\u00f4micas"},"content":{"rendered":"\n<div style=\"height:30px\" aria-hidden=\"true\" class=\"wp-block-spacer\"><\/div>\n\n\n\n<h5 class=\"wp-block-heading\">A partir de <strong>2022<\/strong><\/h5>\n\n\n\n<div style=\"height:20px\" aria-hidden=\"true\" class=\"wp-block-spacer\"><\/div>\n\n\n\n<p><a href=\"https:\/\/sociaisaplicadas.ufpr.br\/depecon\/wp-content\/uploads\/sites\/6\/2022\/11\/Minuta-Resolu\u00e7\u00e3o-CEPE-que-Fixa-o-Curr\u00edculo-Pleno-Turno-Matutino.pdf\" target=\"_blank\" rel=\"noopener\">Curso de Gradua\u00e7\u00e3o em Ci\u00eancias Econ\u00f4micas &#8211; Diurno<\/a><\/p>\n\n\n\n<p><a href=\"https:\/\/sociaisaplicadas.ufpr.br\/depecon\/wp-content\/uploads\/sites\/6\/2022\/11\/Minuta-Resolu\u00e7\u00e3o-CEPE-que-Fixa-o-Curr\u00edculo-Pleno-Turno-Noturno.pdf\" target=\"_blank\" rel=\"noopener\">Curso de Gradua\u00e7\u00e3o em Ci\u00eancias Econ\u00f4micas &#8211; Noturno<\/a><\/p>\n\n\n\n<div style=\"height:30px\" aria-hidden=\"true\" class=\"wp-block-spacer\"><\/div>\n\n\n\n<h5 class=\"wp-block-heading\">At\u00e9 <strong>2021<\/strong><\/h5>\n\n\n\n<div style=\"height:20px\" aria-hidden=\"true\" class=\"wp-block-spacer\"><\/div>\n\n\n\n<p><a href=\"https:\/\/sociaisaplicadas.ufpr.br\/depecon\/wp-content\/uploads\/sites\/6\/2022\/11\/Curriculo-Pleno-Diurno-atualizado-01.09.pdf\" target=\"_blank\" rel=\"noopener\">Curso de Gradua\u00e7\u00e3o em Ci\u00eancias Econ\u00f4micas &#8211; Diurno 64<\/a><\/p>\n\n\n\n<p><a href=\"https:\/\/sociaisaplicadas.ufpr.br\/depecon\/wp-content\/uploads\/sites\/6\/2022\/11\/Curriculo-Pleno-Noturno-atualizado-01.09.pdf\" target=\"_blank\" rel=\"noopener\">Curso de Gradua\u00e7\u00e3o em Ci\u00eancias Econ\u00f4micas &#8211; Noturno 65<\/a><\/p>\n\n\n\n<p>&nbsp;<\/p>\n\n\n\n<p>\u00daltima atualiza\u00e7\u00e3o: 04\/11\/2022, por Jaqueline.<\/p>\n","protected":false},"excerpt":{"rendered":"<p>A partir de 2022 Curso de Gradua\u00e7\u00e3o em Ci\u00eancias Econ\u00f4micas &#8211; Diurno Curso de Gradua\u00e7\u00e3o em Ci\u00eancias Econ\u00f4micas &#8211; Noturno At\u00e9 2021 Curso de Gradua\u00e7\u00e3o em Ci\u00eancias Econ\u00f4micas &#8211; Diurno 64 Curso de Gradua\u00e7\u00e3o em Ci\u00eancias Econ\u00f4micas &#8211; Noturno 65 &nbsp; \u00daltima atualiza\u00e7\u00e3o: 04\/11\/2022, por Jaqueline.<\/p>\n","protected":false},"author":2785,"featured_media":0,"parent":0,"menu_order":0,"comment_status":"closed","ping_status":"closed","template":"","meta":{"_acf_changed":false,"footnotes":""},"class_list":["post-152","page","type-page","status-publish","hentry"],"acf":[],"_links":{"self":[{"href":"https:\/\/sociaisaplicadas.ufpr.br\/depecon\/wp-json\/wp\/v2\/pages\/152","targetHints":{"allow":["GET"]}}],"collection":[{"href":"https:\/\/sociaisaplicadas.ufpr.br\/depecon\/wp-json\/wp\/v2\/pages"}],"about":[{"href":"https:\/\/sociaisaplicadas.ufpr.br\/depecon\/wp-json\/wp\/v2\/types\/page"}],"author":[{"embeddable":true,"href":"https:\/\/sociaisaplicadas.ufpr.br\/depecon\/wp-json\/wp\/v2\/users\/2785"}],"replies":[{"embeddable":true,"href":"https:\/\/sociaisaplicadas.ufpr.br\/depecon\/wp-json\/wp\/v2\/comments?post=152"}],"version-history":[{"count":18,"href":"https:\/\/sociaisaplicadas.ufpr.br\/depecon\/wp-json\/wp\/v2\/pages\/152\/revisions"}],"predecessor-version":[{"id":12207,"href":"https:\/\/sociaisaplicadas.ufpr.br\/depecon\/wp-json\/wp\/v2\/pages\/152\/revisions\/12207"}],"wp:attachment":[{"href":"https:\/\/sociaisaplicadas.ufpr.br\/depecon\/wp-json\/wp\/v2\/media?parent=152"}],"curies":[{"name":"wp","href":"https:\/\/api.w.org\/{rel}","templated":true}]}}