{"id":19,"date":"2017-02-08T19:59:15","date_gmt":"2017-02-08T19:59:15","guid":{"rendered":"https:\/\/sociaisaplicadas.ufpr.br\/depecon\/?page_id=19"},"modified":"2025-09-25T17:08:06","modified_gmt":"2025-09-25T17:08:06","slug":"pos-graduacao","status":"publish","type":"page","link":"https:\/\/sociaisaplicadas.ufpr.br\/depecon\/pos-graduacao\/","title":{"rendered":"P\u00f3s-gradua\u00e7\u00e3o"},"content":{"rendered":"\n<div style=\"height:20px\" aria-hidden=\"true\" class=\"wp-block-spacer\"><\/div>\n\n\n\n<h4 class=\"wp-block-heading\"><strong>Mestrado e Doutorado Acad\u00eamico<\/strong><\/h4>\n\n\n\n<div style=\"height:20px\" aria-hidden=\"true\" class=\"wp-block-spacer\"><\/div>\n\n\n\n<h5 class=\"wp-block-heading\"><strong><a href=\"http:\/\/www.prppg.ufpr.br\/site\/ppgde\/\" target=\"_blank\" rel=\"noreferrer noopener\">Programa de P\u00f3s-gradua\u00e7\u00e3o em Desenvolvimento Econ\u00f4mico \u2013 PPGDE<\/a><\/strong><\/h5>\n\n\n\n<h5 class=\"wp-block-heading\"><strong><a href=\"http:\/\/politicaspublicas.weebly.com\/\" target=\"_blank\" rel=\"noreferrer noopener\">Programa de P\u00f3s-gradua\u00e7\u00e3o em Pol\u00edticas P\u00fablicas \u2013 4P<\/a><\/strong><\/h5>\n\n\n\n<div style=\"height:20px\" aria-hidden=\"true\" class=\"wp-block-spacer\"><\/div>\n\n\n\n<h4 class=\"wp-block-heading\"><strong>Mestrado Profissional<\/strong><\/h4>\n\n\n\n<div style=\"height:20px\" aria-hidden=\"true\" class=\"wp-block-spacer\"><\/div>\n\n\n\n<h5 class=\"wp-block-heading\"><a href=\"http:\/\/www.prppg.ufpr.br\/site\/ppgecon\/\" target=\"_blank\" rel=\"noreferrer noopener\"><strong>Programa Profissional de P\u00f3s-gradua\u00e7\u00e3o em Economia (PPGEcon)<\/strong><\/a><\/h5>\n\n\n\n<div style=\"height:100px\" aria-hidden=\"true\" class=\"wp-block-spacer\"><\/div>\n","protected":false},"excerpt":{"rendered":"<p>Mestrado e Doutorado Acad\u00eamico Programa de P\u00f3s-gradua\u00e7\u00e3o em Desenvolvimento Econ\u00f4mico \u2013 PPGDE Programa de P\u00f3s-gradua\u00e7\u00e3o em Pol\u00edticas P\u00fablicas \u2013 4P Mestrado Profissional Programa Profissional de P\u00f3s-gradua\u00e7\u00e3o em Economia (PPGEcon)<\/p>\n","protected":false},"author":2785,"featured_media":0,"parent":0,"menu_order":0,"comment_status":"closed","ping_status":"closed","template":"","meta":{"_acf_changed":false,"footnotes":""},"class_list":["post-19","page","type-page","status-publish","hentry"],"acf":[],"_links":{"self":[{"href":"https:\/\/sociaisaplicadas.ufpr.br\/depecon\/wp-json\/wp\/v2\/pages\/19","targetHints":{"allow":["GET"]}}],"collection":[{"href":"https:\/\/sociaisaplicadas.ufpr.br\/depecon\/wp-json\/wp\/v2\/pages"}],"about":[{"href":"https:\/\/sociaisaplicadas.ufpr.br\/depecon\/wp-json\/wp\/v2\/types\/page"}],"author":[{"embeddable":true,"href":"https:\/\/sociaisaplicadas.ufpr.br\/depecon\/wp-json\/wp\/v2\/users\/2785"}],"replies":[{"embeddable":true,"href":"https:\/\/sociaisaplicadas.ufpr.br\/depecon\/wp-json\/wp\/v2\/comments?post=19"}],"version-history":[{"count":28,"href":"https:\/\/sociaisaplicadas.ufpr.br\/depecon\/wp-json\/wp\/v2\/pages\/19\/revisions"}],"predecessor-version":[{"id":12172,"href":"https:\/\/sociaisaplicadas.ufpr.br\/depecon\/wp-json\/wp\/v2\/pages\/19\/revisions\/12172"}],"wp:attachment":[{"href":"https:\/\/sociaisaplicadas.ufpr.br\/depecon\/wp-json\/wp\/v2\/media?parent=19"}],"curies":[{"name":"wp","href":"https:\/\/api.w.org\/{rel}","templated":true}]}}