{"id":251,"date":"2023-12-06T06:31:44","date_gmt":"2023-12-06T06:31:44","guid":{"rendered":"https:\/\/sociaisaplicadas.ufpr.br\/depecon\/?page_id=251"},"modified":"2026-04-17T13:12:53","modified_gmt":"2026-04-17T13:12:53","slug":"notas","status":"publish","type":"page","link":"https:\/\/sociaisaplicadas.ufpr.br\/depecon\/notas\/","title":{"rendered":"Editais de Notas e Frequ\u00eancia das Disciplinas"},"content":{"rendered":"\n<h5>Disciplinas Obrigat\u00f3rias<\/h5>\n<p>\u00a0<\/p>\n<h3><strong><span style=\"font-size: 12pt\">SE599A Introdu\u00e7\u00e3o \u00e0 Extens\u00e3o Universit\u00e1ria<\/span><\/strong><\/h3>\n<p><span style=\"font-size: 12pt\">Diurno:<\/span><\/p>\n<p><span style=\"font-size: 12pt\">Noturno:<\/span><\/p>\n<h3><strong><span style=\"font-size: 12pt\">SE600 Introdu\u00e7\u00e3o \u00e0 Economia<\/span><\/strong><\/h3>\n<p><span style=\"font-size: 12pt\">Diurno:<\/span><\/p>\n<p><span style=\"font-size: 12pt\">Noturno:<\/span><\/p>\n<h3><strong><span style=\"font-size: 12pt\">SE601 Economia e Direito<\/span><\/strong><\/h3>\n<p><span style=\"font-size: 12pt\">Diurno:<\/span><\/p>\n<p>Noturno:<\/p>\n<h3><strong><span style=\"font-size: 12pt\">SE602 Hist\u00f3ria Econ\u00f4mica Geral<\/span><\/strong><\/h3>\n<p><span style=\"font-size: 12pt\">Diurno:<\/span><\/p>\n<p>Edital de notas \u2013 Turma D e E<\/p>\n<p><span style=\"font-size: 12pt\">Noturno:<\/span><\/p>\n<h3><strong><span style=\"font-size: 12pt\">SE603 An\u00e1lise de Investimentos<\/span><\/strong><\/h3>\n<p><span style=\"font-size: 12pt\">Diurno:<\/span><\/p>\n<p>Edital de notas \u2013 Turma D<\/p>\n<p>Edital de notas \u2013 Turma E<\/p>\n<p><span style=\"font-size: 12pt\">Noturno:<\/span><\/p>\n<h3><strong><span style=\"font-size: 12pt\">SE603A An\u00e1lise de Investimentos<\/span><\/strong><\/h3>\n<p><span style=\"font-size: 12pt\">Diurno:<\/span><\/p>\n<p>Edital de notas &#8211; Turmas\u00a0 D<\/p>\n<p>Edital de notas &#8211; Turmas\u00a0 E<\/p>\n<p><span style=\"font-size: 12pt\">Noturno:<\/span><\/p>\n<h3><span style=\"font-size: 12pt\"><strong><span class=\"TextRun SCXW14235960 BCX0\" lang=\"PT-BR\" xml:lang=\"PT-BR\"><span class=\"NormalTextRun SCXW14235960 BCX0\">SE604\u00a0Forma\u00e7\u00e3o Econ\u00f4mica do Brasil<\/span><\/span><\/strong><\/span><\/h3>\n<p><span style=\"font-size: 12pt\">Diurno:<\/span><\/p>\n<p><span style=\"font-size: 12pt\">Noturno:<\/span><\/p>\n<p><span style=\"font-size: 12pt\">Edital de notas &#8211; Turma N e P<\/span><\/p>\n<h3><strong><span style=\"font-size: 12pt\">SE605 Economia Matem\u00e1tica<\/span><\/strong><\/h3>\n<p><span style=\"font-size: 12pt\">Diurno:<\/span><\/p>\n<p><span style=\"font-size: 12pt\">Edital de Notas &#8211; Turma D<\/span><\/p>\n<p><span style=\"font-size: 12pt\">Edital de Notas &#8211; Turma E<\/span><\/p>\n<p><span style=\"font-size: 12pt\">Noturno:<\/span><\/p>\n<p><span style=\"font-size: 12pt\">Edital de notas &#8211; Turma N e P<\/span><\/p>\n<h3><strong><span style=\"font-size: 12pt\">SE606 Teoria Microecon\u00f4mica I<\/span><\/strong><\/h3>\n<p><span style=\"font-size: 12pt\">Diurno:<\/span><\/p>\n<p><span style=\"font-size: 12pt\">Noturno:<\/span><\/p>\n<h3><strong><span style=\"font-size: 12pt\">SE607A An\u00e1lise Econ\u00f4mica e Financeira<\/span><\/strong><\/h3>\n<p>Diurno:<\/p>\n<p>Edital de notas &#8211; Turma D<\/p>\n<p>Edital de notas &#8211; Turma E<\/p>\n<p><span style=\"font-size: 12pt\">Noturno:<\/span><\/p>\n<p><a href=\"https:\/\/sociaisaplicadas.ufpr.br\/depecon\/wp-content\/uploads\/sites\/6\/2026\/04\/Edital-de-Notas-SE607A.pdf\">Edital de Notas SE607A &#8211; Turmas N e P &#8211; Prof\u00aa Dayane Rocha (16\/04\/2026)<\/a><\/p>\n<h3><strong><span style=\"font-size: 12pt\">SE608 Hist\u00f3ria do Pensamento Econ\u00f4mico I<\/span><\/strong><\/h3>\n<p>Diurno:<\/p>\n<p>Noturno:<\/p>\n<p>Edital de notas &#8211; Turmas N e P<\/p>\n<h3><strong><span style=\"font-size: 12pt\">SE609 Contabilidade Social<\/span><\/strong><\/h3>\n<p><span style=\"font-size: 12pt\">Diurno:<\/span><\/p>\n<p><span style=\"font-size: 12pt\">Noturno:<\/span><\/p>\n<h3><strong><span style=\"font-size: 12pt\">SE610 Teoria Macroecon\u00f4mica I<\/span><\/strong><\/h3>\n<p>Diurno:<\/p>\n<p>Noturno:<\/p>\n<h3><strong><span style=\"font-size: 12pt\">SE611 Hist\u00f3ria do Pensamento Econ\u00f4mico II<\/span><\/strong><\/h3>\n<p>Diurno:<\/p>\n<p><span style=\"font-size: 12pt\">Noturno:<\/span><\/p>\n<p><strong><span style=\"font-size: 12pt\">SE612 Teoria Microecon\u00f4mica II<\/span><\/strong><\/p>\n<p><span style=\"font-size: 12pt\">Diurno:<\/span><\/p>\n<p><span style=\"font-size: 12pt\">Noturno:<\/span><\/p>\n<h3><strong><span style=\"font-size: 12pt\">SE613 Economia Pol\u00edtica I<\/span><\/strong><\/h3>\n<h3><strong><span style=\"font-size: 12pt\">SE614\u00a0Econometria I<\/span><\/strong><\/h3>\n<p><span style=\"font-size: 12pt\">Diurno:<\/span><\/p>\n<p>Edital de notas &#8211; Turma E<\/p>\n<p><span style=\"font-size: 12pt\">Noturno:<\/span><\/p>\n<p>Turma Extra:<\/p>\n<h3><strong><span style=\"font-size: 12pt\">SE615 Elabora\u00e7\u00e3o e An\u00e1lise de Projetos I<\/span><\/strong><\/h3>\n<p>Diurno:<\/p>\n<p>Edital de notas &#8211; Turmas D e E<\/p>\n<p><span style=\"font-size: 12pt\">Noturno:<\/span><\/p>\n<p>Edital de notas &#8211; Turmas N e P<\/p>\n<h3><strong><span style=\"font-size: 12pt\">SE616 Economia Internacional I<\/span><\/strong><\/h3>\n<p>Diurno:<\/p>\n<p>Edital de notas &#8211; Turmas D e E<\/p>\n<p>Noturno:<\/p>\n<h3><strong><span style=\"font-size: 12pt\">SE618 Econometria II<\/span><\/strong><\/h3>\n<p>Edital de notas &#8211; Turmas D e E<\/p>\n<p>Edital de notas &#8211; Turmas N e P<\/p>\n<h3><strong><span style=\"font-size: 12pt\">SE619 Teoria Macroecon\u00f4mica II<\/span><\/strong><\/h3>\n<p>Diurno:<\/p>\n<p>Noturno:<\/p>\n<h3><strong><span style=\"font-size: 12pt\">SE620 Economia do Setor P\u00fablico<\/span><\/strong><\/h3>\n<h3><strong><span style=\"font-size: 12pt\">SE621A Economia Industrial<\/span><\/strong><\/h3>\n<p><span style=\"font-size: 12pt\">Diurno:<\/span><\/p>\n<p><span style=\"font-size: 12pt\">Noturno:<\/span><\/p>\n<h3><strong><span style=\"font-size: 12pt\">SE622 Elabora\u00e7\u00e3o e An\u00e1lise de Projetos II\u00a0<\/span><\/strong><\/h3>\n<p>Diurno:<\/p>\n<p>Noturno:<\/p>\n<h3><strong><span style=\"font-size: 12pt\">SE623 Economia Internacional II<\/span><\/strong><\/h3>\n<p>Diurno:<\/p>\n<p>Edital de notas &#8211; Turmas D e E<\/p>\n<p>Noturno:<\/p>\n<p><strong><span style=\"font-size: 12pt\">SE624 Economia Monet\u00e1ria e Financeira<\/span><\/strong><\/p>\n<p>Diurno:<\/p>\n<p>Noturno:<\/p>\n<h3><strong><span style=\"font-size: 12pt\">SE625 Desenvolvimento Econ\u00f4mico I<\/span><\/strong><\/h3>\n<p><span style=\"font-size: 12pt\">Diurno:<\/span><\/p>\n<p><span style=\"font-size: 12pt\">Noturno:<\/span><\/p>\n<h3><strong><span style=\"font-size: 12pt\">SE626 Economia Brasileira Contempor\u00e2nea I<\/span><\/strong><\/h3>\n<p><span style=\"font-size: 12pt\">Diurno:<\/span><\/p>\n<p><span style=\"font-size: 12pt\">Noturno:<\/span><\/p>\n<p><span style=\"font-size: 12pt\">Edital de notas &#8211; Turma N<\/span><\/p>\n<p><span style=\"font-size: 12pt\">Edital de notas &#8211; Turma P<\/span><\/p>\n<h3><strong><span style=\"font-size: 12pt\">SE627 T\u00e9cnicas de Pesquisa em Economia<\/span><\/strong><\/h3>\n<p><span style=\"font-size: 12pt\">Diurno:<\/span><\/p>\n<p><span style=\"font-size: 12pt\">Noturno:\u00a0<\/span><\/p>\n<h3><strong><span style=\"font-size: 12pt\">SE629 Economia Monet\u00e1ria Financeira II<\/span><\/strong><\/h3>\n<p><span style=\"font-size: 12pt\">Diurno:<\/span><\/p>\n<p><span style=\"font-size: 12pt\">Noturno:<\/span><\/p>\n<h3><strong><span style=\"font-size: 12pt\">SE630 Economia Brasileira Contempor\u00e2nea II<\/span><\/strong><\/h3>\n<p><span style=\"font-size: 12pt\">Diurno:<\/span><\/p>\n<p><span style=\"font-size: 12pt\">Noturno:<\/span><\/p>\n<p>Edital Notas &#8211; Turma N<\/p>\n<p>Edital Notas &#8211; Turma P<\/p>\n<h3><strong><span style=\"font-size: 12pt\">SE631 Desenvolvimento Econ\u00f4mico II<\/span><\/strong><\/h3>\n<p><span style=\"font-size: 12pt\">Diurno:\u00a0<\/span><\/p>\n<p><span style=\"font-size: 12pt\">Noturno:\u00a0<\/span><\/p>\n<p><span style=\"font-size: 12pt\">Edital de notas &#8211; Turmas N e P<\/span><\/p>\n<p><strong><span style=\"font-size: 12pt\">SE632 Economia Regional e Urbana<\/span><\/strong><\/p>\n<p>Edital de Notas &#8211; Turmas D e E<\/p>\n<p><span style=\"font-size: 12pt\">Noturno:\u00a0<\/span><\/p>\n<p>Edital Notas &#8211; Turma Extra Noturno<\/p>\n<p><strong><span style=\"font-size: 12pt\">SE634 Experi\u00eancias Extensionistas I<\/span><\/strong><\/p>\n<p><strong><span style=\"font-size: 12pt\">SE635 Experi\u00eancias Extensionistas II<\/span><\/strong><\/p>\n<p><strong><span style=\"font-size: 12pt\">SE703 C\u00e1lculo Aplicado \u00e0 Economia I:<\/span><\/strong><\/p>\n<p><strong><span style=\"font-size: 12pt\">SE704 C\u00e1lculo Aplicado \u00e0 Economia II<\/span><\/strong><\/p>\n<p><span style=\"font-size: 12pt\">Diurno:<\/span><\/p>\n<p><span style=\"font-size: 12pt\">Noturno:\u00a0<\/span><\/p>\n<p><strong style=\"color: revert;font-size: revert\">Optativas<\/strong><\/p>\n<h3><strong><span style=\"font-size: 12pt\">SE636\u00a0An\u00e1lise de Insumo-Produto<\/span><\/strong><\/h3>\n<p><span style=\"font-size: 12pt\">Diurno:<\/span><\/p>\n<p><span style=\"font-size: 12pt\">Edital de notas &#8211; Turma D<\/span><\/p>\n<p><span style=\"font-size: 12pt\">Edital de notas &#8211; Turma E<\/span><\/p>\n<p><span style=\"font-size: 12pt\">Noturno:<\/span><\/p>\n<p><span style=\"font-size: 12pt\">Edital de notas &#8211; Turma N<\/span><\/p>\n<p><span style=\"font-size: 12pt\">Edital de notas &#8211; Turma P<\/span><\/p>\n<h3><span style=\"font-size: 12pt\"><strong>SE638 An\u00e1lise Multivariada<\/strong><\/span><\/h3>\n<p>Diurno:<\/p>\n<p>Edital de notas &#8211; Turma D<\/p>\n<h3><span style=\"font-size: 12pt\"><strong>SE639 Avalia\u00e7\u00e3o de Impacto de Pol\u00edticas P\u00fablicas<\/strong><\/span><\/h3>\n<p>Noturno:<\/p>\n<h3><strong><span style=\"font-size: 12pt\">SE641 Ci\u00eancia, Tecnologia e Desenvolvimento<\/span><\/strong><\/h3>\n<p>Edital de notas Turma M<\/p>\n<p>Edital de notas Turma N<\/p>\n<h3><strong><span style=\"font-size: 12pt\">SE650 Economia Comportamental<\/span><\/strong><\/h3>\n<p>Diurno:<\/p>\n<p>Noturno:<\/p>\n<h3><strong><span style=\"font-size: 12pt\">SE651 Economia da Am\u00e9rica Latina<\/span><\/strong><\/h3>\n<p>Diurno:<\/p>\n<p>Noturno:<\/p>\n<h3><span style=\"font-size: 12pt\"><strong>SE656 Economia dos Recursos Naturais e Ambientais<\/strong><\/span><\/h3>\n<p><span style=\"font-size: 12pt\">Diurno:<\/span><\/p>\n<h3><span style=\"font-size: 12pt\"><strong>SE661 Economia e Institui\u00e7\u00f5es<\/strong><\/span><\/h3>\n<p><span style=\"font-size: 12pt\">Diurno:<\/span><\/p>\n<h3><strong><span style=\"font-size: 12pt\">SE671 Forma\u00e7\u00e3o Econ\u00f4mica do Paran\u00e1<\/span><\/strong><\/h3>\n<p><span style=\"font-size: 12pt\">Noturno:<\/span><\/p>\n<p><span style=\"font-size: 12pt\">Edital de Notas &#8211; Turma P<\/span><\/p>\n<h3><strong><span style=\"font-size: 12pt\">SE673 G\u00eanero e Economia<\/span><\/strong><\/h3>\n<p><span style=\"font-size: 12pt\">Diurno:<\/span><\/p>\n<p><span style=\"font-size: 12pt\">Edital de notas &#8211; Turma D<\/span><\/p>\n<p><span style=\"font-size: 12pt\">Edital de notas &#8211; Turma E<\/span><\/p>\n<p><span style=\"font-size: 12pt\">Noturno:<\/span><\/p>\n<p><span style=\"font-size: 12pt\">Edital de notas &#8211; Turma N<\/span><\/p>\n<p><span style=\"font-size: 12pt\">Edital de notas &#8211; Turma P<\/span><\/p>\n<h3><strong><span style=\"font-size: 12pt\">SE677\u00a0Mercados Financeiros e de Capitais<\/span><\/strong><\/h3>\n<p><span style=\"font-size: 12pt\">Noturno:<\/span><\/p>\n<h3><span style=\"font-size: 12pt\"><strong> SE680 Microeconometria<\/strong><\/span><\/h3>\n<p><span style=\"font-size: 12pt\">Noturno:<\/span><\/p>\n<p><span style=\"font-size: 12pt\">Edital de notas &#8211; Turma<\/span><\/p>\n<h3><span style=\"font-size: 12pt\"><strong>SE685A &#8211; Pol\u00edtica Industrial e Tecnol\u00f3gica<\/strong><\/span><\/h3>\n<p><span style=\"font-size: 12pt\">Diurno:<\/span><\/p>\n<h3><span style=\"font-size: 12pt\"><strong>SE686 Programa\u00e7\u00e3o do Setor P\u00fablico<\/strong><\/span><\/h3>\n<p><span style=\"font-size: 12pt\">Noturno:<\/span><\/p>\n<h3><strong><span style=\"font-size: 12pt\">SE688 Startups e Capital de Risco<\/span><\/strong><\/h3>\n<h3><strong><span style=\"font-size: 12pt\">SE691 T\u00f3picos Especiais em Economia I<\/span><\/strong><\/h3>\n<h3><strong><span style=\"font-size: 12pt\">SE691A T\u00f3picos Especiais em Economia I<\/span><\/strong><\/h3>\n<p><span style=\"font-size: 12pt\">Diurno:<\/span><\/p>\n<h3><strong><span style=\"font-size: 12pt\">SE692 T\u00f3picos Especiais em Economia II<\/span><\/strong><\/h3>\n<p><span style=\"font-size: 12pt\">Diurno:<\/span><\/p>\n<p><span style=\"font-size: 12pt\">Noturno:<\/span><\/p>\n<h3><strong><span style=\"font-size: 12pt\">SE692A T\u00f3picos Especiais em Economia II<\/span><\/strong><\/h3>\n<h3><strong><span style=\"font-size: 12pt\">SE693 T\u00f3picos Especiais Em Economia III: Neuroeoconomia<\/span><\/strong><\/h3>\n<p><span style=\"font-size: 12pt\">Diurno:<\/span><\/p>\n<p><span style=\"font-size: 12pt\">Noturno:<\/span><\/p>\n<h3><strong><span style=\"font-size: 12pt\">SE693A T\u00f3picos Especiais Em Economia III: T\u00f3picos Especiais em HPE<\/span><\/strong><\/h3>\n<p><span style=\"font-size: 12pt\">Diurno:<\/span><\/p>\n<p><span style=\"font-size: 12pt\">Noturno:<\/span><\/p>\n<h3><strong><span style=\"font-size: 12pt\">SE698 An\u00e1lise Conjuntural<\/span><\/strong><\/h3>\n<p>\u00a0<\/p>\n<h2><strong>Outras Disciplinas Ofertadas<\/strong><\/h2>\n<p><strong>CE003 Estat\u00edstica II<\/strong><\/p>\n<p><strong>CE009\u00a0 Introdu\u00e7\u00e3o \u00e0 <\/strong><strong>Estat\u00edstica <\/strong><\/p>\n<p><strong>CM301 C\u00e1lculo com uma vari\u00e1vel real<\/strong><\/p>\n<p><strong>SC204 Contabilidade e An\u00e1lise de Balan\u00e7o<\/strong><\/p>\n<p><span style=\"font-size: 12pt\"><strong><span class=\"NormalTextRun SCXW133451704 BCX0\">HC311\u00a0<\/span>Introdu\u00e7\u00e3o \u00e0s Ci\u00eancias Sociais<\/strong><\/span><\/p>\n<p><strong>HSS102 Introdu\u00e7\u00e3o \u00e0 Sociologia para Economia<\/strong><\/p>\n<p>\u00a0<\/p>\n<h2><strong>Ofertadas em outros cursos de gradua\u00e7\u00e3o<\/strong><\/h2>\n<p><strong><span style=\"font-size: 12pt\">SE069 Introdu\u00e7\u00e3o \u00e0 Economia &#8211; DECIGI<\/span><\/strong><\/p>\n<p><strong>SE465 Economia &#8211; DECONT<\/strong><\/p>\n<p><strong>SE701 Teoria Microecon\u00f4mica\u00a0&#8211; DECONT<\/strong><\/p>\n<p>\u00a0<\/p>\n<p>\u00daltima atualiza\u00e7\u00e3o: 12\/02\/2026, por Jaqueline.<\/p>\n","protected":false},"excerpt":{"rendered":"<p>Disciplinas Obrigat\u00f3rias \u00a0 SE599A Introdu\u00e7\u00e3o \u00e0 Extens\u00e3o Universit\u00e1ria Diurno: Noturno: SE600 Introdu\u00e7\u00e3o \u00e0 Economia Diurno: Noturno: SE601 Economia e Direito Diurno: Noturno: SE602 Hist\u00f3ria Econ\u00f4mica Geral Diurno: Edital de notas \u2013 Turma D e E Noturno: SE603 An\u00e1lise de Investimentos Diurno: Edital de notas \u2013 Turma D Edital de notas \u2013 Turma E Noturno: SE603A [&hellip;]<\/p>\n","protected":false},"author":2785,"featured_media":0,"parent":0,"menu_order":0,"comment_status":"closed","ping_status":"closed","template":"","meta":{"_acf_changed":false,"footnotes":""},"class_list":["post-251","page","type-page","status-publish","hentry"],"acf":[],"_links":{"self":[{"href":"https:\/\/sociaisaplicadas.ufpr.br\/depecon\/wp-json\/wp\/v2\/pages\/251","targetHints":{"allow":["GET"]}}],"collection":[{"href":"https:\/\/sociaisaplicadas.ufpr.br\/depecon\/wp-json\/wp\/v2\/pages"}],"about":[{"href":"https:\/\/sociaisaplicadas.ufpr.br\/depecon\/wp-json\/wp\/v2\/types\/page"}],"author":[{"embeddable":true,"href":"https:\/\/sociaisaplicadas.ufpr.br\/depecon\/wp-json\/wp\/v2\/users\/2785"}],"replies":[{"embeddable":true,"href":"https:\/\/sociaisaplicadas.ufpr.br\/depecon\/wp-json\/wp\/v2\/comments?post=251"}],"version-history":[{"count":2016,"href":"https:\/\/sociaisaplicadas.ufpr.br\/depecon\/wp-json\/wp\/v2\/pages\/251\/revisions"}],"predecessor-version":[{"id":13407,"href":"https:\/\/sociaisaplicadas.ufpr.br\/depecon\/wp-json\/wp\/v2\/pages\/251\/revisions\/13407"}],"wp:attachment":[{"href":"https:\/\/sociaisaplicadas.ufpr.br\/depecon\/wp-json\/wp\/v2\/media?parent=251"}],"curies":[{"name":"wp","href":"https:\/\/api.w.org\/{rel}","templated":true}]}}