{"id":2889,"date":"2019-10-03T19:45:17","date_gmt":"2019-10-03T19:45:17","guid":{"rendered":"https:\/\/sociaisaplicadas.ufpr.br\/depecon\/?page_id=2889"},"modified":"2024-08-19T20:50:24","modified_gmt":"2024-08-19T20:50:24","slug":"ace","status":"publish","type":"page","link":"https:\/\/sociaisaplicadas.ufpr.br\/depecon\/ace\/","title":{"rendered":"An\u00e1lise de Conjuntura\u00a0 Econ\u00f4mica"},"content":{"rendered":"<p>O curso de Especializa\u00e7\u00e3o em <strong>An\u00e1lise de Conjuntura Econ\u00f4mica<\/strong> fornece ferramentas t\u00e9cnicas para an\u00e1lise de conjuntura e constru\u00e7\u00e3o de cen\u00e1rios prospectivos. Prov\u00ea-se instrumental te\u00f3rico e aplicado a profissionais cujas atividades requerem dom\u00ednio de temas econ\u00f4micos. Ao final do curso, espera-se que os alunos estejam capacitados a formular diagn\u00f3sticos e apresentar propostas condizentes com as oportunidades inerentes \u00e0s distintas conjunturas econ\u00f4micas.<\/p>\n<p>Coordenador: VINICIUS DE ALMEIDA VALE &#8211; <a href=\"mailto:viniciusvale@ufpr.br\">viniciusvale@ufpr.br<\/a><br \/><strong>\u00daltima turma: 2022<\/strong><\/p>\n<p><span style=\"color: #ff0000\"><strong>O curso foi encerrado e n\u00e3o temos previs\u00e3o de abertura de novas turmas.<\/strong><\/span><\/p>\n\n\n<p><\/p>\n","protected":false},"excerpt":{"rendered":"<p>O curso de Especializa\u00e7\u00e3o em An\u00e1lise de Conjuntura Econ\u00f4mica fornece ferramentas t\u00e9cnicas para an\u00e1lise de conjuntura e constru\u00e7\u00e3o de cen\u00e1rios prospectivos. Prov\u00ea-se instrumental te\u00f3rico e aplicado a profissionais cujas atividades requerem dom\u00ednio de temas econ\u00f4micos. Ao final do curso, espera-se que os alunos estejam capacitados a formular diagn\u00f3sticos e apresentar propostas condizentes com as oportunidades [&hellip;]<\/p>\n","protected":false},"author":2788,"featured_media":0,"parent":0,"menu_order":0,"comment_status":"closed","ping_status":"closed","template":"","meta":{"_acf_changed":false,"footnotes":""},"class_list":["post-2889","page","type-page","status-publish","hentry"],"acf":[],"_links":{"self":[{"href":"https:\/\/sociaisaplicadas.ufpr.br\/depecon\/wp-json\/wp\/v2\/pages\/2889","targetHints":{"allow":["GET"]}}],"collection":[{"href":"https:\/\/sociaisaplicadas.ufpr.br\/depecon\/wp-json\/wp\/v2\/pages"}],"about":[{"href":"https:\/\/sociaisaplicadas.ufpr.br\/depecon\/wp-json\/wp\/v2\/types\/page"}],"author":[{"embeddable":true,"href":"https:\/\/sociaisaplicadas.ufpr.br\/depecon\/wp-json\/wp\/v2\/users\/2788"}],"replies":[{"embeddable":true,"href":"https:\/\/sociaisaplicadas.ufpr.br\/depecon\/wp-json\/wp\/v2\/comments?post=2889"}],"version-history":[{"count":35,"href":"https:\/\/sociaisaplicadas.ufpr.br\/depecon\/wp-json\/wp\/v2\/pages\/2889\/revisions"}],"predecessor-version":[{"id":9604,"href":"https:\/\/sociaisaplicadas.ufpr.br\/depecon\/wp-json\/wp\/v2\/pages\/2889\/revisions\/9604"}],"wp:attachment":[{"href":"https:\/\/sociaisaplicadas.ufpr.br\/depecon\/wp-json\/wp\/v2\/media?parent=2889"}],"curies":[{"name":"wp","href":"https:\/\/api.w.org\/{rel}","templated":true}]}}