{"id":336,"date":"2020-03-02T19:18:19","date_gmt":"2020-03-02T19:18:19","guid":{"rendered":"https:\/\/sociaisaplicadas.ufpr.br\/depecon\/?page_id=336"},"modified":"2025-09-25T17:34:40","modified_gmt":"2025-09-25T17:34:40","slug":"programas-das-disciplinas","status":"publish","type":"page","link":"https:\/\/sociaisaplicadas.ufpr.br\/depecon\/programas-das-disciplinas\/","title":{"rendered":"Programas das Disciplinas"},"content":{"rendered":"\n<div style=\"height:30px\" aria-hidden=\"true\" class=\"wp-block-spacer\"><\/div>\n\n\n\n<p><span style=\"font-size: 12pt\"><a href=\"https:\/\/sociaisaplicadas.ufpr.br\/depecon\/programas-das-disciplinas-ate-1999\/\">Programas das Disciplinas &#8211; at\u00e9 1999<\/a><\/span><\/p>\n\n\n\n<p><span style=\"font-size: 12pt\"><a href=\"https:\/\/sociaisaplicadas.ufpr.br\/depecon\/programas-das-disciplinas-de-1999-ate-2015\/\">Programas das Disciplinas &#8211; de 1999 at\u00e9 2015<\/a><\/span><\/p>\n\n\n\n<p><span style=\"font-size: 12pt\"><a href=\"https:\/\/sociaisaplicadas.ufpr.br\/depecon\/programas-das-disciplinas-2015-ate-2022\/\">Programas das Disciplinas &#8211; de 2015 at\u00e9 2021<\/a><\/span><\/p>\n\n\n\n<p><span style=\"font-size: 12pt\"><a href=\"https:\/\/sociaisaplicadas.ufpr.br\/depecon\/programas-do-curriculo-2022-ate-o-presente-momento\/\">Programas das Disciplinas &#8211; de 2022 at\u00e9 o momento<\/a><\/span><\/p>\n\n\n\n<div style=\"height:50px\" aria-hidden=\"true\" class=\"wp-block-spacer\"><\/div>\n\n\n\n<p>\u00daltima atualiza\u00e7\u00e3o: 04\/02\/2025, por Junior Ruiz Garcia.<\/p>\n","protected":false},"excerpt":{"rendered":"<p>Programas das Disciplinas &#8211; at\u00e9 1999 Programas das Disciplinas &#8211; de 1999 at\u00e9 2015 Programas das Disciplinas &#8211; de 2015 at\u00e9 2021 Programas das Disciplinas &#8211; de 2022 at\u00e9 o momento \u00daltima atualiza\u00e7\u00e3o: 04\/02\/2025, por Junior Ruiz Garcia.<\/p>\n","protected":false},"author":2785,"featured_media":0,"parent":0,"menu_order":0,"comment_status":"closed","ping_status":"closed","template":"","meta":{"_acf_changed":false,"footnotes":""},"class_list":["post-336","page","type-page","status-publish","hentry"],"acf":[],"_links":{"self":[{"href":"https:\/\/sociaisaplicadas.ufpr.br\/depecon\/wp-json\/wp\/v2\/pages\/336","targetHints":{"allow":["GET"]}}],"collection":[{"href":"https:\/\/sociaisaplicadas.ufpr.br\/depecon\/wp-json\/wp\/v2\/pages"}],"about":[{"href":"https:\/\/sociaisaplicadas.ufpr.br\/depecon\/wp-json\/wp\/v2\/types\/page"}],"author":[{"embeddable":true,"href":"https:\/\/sociaisaplicadas.ufpr.br\/depecon\/wp-json\/wp\/v2\/users\/2785"}],"replies":[{"embeddable":true,"href":"https:\/\/sociaisaplicadas.ufpr.br\/depecon\/wp-json\/wp\/v2\/comments?post=336"}],"version-history":[{"count":68,"href":"https:\/\/sociaisaplicadas.ufpr.br\/depecon\/wp-json\/wp\/v2\/pages\/336\/revisions"}],"predecessor-version":[{"id":12211,"href":"https:\/\/sociaisaplicadas.ufpr.br\/depecon\/wp-json\/wp\/v2\/pages\/336\/revisions\/12211"}],"wp:attachment":[{"href":"https:\/\/sociaisaplicadas.ufpr.br\/depecon\/wp-json\/wp\/v2\/media?parent=336"}],"curies":[{"name":"wp","href":"https:\/\/api.w.org\/{rel}","templated":true}]}}