{"id":40,"date":"2020-02-28T16:02:50","date_gmt":"2020-02-28T16:02:50","guid":{"rendered":"https:\/\/sociaisaplicadas.ufpr.br\/depecon\/?page_id=40"},"modified":"2026-02-02T10:51:39","modified_gmt":"2026-02-02T10:51:39","slug":"contato","status":"publish","type":"page","link":"https:\/\/sociaisaplicadas.ufpr.br\/depecon\/contato\/","title":{"rendered":"Contato"},"content":{"rendered":"\n<div style=\"height:30px\" aria-hidden=\"true\" class=\"wp-block-spacer\"><\/div>\n\n\n\n<h2 class=\"wp-block-heading\"><strong>Secretaria do Curso de Gradua\u00e7\u00e3o em Ci\u00eancias Econ\u00f4micas<\/strong><\/h2>\n\n\n\n<div style=\"height:20px\" aria-hidden=\"true\" class=\"wp-block-spacer\"><\/div>\n\n\n\n<p><strong>Hor\u00e1rio de atendimento:<\/strong> Segunda \u00e0 sexta-feira <strong>(Confirmar hor\u00e1rio por E-mail:&nbsp;<a href=\"mailto:coordeco@ufpr.br\">coordeco@ufpr.br<\/a>)<\/strong><\/p>\n\n\n\n<p><strong>E-mail:<\/strong>&nbsp;<strong><a href=\"mailto:coordeco@ufpr.br\">coordeco@ufpr.br<\/a><\/strong><\/p>\n\n\n\n<div style=\"height:30px\" aria-hidden=\"true\" class=\"wp-block-spacer\"><\/div>\n\n\n\n<h2 class=\"wp-block-heading\"><strong>Secretaria do Departamento de Economia<\/strong> <strong><mark>(Somente tratativas da Gradua\u00e7\u00e3o)<\/mark><\/strong><\/h2>\n\n\n\n<div style=\"height:20px\" aria-hidden=\"true\" class=\"wp-block-spacer\"><\/div>\n\n\n\n<p><strong>Hor\u00e1rio de funcionamento:<\/strong> Segunda \u00e0 sexta-feira, das <strong>06h30min \u00e0s 20h15min<\/strong><\/p>\n\n\n\n<p><strong>Das 06h30 \u00e0s 15h30:<\/strong> Mary Anne Muraski Nowak<\/p>\n\n\n\n<p><strong><span style=\"background-color: #00ff00\">Presencial &#8211; <\/span><\/strong><span style=\"background-color: #00ff00\">segundas e quartas-feiras;<\/span><\/p>\n\n\n\n<p><strong><span style=\"background-color: #00ff00\">Teletrabalho &#8211; <\/span><\/strong><span style=\"background-color: #00ff00\">ter\u00e7as, quintas e sextas-feiras, conforme Portaria UFPR n\u00ba <span class=\"NormalTextRun SCXW113685728 BCX0\">1.26<\/span><span class=\"NormalTextRun SCXW113685728 BCX0\">7.<\/span><\/span><\/p>\n\n\n\n<p><strong>Das 11h15 \u00e0s 20h15:<\/strong><strong>&nbsp;<\/strong>Jaqueline de Oliveira Ferreira Gon\u00e7alves<\/p>\n\n\n\n<p><strong><span style=\"background-color: #00ff00\">Presencial &#8211; <\/span><\/strong><span style=\"background-color: #00ff00\">ter\u00e7as e quintas-feiras;<\/span><\/p>\n\n\n\n<p><strong><span style=\"background-color: #00ff00\">Teletrabalho &#8211; <\/span><\/strong><span style=\"background-color: #00ff00\">segundas, quartas e sextas-feiras, conforme Portaria UFPR n\u00ba 2.157.<\/span><\/p>\n\n\n\n<p><strong>E-mail:<\/strong>&nbsp;<strong><a href=\"mailto:depecon@ufpr.br\">depecon@ufpr.br<\/a><\/strong><\/p>\n\n\n\n<p><span style=\"background-color: #ffff99\"><strong><mark>Informa\u00e7\u00f5es sobre P\u00f3s-gradua\u00e7\u00e3o &#8211; ver link: <a href=\"https:\/\/sociaisaplicadas.ufpr.br\/depecon\/pos-graduacao\/\" target=\"_blank\" rel=\"noopener\">https:\/\/sociaisaplicadas.ufpr.br\/depecon\/pos-graduacao\/<\/a><\/mark><\/strong><\/span><\/p>\n\n\n\n<div style=\"height:30px\" aria-hidden=\"true\" class=\"wp-block-spacer\"><\/div>\n\n\n\n<h2 class=\"wp-block-heading\"><strong>Endere\u00e7o<\/strong><\/h2>\n\n\n\n<div style=\"height:20px\" aria-hidden=\"true\" class=\"wp-block-spacer\"><\/div>\n\n\n\n<p>Av. Prefeito Loth\u00e1rio Meissner, 632<\/p>\n\n\n\n<p>Setor de Ci\u00eancias Sociais Aplicadas, t\u00e9rreo<\/p>\n\n\n\n<p>Jardim Bot\u00e2nico, Curitiba \u2013 PR<\/p>\n\n\n\n<p>CEP: 80210-170<\/p>\n\n\n\n<div style=\"height:100px\" aria-hidden=\"true\" class=\"wp-block-spacer\"><\/div>\n","protected":false},"excerpt":{"rendered":"<p>Secretaria do Curso de Gradua\u00e7\u00e3o em Ci\u00eancias Econ\u00f4micas Hor\u00e1rio de atendimento: Segunda \u00e0 sexta-feira (Confirmar hor\u00e1rio por E-mail:&nbsp;coordeco@ufpr.br) E-mail:&nbsp;coordeco@ufpr.br Secretaria do Departamento de Economia (Somente tratativas da Gradua\u00e7\u00e3o) Hor\u00e1rio de funcionamento: Segunda \u00e0 sexta-feira, das 06h30min \u00e0s 20h15min Das 06h30 \u00e0s 15h30: Mary Anne Muraski Nowak Presencial &#8211; segundas e quartas-feiras; Teletrabalho &#8211; ter\u00e7as, quintas [&hellip;]<\/p>\n","protected":false},"author":2785,"featured_media":0,"parent":0,"menu_order":0,"comment_status":"closed","ping_status":"closed","template":"","meta":{"_acf_changed":false,"footnotes":""},"class_list":["post-40","page","type-page","status-publish","hentry"],"acf":[],"_links":{"self":[{"href":"https:\/\/sociaisaplicadas.ufpr.br\/depecon\/wp-json\/wp\/v2\/pages\/40","targetHints":{"allow":["GET"]}}],"collection":[{"href":"https:\/\/sociaisaplicadas.ufpr.br\/depecon\/wp-json\/wp\/v2\/pages"}],"about":[{"href":"https:\/\/sociaisaplicadas.ufpr.br\/depecon\/wp-json\/wp\/v2\/types\/page"}],"author":[{"embeddable":true,"href":"https:\/\/sociaisaplicadas.ufpr.br\/depecon\/wp-json\/wp\/v2\/users\/2785"}],"replies":[{"embeddable":true,"href":"https:\/\/sociaisaplicadas.ufpr.br\/depecon\/wp-json\/wp\/v2\/comments?post=40"}],"version-history":[{"count":115,"href":"https:\/\/sociaisaplicadas.ufpr.br\/depecon\/wp-json\/wp\/v2\/pages\/40\/revisions"}],"predecessor-version":[{"id":13102,"href":"https:\/\/sociaisaplicadas.ufpr.br\/depecon\/wp-json\/wp\/v2\/pages\/40\/revisions\/13102"}],"wp:attachment":[{"href":"https:\/\/sociaisaplicadas.ufpr.br\/depecon\/wp-json\/wp\/v2\/media?parent=40"}],"curies":[{"name":"wp","href":"https:\/\/api.w.org\/{rel}","templated":true}]}}