{"id":459,"date":"2022-03-25T20:45:15","date_gmt":"2022-03-25T20:45:15","guid":{"rendered":"https:\/\/sociaisaplicadas.ufpr.br\/depecon\/?page_id=459"},"modified":"2025-09-27T12:11:17","modified_gmt":"2025-09-27T12:11:17","slug":"acesso-a-informacao","status":"publish","type":"page","link":"https:\/\/sociaisaplicadas.ufpr.br\/depecon\/acesso-a-informacao\/","title":{"rendered":"Acesso \u00e0 informa\u00e7\u00e3o"},"content":{"rendered":"\n<div style=\"height:30px\" aria-hidden=\"true\" class=\"wp-block-spacer\"><\/div>\n\n\n\n<p>A solicita\u00e7\u00e3o de informa\u00e7\u00f5es p\u00fablicas sob a compet\u00eancia e responsabilidade do <strong>Departamento de Economia<\/strong>, dispon\u00edveis em formato <em>online<\/em>, podem ser realizadas a partir dos seguintes canais de comunica\u00e7\u00e3o:<\/p>\n\n\n\n<p>E-mail: <a href=\"mailto:depecon@ufpr.br\">depecon@ufpr.br<\/a><\/p>\n\n\n\n<div style=\"height:30px\" aria-hidden=\"true\" class=\"wp-block-spacer\"><\/div>\n\n\n\n<p>A solicita\u00e7\u00e3o de informa\u00e7\u00f5es p\u00fablicas sob a compet\u00eancia e responsabilidade da <strong>Coordena\u00e7\u00e3o do Curso de Ci\u00eancias Econ\u00f4micas<\/strong>, dispon\u00edveis em formato <em>online<\/em>, podem ser realizadas a partir dos seguintes canais de comunica\u00e7\u00e3o:<\/p>\n\n\n\n<p>E-mail:&nbsp;<a href=\"mailto:coordeco@ufpr.br\">coordeco@ufpr.br<\/a><\/p>\n\n\n\n<p>link:&nbsp;<a href=\"https:\/\/sociaisaplicadas.ufpr.br\/coordeco\/\" target=\"_blank\" rel=\"noopener\">https:\/\/sociaisaplicadas.ufpr.br\/coordeco\/<\/a><\/p>\n\n\n\n<div style=\"height:100px\" aria-hidden=\"true\" class=\"wp-block-spacer\"><\/div>\n\n\n\n<h2 class=\"wp-block-heading\">Plano de Monitoria<\/h2>\n\n\n\n<p><a href=\"https:\/\/sociaisaplicadas.ufpr.br\/depecon\/wp-content\/uploads\/sites\/6\/2021\/09\/Plano-de-Monitoria-2021.pdf\" target=\"_blank\" rel=\"noopener\">Plano 2021<\/a>&nbsp; &nbsp; &nbsp;\/&nbsp; &nbsp;&nbsp;<a href=\"https:\/\/sociaisaplicadas.ufpr.br\/depecon\/wp-content\/uploads\/sites\/6\/2021\/09\/Extrato-de-Ata-Aprova\u00e7\u00e3o-Plano-de-Monitoria-2.pdf\" target=\"_blank\" rel=\"noopener\">Aprova\u00e7\u00e3o Plano 2021<\/a><\/p>\n\n\n\n<p><\/p>\n\n\n\n<h2 class=\"wp-block-heading\"><\/h2>\n","protected":false},"excerpt":{"rendered":"<p>A solicita\u00e7\u00e3o de informa\u00e7\u00f5es p\u00fablicas sob a compet\u00eancia e responsabilidade do Departamento de Economia, dispon\u00edveis em formato online, podem ser realizadas a partir dos seguintes canais de comunica\u00e7\u00e3o: E-mail: depecon@ufpr.br A solicita\u00e7\u00e3o de informa\u00e7\u00f5es p\u00fablicas sob a compet\u00eancia e responsabilidade da Coordena\u00e7\u00e3o do Curso de Ci\u00eancias Econ\u00f4micas, dispon\u00edveis em formato online, podem ser realizadas a [&hellip;]<\/p>\n","protected":false},"author":2785,"featured_media":0,"parent":0,"menu_order":0,"comment_status":"open","ping_status":"closed","template":"","meta":{"_acf_changed":false,"footnotes":""},"class_list":["post-459","page","type-page","status-publish","hentry"],"acf":[],"_links":{"self":[{"href":"https:\/\/sociaisaplicadas.ufpr.br\/depecon\/wp-json\/wp\/v2\/pages\/459","targetHints":{"allow":["GET"]}}],"collection":[{"href":"https:\/\/sociaisaplicadas.ufpr.br\/depecon\/wp-json\/wp\/v2\/pages"}],"about":[{"href":"https:\/\/sociaisaplicadas.ufpr.br\/depecon\/wp-json\/wp\/v2\/types\/page"}],"author":[{"embeddable":true,"href":"https:\/\/sociaisaplicadas.ufpr.br\/depecon\/wp-json\/wp\/v2\/users\/2785"}],"replies":[{"embeddable":true,"href":"https:\/\/sociaisaplicadas.ufpr.br\/depecon\/wp-json\/wp\/v2\/comments?post=459"}],"version-history":[{"count":127,"href":"https:\/\/sociaisaplicadas.ufpr.br\/depecon\/wp-json\/wp\/v2\/pages\/459\/revisions"}],"predecessor-version":[{"id":12463,"href":"https:\/\/sociaisaplicadas.ufpr.br\/depecon\/wp-json\/wp\/v2\/pages\/459\/revisions\/12463"}],"wp:attachment":[{"href":"https:\/\/sociaisaplicadas.ufpr.br\/depecon\/wp-json\/wp\/v2\/media?parent=459"}],"curies":[{"name":"wp","href":"https:\/\/api.w.org\/{rel}","templated":true}]}}