{"id":4694,"date":"2022-06-10T09:17:06","date_gmt":"2022-06-10T09:17:06","guid":{"rendered":"https:\/\/sociaisaplicadas.ufpr.br\/depecon\/?page_id=4694"},"modified":"2026-03-05T16:49:03","modified_gmt":"2026-03-05T16:49:03","slug":"disciplinas-isoladas-e-eletivas","status":"publish","type":"page","link":"https:\/\/sociaisaplicadas.ufpr.br\/depecon\/disciplinas-isoladas-e-eletivas\/","title":{"rendered":"Disciplinas Eletivas e Isoladas"},"content":{"rendered":"\n<div style=\"height:30px\" aria-hidden=\"true\" class=\"wp-block-spacer\"><\/div>\n\n\n\n<p><span style=\"color: #ff0000\">1\u00ba semestre\/2026:<\/span> Per\u00edodo para solicita\u00e7\u00e3o de matr\u00edcula em disciplinas Eletivas e Isoladas: <strong>09 e 10\/03\/2026.<\/strong><\/p>\n\n\n\n<p><strong>Alunos UFPR e Externos:\u00a0<\/strong><strong>SOLICITA\u00c7\u00c3O DISCIPLINAS ISOLADAS <\/strong>(<a href=\"https:\/\/sociaisaplicadas.ufpr.br\/depecon\/wp-content\/uploads\/sites\/6\/2023\/03\/Res-37-97-CEPE-Isoladas.pdf\" target=\"_blank\" rel=\"noopener\">artigos 26 a 28 da Resolu\u00e7\u00e3o n\u00ba 37\/97-CEPE<\/a>): As solicita\u00e7\u00f5es de matr\u00edcula em disciplina Isolada devem ser encaminhadas at\u00e9 o dia <strong>10\/03\/2026 (ter\u00e7a-feira)<\/strong>\u00a0para o e-mail do Departamento de Economia (<strong>depecon@ufpr.br<\/strong>) anexando os seguintes documentos autenticados, <strong>em formato &#8220;pdf&#8221;<\/strong>:<\/p>\n\n\n\n<ul class=\"wp-block-list\">\n<li><a href=\"https:\/\/sociaisaplicadas.ufpr.br\/depecon\/wp-content\/uploads\/sites\/6\/2022\/06\/Formul\u00e1rio-Isoladas.pdf\" data-type=\"attachment\" data-id=\"6257\" target=\"_blank\" rel=\"noreferrer noopener\">Formul\u00e1rio&nbsp;<\/a>preenchido e assinado;<br><p><span style=\"background-color: #ffff99\">C\u00f3digo curso: 64A<span style=\"color: initial\"> (diurno) e <\/span>65A (noturno) \/ O campo <strong>ISO<\/strong> n\u00e3o precisa ser preenchido;<\/span><\/p><\/li>\n\n\n\n<li>Documento de identifica\u00e7\u00e3o autenticado (em pdf);<\/li>\n\n\n\n<li>CPF autenticado (em pdf);<\/li>\n\n\n\n<li>Comprovante de conclus\u00e3o de ensino m\u00e9dio autenticado (em pdf).<\/li>\n\n\n\n<li>A c\u00f3pia do Certificado original de conclus\u00e3o de curso superior ou do hist\u00f3rico original de curso superior, podem servir como comprova\u00e7\u00e3o de conclus\u00e3o do ensino m\u00e9dio, autenticados (em pdf).<\/li>\n<\/ul>\n\n\n\n<p><span style=\"color: #ff0000\">Disciplinas ofertadas para o 1\u00ba semestre\/2026 (<strong><span style=\"background-color: #ffff99\">matr\u00edcula condicionada \u00e0 exist\u00eancia de vagas, ap\u00f3s ajustes de matr\u00edculas<\/span><\/strong>)<\/span><\/p>\n\n\n\n<p>GRADE HOR\u00c1RIA <a href=\"https:\/\/sociaisaplicadas.ufpr.br\/depecon\/wp-content\/uploads\/sites\/6\/2026\/02\/diurno.pdf\" target=\"_blank\" rel=\"noreferrer noopener\">MATUTINO<\/a> \/ GRADE HOR\u00c1RIA <a href=\"https:\/\/sociaisaplicadas.ufpr.br\/depecon\/wp-content\/uploads\/sites\/6\/2026\/02\/noturno.pdf\" target=\"_blank\" rel=\"noreferrer noopener\">NOTURNO<\/a><\/p>\n\n\n\n<p><a href=\"https:\/\/sociaisaplicadas.ufpr.br\/depecon\/docentes\/\" target=\"_blank\" rel=\"noopener\">Contato dos docentes<\/a><\/p>\n\n\n\n<div style=\"height:50px\" aria-hidden=\"true\" class=\"wp-block-spacer\"><\/div>\n\n\n\n<p>\u00daltima atualiza\u00e7\u00e3o: 05\/03\/2026, por Mary.<\/p>\n\n\n\n<p><\/p>\n","protected":false},"excerpt":{"rendered":"<p>1\u00ba semestre\/2026: Per\u00edodo para solicita\u00e7\u00e3o de matr\u00edcula em disciplinas Eletivas e Isoladas: 09 e 10\/03\/2026. Alunos UFPR e Externos:\u00a0SOLICITA\u00c7\u00c3O DISCIPLINAS ISOLADAS (artigos 26 a 28 da Resolu\u00e7\u00e3o n\u00ba 37\/97-CEPE): As solicita\u00e7\u00f5es de matr\u00edcula em disciplina Isolada devem ser encaminhadas at\u00e9 o dia 10\/03\/2026 (ter\u00e7a-feira)\u00a0para o e-mail do Departamento de Economia (depecon@ufpr.br) anexando os seguintes documentos [&hellip;]<\/p>\n","protected":false},"author":2788,"featured_media":0,"parent":0,"menu_order":0,"comment_status":"closed","ping_status":"closed","template":"","meta":{"_acf_changed":false,"footnotes":""},"class_list":["post-4694","page","type-page","status-publish","hentry"],"acf":[],"_links":{"self":[{"href":"https:\/\/sociaisaplicadas.ufpr.br\/depecon\/wp-json\/wp\/v2\/pages\/4694","targetHints":{"allow":["GET"]}}],"collection":[{"href":"https:\/\/sociaisaplicadas.ufpr.br\/depecon\/wp-json\/wp\/v2\/pages"}],"about":[{"href":"https:\/\/sociaisaplicadas.ufpr.br\/depecon\/wp-json\/wp\/v2\/types\/page"}],"author":[{"embeddable":true,"href":"https:\/\/sociaisaplicadas.ufpr.br\/depecon\/wp-json\/wp\/v2\/users\/2788"}],"replies":[{"embeddable":true,"href":"https:\/\/sociaisaplicadas.ufpr.br\/depecon\/wp-json\/wp\/v2\/comments?post=4694"}],"version-history":[{"count":116,"href":"https:\/\/sociaisaplicadas.ufpr.br\/depecon\/wp-json\/wp\/v2\/pages\/4694\/revisions"}],"predecessor-version":[{"id":13375,"href":"https:\/\/sociaisaplicadas.ufpr.br\/depecon\/wp-json\/wp\/v2\/pages\/4694\/revisions\/13375"}],"wp:attachment":[{"href":"https:\/\/sociaisaplicadas.ufpr.br\/depecon\/wp-json\/wp\/v2\/media?parent=4694"}],"curies":[{"name":"wp","href":"https:\/\/api.w.org\/{rel}","templated":true}]}}