{"id":5220,"date":"2022-03-25T16:12:48","date_gmt":"2022-03-25T16:12:48","guid":{"rendered":"https:\/\/sociaisaplicadas.ufpr.br\/depecon\/?page_id=5220"},"modified":"2025-09-25T17:38:34","modified_gmt":"2025-09-25T17:38:34","slug":"programas-das-disciplinas-de-1999-ate-2015","status":"publish","type":"page","link":"https:\/\/sociaisaplicadas.ufpr.br\/depecon\/programas-das-disciplinas-de-1999-ate-2015\/","title":{"rendered":"Programas das Disciplinas &#8211; de 1999 at\u00e9 2015"},"content":{"rendered":"\n<div style=\"height:30px\" aria-hidden=\"true\" class=\"wp-block-spacer\"><\/div>\n\n\n\n<p><a href=\"https:\/\/sociaisaplicadas.ufpr.br\/depecon\/wp-content\/uploads\/sites\/6\/2022\/04\/SE017.pdf\" target=\"_blank\" rel=\"noopener\">SE017 \u2013 Hist\u00f3ria Econ\u00f4mica Geral<\/a><\/p>\n\n\n\n<p><a href=\"https:\/\/sociaisaplicadas.ufpr.br\/depecon\/wp-content\/uploads\/sites\/6\/2022\/04\/SE025.pdf\" target=\"_blank\" rel=\"noopener\">SE025 \u2013 Econometria I<\/a><\/p>\n\n\n\n<p><a href=\"https:\/\/sociaisaplicadas.ufpr.br\/depecon\/wp-content\/uploads\/sites\/6\/2022\/04\/SE035-.pdf\" target=\"_blank\" rel=\"noopener\">SE035 &#8211; Introdu\u00e7\u00e3o \u00e0 Economia I<\/a><\/p>\n\n\n\n<p><a href=\"https:\/\/sociaisaplicadas.ufpr.br\/depecon\/wp-content\/uploads\/sites\/6\/2022\/04\/SE044.pdf\" target=\"_blank\" rel=\"noopener\">SE044 &#8211; Economia I<\/a><\/p>\n\n\n\n<p><a href=\"https:\/\/sociaisaplicadas.ufpr.br\/depecon\/wp-content\/uploads\/sites\/6\/2022\/04\/SE045.pdf\" target=\"_blank\" rel=\"noopener\">SE045 &#8211; Economia II<\/a><\/p>\n\n\n\n<p><a href=\"https:\/\/sociaisaplicadas.ufpr.br\/depecon\/wp-content\/uploads\/sites\/6\/2022\/04\/SE049.pdf\" target=\"_blank\" rel=\"noopener\">SE049 &#8211; Introdu\u00e7\u00e3o \u00e0 Economia<\/a><\/p>\n\n\n\n<p><a href=\"https:\/\/sociaisaplicadas.ufpr.br\/depecon\/wp-content\/uploads\/sites\/6\/2022\/04\/SE050.pdf\" target=\"_blank\" rel=\"noopener\">SE050 &#8211; Economia e \u00c9tica I<\/a><\/p>\n\n\n\n<p><a href=\"https:\/\/sociaisaplicadas.ufpr.br\/depecon\/wp-content\/uploads\/sites\/6\/2022\/04\/SE051.pdf\" target=\"_blank\" rel=\"noopener\">SE051 &#8211; T\u00e9cnicas de Pesquisa em Economia I<\/a><\/p>\n\n\n\n<p><a href=\"https:\/\/sociaisaplicadas.ufpr.br\/depecon\/wp-content\/uploads\/sites\/6\/2022\/04\/SE052.pdf\" target=\"_blank\" rel=\"noopener\">SE052 &#8211; Teoria Neocl\u00e1ssica<\/a><\/p>\n\n\n\n<p><a href=\"https:\/\/sociaisaplicadas.ufpr.br\/depecon\/wp-content\/uploads\/sites\/6\/2022\/04\/SE053.pdf\" target=\"_blank\" rel=\"noopener\">SE053 &#8211; Economia de Empresas I<\/a><\/p>\n\n\n\n<p><a href=\"https:\/\/sociaisaplicadas.ufpr.br\/depecon\/wp-content\/uploads\/sites\/6\/2022\/04\/SE054.pdf\" target=\"_blank\" rel=\"noopener\">SE054 &#8211; Introdu\u00e7\u00e3o \u00e0 Econometria<\/a><\/p>\n\n\n\n<p><a href=\"https:\/\/sociaisaplicadas.ufpr.br\/depecon\/wp-content\/uploads\/sites\/6\/2022\/04\/SE056.pdf\" target=\"_blank\" rel=\"noopener\">SE056 &#8211; Hist\u00f3ria do Pensamento Econ\u00f4mico<\/a><\/p>\n\n\n\n<p><a href=\"https:\/\/sociaisaplicadas.ufpr.br\/depecon\/wp-content\/uploads\/sites\/6\/2022\/04\/SE058.pdf\" target=\"_blank\" rel=\"noopener\">SE058 &#8211; Teoria Macroecon\u00f4mica II<\/a><\/p>\n\n\n\n<p><a href=\"https:\/\/sociaisaplicadas.ufpr.br\/depecon\/wp-content\/uploads\/sites\/6\/2022\/04\/SE059.pdf\" target=\"_blank\" rel=\"noopener\">SE059 &#8211; An\u00e1lise de Investimentos<\/a><\/p>\n\n\n\n<p><a href=\"https:\/\/sociaisaplicadas.ufpr.br\/depecon\/wp-content\/uploads\/sites\/6\/2022\/04\/SE060.pdf\" target=\"_blank\" rel=\"noopener\">SE060 &#8211; Economia e Estrat\u00e9gia Empresarial<\/a><\/p>\n\n\n\n<p><a href=\"https:\/\/sociaisaplicadas.ufpr.br\/depecon\/wp-content\/uploads\/sites\/6\/2022\/04\/SE062.pdf\" target=\"_blank\" rel=\"noopener\">SE062 &#8211; T\u00f3picos em Econometria<\/a><\/p>\n\n\n\n<p><a href=\"https:\/\/sociaisaplicadas.ufpr.br\/depecon\/wp-content\/uploads\/sites\/6\/2022\/04\/SE063.pdf\" target=\"_blank\" rel=\"noopener\">SE063 &#8211; Economia da Energia<\/a><\/p>\n\n\n\n<p><a href=\"https:\/\/sociaisaplicadas.ufpr.br\/depecon\/wp-content\/uploads\/sites\/6\/2022\/04\/SE065.pdf\" target=\"_blank\" rel=\"noopener\">SE065 &#8211; Introdu\u00e7\u00e3o ao estudo de Desenvolvimento Sustent\u00e1vel:&nbsp;Ecologia, Energia e Economia<\/a><\/p>\n\n\n\n<p><a href=\"https:\/\/sociaisaplicadas.ufpr.br\/depecon\/wp-content\/uploads\/sites\/6\/2022\/04\/SE202.pdf\" target=\"_blank\" rel=\"noopener\">SE202 &#8211; Economia Monet\u00e1ria<\/a><\/p>\n\n\n\n<p><a href=\"https:\/\/sociaisaplicadas.ufpr.br\/depecon\/wp-content\/uploads\/sites\/6\/2022\/04\/SE203.pdf\" target=\"_blank\" rel=\"noopener\">SE203 &#8211; Mercado Financeiro e Pol\u00edtica Monet\u00e1ria<\/a><\/p>\n\n\n\n<p><a href=\"https:\/\/sociaisaplicadas.ufpr.br\/depecon\/wp-content\/uploads\/sites\/6\/2022\/04\/SE204.pdf\" target=\"_blank\" rel=\"noopener\">SE204 &#8211; Economia Brasileira Contempor\u00e2nea<\/a><\/p>\n\n\n\n<p><a href=\"https:\/\/sociaisaplicadas.ufpr.br\/depecon\/wp-content\/uploads\/sites\/6\/2022\/04\/SE205.pdf\" target=\"_blank\" rel=\"noopener\">SE205 &#8211; Economia Regional e Urbana<\/a><\/p>\n\n\n\n<p><a href=\"https:\/\/sociaisaplicadas.ufpr.br\/depecon\/wp-content\/uploads\/sites\/6\/2022\/04\/SE206.pdf\" target=\"_blank\" rel=\"noopener\">SE206 &#8211; Pol\u00edtica e Planejamento Econ\u00f4mico<\/a><\/p>\n\n\n\n<p><a href=\"https:\/\/sociaisaplicadas.ufpr.br\/depecon\/wp-content\/uploads\/sites\/6\/2022\/04\/SE209.pdf\" target=\"_blank\" rel=\"noopener\">SE209 &#8211; Contabilidade social<\/a><\/p>\n\n\n\n<p><a href=\"https:\/\/sociaisaplicadas.ufpr.br\/depecon\/wp-content\/uploads\/sites\/6\/2022\/04\/SE210.pdf\" target=\"_blank\" rel=\"noopener\">SE210 &#8211; Forma\u00e7\u00e3o Econ\u00f4mica do Brasil<\/a><\/p>\n\n\n\n<p><a href=\"https:\/\/sociaisaplicadas.ufpr.br\/depecon\/wp-content\/uploads\/sites\/6\/2022\/04\/SE211.pdf\" target=\"_blank\" rel=\"noopener\">SE211 &#8211; Planejamento Regional e Urbano<\/a><\/p>\n\n\n\n<p><a href=\"https:\/\/sociaisaplicadas.ufpr.br\/depecon\/wp-content\/uploads\/sites\/6\/2022\/04\/SE212.pdf\" target=\"_blank\" rel=\"noopener\">SE212 &#8211; Programa\u00e7\u00e3o do Setor P\u00fablico<\/a><\/p>\n\n\n\n<p><a href=\"https:\/\/sociaisaplicadas.ufpr.br\/depecon\/wp-content\/uploads\/sites\/6\/2022\/04\/SE213.pdf\" target=\"_blank\" rel=\"noopener\">SE213 &#8211; Economia e Demografia<\/a><\/p>\n\n\n\n<p><a href=\"https:\/\/sociaisaplicadas.ufpr.br\/depecon\/wp-content\/uploads\/sites\/6\/2022\/04\/SE214.pdf\" target=\"_blank\" rel=\"noopener\">SE214 &#8211; An\u00e1lise Econ\u00f4mica e Financeira<\/a><\/p>\n\n\n\n<p><a href=\"https:\/\/sociaisaplicadas.ufpr.br\/depecon\/wp-content\/uploads\/sites\/6\/2022\/04\/SE215.pdf\" target=\"_blank\" rel=\"noopener\">SE215 &#8211; Desenvolvimento de Projetos<\/a><\/p>\n\n\n\n<p><a href=\"https:\/\/sociaisaplicadas.ufpr.br\/depecon\/wp-content\/uploads\/sites\/6\/2022\/04\/SE216.pdf\" target=\"_blank\" rel=\"noopener\">SE216 &#8211; An\u00e1lise E Pesquisa de Mercado<\/a><\/p>\n\n\n\n<p><a href=\"https:\/\/sociaisaplicadas.ufpr.br\/depecon\/wp-content\/uploads\/sites\/6\/2022\/04\/SE217.pdf\" target=\"_blank\" rel=\"noopener\">SE217 &#8211; Forma\u00e7\u00e3o Econ\u00f4mica do Paran\u00e1<\/a><\/p>\n\n\n\n<p><a href=\"https:\/\/sociaisaplicadas.ufpr.br\/depecon\/wp-content\/uploads\/sites\/6\/2022\/04\/SE218.pdf\" target=\"_blank\" rel=\"noopener\">SE218 &#8211; An\u00e1lise Conjuntural<\/a><\/p>\n\n\n\n<p><a href=\"https:\/\/sociaisaplicadas.ufpr.br\/depecon\/wp-content\/uploads\/sites\/6\/2022\/04\/SE219.pdf\" target=\"_blank\" rel=\"noopener\">SE219 &#8211; Economia Agr\u00edcola<\/a><\/p>\n\n\n\n<p><a href=\"https:\/\/sociaisaplicadas.ufpr.br\/depecon\/wp-content\/uploads\/sites\/6\/2022\/04\/SE220.pdf\" target=\"_blank\" rel=\"noopener\">SE220 &#8211; Economia e Tecnologia<\/a><\/p>\n\n\n\n<p><a href=\"https:\/\/sociaisaplicadas.ufpr.br\/depecon\/wp-content\/uploads\/sites\/6\/2022\/04\/SE221.pdf\" target=\"_blank\" rel=\"noopener\">SE221 &#8211; Metodologia da An\u00e1lise Econ\u00f4mica<\/a><\/p>\n\n\n\n<p><a href=\"https:\/\/sociaisaplicadas.ufpr.br\/depecon\/wp-content\/uploads\/sites\/6\/2022\/04\/SE222.pdf\" target=\"_blank\" rel=\"noopener\">SE222 &#8211; Economia do Trabalho<\/a><\/p>\n\n\n\n<p><a href=\"https:\/\/sociaisaplicadas.ufpr.br\/depecon\/wp-content\/uploads\/sites\/6\/2022\/04\/SE223.pdf\" target=\"_blank\" rel=\"noopener\">SE223 &#8211; Economia Industrial<\/a><\/p>\n\n\n\n<p><a href=\"https:\/\/sociaisaplicadas.ufpr.br\/depecon\/wp-content\/uploads\/sites\/6\/2022\/04\/SE354-.pdf\" target=\"_blank\" rel=\"noopener\">SE354 &#8211; T\u00f3picos Especiais em Econometria<\/a><\/p>\n\n\n\n<p><a href=\"https:\/\/sociaisaplicadas.ufpr.br\/depecon\/wp-content\/uploads\/sites\/6\/2022\/04\/SE418.pdf\" target=\"_blank\" rel=\"noopener\">SE418 &#8211; Teoria Econ\u00f4mica<\/a><\/p>\n\n\n\n<p><a href=\"https:\/\/sociaisaplicadas.ufpr.br\/depecon\/wp-content\/uploads\/sites\/6\/2022\/04\/SE421.pdf\" target=\"_blank\" rel=\"noopener\">SE421 &#8211; Teoria Microecon\u00f4mica<\/a><\/p>\n\n\n\n<p><a href=\"https:\/\/sociaisaplicadas.ufpr.br\/depecon\/wp-content\/uploads\/sites\/6\/2022\/04\/SE422.pdf\" target=\"_blank\" rel=\"noopener\">SE422 &#8211; Teoria Macroecon\u00f4mica<\/a><\/p>\n\n\n\n<p><a href=\"https:\/\/sociaisaplicadas.ufpr.br\/depecon\/wp-content\/uploads\/sites\/6\/2022\/04\/SE423.pdf\" target=\"_blank\" rel=\"noopener\">SE423 &#8211; Economia Internacional<\/a><\/p>\n\n\n\n<p><a href=\"https:\/\/sociaisaplicadas.ufpr.br\/depecon\/wp-content\/uploads\/sites\/6\/2022\/04\/SE436.pdf\" target=\"_blank\" rel=\"noopener\">SE436 &#8211; Economia Pol\u00edtica I<\/a><\/p>\n\n\n\n<p><a href=\"https:\/\/sociaisaplicadas.ufpr.br\/depecon\/wp-content\/uploads\/sites\/6\/2022\/04\/SE437.pdf\" target=\"_blank\" rel=\"noopener\">SE437 &#8211; Economia Pol\u00edtica II<\/a><\/p>\n\n\n\n<p><a href=\"https:\/\/sociaisaplicadas.ufpr.br\/depecon\/wp-content\/uploads\/sites\/6\/2022\/04\/SE456.pdf\" target=\"_blank\" rel=\"noopener\">SE456 &#8211; No\u00e7\u00f5es de Economia<\/a><\/p>\n\n\n\n<p><a href=\"https:\/\/sociaisaplicadas.ufpr.br\/depecon\/wp-content\/uploads\/sites\/6\/2022\/04\/SE457.pdf\" target=\"_blank\" rel=\"noopener\">SE457 &#8211; An\u00e1lise Microecon\u00f4mica A<\/a><\/p>\n\n\n\n<p><a href=\"https:\/\/sociaisaplicadas.ufpr.br\/depecon\/wp-content\/uploads\/sites\/6\/2022\/04\/SE458.pdf\" target=\"_blank\" rel=\"noopener\">SE458 &#8211; Economia Brasileira<\/a><\/p>\n\n\n\n<p><a href=\"https:\/\/sociaisaplicadas.ufpr.br\/depecon\/wp-content\/uploads\/sites\/6\/2024\/07\/SE459-Economia.pdf\">SE459-Economia.pdf<\/a><\/p>\n\n\n\n<p><a href=\"https:\/\/sociaisaplicadas.ufpr.br\/depecon\/wp-content\/uploads\/sites\/6\/2022\/04\/SE460.pdf\" target=\"_blank\" rel=\"noopener\">SE460 &#8211; Introdu\u00e7\u00e3o \u00e0 Economia B<\/a><\/p>\n\n\n\n<p><a href=\"https:\/\/sociaisaplicadas.ufpr.br\/depecon\/wp-content\/uploads\/sites\/6\/2022\/04\/SE461.pdf\" target=\"_blank\" rel=\"noopener\">SE461 &#8211; Hist\u00f3ria do Pensamento Econ\u00f4mico B<\/a><\/p>\n\n\n\n<p><a href=\"https:\/\/sociaisaplicadas.ufpr.br\/depecon\/wp-content\/uploads\/sites\/6\/2022\/04\/SE462.pdf\" target=\"_blank\" rel=\"noopener\">SE462 &#8211; Elabora\u00e7\u00e3o e An\u00e1lise de Projetos B<\/a><\/p>\n\n\n\n<p><a href=\"https:\/\/sociaisaplicadas.ufpr.br\/depecon\/wp-content\/uploads\/sites\/6\/2022\/04\/SE463.pdf\" target=\"_blank\" rel=\"noopener\">SE463 &#8211; Desenvolvimento S\u00f3cio-Econ\u00f4mico B<\/a><\/p>\n\n\n\n<p><a href=\"https:\/\/sociaisaplicadas.ufpr.br\/depecon\/wp-content\/uploads\/sites\/6\/2022\/04\/SE464.pdf\" target=\"_blank\" rel=\"noopener\">SE464 &#8211; Economia do Setor P\u00fablico B<\/a><\/p>\n\n\n\n<div style=\"height:30px\" aria-hidden=\"true\" class=\"wp-block-spacer\"><\/div>\n\n\n\n<h5 class=\"wp-block-heading\"><strong>T\u00f3picos Especiais<\/strong><\/h5>\n\n\n\n<div style=\"height:20px\" aria-hidden=\"true\" class=\"wp-block-spacer\"><\/div>\n\n\n\n<p>SE355 T\u00f3picos Especiais em Economia I: <a href=\"https:\/\/sociaisaplicadas.ufpr.br\/depecon\/wp-content\/uploads\/sites\/6\/2023\/03\/SE355-Economia-Institucional-2007.pdf\" target=\"_blank\" rel=\"noopener\">Economia Institucional<\/a><\/p>\n\n\n\n<p>SE356 T\u00f3picos Especiais em Economia II: <a href=\"https:\/\/sociaisaplicadas.ufpr.br\/depecon\/wp-content\/uploads\/sites\/6\/2023\/03\/SE356-Economia-do-Terceiro-Setor-2007.pdf\" target=\"_blank\" rel=\"noopener\">Economia do Terceiro Setor<\/a>&nbsp; \/ <a href=\"https:\/\/sociaisaplicadas.ufpr.br\/depecon\/wp-content\/uploads\/sites\/6\/2023\/03\/SE356-Estado-e-Economia-2011.pdf\" target=\"_blank\" rel=\"noopener\">Estado e Economia<\/a>&nbsp; \/ <a href=\"https:\/\/sociaisaplicadas.ufpr.br\/depecon\/wp-content\/uploads\/sites\/6\/2023\/03\/SE356-Macroeconomia-aberta-e-crescimento-2010.pdf\" target=\"_blank\" rel=\"noopener\">Macroeconomia aberta e crescimento<\/a>&nbsp; \/<\/p>\n\n\n\n<p>SE357 T\u00f3picos Especiais em Economia III: <a href=\"https:\/\/sociaisaplicadas.ufpr.br\/depecon\/wp-content\/uploads\/sites\/6\/2023\/03\/SE357-Direito-Econ\u00f4mico-2007.pdf\" target=\"_blank\" rel=\"noopener\">Direito Econ\u00f4mico<\/a>&nbsp; \/&nbsp; <a href=\"https:\/\/sociaisaplicadas.ufpr.br\/depecon\/wp-content\/uploads\/sites\/6\/2023\/03\/SE357-Economia-Comportamental-2012.pdf\" target=\"_blank\" rel=\"noopener\">Economia Comportamental<\/a>&nbsp; \/ <a href=\"https:\/\/sociaisaplicadas.ufpr.br\/depecon\/wp-content\/uploads\/sites\/6\/2023\/03\/SE357-Hist\u00f3ria-do-Pensamento-Brasileiro-2013.pdf\" target=\"_blank\" rel=\"noopener\">Hist\u00f3ria do Pensamento Brasileiro<\/a><\/p>\n\n\n\n<div style=\"height:100px\" aria-hidden=\"true\" class=\"wp-block-spacer\"><\/div>\n","protected":false},"excerpt":{"rendered":"<p>SE017 \u2013 Hist\u00f3ria Econ\u00f4mica Geral SE025 \u2013 Econometria I SE035 &#8211; Introdu\u00e7\u00e3o \u00e0 Economia I SE044 &#8211; Economia I SE045 &#8211; Economia II SE049 &#8211; Introdu\u00e7\u00e3o \u00e0 Economia SE050 &#8211; Economia e \u00c9tica I SE051 &#8211; T\u00e9cnicas de Pesquisa em Economia I SE052 &#8211; Teoria Neocl\u00e1ssica SE053 &#8211; Economia de Empresas I SE054 &#8211; Introdu\u00e7\u00e3o [&hellip;]<\/p>\n","protected":false},"author":2788,"featured_media":0,"parent":0,"menu_order":0,"comment_status":"closed","ping_status":"closed","template":"","meta":{"_acf_changed":false,"footnotes":""},"class_list":["post-5220","page","type-page","status-publish","hentry"],"acf":[],"_links":{"self":[{"href":"https:\/\/sociaisaplicadas.ufpr.br\/depecon\/wp-json\/wp\/v2\/pages\/5220","targetHints":{"allow":["GET"]}}],"collection":[{"href":"https:\/\/sociaisaplicadas.ufpr.br\/depecon\/wp-json\/wp\/v2\/pages"}],"about":[{"href":"https:\/\/sociaisaplicadas.ufpr.br\/depecon\/wp-json\/wp\/v2\/types\/page"}],"author":[{"embeddable":true,"href":"https:\/\/sociaisaplicadas.ufpr.br\/depecon\/wp-json\/wp\/v2\/users\/2788"}],"replies":[{"embeddable":true,"href":"https:\/\/sociaisaplicadas.ufpr.br\/depecon\/wp-json\/wp\/v2\/comments?post=5220"}],"version-history":[{"count":39,"href":"https:\/\/sociaisaplicadas.ufpr.br\/depecon\/wp-json\/wp\/v2\/pages\/5220\/revisions"}],"predecessor-version":[{"id":12217,"href":"https:\/\/sociaisaplicadas.ufpr.br\/depecon\/wp-json\/wp\/v2\/pages\/5220\/revisions\/12217"}],"wp:attachment":[{"href":"https:\/\/sociaisaplicadas.ufpr.br\/depecon\/wp-json\/wp\/v2\/media?parent=5220"}],"curies":[{"name":"wp","href":"https:\/\/api.w.org\/{rel}","templated":true}]}}