{"id":54,"date":"2017-02-08T20:15:41","date_gmt":"2017-02-08T20:15:41","guid":{"rendered":"https:\/\/sociaisaplicadas.ufpr.br\/depecon\/?page_id=54"},"modified":"2026-02-12T18:24:09","modified_gmt":"2026-02-12T18:24:09","slug":"formularios","status":"publish","type":"page","link":"https:\/\/sociaisaplicadas.ufpr.br\/depecon\/formularios\/","title":{"rendered":"Formul\u00e1rios"},"content":{"rendered":"\n<div style=\"height:30px\" aria-hidden=\"true\" class=\"wp-block-spacer\"><\/div>\n\n\n\n<h5 class=\"wp-block-heading\">Solicita\u00e7\u00e3o de Segunda Chamada de Avalia\u00e7\u00e3o<\/h5>\n\n\n\n<div style=\"height:20px\" aria-hidden=\"true\" class=\"wp-block-spacer\"><\/div>\n\n\n\n<h4 class=\"wp-block-heading\">A Solicita\u00e7\u00e3o de Segunda Chamada de Avalia\u00e7\u00e3o deve ser preenchida juntamente com a anexa\u00e7\u00e3o da documenta\u00e7\u00e3o comprobat\u00f3ria do motivo do n\u00e3o comparecimento conforme <a href=\"https:\/\/sociaisaplicadas.ufpr.br\/depecon\/wp-content\/uploads\/sites\/6\/2023\/03\/Res-37-97-CEPE-atividades-acad\u00eamicas-alterada-pela-Res.-10-19-42-22-e-43-22-CEPE.doc-1.pdf\" target=\"_blank\" rel=\"noopener\">art. 106 da Resolu\u00e7\u00e3o 37\/97 do CEPE<\/a>.<\/h4>\n\n\n\n<p><a href=\"https:\/\/forms.office.com\/Pages\/ResponsePage.aspx?id=ozd7w-Lp-UK8Z0ubc44d8F-AJwSsM6JKntS5-4vkxjVUOUFYMVFXTjRKTElURkQ5R0RJNVJIUTJZSi4u\" target=\"_blank\" rel=\"noopener\"><span style=\"color: #ff0000\">*<\/span>SEGUNDA CHAMADA (Resolu\u00e7\u00e3o 37\/97-CEPE Artigo 106 e seus par\u00e1grafos)<\/a><\/p>\n\n\n\n<p><span style=\"color: #ff0000\">Disciplinas CE009 e HSS102: Solicitar aos Departamento de&nbsp;Estat\u00edstica (dest@ufpr.br) e Sociologia (deciso@ufpr.br).<\/span><\/p>\n\n\n\n<p><a href=\"https:\/\/forms.office.com\/Pages\/ResponsePage.aspx?id=ozd7w-Lp-UK8Z0ubc44d8F-AJwSsM6JKntS5-4vkxjVUMUg1QTBEMlkwWUM2WlNVVTZGNDhFRzZYSC4u\" target=\"_blank\" rel=\"noopener\"><span style=\"color: #ff0000\">*<\/span>SEGUNDA AVALIA\u00c7\u00c3O FINAL (Resolu\u00e7\u00e3o 37\/97-CEPE Artigos 101, 102, 103 e 104 e seus par\u00e1grafos)<\/a><\/p>\n\n\n\n<div style=\"height:30px\" aria-hidden=\"true\" class=\"wp-block-spacer\"><\/div>\n\n\n\n<h5 class=\"wp-block-heading\">Vistas, revis\u00e3o e declara\u00e7\u00e3o de prova<\/h5>\n\n\n\n<div style=\"height:20px\" aria-hidden=\"true\" class=\"wp-block-spacer\"><\/div>\n\n\n\n<p><a href=\"https:\/\/forms.office.com\/Pages\/ResponsePage.aspx?id=ozd7w-Lp-UK8Z0ubc44d8F-AJwSsM6JKntS5-4vkxjVUNVQ2WkdUQVZJN0c4MkQ5VDVTNEJCSFhJRy4u\" target=\"_blank\" rel=\"noopener\"><span style=\"color: #ff0000\">*<\/span>VISTAS DE PROVA (Resolu\u00e7\u00e3o 37\/97-CEPE Artigo 105 e seu par\u00e1grafo \u00fanico)<\/a><\/p>\n\n\n\n<p><a href=\"https:\/\/forms.office.com\/Pages\/ResponsePage.aspx?id=ozd7w-Lp-UK8Z0ubc44d8F-AJwSsM6JKntS5-4vkxjVUM0xVMzhGSFlTRE9CVEVCVFU0VVlMVlhaUi4u\" target=\"_blank\" rel=\"noopener\"><span style=\"color: #ff0000\">*<\/span>REVIS\u00c3O DE PROVA (Resolu\u00e7\u00e3o 37\/97-CEPE Artigo 105 e seu par\u00e1grafo \u00fanico)<\/a><\/p>\n\n\n\n<p><a href=\"https:\/\/sociaisaplicadas.ufpr.br\/depecon\/wp-content\/uploads\/sites\/6\/2023\/02\/DECLARA\u00c7\u00c3O-PROVA.pdf\" target=\"_blank\" rel=\"noreferrer noopener\">DECLARA\u00c7\u00c3O PROVA (para entrega em Est\u00e1gio &#8211; <strong><mark>discente deve imprimir, preencher e solicitar assinatura ao professor<\/mark><\/strong>)<\/a><\/p>\n\n\n\n<div style=\"height:30px\" aria-hidden=\"true\" class=\"wp-block-spacer\"><\/div>\n\n\n\n<h5 class=\"wp-block-heading\"><b>Disciplinas Eletivas e Isoladas &#8211; SIGA<\/b><\/h5>\n\n\n\n<div style=\"height:20px\" aria-hidden=\"true\" class=\"wp-block-spacer\"><\/div>\n\n\n\n<p><a href=\"https:\/\/sociaisaplicadas.ufpr.br\/depecon\/disciplinas-isoladas-e-eletivas\/\" target=\"_blank\" rel=\"noopener\">INFORMA\u00c7\u00d5ES SOBRE MATR\u00cdCULAS<\/a><\/p>\n\n\n\n<h4 class=\"wp-block-heading\">&nbsp;<\/h4>\n\n\n\n<h4 class=\"wp-block-heading\"><span style=\"font-size: 12pt;color: #ff0000\">*(Para preenchimento deste formul\u00e1rio \u00e9 necess\u00e1rio estar logado no e-mail UFPR do aluno, pelo portal&nbsp;<a href=\"https:\/\/outlook.live.com\/owa\/\" target=\"_blank\" rel=\"noopener\">https:\/\/outlook.live.com\/owa\/<\/a>)<\/span><\/h4>\n\n\n\n<div style=\"height:100px\" aria-hidden=\"true\" class=\"wp-block-spacer\"><\/div>\n","protected":false},"excerpt":{"rendered":"<p>Solicita\u00e7\u00e3o de Segunda Chamada de Avalia\u00e7\u00e3o A Solicita\u00e7\u00e3o de Segunda Chamada de Avalia\u00e7\u00e3o deve ser preenchida juntamente com a anexa\u00e7\u00e3o da documenta\u00e7\u00e3o comprobat\u00f3ria do motivo do n\u00e3o comparecimento conforme art. 106 da Resolu\u00e7\u00e3o 37\/97 do CEPE. *SEGUNDA CHAMADA (Resolu\u00e7\u00e3o 37\/97-CEPE Artigo 106 e seus par\u00e1grafos) Disciplinas CE009 e HSS102: Solicitar aos Departamento de&nbsp;Estat\u00edstica (dest@ufpr.br) e [&hellip;]<\/p>\n","protected":false},"author":2785,"featured_media":0,"parent":0,"menu_order":0,"comment_status":"closed","ping_status":"closed","template":"","meta":{"_acf_changed":false,"footnotes":""},"class_list":["post-54","page","type-page","status-publish","hentry"],"acf":[],"_links":{"self":[{"href":"https:\/\/sociaisaplicadas.ufpr.br\/depecon\/wp-json\/wp\/v2\/pages\/54","targetHints":{"allow":["GET"]}}],"collection":[{"href":"https:\/\/sociaisaplicadas.ufpr.br\/depecon\/wp-json\/wp\/v2\/pages"}],"about":[{"href":"https:\/\/sociaisaplicadas.ufpr.br\/depecon\/wp-json\/wp\/v2\/types\/page"}],"author":[{"embeddable":true,"href":"https:\/\/sociaisaplicadas.ufpr.br\/depecon\/wp-json\/wp\/v2\/users\/2785"}],"replies":[{"embeddable":true,"href":"https:\/\/sociaisaplicadas.ufpr.br\/depecon\/wp-json\/wp\/v2\/comments?post=54"}],"version-history":[{"count":84,"href":"https:\/\/sociaisaplicadas.ufpr.br\/depecon\/wp-json\/wp\/v2\/pages\/54\/revisions"}],"predecessor-version":[{"id":13172,"href":"https:\/\/sociaisaplicadas.ufpr.br\/depecon\/wp-json\/wp\/v2\/pages\/54\/revisions\/13172"}],"wp:attachment":[{"href":"https:\/\/sociaisaplicadas.ufpr.br\/depecon\/wp-json\/wp\/v2\/media?parent=54"}],"curies":[{"name":"wp","href":"https:\/\/api.w.org\/{rel}","templated":true}]}}