{"id":69,"date":"2020-03-23T07:18:08","date_gmt":"2020-03-23T07:18:08","guid":{"rendered":"https:\/\/sociaisaplicadas.ufpr.br\/depecon\/?page_id=69"},"modified":"2026-02-12T18:19:20","modified_gmt":"2026-02-12T18:19:20","slug":"calendarios","status":"publish","type":"page","link":"https:\/\/sociaisaplicadas.ufpr.br\/depecon\/calendarios\/","title":{"rendered":"Calend\u00e1rio Acad\u00eamico"},"content":{"rendered":"\n<div style=\"height:30px\" aria-hidden=\"true\" class=\"wp-block-spacer\"><\/div>\n\n\n\n<p><a href=\"https:\/\/sociaisaplicadas.ufpr.br\/depecon\/wp-content\/uploads\/sites\/6\/2024\/12\/SEI_7330607_Resolucao__Conselho_de_Ensino__Pesquisa_e_Extensao_19_24_CEPE-1.pdf\" target=\"_blank\" rel=\"noreferrer noopener\">Calend\u00e1rio acad\u00eamico 2026<\/a><\/p>\n\n\n\n<div data-wp-interactive=\"core\/file\" class=\"wp-block-file\"><object data-wp-bind--hidden=\"!state.hasPdfPreview\" hidden class=\"wp-block-file__embed\" data=\"https:\/\/sociaisaplicadas.ufpr.br\/depecon\/wp-content\/uploads\/sites\/6\/2026\/01\/Calendario-Academico-2026-CEPE-1-9.pdf\" type=\"application\/pdf\" style=\"width:100%;height:600px\" aria-label=\"Incorporado de Calend\u00e1rio Acad\u00eamico 2026-CEPE-.\"><\/object><a id=\"wp-block-file--media-49f2c825-5307-407a-956e-ccaf3337cf23\" href=\"https:\/\/sociaisaplicadas.ufpr.br\/depecon\/wp-content\/uploads\/sites\/6\/2026\/01\/Calendario-Academico-2026-CEPE-1-9.pdf\">Calend\u00e1rio Acad\u00eamico 2026-CEPE-<\/a><a href=\"https:\/\/sociaisaplicadas.ufpr.br\/depecon\/wp-content\/uploads\/sites\/6\/2026\/01\/Calendario-Academico-2026-CEPE-1-9.pdf\" class=\"wp-block-file__button wp-element-button\" download aria-describedby=\"wp-block-file--media-49f2c825-5307-407a-956e-ccaf3337cf23\">Baixar<\/a><\/div>\n\n\n\n<div style=\"height:50px\" aria-hidden=\"true\" class=\"wp-block-spacer\"><\/div>\n\n\n\n<p>\u00daltima atualiza\u00e7\u00e3o: 12\/02\/2026, por Jaqueline.<\/p>\n\n\n\n<p><\/p>\n","protected":false},"excerpt":{"rendered":"<p>Calend\u00e1rio acad\u00eamico 2026 \u00daltima atualiza\u00e7\u00e3o: 12\/02\/2026, por Jaqueline.<\/p>\n","protected":false},"author":2785,"featured_media":0,"parent":0,"menu_order":0,"comment_status":"closed","ping_status":"closed","template":"","meta":{"_acf_changed":false,"footnotes":""},"class_list":["post-69","page","type-page","status-publish","hentry"],"acf":[],"_links":{"self":[{"href":"https:\/\/sociaisaplicadas.ufpr.br\/depecon\/wp-json\/wp\/v2\/pages\/69","targetHints":{"allow":["GET"]}}],"collection":[{"href":"https:\/\/sociaisaplicadas.ufpr.br\/depecon\/wp-json\/wp\/v2\/pages"}],"about":[{"href":"https:\/\/sociaisaplicadas.ufpr.br\/depecon\/wp-json\/wp\/v2\/types\/page"}],"author":[{"embeddable":true,"href":"https:\/\/sociaisaplicadas.ufpr.br\/depecon\/wp-json\/wp\/v2\/users\/2785"}],"replies":[{"embeddable":true,"href":"https:\/\/sociaisaplicadas.ufpr.br\/depecon\/wp-json\/wp\/v2\/comments?post=69"}],"version-history":[{"count":59,"href":"https:\/\/sociaisaplicadas.ufpr.br\/depecon\/wp-json\/wp\/v2\/pages\/69\/revisions"}],"predecessor-version":[{"id":13159,"href":"https:\/\/sociaisaplicadas.ufpr.br\/depecon\/wp-json\/wp\/v2\/pages\/69\/revisions\/13159"}],"wp:attachment":[{"href":"https:\/\/sociaisaplicadas.ufpr.br\/depecon\/wp-json\/wp\/v2\/media?parent=69"}],"curies":[{"name":"wp","href":"https:\/\/api.w.org\/{rel}","templated":true}]}}