{"id":720,"date":"2017-06-22T15:26:50","date_gmt":"2017-06-22T15:26:50","guid":{"rendered":"https:\/\/sociaisaplicadas.ufpr.br\/depecon\/?page_id=720"},"modified":"2025-09-25T19:20:36","modified_gmt":"2025-09-25T19:20:36","slug":"extensao","status":"publish","type":"page","link":"https:\/\/sociaisaplicadas.ufpr.br\/depecon\/extensao\/","title":{"rendered":"Extens\u00e3o"},"content":{"rendered":"<p style=\"text-align: left\">A <a href=\"https:\/\/sociaisaplicadas.ufpr.br\/depecon\/wp-content\/uploads\/sites\/6\/2022\/11\/Res.-57-19-CEPE-atividades-de-extens\u00e3o-1.pdf\" target=\"_blank\" rel=\"noopener\">Resolu\u00e7\u00e3o n\u00ba 57\/19-CEPE<\/a>\u00a0disp\u00f5e sobre as atividades de extens\u00e3o na Universidade Federal do Paran\u00e1 (UFPR) (alterada pela Resolu\u00e7\u00e3o n\u00ba 70\/2012-CEPE).<\/p>\n<p style=\"text-align: left\">Segundo a Resolu\u00e7\u00e3o n\u00ba 57\/2019-CEPE, artigo 1\u00ba, &#8220;A extens\u00e3o universit\u00e1ria, sob o princ\u00edpio constitucional da indissociabilidade entre ensino, pesquisa e\u00a0extens\u00e3o, se constitui em processo interdisciplinar, pol\u00edtico educacional, cultural, cient\u00edfico e tecnol\u00f3gico,\u00a0que promove a intera\u00e7\u00e3o transformadora entre as institui\u00e7\u00f5es de ensino superior e os outros setores da\u00a0sociedade, por meio da produ\u00e7\u00e3o e da aplica\u00e7\u00e3o do conhecimento, em articula\u00e7\u00e3o permanente com o ensino e\u00a0a pesquisa.&#8221;<\/p>\n<p style=\"text-align: left\">Artigo 1\u00ba, \u00a71\u00ba: &#8221; A extens\u00e3o universit\u00e1ria dever\u00e1 ser desenvolvida sob a forma de Programa, Projeto, Evento, Presta\u00e7\u00e3o de\u00a0Servi\u00e7o, Curso ou Oficina&#8221;.<\/p>\n<p style=\"text-align: left\">Os professores do Departamento de Economia oferecem diversas atividades de extens\u00e3o universit\u00e1ria conforme identificada abaixo:<\/p>\n<h3 style=\"text-align: left\">Cursos de Extens\u00e3o <span style=\"color: #ff0000\">(N\u00e3o h\u00e1 inscri\u00e7\u00f5es no momento)<\/span><\/h3>\n<ol>\n<li>An\u00e1lise de Custos industriais:<\/li>\n<li>Engenharia Econ\u00f4mica: <a href=\"http:\/\/www.engenhariaeconomica.ufpr.br\/\" target=\"_blank\" rel=\"noopener\">www.engenhariaeconomica.ufpr.br<\/a><\/li>\n<li>Projetos de Expans\u00e3o Industrial: <a href=\"http:\/\/www.elaboracaodeprojetos.ufpr.br\/\" target=\"_blank\" rel=\"noopener\">www.elaboracaodeprojetos.ufpr.br<\/a><\/li>\n<li>Psicologia do Consumidor: <a href=\"http:\/\/www.psicologiadoconsumidor.ufpr.br\/index\/\" target=\"_blank\" rel=\"noopener\">www.psicologiadoconsumidor.ufpr.br\/index\/<\/a><\/li>\n<li>Jogos de Ind\u00fastrias: <a href=\"http:\/\/www.jogosdeempresasindustriais.ufpr.br\/\" target=\"_blank\" rel=\"noopener\">www.jogosdeempresasindustriais.ufpr.br<\/a><\/li>\n<li>Projetos Industriais: www.projetosindustriais.ufpr.br<\/li>\n<li>Valuation: www.valuation.ufpr.br: www.neurociencias.ufpr.br<\/li>\n<li>Economia e Complexidade: Modelagem Baseada em Agentes com LSD<\/li>\n<\/ol>\n<p><strong><span style=\"font-size: 14pt\">Programas de Extens\u00e3o<\/span><\/strong><\/p>\n<ul>\n<li>\u00a0INOVA\u00c7\u00c3O E DESENVOLVIMENTO TERRITORIAL<\/li>\n<\/ul>\n<p>o Coordenador: Prof. Victor Manoel Pelaez Alvarez (<a href=\"mailto:victor@ufpr.br\">victor@ufpr.br<\/a>)<\/p>\n<p>o Objetivo: a proposta deste Programa de Extens\u00e3o \u00e9 de estabelecer uma agenda de trabalho acad\u00eamico voltado ao desenvolvimento da cultura empreendedora\/inovadora, tanto em \u00e2mbito interno quanto externo \u00e0 UFPR. Para tanto, o Programa incorpora tr\u00eas Projetos de Extens\u00e3o complementares, cuja execu\u00e7\u00e3o ser\u00e1 realizada a partir da constru\u00e7\u00e3o de uma rede colaborativa de atores internos e externos \u00e0 UFPR. Os Projetos s\u00e3o: Propriedade Intelectual e Transfer\u00eancia de Tecnologia, Pr\u00e9-incuba\u00e7\u00e3o e a Promo\u00e7\u00e3o do Empreendedorismo na UFPR, e Inova\u00e7\u00e3o e Redes Territoriais.<\/p>\n<p><strong><span style=\"font-size: 14pt\">Projetos de Extens\u00e3o<\/span><\/strong><\/p>\n<ul>\n<li>\u00a0INOVA\u00c7\u00c3O E REDES TERRITORIAIS<\/li>\n<\/ul>\n<p>o Coordenador: Prof. Victor Manoel Pelaez Alvarez (<a href=\"mailto:victor@ufpr.br\">victor@ufpr.br<\/a>)<\/p>\n<p>o Objetivo: este projeto de extens\u00e3o visa a oferta de eventos e cursos de extens\u00e3o, para a forma\u00e7\u00e3o de agentes de desenvolvimento, capazes de atuar na cria\u00e7\u00e3o e na gest\u00e3o de redes territoriais de inova\u00e7\u00e3o. O projeto faz parte de um Programa de Extens\u00e3o (Inova\u00e7\u00e3o e Desenvolvimento Territorial) que abrange mais dois projetos de extens\u00e3o complementares: Propriedade Intelectual e Transfer\u00eancia de Tecnologia, e Pr\u00e9-incuba\u00e7\u00e3o e a Promo\u00e7\u00e3o do Empreendedorismo na UFPR. O objetivo deste Programa \u00e9 o de promover a difus\u00e3o da atividade empreendedora, como est\u00edmulo \u00e0 inova\u00e7\u00e3o tecnol\u00f3gica e ao desenvolvimento territorial.<\/p>\n<ul>\n<li>\u00a0RESGATE DA MEM\u00d3RIA ESTUDANTIL DA UFPR: organiza\u00e7\u00e3o de acervo do Centro Acad\u00eamico de Ci\u00eancias Econ\u00f4micas \u2013 CACE<\/li>\n<\/ul>\n<p>o Coordenadora: Prof\u00aa.<\/p>\n<p>o Objetivo: a a\u00e7\u00e3o extensionista proposta busca higienizar, identificar, acondicionar, organizar e difundir o conte\u00fado hist\u00f3rico do Acervo Documental do Centro Acad\u00eamico de Ci\u00eancias Econ\u00f4micas do Curso de Ci\u00eancias econ\u00f4micas da Universidade Federal do Paran\u00e1. Assim, cientes da import\u00e2ncia do tema Mem\u00f3ria estudantil, em paralelo \u00e0 atividade organizativa, ser\u00e3o ofertados Ciclos de Palestras Educativas de conscientiza\u00e7\u00e3o \u00e0 todos os Centros e Diret\u00f3rios Acad\u00eamicos existentes na UFPR entre outras unidades estudantis, como forma de estimular projetos afins, de preserva\u00e7\u00e3o e resgate dos documentos que contam a hist\u00f3ria do Movimento Estudantil n\u00e3o s\u00f3 da nossa universidade centen\u00e1ria mas tamb\u00e9m do estado do Paran\u00e1.<\/p>\n<ul>\n<li>\u00a0ECONOMIA, UNIVERSIDADE E SOCIEDADE: UMA OPORTUNIDADE DE APROXIMA\u00c7\u00c3O VIA REDES SOCIAIS<\/li>\n<\/ul>\n<p>o Coordenador: Prof. Junior Ruiz Garcia (<a href=\"mailto:jrgarcia@ufpr.br\">jrgarcia@ufpr.br<\/a>)<\/p>\n<p>o Objetivos: o avan\u00e7o das redes sociais, em especial do Facebook, tem oferecido uma oportunidade ainda pouco explorada para uma aproxima\u00e7\u00e3o entre a Universidade e a sociedade, a partir da difus\u00e3o de conhecimento e da oferta de um canal para comunica\u00e7\u00e3o direta com docentes e discentes. Em 2018, o n\u00famero de usu\u00e1rios do Facebook superou 2 bilh\u00f5es no mundo, no Brasil s\u00e3o mais de 127 milh\u00f5es. A sociedade civil carece de acesso ao conhecimento gerado nas universidades, inclusive de contato direto com docentes e discentes para sanar eventuais d\u00favidas. Assim, este projeto tem por objetivo principal oferecer um canal de comunica\u00e7\u00e3o direta com a comunidade interna e externa \u00e0 Universidade Federal do Paran\u00e1 (UFPR) via p\u00e1ginas tem\u00e1ticas no Facebook em \u00e1reas da Economia. A proposta envolve o compartilhamento de conhecimento em Economia nas \u00e1reas de Economia Ecol\u00f3gica, Economia Regional e Urbana, Economia do Setor P\u00fablico e Matem\u00e1tica Financeira com a sociedade por docentes e discentes da Universidade Federal do Paran\u00e1 (UFPR). As p\u00e1ginas de Facebook para cada uma das \u00e1reas tem\u00e1ticas indicadas j\u00e1 est\u00e3o dispon\u00edveis para a sociedade desde 2009, mas ainda n\u00e3o formalizadas como um projeto de extens\u00e3o. Diante da atratividade da iniciativa, que j\u00e1 alcan\u00e7ou um total de 7.884 seguidores em todas as p\u00e1ginas at\u00e9 setembro de 2018, seria interessante formaliz\u00e1-la como projeto de extens\u00e3o junto \u00e0 Universidade Federal do Paran\u00e1 (UFPR). A iniciativa est\u00e1 baseada na indissociabilidade entre teoria e pr\u00e1tica em Economia e no papel social da universidade junto \u00e0 sociedade.<\/p>\n<p><span style=\"font-size: 14pt\"><strong>Centro de Estudos<\/strong><\/span><\/p>\n<ul>\n<li>\u00a0CENTRO DE ESTUDOS BRASIL-CHINA<\/li>\n<\/ul>\n<p>o Coordenador: Prof. Fabiano Abranches Silva Dalto (<a href=\"mailto:dalto@ufpr.br\">dalto@ufpr.br<\/a>)<\/p>\n<p>o Objetivo: Num cen\u00e1rio internacional marcado pelo acirramento das disputas econ\u00f4micas, comerciais, tecnol\u00f3gicas e militares, a China e o Brasil assumem import\u00e2ncia estrat\u00e9gica diferenciada. Seja pelos seus mercados, seus recursos naturais, sua capacidade produtiva e tecnol\u00f3gica ou, n\u00e3o menos importante, pelo seu peso pol\u00edtico nas organiza\u00e7\u00f5es multilaterais. Neste sentido, os objetivos do Centro de estudos Brasil-China s\u00e3o, principalmente, abrigar estudos e pesquisas sobre a trajet\u00f3ria de desenvolvimento dos dois pa\u00edses, acompanhar a evolu\u00e7\u00e3o das suas rela\u00e7\u00f5es econ\u00f4micas e diplom\u00e1ticas, realizar discuss\u00f5es e semin\u00e1rios confrontando as duas experi\u00eancias e, finalmente, integrar uma rede de pesquisa nacional com foco na China e seu papel internacional.<\/p>\n<p><span style=\"font-size: 14pt\"><strong>Grupos de Pesquisa<\/strong><\/span><\/p>\n<ul style=\"list-style-type: disc\">\n<li>\u00a0GRUPO DE ESTUDOS EM MACROECONOMIA ECOL\u00d3GICA (GEMAECO)<\/li>\n<\/ul>\n<p>o Coordenador: Junior Ruiz Garcia (<a href=\"mailto:jrgarcia@ufpr.br\">jrgarcia@ufpr.br<\/a>)<\/p>\n<p>o Objetivo: requalificar o estudo Macroecon\u00f4mico Convencional (ortodoxo e heterodoxo) para uma MacroEconomia Ecol\u00f3gica o www.gemaeco.wordpress.com<\/p>\n<ul>\n<li>\u00a0OBSERVAT\u00d3RIO DA POL\u00cdTICA P\u00daBLICA DE REGULA\u00c7\u00c3O, INOVA\u00c7\u00c3O E TECNOLOGIA<\/li>\n<\/ul>\n<p>o Coordenador: Prof. Walter Shima (<a href=\"mailto:waltershima@ufpr.br\">waltershima@ufpr.br<\/a>)<\/p>\n<p>o Objetivo: Estudos sobre politicas industriais setoriais para o desenvolvimento tecnol\u00f3gico o http:\/\/dgp.cnpq.br\/dgp\/espelhogrupo\/225683<\/p>\n<ul>\n<li>\u00a0DESENVOLVIMENTO E EVOLU\u00c7\u00c3O DE SISTEMAS T\u00c9CNICOS (DEST)<\/li>\n<\/ul>\n<p>o Coordenador: Prof. Victor Manoel Pelaez Alvarez (<a href=\"mailto:victor@ufpr.br\">victor@ufpr.br<\/a>)<\/p>\n<p>o Objetivo: o grupo tem atuado nos tr\u00eas n\u00edveis de atividade universit\u00e1ria: ensino, pesquisa e extens\u00e3o. Nas atividades de ensino e pesquisa, os pesquisadores do grupo t\u00eam orientado monografias de fim de curso de gradua\u00e7\u00e3o (Ci\u00eancias Econ\u00f4micas), de Mestrado e Doutorado Acad\u00eamico (Pol\u00edticas P\u00fablicas) e de Mestrado Profissional (Propriedade Intelectual e Transfer\u00eancia de Tecnologia) nas \u00e1reas de Economia e Tecnologia, Pol\u00edticas de C&amp;T, Organiza\u00e7\u00e3o Industrial. Atualmente \u00e9 financiado pelo Fundo de Direitos Difusos do Minist\u00e9rio da Justi\u00e7a em uma pesquisa sobre a din\u00e2mica de concorr\u00eancia nos mercados de sementes e agrot\u00f3xicos. Nas atividades de extens\u00e3o e pesquisa atua em parceria com a Assespro-PR na elabora\u00e7\u00e3o e publica\u00e7\u00e3o de boletins de an\u00e1lise conjuntural sobre o Ramo de Servi\u00e7os em TI. O grupo tem atuado em parceria com\u00a0a Federa\u00e7\u00e3o das Ind\u00fastrias do Paran\u00e1 (FIEP), Assespro-PR e INPI na realiza\u00e7\u00e3o de atividades de extens\u00e3o (cursos e eventos).<\/p>\n<ul>\n<li>\u00a0HIST\u00d3RIA DO PENSAMENTO ECON\u00d4MICO E ECONOMIA BRASILEIRA<\/li>\n<\/ul>\n<p>o Coordenadores: Prof. Marcelo Luiz Curado (<a href=\"mailto:mlcurado@gmail.com\">mlcurado@gmail.com<\/a>) e Prof. Marco Ant\u00f4nio Ribas Cavalieri (<a href=\"mailto:cavalieri@ufpr.br\">cavalieri@ufpr.br)<\/a><\/p>\n<p>o Objetivo O objetivo do grupo \u00e9 gerar e difundir trabalhos acad\u00eamicos sobre a economia brasileira &#8211; de uma perspectiva conjuntural e hist\u00f3rica &#8211; e sobre a evolu\u00e7\u00e3o do pensamento econ\u00f4mico no pa\u00eds. A consolida\u00e7\u00e3o do grupo no \u00e2mbito da Universidade Federal do Paran\u00e1 (UFPR), e em especial no Programa de P\u00f3s-Gradua\u00e7\u00e3o em Desenvolvimento Econ\u00f4mico (PPGDE\/UFPR), conceito 5 na CAPES, permitir\u00e1 a amplia\u00e7\u00e3o dos esfor\u00e7os de pesquisa na \u00e1rea. Permitir\u00e1 tamb\u00e9m ampliar as parcerias acad\u00eamicas entre docentes e o corpo discente com efeitos diretos sobre a produ\u00e7\u00e3o cient\u00edfica. Especialmente importante neste sentido \u00e9 o esfor\u00e7o conjunto do grupo para internacionaliza\u00e7\u00e3o da produ\u00e7\u00e3o acad\u00eamica de docentes e dos discentes do grupo. Al\u00e9m disso, o grupo pretende promover atividades no \u00e2mbito do ensino e da extens\u00e3o universit\u00e1ria, tais como semin\u00e1rios e mini-cursos abertos \u00e0 comunidade, promovendo desta forma impactos diretos sobre o ambiente acad\u00eamico do Setor de Ci\u00eancias Sociais Aplicadas da UFPR.<\/p>\n<p><strong><span style=\"font-size: 14pt\">N\u00facleos de Pesquisa<\/span><\/strong><\/p>\n<ul>\n<li>\u00a0N\u00daCLEO DE ESTUDOS EM ECONOMIA SOCIAL E DEMOGRAFIA ECON\u00d4MICA (NESDE)<\/li>\n<\/ul>\n<p>o Coordenadora: Prof\u00aa. Angela Welters (<a href=\"mailto:welters@ufpr.br\">welters@ufpr.br<\/a>)<\/p>\n<p>o Vice-coordenadora:<\/p>\n<p>o Objetivo: incentivar a inclus\u00e3o dos novos desafios de desenvolvimento econ\u00f4mico e social para a forma\u00e7\u00e3o do economista a partir de atividades de pesquisa, ensino e extens\u00e3o. o http:\/\/www.nesde.ufpr.br\/nesde\/<\/p>\n<ul>\n<li>N\u00daCLEO DE ESTUDOS EM INSTITUI\u00c7\u00d5ES (NINST)<\/li>\n<\/ul>\n<p>o Coordenador: Prof. Hu\u00e1scar Fialho Pessali (<a href=\"mailto:pessali@ufpr.br\">pessali@ufpr.br<\/a>)<\/p>\n<p>o Objetivo: desenvolver atividades de ensino, pesquisa e extens\u00e3o sobre institui\u00e7\u00f5es econ\u00f4micas e pol\u00edticas envolvidas nos ciclos de pol\u00edticas p\u00fablicas.<\/p>\n<ul>\n<li>\u00a0N\u00daCLEO DE ESTUDOS EM DESENVOLVIMENTO URBANO E REGIONAL (NEDUR)<\/li>\n<\/ul>\n<p>o Coordenadores: Prof. Alexandre Alves Porsse (<a href=\"mailto:porsse@ufpr.br\" target=\"_blank\" rel=\"noopener noreferrer\">porsse@ufpr.br<\/a>) e Prof. Vin\u00edcius de Almeida Vale (<a href=\"mailto:aavolpi@ufpr.br\">viniciusvale@ufpr.br<\/a>)<\/p>\n<p>o Objetivo: realizar pesquisas aplicadas de excel\u00eancia no campo da Economia e sua interface com a Ci\u00eancia Regional e Urbana. o http:\/\/www.nedur.ufpr.br<\/p>\n<ul>\n<li>\u00a0N\u00daCLEO DE ECONOMIA INTERNACIONAL E DESENVOLVIMENTO ECON\u00d4MICO (NEIDE)<\/li>\n<\/ul>\n<p>o Coordenador: `Prof. Mauricio V. L. Bittencourt (<a href=\"mailto:mbittencourt@ufpr.br\">mbittencourt@ufpr.br<\/a>)<\/p>\n<p>o Objetivo: Investigar aspectos das inter-rela\u00e7\u00f5es existentes entre a Economia Internacional e o Desenvolvimento Econ\u00f4mico, bem como das pol\u00edticas econ\u00f4micas que afetam significativamente o processo de desenvolvimento das regi\u00f5es brasileiras.<\/p>\n<ul>\n<li>\u00a0N\u00daCLEO OF ECONOMICS AND COMPLEXITY (NEX)<\/li>\n<\/ul>\n<p>o Coordenador: Prof. Jo\u00e3o Bas\u00edlio Pereima (<a href=\"mailto:joaobasilio@ufpr.br\">joaobasilio@ufpr.br<\/a>)<\/p>\n<p>o Objetivo: estuda e analisa a economia como um sistema adaptativo complexo, em diversos campos do dom\u00ednio econ\u00f4mico<\/p>\n<p><span style=\"color: #ff0000\"><strong><a href=\"https:\/\/intranet.ufpr.br\/sigeu\/public\/certificado!execute;jsessionid=x3-6LlY8IoTeoMGHkb9-bgJ3.jboss02sto\" target=\"_blank\" rel=\"noopener\">Clique aqui<\/a> para gerar os seus certificados!<\/strong><\/span><\/p>\n<p><a href=\"https:\/\/sociaisaplicadas.ufpr.br\/depecon\/wp-content\/uploads\/sites\/6\/2019\/07\/Lista-de-alunos-inscritos-e-matriculados-no-Curso-de-Extens\u00e3o-em-Neuroci\u00eancias.pdf\" target=\"_blank\" rel=\"noopener\">Lista dos inscritos para o Curso de Extens\u00e3o em Neuroci\u00eancias\u00a0<\/a><\/p>\n<p><a href=\"https:\/\/sociaisaplicadas.ufpr.br\/depecon\/wp-content\/uploads\/sites\/6\/2019\/07\/Lista-de-alunos-inscritos-e-matriculados-no-Curso-de-extens\u00e3o-em-Custos-Industriais.pdf\" target=\"_blank\" rel=\"noopener\">Lista dos inscritos para o\u00a0 Curso de extens\u00e3o em Custos Industriais<\/a><\/p>\n","protected":false},"excerpt":{"rendered":"<p>A Resolu\u00e7\u00e3o n\u00ba 57\/19-CEPE\u00a0disp\u00f5e sobre as atividades de extens\u00e3o na Universidade Federal do Paran\u00e1 (UFPR) (alterada pela Resolu\u00e7\u00e3o n\u00ba 70\/2012-CEPE). Segundo a Resolu\u00e7\u00e3o n\u00ba 57\/2019-CEPE, artigo 1\u00ba, &#8220;A extens\u00e3o universit\u00e1ria, sob o princ\u00edpio constitucional da indissociabilidade entre ensino, pesquisa e\u00a0extens\u00e3o, se constitui em processo interdisciplinar, pol\u00edtico educacional, cultural, cient\u00edfico e tecnol\u00f3gico,\u00a0que promove a intera\u00e7\u00e3o transformadora [&hellip;]<\/p>\n","protected":false},"author":2785,"featured_media":0,"parent":0,"menu_order":0,"comment_status":"closed","ping_status":"closed","template":"","meta":{"_acf_changed":false,"footnotes":""},"class_list":["post-720","page","type-page","status-publish","hentry"],"acf":[],"_links":{"self":[{"href":"https:\/\/sociaisaplicadas.ufpr.br\/depecon\/wp-json\/wp\/v2\/pages\/720","targetHints":{"allow":["GET"]}}],"collection":[{"href":"https:\/\/sociaisaplicadas.ufpr.br\/depecon\/wp-json\/wp\/v2\/pages"}],"about":[{"href":"https:\/\/sociaisaplicadas.ufpr.br\/depecon\/wp-json\/wp\/v2\/types\/page"}],"author":[{"embeddable":true,"href":"https:\/\/sociaisaplicadas.ufpr.br\/depecon\/wp-json\/wp\/v2\/users\/2785"}],"replies":[{"embeddable":true,"href":"https:\/\/sociaisaplicadas.ufpr.br\/depecon\/wp-json\/wp\/v2\/comments?post=720"}],"version-history":[{"count":37,"href":"https:\/\/sociaisaplicadas.ufpr.br\/depecon\/wp-json\/wp\/v2\/pages\/720\/revisions"}],"predecessor-version":[{"id":12400,"href":"https:\/\/sociaisaplicadas.ufpr.br\/depecon\/wp-json\/wp\/v2\/pages\/720\/revisions\/12400"}],"wp:attachment":[{"href":"https:\/\/sociaisaplicadas.ufpr.br\/depecon\/wp-json\/wp\/v2\/media?parent=720"}],"curies":[{"name":"wp","href":"https:\/\/api.w.org\/{rel}","templated":true}]}}