{"id":79,"date":"2022-06-10T11:32:48","date_gmt":"2022-06-10T11:32:48","guid":{"rendered":"https:\/\/sociaisaplicadas.ufpr.br\/depecon\/?page_id=79"},"modified":"2026-02-12T18:22:27","modified_gmt":"2026-02-12T18:22:27","slug":"editais","status":"publish","type":"page","link":"https:\/\/sociaisaplicadas.ufpr.br\/depecon\/editais\/","title":{"rendered":"Editais"},"content":{"rendered":"\n<h5 class=\"wp-block-heading\">Editais Acad\u00eamicos (Extens\u00e3o, Inicia\u00e7\u00e3o Cient\u00edfica, Monitoria etc.)<\/h5>\n\n\n\n<div style=\"height:30px\" aria-hidden=\"true\" class=\"wp-block-spacer\"><\/div>\n\n\n\n<ul class=\"wp-block-list\">\n<li><a href=\"https:\/\/sociaisaplicadas.ufpr.br\/depecon\/iniciacao-cientifica\/\" target=\"_blank\" rel=\"noreferrer noopener\">Inicia\u00e7\u00e3o Cient\u00edfica<\/a><\/li>\n\n\n\n<li><a href=\"http:\/\/www.proec.ufpr.br\/links\/extensao\/editais_chamadas_internas.html\" target=\"_blank\" rel=\"noreferrer noopener\">Extens\u00e3o Universit\u00e1ria<\/a><\/li>\n\n\n\n<li><a href=\"https:\/\/sociaisaplicadas.ufpr.br\/depecon\/monitoria\/\" target=\"_blank\" rel=\"noreferrer noopener\">Monitoria Acad\u00eamica<\/a><\/li>\n<\/ul>\n\n\n\n<p><\/p>\n\n\n\n<h5 class=\"wp-block-heading\">Editais de Notas e Frequ\u00eancia das Disciplinas<\/h5>\n\n\n\n<div style=\"height:30px\" aria-hidden=\"true\" class=\"wp-block-spacer\"><\/div>\n\n\n\n<ul class=\"wp-block-list\">\n<li><a href=\"https:\/\/sociaisaplicadas.ufpr.br\/depecon\/notas\/\" target=\"_blank\" rel=\"noreferrer noopener\">Editais de notas das disciplinas do curso de gradua\u00e7\u00e3o em Ci\u00eancias Econ\u00f4micas<\/a><\/li>\n<\/ul>\n\n\n\n<p><\/p>\n\n\n\n<p><\/p>\n\n\n\n<h5 class=\"wp-block-heading\">Editais de Concursos P\u00fablicos e Processos Seletivos Simplificados<\/h5>\n\n\n\n<p><\/p>\n\n\n\n<ul class=\"wp-block-list\">\n<li><a href=\"https:\/\/sociaisaplicadas.ufpr.br\/depecon\/concurso-publico\/\" target=\"_blank\" rel=\"noreferrer noopener\">Concurso p\u00fablico para carreira docente<\/a><\/li>\n\n\n\n<li><a href=\"https:\/\/sociaisaplicadas.ufpr.br\/depecon\/teste-seletivo\/\" target=\"_blank\" rel=\"noreferrer noopener\">Teste Seletivo &#8211; Professor Substituto<\/a><\/li>\n<\/ul>\n\n\n\n<div style=\"height:20px\" aria-hidden=\"true\" class=\"wp-block-spacer\"><\/div>\n\n\n\n<div style=\"height:30px\" aria-hidden=\"true\" class=\"wp-block-spacer\"><\/div>\n\n\n\n<div style=\"height:30px\" aria-hidden=\"true\" class=\"wp-block-spacer\"><\/div>\n\n\n\n<h5 class=\"wp-block-heading\">Editais de Avalia\u00e7\u00e3o em Segunda Chamada<\/h5>\n\n\n\n<div style=\"height:30px\" aria-hidden=\"true\" class=\"wp-block-spacer\"><\/div>\n\n\n\n<h5 class=\"wp-block-heading\"><strong><span style=\"color: #ff0000\">AGENDAMENTO DE EXAME:<\/span>&nbsp;<\/strong><\/h5>\n\n\n\n<h5 class=\"wp-block-heading\"><span style=\"font-size: 12pt;color: #ff0000\"><strong>Procedimentos para Requerer o Exame de Segunda Chamada (Ler atentamente os requisitos da Resolu\u00e7\u00e3o n\u00ba 37\/97-CEPE e preencher o Formul\u00e1rio na aba &#8220;Formul\u00e1rios&#8221;)<\/strong><\/span><\/h5>\n\n\n\n<h5 class=\"wp-block-heading\">RESOLU\u00c7\u00c3O N\u00ba 37\/97-CEPE<\/h5>\n\n\n\n<p><strong><a href=\"https:\/\/sociaisaplicadas.ufpr.br\/depecon\/wp-content\/uploads\/sites\/6\/2023\/03\/Res-37-97-CEPE-atividades-acad\u00eamicas-alterada-pela-Res.-10-19-CEPE.pdf\">Res-37-97-CEPE-atividades-acad\u00eamicas-alterada-pela-Res.-10-19-CEPE<\/a><\/strong><\/p>\n\n\n\n<h6 class=\"wp-block-heading\"><em>Aprova normas b\u00e1sicas de controle e registro da atividade acad\u00eamica dos cursos de gradua\u00e7\u00e3o da Universidade. O CONSELHO DE ENSINO, PESQUISA E EXTENS\u00c3O, \u00f3rg\u00e3o normativo, consultivo e deliberativo da administra\u00e7\u00e3o superior, no uso de suas atribui\u00e7\u00f5es conferidas pelo Regimento Geral da Universidade Federal do Paran\u00e1,<\/em><\/h6>\n\n\n\n<h6 class=\"wp-block-heading\"><em><strong>SE\u00c7\u00c3O V <\/strong><\/em><\/h6>\n\n\n\n<h6 class=\"wp-block-heading\"><em><strong>Da Segunda Chamada <\/strong><\/em><\/h6>\n\n\n\n<h6 class=\"wp-block-heading\"><em><strong>Art. 106<\/strong> &#8211; \u00c9 assegurado o direito \u00e0 segunda chamada ao aluno que n\u00e3o tenha comparecido \u00e0&nbsp;avalia\u00e7\u00e3o do rendimento escolar, exceto na segunda avalia\u00e7\u00e3o final, nos casos e condi\u00e7\u00f5es&nbsp;constantes neste artigo.<\/em><br><em> <strong>\u00a7 1\u00ba<\/strong> &#8211; Considera-se impedimento do aluno para comparecer \u00e0 avalia\u00e7\u00e3o:<\/em><br><em> a) exerc\u00edcios ou manobras efetuadas na mesma data em virtude de matr\u00edcula no NPOR (Lei&nbsp;n\u00ba 4375, de 17.08.64), devidamente comprovadas por atestado da unidade militar;<\/em><br><em> b) internamento hospitalar devidamente comprovado pelo hospital;<\/em><br><em> c) doen\u00e7a comprovadamente impeditiva do comparecimento, confirmada por um atestado&nbsp;emitido por profissional da \u00e1rea de sa\u00fade;<\/em><br><em> d) luto pelo falecimento de parentes ou afins em linha reta e de colaterais at\u00e9 o segundo grau,&nbsp;comprov\u00e1vel pelo correspondente atestado de \u00f3bito;<\/em><br><em> e) convoca\u00e7\u00e3o, com coincid\u00eancia de hor\u00e1rio, para depoimento judicial, policial ou&nbsp;assemelhado, devidamente comprovado;<\/em><br><em> f) convoca\u00e7\u00e3o, com coincid\u00eancia de hor\u00e1rio, devidamente comprovada, para elei\u00e7\u00f5es em&nbsp;entidades oficiais;<\/em><br><em> g) viagem propiciada por conv\u00eanio da UFPR, devidamente comprovada.<\/em><br><em> h) participa\u00e7\u00e3o, devidamente comprovada, em atividades previstas nos artigos 81 e 82 desta&nbsp;Resolu\u00e7\u00e3o.<\/em><br><em> <strong>\u00a7 2\u00ba<\/strong> &#8211; O aluno ou seu representante dever\u00e1 requerer ao docente respons\u00e1vel pela disciplina&nbsp;ou ao departamento a segunda chamada no prazo de 5 (cinco) dias \u00fateis, contados a partir da&nbsp;data da realiza\u00e7\u00e3o da avalia\u00e7\u00e3o do rendimento escolar, apresentando a documenta\u00e7\u00e3o&nbsp;comprobat\u00f3ria correspondente, devendo o docente ou o departamento manifestar-se no prazo&nbsp;m\u00e1ximo de 5 (cinco) dias \u00fateis, sendo que nos casos previstos no \u00a7 1\u00ba deste artigo que&nbsp;impliquem em viagens, os 5 (cinco) dias \u00fateis para requerimento ser\u00e3o contados a partir do&nbsp;retorno do aluno.<\/em><br><em> \u00a7 3\u00ba &#8211; Deferido o requerimento, o docente ou o departamento fixar\u00e1 em edital, o local e&nbsp;a data e o conte\u00fado da avalia\u00e7\u00e3o de segunda chamada, com, no m\u00ednimo, 5 (cinco) dias&nbsp;\u00fateis de anteced\u00eancia.<\/em><\/h6>\n\n\n\n<h5 class=\"wp-block-heading has-small-font-size\"><strong><span style=\"color: #ff0000\">PARA REQUERER O EXAME DE SEGUNDA CHAMADA, VISITE A ABA &#8220;INFORMA\u00c7\u00d5ES&#8221;, &#8220;FORMUL\u00c1RIOS&#8221; E PREENCHA O FORMUL\u00c1RIO DE REQUERIMENTO, ANEXANDO O DOCUMENTO COMPLEMENTAR AO SEU PEDIDO.<\/span><\/strong><\/h5>\n\n\n\n<div style=\"height:30px\" aria-hidden=\"true\" class=\"wp-block-spacer\"><\/div>\n\n\n\n<h5 class=\"wp-block-heading\">Editais de Exame Final<\/h5>\n\n\n\n<div style=\"height:30px\" aria-hidden=\"true\" class=\"wp-block-spacer\"><\/div>\n\n\n\n<p><\/p>\n\n\n\n<div style=\"height:30px\" aria-hidden=\"true\" class=\"wp-block-spacer\"><\/div>\n\n\n\n<h5 class=\"wp-block-heading\">Edital de Monografia II<\/h5>\n\n\n\n<div style=\"height:30px\" aria-hidden=\"true\" class=\"wp-block-spacer\"><\/div>\n\n\n\n<p>Edital de monografia 1-2026<\/p>\n\n\n\n<div style=\"height:50px\" aria-hidden=\"true\" class=\"wp-block-spacer\"><\/div>\n\n\n\n<p>\u00daltima atualiza\u00e7\u00e3o: 12\/02\/2026, por Jaqueline.<\/p>\n","protected":false},"excerpt":{"rendered":"<p>Editais Acad\u00eamicos (Extens\u00e3o, Inicia\u00e7\u00e3o Cient\u00edfica, Monitoria etc.) Editais de Notas e Frequ\u00eancia das Disciplinas Editais de Concursos P\u00fablicos e Processos Seletivos Simplificados Editais de Avalia\u00e7\u00e3o em Segunda Chamada AGENDAMENTO DE EXAME:&nbsp; Procedimentos para Requerer o Exame de Segunda Chamada (Ler atentamente os requisitos da Resolu\u00e7\u00e3o n\u00ba 37\/97-CEPE e preencher o Formul\u00e1rio na aba &#8220;Formul\u00e1rios&#8221;) RESOLU\u00c7\u00c3O [&hellip;]<\/p>\n","protected":false},"author":2785,"featured_media":0,"parent":0,"menu_order":0,"comment_status":"closed","ping_status":"closed","template":"","meta":{"_acf_changed":false,"footnotes":""},"class_list":["post-79","page","type-page","status-publish","hentry"],"acf":[],"_links":{"self":[{"href":"https:\/\/sociaisaplicadas.ufpr.br\/depecon\/wp-json\/wp\/v2\/pages\/79","targetHints":{"allow":["GET"]}}],"collection":[{"href":"https:\/\/sociaisaplicadas.ufpr.br\/depecon\/wp-json\/wp\/v2\/pages"}],"about":[{"href":"https:\/\/sociaisaplicadas.ufpr.br\/depecon\/wp-json\/wp\/v2\/types\/page"}],"author":[{"embeddable":true,"href":"https:\/\/sociaisaplicadas.ufpr.br\/depecon\/wp-json\/wp\/v2\/users\/2785"}],"replies":[{"embeddable":true,"href":"https:\/\/sociaisaplicadas.ufpr.br\/depecon\/wp-json\/wp\/v2\/comments?post=79"}],"version-history":[{"count":356,"href":"https:\/\/sociaisaplicadas.ufpr.br\/depecon\/wp-json\/wp\/v2\/pages\/79\/revisions"}],"predecessor-version":[{"id":13171,"href":"https:\/\/sociaisaplicadas.ufpr.br\/depecon\/wp-json\/wp\/v2\/pages\/79\/revisions\/13171"}],"wp:attachment":[{"href":"https:\/\/sociaisaplicadas.ufpr.br\/depecon\/wp-json\/wp\/v2\/media?parent=79"}],"curies":[{"name":"wp","href":"https:\/\/api.w.org\/{rel}","templated":true}]}}