{"id":86,"date":"2023-08-07T07:29:32","date_gmt":"2023-08-07T07:29:32","guid":{"rendered":"https:\/\/sociaisaplicadas.ufpr.br\/depecon\/?page_id=86"},"modified":"2026-03-05T17:32:02","modified_gmt":"2026-03-05T17:32:02","slug":"monitoria","status":"publish","type":"page","link":"https:\/\/sociaisaplicadas.ufpr.br\/depecon\/monitoria\/","title":{"rendered":"Monitoria Acad\u00eamica"},"content":{"rendered":"\n<div style=\"height:30px\" aria-hidden=\"true\" class=\"wp-block-spacer\"><\/div>\n\n\n\n<h5 class=\"wp-block-heading\"><strong>Edital de Sele\u00e7\u00e3o &#8211; 1\u00ba semestre\/2026&nbsp;<\/strong><\/h5>\n\n\n\n<div style=\"height:30px\" aria-hidden=\"true\" class=\"wp-block-spacer\"><\/div>\n\n\n\n<p><a href=\"https:\/\/sociaisaplicadas.ufpr.br\/depecon\/wp-content\/uploads\/sites\/6\/2026\/02\/edital_selecao_monitor_se618_2026s1.pdf\" target=\"_blank\" rel=\"noreferrer noopener\">SE618 Econometria II &#8211; Prof. Marcos Minoru Hasegawa (20\/02\/2026)<\/a><\/p>\n\n\n\n<p><a href=\"https:\/\/sociaisaplicadas.ufpr.br\/depecon\/wp-content\/uploads\/sites\/6\/2026\/02\/Edital-de-Selecao.pdf\" target=\"_blank\" rel=\"noreferrer noopener\">SE605 Economia Matem\u00e1tica &#8211; Prof. Francisco Adilson Gabardo (22\/02\/2026)<\/a><\/p>\n\n\n\n<p><a href=\"https:\/\/sociaisaplicadas.ufpr.br\/depecon\/wp-content\/uploads\/sites\/6\/2026\/02\/EDITAL-DE-SELECAO.pdf\" target=\"_blank\" rel=\"noreferrer noopener\">SE607A An\u00e1lise Econ\u00f4mica e Financeira &#8211; Prof.\u00aa Dayane Rocha (24\/02\/2026)<\/a><\/p>\n\n\n\n<p><a href=\"https:\/\/sociaisaplicadas.ufpr.br\/depecon\/wp-content\/uploads\/sites\/6\/2026\/02\/Edital-Monitoria-de-Econometria-II.pdf\" target=\"_blank\" rel=\"noreferrer noopener\">SE618 Econometria &#8211; Prof.\u00aa Adriana (24\/02\/2026)<\/a><\/p>\n\n\n\n<p><a href=\"https:\/\/sociaisaplicadas.ufpr.br\/depecon\/wp-content\/uploads\/sites\/6\/2026\/03\/Monitoria-de-Calculo-Aplicado-a-Economia-I-\u2013-SE703.pdf\" target=\"_blank\" rel=\"noreferrer noopener\">SE703 C\u00e1lculo Aplicado \u00e0 Economia I &#8211; Prof. Paulo de Andrade Jacinto (02\/03\/2026)<\/a><\/p>\n\n\n\n<div style=\"height:30px\" aria-hidden=\"true\" class=\"wp-block-spacer\"><\/div>\n\n\n\n<h5 class=\"wp-block-heading\">Resultados da Sele\u00e7\u00e3o &#8211; 1\u00ba semestre\/2026&nbsp;<\/h5>\n\n\n\n<div style=\"height:30px\" aria-hidden=\"true\" class=\"wp-block-spacer\"><\/div>\n\n\n\n<p><a href=\"https:\/\/sociaisaplicadas.ufpr.br\/depecon\/wp-content\/uploads\/sites\/6\/2026\/03\/Edital-de-Resultado.pdf\" target=\"_blank\" rel=\"noreferrer noopener\">SE605 Economia Matem\u00e1tica &#8211; Prof. Francisco Adilson Gabardo (01\/03\/2026)<\/a><\/p>\n\n\n\n<p><a href=\"https:\/\/sociaisaplicadas.ufpr.br\/depecon\/wp-content\/uploads\/sites\/6\/2026\/03\/Resultado-Selecao-de-monitoria.pdf\" target=\"_blank\" rel=\"noreferrer noopener\">SE618 Econometria &#8211; Prof.\u00aa Adriana Sbicca Fernandes (02\/03\/2026)<\/a><\/p>\n\n\n\n<p><a href=\"https:\/\/sociaisaplicadas.ufpr.br\/depecon\/wp-content\/uploads\/sites\/6\/2026\/03\/Edital-de-Resultados-de-Monitoria-SE703-18.pdf\">SE703 &#8211; C\u00e1lculo Aplicado \u00e0 Economia I &#8211; Prof. Paulo Jacinto (05\/03\/2026)<\/a><\/p>\n\n\n\n<p><a href=\"https:\/\/sociaisaplicadas.ufpr.br\/depecon\/wp-content\/uploads\/sites\/6\/2026\/03\/selecao_monitor_se618_2026s1_resultado-4.pdf\">SE618 &#8211; Econometria II &#8211; Prof. Marcos Hasegawa (05\/03\/2026)<\/a><\/p>\n\n\n\n<p><a href=\"https:\/\/sociaisaplicadas.ufpr.br\/depecon\/wp-content\/uploads\/sites\/6\/2026\/03\/Edital-de-resultado-2026.1-4.pdf\">SE607A\u2013An\u00e1lise Econ\u00f4mica e Financeira &#8211; Prof\u00aa Dayane Rocha (05\/03\/2026)<\/a><\/p>\n\n\n\n<p>\u00daltima atualiza\u00e7\u00e3o: 05\/03\/2026, por Mary.<\/p>\n\n\n\n<p><\/p>\n","protected":false},"excerpt":{"rendered":"<p>Edital de Sele\u00e7\u00e3o &#8211; 1\u00ba semestre\/2026&nbsp; SE618 Econometria II &#8211; Prof. Marcos Minoru Hasegawa (20\/02\/2026) SE605 Economia Matem\u00e1tica &#8211; Prof. Francisco Adilson Gabardo (22\/02\/2026) SE607A An\u00e1lise Econ\u00f4mica e Financeira &#8211; Prof.\u00aa Dayane Rocha (24\/02\/2026) SE618 Econometria &#8211; Prof.\u00aa Adriana (24\/02\/2026) SE703 C\u00e1lculo Aplicado \u00e0 Economia I &#8211; Prof. Paulo de Andrade Jacinto (02\/03\/2026) Resultados da [&hellip;]<\/p>\n","protected":false},"author":2785,"featured_media":0,"parent":0,"menu_order":0,"comment_status":"closed","ping_status":"closed","template":"","meta":{"_acf_changed":false,"footnotes":""},"class_list":["post-86","page","type-page","status-publish","hentry"],"acf":[],"_links":{"self":[{"href":"https:\/\/sociaisaplicadas.ufpr.br\/depecon\/wp-json\/wp\/v2\/pages\/86","targetHints":{"allow":["GET"]}}],"collection":[{"href":"https:\/\/sociaisaplicadas.ufpr.br\/depecon\/wp-json\/wp\/v2\/pages"}],"about":[{"href":"https:\/\/sociaisaplicadas.ufpr.br\/depecon\/wp-json\/wp\/v2\/types\/page"}],"author":[{"embeddable":true,"href":"https:\/\/sociaisaplicadas.ufpr.br\/depecon\/wp-json\/wp\/v2\/users\/2785"}],"replies":[{"embeddable":true,"href":"https:\/\/sociaisaplicadas.ufpr.br\/depecon\/wp-json\/wp\/v2\/comments?post=86"}],"version-history":[{"count":184,"href":"https:\/\/sociaisaplicadas.ufpr.br\/depecon\/wp-json\/wp\/v2\/pages\/86\/revisions"}],"predecessor-version":[{"id":13402,"href":"https:\/\/sociaisaplicadas.ufpr.br\/depecon\/wp-json\/wp\/v2\/pages\/86\/revisions\/13402"}],"wp:attachment":[{"href":"https:\/\/sociaisaplicadas.ufpr.br\/depecon\/wp-json\/wp\/v2\/media?parent=86"}],"curies":[{"name":"wp","href":"https:\/\/api.w.org\/{rel}","templated":true}]}}