{"id":87,"date":"2023-07-27T07:01:32","date_gmt":"2023-07-27T07:01:32","guid":{"rendered":"https:\/\/sociaisaplicadas.ufpr.br\/depecon\/?page_id=87"},"modified":"2025-09-25T19:09:08","modified_gmt":"2025-09-25T19:09:08","slug":"monografia","status":"publish","type":"page","link":"https:\/\/sociaisaplicadas.ufpr.br\/depecon\/monografia\/","title":{"rendered":"Programa de Orienta\u00e7\u00e3o Acad\u00eamica (POA)"},"content":{"rendered":"\n<div style=\"height:30px\" aria-hidden=\"true\" class=\"wp-block-spacer\"><\/div>\n\n\n\n<p><a href=\"https:\/\/sociaisaplicadas.ufpr.br\/depecon\/wp-content\/uploads\/sites\/6\/2024\/03\/REGULAMENTO-POA-versao-final-2024.pdf\"><strong><span style=\"color: #ff0000\">NOVO:<\/span><\/strong> Regulamento Programa de Orienta\u00e7\u00e3o Acad\u00eamica &#8211; POA &#8211; vers\u00e3o final 2024 (18\/03\/2024)<\/a><\/p>\n\n\n\n<div style=\"height:50px\" aria-hidden=\"true\" class=\"wp-block-spacer\"><\/div>\n\n\n\n<p>\u00daltima atualiza\u00e7\u00e3o: 25\/09\/2025, por Junior Ruiz Garcia.<\/p>\n","protected":false},"excerpt":{"rendered":"<p>NOVO: Regulamento Programa de Orienta\u00e7\u00e3o Acad\u00eamica &#8211; POA &#8211; vers\u00e3o final 2024 (18\/03\/2024) \u00daltima atualiza\u00e7\u00e3o: 25\/09\/2025, por Junior Ruiz Garcia.<\/p>\n","protected":false},"author":2785,"featured_media":0,"parent":0,"menu_order":0,"comment_status":"closed","ping_status":"closed","template":"","meta":{"_acf_changed":false,"footnotes":""},"class_list":["post-87","page","type-page","status-publish","hentry"],"acf":[],"_links":{"self":[{"href":"https:\/\/sociaisaplicadas.ufpr.br\/depecon\/wp-json\/wp\/v2\/pages\/87","targetHints":{"allow":["GET"]}}],"collection":[{"href":"https:\/\/sociaisaplicadas.ufpr.br\/depecon\/wp-json\/wp\/v2\/pages"}],"about":[{"href":"https:\/\/sociaisaplicadas.ufpr.br\/depecon\/wp-json\/wp\/v2\/types\/page"}],"author":[{"embeddable":true,"href":"https:\/\/sociaisaplicadas.ufpr.br\/depecon\/wp-json\/wp\/v2\/users\/2785"}],"replies":[{"embeddable":true,"href":"https:\/\/sociaisaplicadas.ufpr.br\/depecon\/wp-json\/wp\/v2\/comments?post=87"}],"version-history":[{"count":89,"href":"https:\/\/sociaisaplicadas.ufpr.br\/depecon\/wp-json\/wp\/v2\/pages\/87\/revisions"}],"predecessor-version":[{"id":12368,"href":"https:\/\/sociaisaplicadas.ufpr.br\/depecon\/wp-json\/wp\/v2\/pages\/87\/revisions\/12368"}],"wp:attachment":[{"href":"https:\/\/sociaisaplicadas.ufpr.br\/depecon\/wp-json\/wp\/v2\/media?parent=87"}],"curies":[{"name":"wp","href":"https:\/\/api.w.org\/{rel}","templated":true}]}}