{"id":222,"date":"2019-10-19T01:20:26","date_gmt":"2019-10-19T01:20:26","guid":{"rendered":"https:\/\/sociaisaplicadas.ufpr.br\/poscont\/?page_id=222"},"modified":"2023-12-08T18:40:11","modified_gmt":"2023-12-08T18:40:11","slug":"especializacao-em-contabilidade-e-financas","status":"publish","type":"page","link":"https:\/\/sociaisaplicadas.ufpr.br\/poscont\/especializacao-em-contabilidade-e-financas\/","title":{"rendered":"Especializa\u00e7\u00e3o em Contabilidade e Finan\u00e7as"},"content":{"rendered":"<h1 style=\"text-align: center\"><span style=\"color: #ff0000\"><a style=\"color: #ff0000\" href=\"_wp_link_placeholder\" data-wplink-edit=\"true\">* CLIQUE AQUI PARA ACESSAR A NOVA P\u00c1GINA DOS CURSOS DE ESPECIALIZA\u00c7\u00c3O EM CONTABILIDADE UFPR *<\/a><\/span><\/h1>\n\n","protected":false},"excerpt":{"rendered":"<p>* CLIQUE AQUI PARA ACESSAR A NOVA P\u00c1GINA DOS CURSOS DE ESPECIALIZA\u00c7\u00c3O EM CONTABILIDADE UFPR *<\/p>\n","protected":false},"author":2791,"featured_media":0,"parent":0,"menu_order":0,"comment_status":"closed","ping_status":"closed","template":"","meta":{"_acf_changed":false,"footnotes":""},"class_list":["post-222","page","type-page","status-publish","hentry"],"acf":[],"_links":{"self":[{"href":"https:\/\/sociaisaplicadas.ufpr.br\/poscont\/wp-json\/wp\/v2\/pages\/222","targetHints":{"allow":["GET"]}}],"collection":[{"href":"https:\/\/sociaisaplicadas.ufpr.br\/poscont\/wp-json\/wp\/v2\/pages"}],"about":[{"href":"https:\/\/sociaisaplicadas.ufpr.br\/poscont\/wp-json\/wp\/v2\/types\/page"}],"author":[{"embeddable":true,"href":"https:\/\/sociaisaplicadas.ufpr.br\/poscont\/wp-json\/wp\/v2\/users\/2791"}],"replies":[{"embeddable":true,"href":"https:\/\/sociaisaplicadas.ufpr.br\/poscont\/wp-json\/wp\/v2\/comments?post=222"}],"version-history":[{"count":44,"href":"https:\/\/sociaisaplicadas.ufpr.br\/poscont\/wp-json\/wp\/v2\/pages\/222\/revisions"}],"predecessor-version":[{"id":1305,"href":"https:\/\/sociaisaplicadas.ufpr.br\/poscont\/wp-json\/wp\/v2\/pages\/222\/revisions\/1305"}],"wp:attachment":[{"href":"https:\/\/sociaisaplicadas.ufpr.br\/poscont\/wp-json\/wp\/v2\/media?parent=222"}],"curies":[{"name":"wp","href":"https:\/\/api.w.org\/{rel}","templated":true}]}}